{"id":3641,"date":"2021-07-08T16:01:04","date_gmt":"2021-07-08T16:01:04","guid":{"rendered":"https:\/\/sandbox.corporateconnections.com\/cc-leben\/"},"modified":"2023-09-04T10:31:41","modified_gmt":"2023-09-04T05:01:41","slug":"cc-leben","status":"publish","type":"page","link":"https:\/\/sandbox.corporateconnections.com\/de\/cc-leben","title":{"rendered":"CC-Leben"},"content":{"rendered":"\n<p>F\u00fcr viele ist der Beitritt zu CorporateConnections eine gesch\u00e4ftliche Entscheidung, um Zugang zu neuen M\u00f6glichkeiten zu erhalten. Der Hauptgrund, warum Mitglieder dabei bleiben, sind die bedeutungsvollen Beziehungen, die gemeinsamen Erfahrungen und das Wissen der anderen Mitglieder. <\/p>\n","protected":false},"excerpt":{"rendered":"<p>F\u00fcr viele ist der Beitritt zu CorporateConnections eine gesch\u00e4ftliche Entscheidung, um Zugang zu neuen M\u00f6glichkeiten zu erhalten. Der Hauptgrund, warum Mitglieder dabei bleiben, sind die bedeutungsvollen Beziehungen, die gemeinsamen Erfahrungen und das Wissen der anderen Mitglieder.<\/p>\n","protected":false},"author":4,"featured_media":12252,"parent":0,"menu_order":0,"comment_status":"closed","ping_status":"closed","template":"template-ccLife.php","meta":{"_acf_changed":false,"footnotes":""},"class_list":["post-3641","page","type-page","status-publish","has-post-thumbnail","hentry"],"acf":[],"yoast_head":"<!-- This site is optimized with the Yoast SEO Premium plugin v26.9 (Yoast SEO v27.3) - https:\/\/yoast.com\/product\/yoast-seo-premium-wordpress\/ -->\n<title>Wichtige Elemente und Vorteile der CorporateConnections\u00ae-Mitgliedschaft<\/title>\n<meta name=\"description\" content=\"Durch den Zugang zu globalen Vordenkern profitieren unsere Mitglieder von Best Practices und Trends, die das Gesch\u00e4ft pr\u00e4gen, durch vertrauliche Sitzungen mit Einflussnehmern auf der ganzen Welt.\" \/>\n<meta name=\"robots\" content=\"noindex, follow, max-snippet:-1, max-image-preview:large, max-video-preview:-1\" \/>\n<meta property=\"og:locale\" content=\"de_DE\" \/>\n<meta property=\"og:type\" content=\"article\" \/>\n<meta property=\"og:title\" content=\"CC-Leben\" \/>\n<meta property=\"og:description\" content=\"F\u00fcr viele ist der Beitritt zu CorporateConnections eine gesch\u00e4ftliche Entscheidung, um Zugang zu neuen M\u00f6glichkeiten zu erhalten. Der Hauptgrund, warum\" \/>\n<meta property=\"og:url\" content=\"https:\/\/sandbox.corporateconnections.com\/cc-life\" \/>\n<meta property=\"og:site_name\" content=\"Corporate Connections\" \/>\n<meta property=\"article:modified_time\" content=\"2023-09-04T05:01:41+00:00\" \/>\n<meta property=\"og:image\" content=\"https:\/\/sandbox.corporateconnections.com\/wp-content\/uploads\/2023\/06\/CC-Day4_web-263-scaled-e1685991586388.jpg\" \/>\n\t<meta property=\"og:image:width\" content=\"2560\" \/>\n\t<meta property=\"og:image:height\" content=\"1707\" \/>\n\t<meta property=\"og:image:type\" content=\"image\/jpeg\" \/>\n<meta name=\"twitter:card\" content=\"summary_large_image\" \/>\n<meta name=\"twitter:label1\" content=\"Gesch\u00e4tzte Lesezeit\" \/>\n\t<meta name=\"twitter:data1\" content=\"1\u00a0Minute\" \/>\n<script type=\"application\/ld+json\" class=\"yoast-schema-graph\">{\"@context\":\"https:\\\/\\\/schema.org\",\"@graph\":[{\"@type\":\"WebPage\",\"@id\":\"https:\\\/\\\/sandbox.corporateconnections.com\\\/cc-life\",\"url\":\"https:\\\/\\\/sandbox.corporateconnections.com\\\/cc-life\",\"name\":\"Wichtige Elemente und Vorteile der CorporateConnections\u00ae-Mitgliedschaft\",\"isPartOf\":{\"@id\":\"https:\\\/\\\/sandbox.corporateconnections.com\\\/es\\\/#website\"},\"primaryImageOfPage\":{\"@id\":\"https:\\\/\\\/sandbox.corporateconnections.com\\\/cc-life#primaryimage\"},\"image\":{\"@id\":\"https:\\\/\\\/sandbox.corporateconnections.com\\\/cc-life#primaryimage\"},\"thumbnailUrl\":\"https:\\\/\\\/sandbox.corporateconnections.com\\\/wp-content\\\/uploads\\\/2023\\\/06\\\/CC-Day4_web-263-scaled-e1685991586388.jpg\",\"datePublished\":\"2021-07-08T16:01:04+00:00\",\"dateModified\":\"2023-09-04T05:01:41+00:00\",\"description\":\"Durch den Zugang zu globalen Vordenkern profitieren unsere Mitglieder von Best Practices und Trends, die das Gesch\u00e4ft pr\u00e4gen, durch vertrauliche Sitzungen mit Einflussnehmern auf der ganzen Welt.\",\"breadcrumb\":{\"@id\":\"https:\\\/\\\/sandbox.corporateconnections.com\\\/cc-life#breadcrumb\"},\"inLanguage\":\"de\",\"potentialAction\":[{\"@type\":\"ReadAction\",\"target\":[\"https:\\\/\\\/sandbox.corporateconnections.com\\\/cc-life\"]}]},{\"@type\":\"ImageObject\",\"inLanguage\":\"de\",\"@id\":\"https:\\\/\\\/sandbox.corporateconnections.com\\\/cc-life#primaryimage\",\"url\":\"https:\\\/\\\/sandbox.corporateconnections.com\\\/wp-content\\\/uploads\\\/2023\\\/06\\\/CC-Day4_web-263-scaled-e1685991586388.jpg\",\"contentUrl\":\"https:\\\/\\\/sandbox.corporateconnections.com\\\/wp-content\\\/uploads\\\/2023\\\/06\\\/CC-Day4_web-263-scaled-e1685991586388.jpg\",\"width\":2560,\"height\":1707},{\"@type\":\"BreadcrumbList\",\"@id\":\"https:\\\/\\\/sandbox.corporateconnections.com\\\/cc-life#breadcrumb\",\"itemListElement\":[{\"@type\":\"ListItem\",\"position\":1,\"name\":\"Home\",\"item\":\"https:\\\/\\\/sandbox.corporateconnections.com\\\/de\"},{\"@type\":\"ListItem\",\"position\":2,\"name\":\"CC-Leben\"}]},{\"@type\":\"WebSite\",\"@id\":\"https:\\\/\\\/sandbox.corporateconnections.com\\\/es\\\/#website\",\"url\":\"https:\\\/\\\/sandbox.corporateconnections.com\\\/es\\\/\",\"name\":\"Corporate Connections\",\"description\":\"Where Leaders Connect\",\"publisher\":{\"@id\":\"https:\\\/\\\/sandbox.corporateconnections.com\\\/es\\\/#organization\"},\"potentialAction\":[{\"@type\":\"SearchAction\",\"target\":{\"@type\":\"EntryPoint\",\"urlTemplate\":\"https:\\\/\\\/sandbox.corporateconnections.com\\\/es\\\/?s={search_term_string}\"},\"query-input\":{\"@type\":\"PropertyValueSpecification\",\"valueRequired\":true,\"valueName\":\"search_term_string\"}}],\"inLanguage\":\"de\"},{\"@type\":\"Organization\",\"@id\":\"https:\\\/\\\/sandbox.corporateconnections.com\\\/es\\\/#organization\",\"name\":\"Corporate Connections&reg;\",\"url\":\"https:\\\/\\\/sandbox.corporateconnections.com\\\/es\\\/\",\"logo\":{\"@type\":\"ImageObject\",\"inLanguage\":\"de\",\"@id\":\"https:\\\/\\\/sandbox.corporateconnections.com\\\/es\\\/#\\\/schema\\\/logo\\\/image\\\/\",\"url\":\"https:\\\/\\\/sandbox.corporateconnections.com\\\/wp-content\\\/uploads\\\/2020\\\/10\\\/cc-logo.png\",\"contentUrl\":\"https:\\\/\\\/sandbox.corporateconnections.com\\\/wp-content\\\/uploads\\\/2020\\\/10\\\/cc-logo.png\",\"width\":250,\"height\":87,\"caption\":\"Corporate Connections&reg;\"},\"image\":{\"@id\":\"https:\\\/\\\/sandbox.corporateconnections.com\\\/es\\\/#\\\/schema\\\/logo\\\/image\\\/\"}}]}<\/script>\n<!-- \/ Yoast SEO Premium plugin. -->","yoast_head_json":{"title":"Wichtige Elemente und Vorteile der CorporateConnections\u00ae-Mitgliedschaft","description":"Durch den Zugang zu globalen Vordenkern profitieren unsere Mitglieder von Best Practices und Trends, die das Gesch\u00e4ft pr\u00e4gen, durch vertrauliche Sitzungen mit Einflussnehmern auf der ganzen Welt.","robots":{"index":"noindex","follow":"follow","max-snippet":"max-snippet:-1","max-image-preview":"max-image-preview:large","max-video-preview":"max-video-preview:-1"},"og_locale":"de_DE","og_type":"article","og_title":"CC-Leben","og_description":"F\u00fcr viele ist der Beitritt zu CorporateConnections eine gesch\u00e4ftliche Entscheidung, um Zugang zu neuen M\u00f6glichkeiten zu erhalten. Der Hauptgrund, warum","og_url":"https:\/\/sandbox.corporateconnections.com\/cc-life","og_site_name":"Corporate Connections","article_modified_time":"2023-09-04T05:01:41+00:00","og_image":[{"width":2560,"height":1707,"url":"https:\/\/sandbox.corporateconnections.com\/wp-content\/uploads\/2023\/06\/CC-Day4_web-263-scaled-e1685991586388.jpg","type":"image\/jpeg"}],"twitter_card":"summary_large_image","twitter_misc":{"Gesch\u00e4tzte Lesezeit":"1\u00a0Minute"},"schema":{"@context":"https:\/\/schema.org","@graph":[{"@type":"WebPage","@id":"https:\/\/sandbox.corporateconnections.com\/cc-life","url":"https:\/\/sandbox.corporateconnections.com\/cc-life","name":"Wichtige Elemente und Vorteile der CorporateConnections\u00ae-Mitgliedschaft","isPartOf":{"@id":"https:\/\/sandbox.corporateconnections.com\/es\/#website"},"primaryImageOfPage":{"@id":"https:\/\/sandbox.corporateconnections.com\/cc-life#primaryimage"},"image":{"@id":"https:\/\/sandbox.corporateconnections.com\/cc-life#primaryimage"},"thumbnailUrl":"https:\/\/sandbox.corporateconnections.com\/wp-content\/uploads\/2023\/06\/CC-Day4_web-263-scaled-e1685991586388.jpg","datePublished":"2021-07-08T16:01:04+00:00","dateModified":"2023-09-04T05:01:41+00:00","description":"Durch den Zugang zu globalen Vordenkern profitieren unsere Mitglieder von Best Practices und Trends, die das Gesch\u00e4ft pr\u00e4gen, durch vertrauliche Sitzungen mit Einflussnehmern auf der ganzen Welt.","breadcrumb":{"@id":"https:\/\/sandbox.corporateconnections.com\/cc-life#breadcrumb"},"inLanguage":"de","potentialAction":[{"@type":"ReadAction","target":["https:\/\/sandbox.corporateconnections.com\/cc-life"]}]},{"@type":"ImageObject","inLanguage":"de","@id":"https:\/\/sandbox.corporateconnections.com\/cc-life#primaryimage","url":"https:\/\/sandbox.corporateconnections.com\/wp-content\/uploads\/2023\/06\/CC-Day4_web-263-scaled-e1685991586388.jpg","contentUrl":"https:\/\/sandbox.corporateconnections.com\/wp-content\/uploads\/2023\/06\/CC-Day4_web-263-scaled-e1685991586388.jpg","width":2560,"height":1707},{"@type":"BreadcrumbList","@id":"https:\/\/sandbox.corporateconnections.com\/cc-life#breadcrumb","itemListElement":[{"@type":"ListItem","position":1,"name":"Home","item":"https:\/\/sandbox.corporateconnections.com\/de"},{"@type":"ListItem","position":2,"name":"CC-Leben"}]},{"@type":"WebSite","@id":"https:\/\/sandbox.corporateconnections.com\/es\/#website","url":"https:\/\/sandbox.corporateconnections.com\/es\/","name":"Corporate Connections","description":"Where Leaders Connect","publisher":{"@id":"https:\/\/sandbox.corporateconnections.com\/es\/#organization"},"potentialAction":[{"@type":"SearchAction","target":{"@type":"EntryPoint","urlTemplate":"https:\/\/sandbox.corporateconnections.com\/es\/?s={search_term_string}"},"query-input":{"@type":"PropertyValueSpecification","valueRequired":true,"valueName":"search_term_string"}}],"inLanguage":"de"},{"@type":"Organization","@id":"https:\/\/sandbox.corporateconnections.com\/es\/#organization","name":"Corporate Connections&reg;","url":"https:\/\/sandbox.corporateconnections.com\/es\/","logo":{"@type":"ImageObject","inLanguage":"de","@id":"https:\/\/sandbox.corporateconnections.com\/es\/#\/schema\/logo\/image\/","url":"https:\/\/sandbox.corporateconnections.com\/wp-content\/uploads\/2020\/10\/cc-logo.png","contentUrl":"https:\/\/sandbox.corporateconnections.com\/wp-content\/uploads\/2020\/10\/cc-logo.png","width":250,"height":87,"caption":"Corporate Connections&reg;"},"image":{"@id":"https:\/\/sandbox.corporateconnections.com\/es\/#\/schema\/logo\/image\/"}}]}},"_links":{"self":[{"href":"https:\/\/sandbox.corporateconnections.com\/de\/wp-json\/wp\/v2\/pages\/3641","targetHints":{"allow":["GET"]}}],"collection":[{"href":"https:\/\/sandbox.corporateconnections.com\/de\/wp-json\/wp\/v2\/pages"}],"about":[{"href":"https:\/\/sandbox.corporateconnections.com\/de\/wp-json\/wp\/v2\/types\/page"}],"author":[{"embeddable":true,"href":"https:\/\/sandbox.corporateconnections.com\/de\/wp-json\/wp\/v2\/users\/4"}],"replies":[{"embeddable":true,"href":"https:\/\/sandbox.corporateconnections.com\/de\/wp-json\/wp\/v2\/comments?post=3641"}],"version-history":[{"count":10,"href":"https:\/\/sandbox.corporateconnections.com\/de\/wp-json\/wp\/v2\/pages\/3641\/revisions"}],"predecessor-version":[{"id":8004,"href":"https:\/\/sandbox.corporateconnections.com\/de\/wp-json\/wp\/v2\/pages\/3641\/revisions\/8004"}],"wp:featuredmedia":[{"embeddable":true,"href":"https:\/\/sandbox.corporateconnections.com\/de\/wp-json\/wp\/v2\/media\/12252"}],"wp:attachment":[{"href":"https:\/\/sandbox.corporateconnections.com\/de\/wp-json\/wp\/v2\/media?parent=3641"}],"curies":[{"name":"wp","href":"https:\/\/api.w.org\/{rel}","templated":true}]}}