{"id":3643,"date":"2021-07-08T16:01:40","date_gmt":"2021-07-08T16:01:40","guid":{"rendered":"https:\/\/sandbox.corporateconnections.com\/mitglieder-geschichten\/"},"modified":"2024-07-29T13:41:59","modified_gmt":"2024-07-29T08:11:59","slug":"mitglieder-geschichten","status":"publish","type":"page","link":"https:\/\/sandbox.corporateconnections.com\/de\/mitglieder-geschichten","title":{"rendered":"Mitglieder-Geschichten"},"content":{"rendered":"\n<p>CorporateConnections-Mitglieder erz\u00e4hlen, was ihre Erfahrung als Mitglied so au\u00dfergew\u00f6hnlich macht.<\/p>\n","protected":false},"excerpt":{"rendered":"<p>CorporateConnections-Mitglieder erz\u00e4hlen, was ihre Erfahrung als Mitglied so au\u00dfergew\u00f6hnlich macht.<\/p>\n","protected":false},"author":4,"featured_media":12455,"parent":0,"menu_order":0,"comment_status":"closed","ping_status":"closed","template":"template-memeberstories.php","meta":{"_acf_changed":false,"footnotes":""},"class_list":["post-3643","page","type-page","status-publish","has-post-thumbnail","hentry"],"acf":[],"yoast_head":"<!-- This site is optimized with the Yoast SEO Premium plugin v26.9 (Yoast SEO v27.3) - https:\/\/yoast.com\/product\/yoast-seo-premium-wordpress\/ -->\n<title>Globale Mitgliedergeschichten | Internationales Business-Networking<\/title>\n<meta name=\"description\" content=\"Beschleunigen Sie Ihr Gesch\u00e4ftswachstum mit der Unterst\u00fctzung von erfolgreichen F\u00fchrungskr\u00e4ften und Unternehmern auf der ganzen Welt. Lesen Sie die Geschichten von Mitgliedern bei CorporateConnections\u00ae.\" \/>\n<meta name=\"robots\" content=\"noindex, follow, max-snippet:-1, max-image-preview:large, max-video-preview:-1\" \/>\n<meta property=\"og:locale\" content=\"de_DE\" \/>\n<meta property=\"og:type\" content=\"article\" \/>\n<meta property=\"og:title\" content=\"Mitglieder-Geschichten\" \/>\n<meta property=\"og:description\" content=\"CorporateConnections-Mitglieder erz\u00e4hlen, was ihre Erfahrung als Mitglied so au\u00dfergew\u00f6hnlich macht.\" \/>\n<meta property=\"og:url\" content=\"https:\/\/sandbox.corporateconnections.com\/de\/mitglieder-geschichten\" \/>\n<meta property=\"og:site_name\" content=\"Corporate Connections\" \/>\n<meta property=\"article:modified_time\" content=\"2024-07-29T08:11:59+00:00\" \/>\n<meta property=\"og:image\" content=\"https:\/\/sandbox.corporateconnections.com\/wp-content\/uploads\/2023\/07\/520_CC_1879-scaled-e1688506736446.jpg\" \/>\n\t<meta property=\"og:image:width\" content=\"2560\" \/>\n\t<meta property=\"og:image:height\" content=\"1707\" \/>\n\t<meta property=\"og:image:type\" content=\"image\/jpeg\" \/>\n<meta name=\"twitter:card\" content=\"summary_large_image\" \/>\n<meta name=\"twitter:label1\" content=\"Gesch\u00e4tzte Lesezeit\" \/>\n\t<meta name=\"twitter:data1\" content=\"1\u00a0Minute\" \/>\n<script type=\"application\/ld+json\" class=\"yoast-schema-graph\">{\"@context\":\"https:\\\/\\\/schema.org\",\"@graph\":[{\"@type\":\"WebPage\",\"@id\":\"https:\\\/\\\/sandbox.corporateconnections.com\\\/de\\\/mitglieder-geschichten\",\"url\":\"https:\\\/\\\/sandbox.corporateconnections.com\\\/de\\\/mitglieder-geschichten\",\"name\":\"Globale Mitgliedergeschichten | Internationales Business-Networking\",\"isPartOf\":{\"@id\":\"https:\\\/\\\/sandbox.corporateconnections.com\\\/es\\\/#website\"},\"primaryImageOfPage\":{\"@id\":\"https:\\\/\\\/sandbox.corporateconnections.com\\\/de\\\/mitglieder-geschichten#primaryimage\"},\"image\":{\"@id\":\"https:\\\/\\\/sandbox.corporateconnections.com\\\/de\\\/mitglieder-geschichten#primaryimage\"},\"thumbnailUrl\":\"https:\\\/\\\/sandbox.corporateconnections.com\\\/wp-content\\\/uploads\\\/2023\\\/07\\\/520_CC_1879-scaled-e1688506736446.jpg\",\"datePublished\":\"2021-07-08T16:01:40+00:00\",\"dateModified\":\"2024-07-29T08:11:59+00:00\",\"description\":\"Beschleunigen Sie Ihr Gesch\u00e4ftswachstum mit der Unterst\u00fctzung von erfolgreichen F\u00fchrungskr\u00e4ften und Unternehmern auf der ganzen Welt. Lesen Sie die Geschichten von Mitgliedern bei CorporateConnections\u00ae.\",\"breadcrumb\":{\"@id\":\"https:\\\/\\\/sandbox.corporateconnections.com\\\/de\\\/mitglieder-geschichten#breadcrumb\"},\"inLanguage\":\"de\",\"potentialAction\":[{\"@type\":\"ReadAction\",\"target\":[\"https:\\\/\\\/sandbox.corporateconnections.com\\\/de\\\/mitglieder-geschichten\"]}]},{\"@type\":\"ImageObject\",\"inLanguage\":\"de\",\"@id\":\"https:\\\/\\\/sandbox.corporateconnections.com\\\/de\\\/mitglieder-geschichten#primaryimage\",\"url\":\"https:\\\/\\\/sandbox.corporateconnections.com\\\/wp-content\\\/uploads\\\/2023\\\/07\\\/520_CC_1879-scaled-e1688506736446.jpg\",\"contentUrl\":\"https:\\\/\\\/sandbox.corporateconnections.com\\\/wp-content\\\/uploads\\\/2023\\\/07\\\/520_CC_1879-scaled-e1688506736446.jpg\",\"width\":2560,\"height\":1707},{\"@type\":\"BreadcrumbList\",\"@id\":\"https:\\\/\\\/sandbox.corporateconnections.com\\\/de\\\/mitglieder-geschichten#breadcrumb\",\"itemListElement\":[{\"@type\":\"ListItem\",\"position\":1,\"name\":\"Home\",\"item\":\"https:\\\/\\\/sandbox.corporateconnections.com\\\/de\"},{\"@type\":\"ListItem\",\"position\":2,\"name\":\"Mitglieder-Geschichten\"}]},{\"@type\":\"WebSite\",\"@id\":\"https:\\\/\\\/sandbox.corporateconnections.com\\\/es\\\/#website\",\"url\":\"https:\\\/\\\/sandbox.corporateconnections.com\\\/es\\\/\",\"name\":\"Corporate Connections\",\"description\":\"Where Leaders Connect\",\"publisher\":{\"@id\":\"https:\\\/\\\/sandbox.corporateconnections.com\\\/es\\\/#organization\"},\"potentialAction\":[{\"@type\":\"SearchAction\",\"target\":{\"@type\":\"EntryPoint\",\"urlTemplate\":\"https:\\\/\\\/sandbox.corporateconnections.com\\\/es\\\/?s={search_term_string}\"},\"query-input\":{\"@type\":\"PropertyValueSpecification\",\"valueRequired\":true,\"valueName\":\"search_term_string\"}}],\"inLanguage\":\"de\"},{\"@type\":\"Organization\",\"@id\":\"https:\\\/\\\/sandbox.corporateconnections.com\\\/es\\\/#organization\",\"name\":\"Corporate Connections&reg;\",\"url\":\"https:\\\/\\\/sandbox.corporateconnections.com\\\/es\\\/\",\"logo\":{\"@type\":\"ImageObject\",\"inLanguage\":\"de\",\"@id\":\"https:\\\/\\\/sandbox.corporateconnections.com\\\/es\\\/#\\\/schema\\\/logo\\\/image\\\/\",\"url\":\"https:\\\/\\\/sandbox.corporateconnections.com\\\/wp-content\\\/uploads\\\/2020\\\/10\\\/cc-logo.png\",\"contentUrl\":\"https:\\\/\\\/sandbox.corporateconnections.com\\\/wp-content\\\/uploads\\\/2020\\\/10\\\/cc-logo.png\",\"width\":250,\"height\":87,\"caption\":\"Corporate Connections&reg;\"},\"image\":{\"@id\":\"https:\\\/\\\/sandbox.corporateconnections.com\\\/es\\\/#\\\/schema\\\/logo\\\/image\\\/\"}}]}<\/script>\n<!-- \/ Yoast SEO Premium plugin. -->","yoast_head_json":{"title":"Globale Mitgliedergeschichten | Internationales Business-Networking","description":"Beschleunigen Sie Ihr Gesch\u00e4ftswachstum mit der Unterst\u00fctzung von erfolgreichen F\u00fchrungskr\u00e4ften und Unternehmern auf der ganzen Welt. Lesen Sie die Geschichten von Mitgliedern bei CorporateConnections\u00ae.","robots":{"index":"noindex","follow":"follow","max-snippet":"max-snippet:-1","max-image-preview":"max-image-preview:large","max-video-preview":"max-video-preview:-1"},"og_locale":"de_DE","og_type":"article","og_title":"Mitglieder-Geschichten","og_description":"CorporateConnections-Mitglieder erz\u00e4hlen, was ihre Erfahrung als Mitglied so au\u00dfergew\u00f6hnlich macht.","og_url":"https:\/\/sandbox.corporateconnections.com\/de\/mitglieder-geschichten","og_site_name":"Corporate Connections","article_modified_time":"2024-07-29T08:11:59+00:00","og_image":[{"width":2560,"height":1707,"url":"https:\/\/sandbox.corporateconnections.com\/wp-content\/uploads\/2023\/07\/520_CC_1879-scaled-e1688506736446.jpg","type":"image\/jpeg"}],"twitter_card":"summary_large_image","twitter_misc":{"Gesch\u00e4tzte Lesezeit":"1\u00a0Minute"},"schema":{"@context":"https:\/\/schema.org","@graph":[{"@type":"WebPage","@id":"https:\/\/sandbox.corporateconnections.com\/de\/mitglieder-geschichten","url":"https:\/\/sandbox.corporateconnections.com\/de\/mitglieder-geschichten","name":"Globale Mitgliedergeschichten | Internationales Business-Networking","isPartOf":{"@id":"https:\/\/sandbox.corporateconnections.com\/es\/#website"},"primaryImageOfPage":{"@id":"https:\/\/sandbox.corporateconnections.com\/de\/mitglieder-geschichten#primaryimage"},"image":{"@id":"https:\/\/sandbox.corporateconnections.com\/de\/mitglieder-geschichten#primaryimage"},"thumbnailUrl":"https:\/\/sandbox.corporateconnections.com\/wp-content\/uploads\/2023\/07\/520_CC_1879-scaled-e1688506736446.jpg","datePublished":"2021-07-08T16:01:40+00:00","dateModified":"2024-07-29T08:11:59+00:00","description":"Beschleunigen Sie Ihr Gesch\u00e4ftswachstum mit der Unterst\u00fctzung von erfolgreichen F\u00fchrungskr\u00e4ften und Unternehmern auf der ganzen Welt. Lesen Sie die Geschichten von Mitgliedern bei CorporateConnections\u00ae.","breadcrumb":{"@id":"https:\/\/sandbox.corporateconnections.com\/de\/mitglieder-geschichten#breadcrumb"},"inLanguage":"de","potentialAction":[{"@type":"ReadAction","target":["https:\/\/sandbox.corporateconnections.com\/de\/mitglieder-geschichten"]}]},{"@type":"ImageObject","inLanguage":"de","@id":"https:\/\/sandbox.corporateconnections.com\/de\/mitglieder-geschichten#primaryimage","url":"https:\/\/sandbox.corporateconnections.com\/wp-content\/uploads\/2023\/07\/520_CC_1879-scaled-e1688506736446.jpg","contentUrl":"https:\/\/sandbox.corporateconnections.com\/wp-content\/uploads\/2023\/07\/520_CC_1879-scaled-e1688506736446.jpg","width":2560,"height":1707},{"@type":"BreadcrumbList","@id":"https:\/\/sandbox.corporateconnections.com\/de\/mitglieder-geschichten#breadcrumb","itemListElement":[{"@type":"ListItem","position":1,"name":"Home","item":"https:\/\/sandbox.corporateconnections.com\/de"},{"@type":"ListItem","position":2,"name":"Mitglieder-Geschichten"}]},{"@type":"WebSite","@id":"https:\/\/sandbox.corporateconnections.com\/es\/#website","url":"https:\/\/sandbox.corporateconnections.com\/es\/","name":"Corporate Connections","description":"Where Leaders Connect","publisher":{"@id":"https:\/\/sandbox.corporateconnections.com\/es\/#organization"},"potentialAction":[{"@type":"SearchAction","target":{"@type":"EntryPoint","urlTemplate":"https:\/\/sandbox.corporateconnections.com\/es\/?s={search_term_string}"},"query-input":{"@type":"PropertyValueSpecification","valueRequired":true,"valueName":"search_term_string"}}],"inLanguage":"de"},{"@type":"Organization","@id":"https:\/\/sandbox.corporateconnections.com\/es\/#organization","name":"Corporate Connections&reg;","url":"https:\/\/sandbox.corporateconnections.com\/es\/","logo":{"@type":"ImageObject","inLanguage":"de","@id":"https:\/\/sandbox.corporateconnections.com\/es\/#\/schema\/logo\/image\/","url":"https:\/\/sandbox.corporateconnections.com\/wp-content\/uploads\/2020\/10\/cc-logo.png","contentUrl":"https:\/\/sandbox.corporateconnections.com\/wp-content\/uploads\/2020\/10\/cc-logo.png","width":250,"height":87,"caption":"Corporate Connections&reg;"},"image":{"@id":"https:\/\/sandbox.corporateconnections.com\/es\/#\/schema\/logo\/image\/"}}]}},"_links":{"self":[{"href":"https:\/\/sandbox.corporateconnections.com\/de\/wp-json\/wp\/v2\/pages\/3643","targetHints":{"allow":["GET"]}}],"collection":[{"href":"https:\/\/sandbox.corporateconnections.com\/de\/wp-json\/wp\/v2\/pages"}],"about":[{"href":"https:\/\/sandbox.corporateconnections.com\/de\/wp-json\/wp\/v2\/types\/page"}],"author":[{"embeddable":true,"href":"https:\/\/sandbox.corporateconnections.com\/de\/wp-json\/wp\/v2\/users\/4"}],"replies":[{"embeddable":true,"href":"https:\/\/sandbox.corporateconnections.com\/de\/wp-json\/wp\/v2\/comments?post=3643"}],"version-history":[{"count":7,"href":"https:\/\/sandbox.corporateconnections.com\/de\/wp-json\/wp\/v2\/pages\/3643\/revisions"}],"predecessor-version":[{"id":14405,"href":"https:\/\/sandbox.corporateconnections.com\/de\/wp-json\/wp\/v2\/pages\/3643\/revisions\/14405"}],"wp:featuredmedia":[{"embeddable":true,"href":"https:\/\/sandbox.corporateconnections.com\/de\/wp-json\/wp\/v2\/media\/12455"}],"wp:attachment":[{"href":"https:\/\/sandbox.corporateconnections.com\/de\/wp-json\/wp\/v2\/media?parent=3643"}],"curies":[{"name":"wp","href":"https:\/\/api.w.org\/{rel}","templated":true}]}}