{"id":3713,"date":"2021-07-08T17:00:50","date_gmt":"2021-07-08T17:00:50","guid":{"rendered":"https:\/\/sandbox.corporateconnections.com\/besuch-anfragen\/"},"modified":"2023-09-04T10:30:46","modified_gmt":"2023-09-04T05:00:46","slug":"besuch-anfragen","status":"publish","type":"page","link":"https:\/\/sandbox.corporateconnections.com\/de\/besuch-anfragen","title":{"rendered":"BESUCH ANFRAGEN"},"content":{"rendered":"\n<p>Wenn Sie einen Besuch beantragen m\u00f6chten, f\u00fcllen Sie bitte das Formular f\u00fcr den Erstbesuch aus und senden Sie es ab. Nach Erhalt wird der Direktor Ihres lokalen CorporateConnections-Ortsverbands Ihre Informationen \u00fcberpr\u00fcfen und sich mit Ihnen in Verbindung setzen, um weitere Details zu Ihrem Besuch zu erfahren. Wir danken Ihnen f\u00fcr Ihr Interesse.<\/p>\n","protected":false},"excerpt":{"rendered":"<p>Wenn Sie einen Besuch beantragen m\u00f6chten, f\u00fcllen Sie bitte das Formular f\u00fcr den Erstbesuch aus und senden Sie es ab. Nach Erhalt wird der Direktor Ihres lokalen CorporateConnections-Ortsverbands Ihre Informationen \u00fcberpr\u00fcfen und sich mit Ihnen in Verbindung setzen, um weitere Details zu Ihrem Besuch zu erfahren. Wir danken Ihnen f\u00fcr Ihr Interesse.<\/p>\n","protected":false},"author":4,"featured_media":3419,"parent":0,"menu_order":0,"comment_status":"closed","ping_status":"closed","template":"template-requestvisit.php","meta":{"_acf_changed":false,"footnotes":""},"class_list":["post-3713","page","type-page","status-publish","has-post-thumbnail","hentry"],"acf":[],"yoast_head":"<!-- This site is optimized with the Yoast SEO Premium plugin v26.9 (Yoast SEO v27.3) - https:\/\/yoast.com\/product\/yoast-seo-premium-wordpress\/ -->\n<title>Erleben Sie die Premier Executive Networking Plattform<\/title>\n<meta name=\"description\" content=\"Treffen der CorporateConnections\u00ae-Ortsverb\u00e4nde folgen einem bew\u00e4hrten und effektiven Peer-to-Peer-Networking. F\u00fcr den Besuch eines Ortsverband-Meetings ist eine vorherige Anmeldung erforderlich.\" \/>\n<meta name=\"robots\" content=\"noindex, follow, max-snippet:-1, max-image-preview:large, max-video-preview:-1\" \/>\n<meta property=\"og:locale\" content=\"de_DE\" \/>\n<meta property=\"og:type\" content=\"article\" \/>\n<meta property=\"og:title\" content=\"BESUCH ANFRAGEN\" \/>\n<meta property=\"og:description\" content=\"Wenn Sie einen Besuch beantragen m\u00f6chten, f\u00fcllen Sie bitte das Formular f\u00fcr den Erstbesuch aus und senden Sie es ab. Nach Erhalt wird der Direktor Ihres\" \/>\n<meta property=\"og:url\" content=\"https:\/\/sandbox.corporateconnections.com\/de\/besuch-anfragen\" \/>\n<meta property=\"og:site_name\" content=\"Corporate Connections\" \/>\n<meta property=\"article:modified_time\" content=\"2023-09-04T05:00:46+00:00\" \/>\n<meta property=\"og:image\" content=\"https:\/\/sandbox.corporateconnections.com\/wp-content\/uploads\/2021\/06\/request_page2.jpg\" \/>\n\t<meta property=\"og:image:width\" content=\"1920\" \/>\n\t<meta property=\"og:image:height\" content=\"661\" \/>\n\t<meta property=\"og:image:type\" content=\"image\/jpeg\" \/>\n<meta name=\"twitter:card\" content=\"summary_large_image\" \/>\n<meta name=\"twitter:label1\" content=\"Gesch\u00e4tzte Lesezeit\" \/>\n\t<meta name=\"twitter:data1\" content=\"1\u00a0Minute\" \/>\n<script type=\"application\/ld+json\" class=\"yoast-schema-graph\">{\"@context\":\"https:\\\/\\\/schema.org\",\"@graph\":[{\"@type\":\"WebPage\",\"@id\":\"https:\\\/\\\/sandbox.corporateconnections.com\\\/de\\\/besuch-anfragen\",\"url\":\"https:\\\/\\\/sandbox.corporateconnections.com\\\/de\\\/besuch-anfragen\",\"name\":\"Erleben Sie die Premier Executive Networking Plattform\",\"isPartOf\":{\"@id\":\"https:\\\/\\\/sandbox.corporateconnections.com\\\/es\\\/#website\"},\"primaryImageOfPage\":{\"@id\":\"https:\\\/\\\/sandbox.corporateconnections.com\\\/de\\\/besuch-anfragen#primaryimage\"},\"image\":{\"@id\":\"https:\\\/\\\/sandbox.corporateconnections.com\\\/de\\\/besuch-anfragen#primaryimage\"},\"thumbnailUrl\":\"https:\\\/\\\/sandbox.corporateconnections.com\\\/wp-content\\\/uploads\\\/2021\\\/06\\\/request_page2.jpg\",\"datePublished\":\"2021-07-08T17:00:50+00:00\",\"dateModified\":\"2023-09-04T05:00:46+00:00\",\"description\":\"Treffen der CorporateConnections\u00ae-Ortsverb\u00e4nde folgen einem bew\u00e4hrten und effektiven Peer-to-Peer-Networking. F\u00fcr den Besuch eines Ortsverband-Meetings ist eine vorherige Anmeldung erforderlich.\",\"breadcrumb\":{\"@id\":\"https:\\\/\\\/sandbox.corporateconnections.com\\\/de\\\/besuch-anfragen#breadcrumb\"},\"inLanguage\":\"de\",\"potentialAction\":[{\"@type\":\"ReadAction\",\"target\":[\"https:\\\/\\\/sandbox.corporateconnections.com\\\/de\\\/besuch-anfragen\"]}]},{\"@type\":\"ImageObject\",\"inLanguage\":\"de\",\"@id\":\"https:\\\/\\\/sandbox.corporateconnections.com\\\/de\\\/besuch-anfragen#primaryimage\",\"url\":\"https:\\\/\\\/sandbox.corporateconnections.com\\\/wp-content\\\/uploads\\\/2021\\\/06\\\/request_page2.jpg\",\"contentUrl\":\"https:\\\/\\\/sandbox.corporateconnections.com\\\/wp-content\\\/uploads\\\/2021\\\/06\\\/request_page2.jpg\",\"width\":1920,\"height\":661},{\"@type\":\"BreadcrumbList\",\"@id\":\"https:\\\/\\\/sandbox.corporateconnections.com\\\/de\\\/besuch-anfragen#breadcrumb\",\"itemListElement\":[{\"@type\":\"ListItem\",\"position\":1,\"name\":\"Home\",\"item\":\"https:\\\/\\\/sandbox.corporateconnections.com\\\/de\"},{\"@type\":\"ListItem\",\"position\":2,\"name\":\"BESUCH ANFRAGEN\"}]},{\"@type\":\"WebSite\",\"@id\":\"https:\\\/\\\/sandbox.corporateconnections.com\\\/es\\\/#website\",\"url\":\"https:\\\/\\\/sandbox.corporateconnections.com\\\/es\\\/\",\"name\":\"Corporate Connections\",\"description\":\"Where Leaders Connect\",\"publisher\":{\"@id\":\"https:\\\/\\\/sandbox.corporateconnections.com\\\/es\\\/#organization\"},\"potentialAction\":[{\"@type\":\"SearchAction\",\"target\":{\"@type\":\"EntryPoint\",\"urlTemplate\":\"https:\\\/\\\/sandbox.corporateconnections.com\\\/es\\\/?s={search_term_string}\"},\"query-input\":{\"@type\":\"PropertyValueSpecification\",\"valueRequired\":true,\"valueName\":\"search_term_string\"}}],\"inLanguage\":\"de\"},{\"@type\":\"Organization\",\"@id\":\"https:\\\/\\\/sandbox.corporateconnections.com\\\/es\\\/#organization\",\"name\":\"Corporate Connections&reg;\",\"url\":\"https:\\\/\\\/sandbox.corporateconnections.com\\\/es\\\/\",\"logo\":{\"@type\":\"ImageObject\",\"inLanguage\":\"de\",\"@id\":\"https:\\\/\\\/sandbox.corporateconnections.com\\\/es\\\/#\\\/schema\\\/logo\\\/image\\\/\",\"url\":\"https:\\\/\\\/sandbox.corporateconnections.com\\\/wp-content\\\/uploads\\\/2020\\\/10\\\/cc-logo.png\",\"contentUrl\":\"https:\\\/\\\/sandbox.corporateconnections.com\\\/wp-content\\\/uploads\\\/2020\\\/10\\\/cc-logo.png\",\"width\":250,\"height\":87,\"caption\":\"Corporate Connections&reg;\"},\"image\":{\"@id\":\"https:\\\/\\\/sandbox.corporateconnections.com\\\/es\\\/#\\\/schema\\\/logo\\\/image\\\/\"}}]}<\/script>\n<!-- \/ Yoast SEO Premium plugin. -->","yoast_head_json":{"title":"Erleben Sie die Premier Executive Networking Plattform","description":"Treffen der CorporateConnections\u00ae-Ortsverb\u00e4nde folgen einem bew\u00e4hrten und effektiven Peer-to-Peer-Networking. F\u00fcr den Besuch eines Ortsverband-Meetings ist eine vorherige Anmeldung erforderlich.","robots":{"index":"noindex","follow":"follow","max-snippet":"max-snippet:-1","max-image-preview":"max-image-preview:large","max-video-preview":"max-video-preview:-1"},"og_locale":"de_DE","og_type":"article","og_title":"BESUCH ANFRAGEN","og_description":"Wenn Sie einen Besuch beantragen m\u00f6chten, f\u00fcllen Sie bitte das Formular f\u00fcr den Erstbesuch aus und senden Sie es ab. Nach Erhalt wird der Direktor Ihres","og_url":"https:\/\/sandbox.corporateconnections.com\/de\/besuch-anfragen","og_site_name":"Corporate Connections","article_modified_time":"2023-09-04T05:00:46+00:00","og_image":[{"width":1920,"height":661,"url":"https:\/\/sandbox.corporateconnections.com\/wp-content\/uploads\/2021\/06\/request_page2.jpg","type":"image\/jpeg"}],"twitter_card":"summary_large_image","twitter_misc":{"Gesch\u00e4tzte Lesezeit":"1\u00a0Minute"},"schema":{"@context":"https:\/\/schema.org","@graph":[{"@type":"WebPage","@id":"https:\/\/sandbox.corporateconnections.com\/de\/besuch-anfragen","url":"https:\/\/sandbox.corporateconnections.com\/de\/besuch-anfragen","name":"Erleben Sie die Premier Executive Networking Plattform","isPartOf":{"@id":"https:\/\/sandbox.corporateconnections.com\/es\/#website"},"primaryImageOfPage":{"@id":"https:\/\/sandbox.corporateconnections.com\/de\/besuch-anfragen#primaryimage"},"image":{"@id":"https:\/\/sandbox.corporateconnections.com\/de\/besuch-anfragen#primaryimage"},"thumbnailUrl":"https:\/\/sandbox.corporateconnections.com\/wp-content\/uploads\/2021\/06\/request_page2.jpg","datePublished":"2021-07-08T17:00:50+00:00","dateModified":"2023-09-04T05:00:46+00:00","description":"Treffen der CorporateConnections\u00ae-Ortsverb\u00e4nde folgen einem bew\u00e4hrten und effektiven Peer-to-Peer-Networking. F\u00fcr den Besuch eines Ortsverband-Meetings ist eine vorherige Anmeldung erforderlich.","breadcrumb":{"@id":"https:\/\/sandbox.corporateconnections.com\/de\/besuch-anfragen#breadcrumb"},"inLanguage":"de","potentialAction":[{"@type":"ReadAction","target":["https:\/\/sandbox.corporateconnections.com\/de\/besuch-anfragen"]}]},{"@type":"ImageObject","inLanguage":"de","@id":"https:\/\/sandbox.corporateconnections.com\/de\/besuch-anfragen#primaryimage","url":"https:\/\/sandbox.corporateconnections.com\/wp-content\/uploads\/2021\/06\/request_page2.jpg","contentUrl":"https:\/\/sandbox.corporateconnections.com\/wp-content\/uploads\/2021\/06\/request_page2.jpg","width":1920,"height":661},{"@type":"BreadcrumbList","@id":"https:\/\/sandbox.corporateconnections.com\/de\/besuch-anfragen#breadcrumb","itemListElement":[{"@type":"ListItem","position":1,"name":"Home","item":"https:\/\/sandbox.corporateconnections.com\/de"},{"@type":"ListItem","position":2,"name":"BESUCH ANFRAGEN"}]},{"@type":"WebSite","@id":"https:\/\/sandbox.corporateconnections.com\/es\/#website","url":"https:\/\/sandbox.corporateconnections.com\/es\/","name":"Corporate Connections","description":"Where Leaders Connect","publisher":{"@id":"https:\/\/sandbox.corporateconnections.com\/es\/#organization"},"potentialAction":[{"@type":"SearchAction","target":{"@type":"EntryPoint","urlTemplate":"https:\/\/sandbox.corporateconnections.com\/es\/?s={search_term_string}"},"query-input":{"@type":"PropertyValueSpecification","valueRequired":true,"valueName":"search_term_string"}}],"inLanguage":"de"},{"@type":"Organization","@id":"https:\/\/sandbox.corporateconnections.com\/es\/#organization","name":"Corporate Connections&reg;","url":"https:\/\/sandbox.corporateconnections.com\/es\/","logo":{"@type":"ImageObject","inLanguage":"de","@id":"https:\/\/sandbox.corporateconnections.com\/es\/#\/schema\/logo\/image\/","url":"https:\/\/sandbox.corporateconnections.com\/wp-content\/uploads\/2020\/10\/cc-logo.png","contentUrl":"https:\/\/sandbox.corporateconnections.com\/wp-content\/uploads\/2020\/10\/cc-logo.png","width":250,"height":87,"caption":"Corporate Connections&reg;"},"image":{"@id":"https:\/\/sandbox.corporateconnections.com\/es\/#\/schema\/logo\/image\/"}}]}},"_links":{"self":[{"href":"https:\/\/sandbox.corporateconnections.com\/de\/wp-json\/wp\/v2\/pages\/3713","targetHints":{"allow":["GET"]}}],"collection":[{"href":"https:\/\/sandbox.corporateconnections.com\/de\/wp-json\/wp\/v2\/pages"}],"about":[{"href":"https:\/\/sandbox.corporateconnections.com\/de\/wp-json\/wp\/v2\/types\/page"}],"author":[{"embeddable":true,"href":"https:\/\/sandbox.corporateconnections.com\/de\/wp-json\/wp\/v2\/users\/4"}],"replies":[{"embeddable":true,"href":"https:\/\/sandbox.corporateconnections.com\/de\/wp-json\/wp\/v2\/comments?post=3713"}],"version-history":[{"count":5,"href":"https:\/\/sandbox.corporateconnections.com\/de\/wp-json\/wp\/v2\/pages\/3713\/revisions"}],"predecessor-version":[{"id":4425,"href":"https:\/\/sandbox.corporateconnections.com\/de\/wp-json\/wp\/v2\/pages\/3713\/revisions\/4425"}],"wp:featuredmedia":[{"embeddable":true,"href":"https:\/\/sandbox.corporateconnections.com\/de\/wp-json\/wp\/v2\/media\/3419"}],"wp:attachment":[{"href":"https:\/\/sandbox.corporateconnections.com\/de\/wp-json\/wp\/v2\/media?parent=3713"}],"curies":[{"name":"wp","href":"https:\/\/api.w.org\/{rel}","templated":true}]}}