{"id":3589,"date":"2021-07-08T14:26:09","date_gmt":"2021-07-08T14:26:09","guid":{"rendered":"https:\/\/sandbox.corporateconnections.com\/vida-en-cc\/"},"modified":"2023-09-04T11:22:53","modified_gmt":"2023-09-04T05:52:53","slug":"vida-en-cc","status":"publish","type":"page","link":"https:\/\/sandbox.corporateconnections.com\/es\/vida-en-cc","title":{"rendered":"Vida en CC"},"content":{"rendered":"\n<p>Para muchos, unirse a CorporateConnections es una decisi\u00f3n comercial impulsada por el acceso a nuevas oportunidades.  La raz\u00f3n n\u00famero uno por la que los Miembros permanecen es por las relaciones significativas, las experiencias compartidas y el conocimiento de sus pares. <\/p>\n","protected":false},"excerpt":{"rendered":"<p>Para muchos, unirse a CorporateConnections es una decisi\u00f3n comercial impulsada por el acceso a nuevas oportunidades. La raz\u00f3n n\u00famero uno por la que los Miembros permanecen es por las relaciones significativas, las experiencias compartidas y el conocimiento de sus pares.<\/p>\n","protected":false},"author":4,"featured_media":12256,"parent":0,"menu_order":0,"comment_status":"closed","ping_status":"closed","template":"template-ccLife.php","meta":{"_acf_changed":false,"footnotes":""},"class_list":["post-3589","page","type-page","status-publish","has-post-thumbnail","hentry"],"acf":[],"yoast_head":"<!-- This site is optimized with the Yoast SEO Premium plugin v26.9 (Yoast SEO v27.3) - https:\/\/yoast.com\/product\/yoast-seo-premium-wordpress\/ -->\n<title>Beneficios y elementos clave de la membres\u00eda de CorporateConnections\u00ae<\/title>\n<meta name=\"description\" content=\"Con acceso global a l\u00edderes del pensamiento, nuestros Miembros se benefician de las mejores pr\u00e1cticas y tendencias delineando negocios a trav\u00e9s de sesiones con personas influyentes de todo el mundo.\" \/>\n<meta name=\"robots\" content=\"noindex, follow, max-snippet:-1, max-image-preview:large, max-video-preview:-1\" \/>\n<meta property=\"og:locale\" content=\"es_ES\" \/>\n<meta property=\"og:type\" content=\"article\" \/>\n<meta property=\"og:title\" content=\"Vida en CC\" \/>\n<meta property=\"og:description\" content=\"Para muchos, unirse a CorporateConnections es una decisi\u00f3n comercial impulsada por el acceso a nuevas oportunidades. La raz\u00f3n n\u00famero uno por la que los\" \/>\n<meta property=\"og:url\" content=\"https:\/\/sandbox.corporateconnections.com\/es\/vida-en-cc\" \/>\n<meta property=\"og:site_name\" content=\"Corporate Connections\" \/>\n<meta property=\"article:modified_time\" content=\"2023-09-04T05:52:53+00:00\" \/>\n<meta property=\"og:image\" content=\"https:\/\/sandbox.corporateconnections.com\/wp-content\/uploads\/2023\/06\/CC-Day4_web-263-scaled-e1685991586388.jpg\" \/>\n\t<meta property=\"og:image:width\" content=\"2560\" \/>\n\t<meta property=\"og:image:height\" content=\"1707\" \/>\n\t<meta property=\"og:image:type\" content=\"image\/jpeg\" \/>\n<meta name=\"twitter:card\" content=\"summary_large_image\" \/>\n<meta name=\"twitter:label1\" content=\"Tiempo de lectura\" \/>\n\t<meta name=\"twitter:data1\" content=\"1 minuto\" \/>\n<script type=\"application\/ld+json\" class=\"yoast-schema-graph\">{\"@context\":\"https:\\\/\\\/schema.org\",\"@graph\":[{\"@type\":\"WebPage\",\"@id\":\"https:\\\/\\\/sandbox.corporateconnections.com\\\/es\\\/vida-en-cc\",\"url\":\"https:\\\/\\\/sandbox.corporateconnections.com\\\/es\\\/vida-en-cc\",\"name\":\"Beneficios y elementos clave de la membres\u00eda de CorporateConnections\u00ae\",\"isPartOf\":{\"@id\":\"https:\\\/\\\/sandbox.corporateconnections.com\\\/es\\\/#website\"},\"primaryImageOfPage\":{\"@id\":\"https:\\\/\\\/sandbox.corporateconnections.com\\\/es\\\/vida-en-cc#primaryimage\"},\"image\":{\"@id\":\"https:\\\/\\\/sandbox.corporateconnections.com\\\/es\\\/vida-en-cc#primaryimage\"},\"thumbnailUrl\":\"https:\\\/\\\/sandbox.corporateconnections.com\\\/wp-content\\\/uploads\\\/2023\\\/06\\\/CC-Day4_web-263-scaled-e1685991586388.jpg\",\"datePublished\":\"2021-07-08T14:26:09+00:00\",\"dateModified\":\"2023-09-04T05:52:53+00:00\",\"description\":\"Con acceso global a l\u00edderes del pensamiento, nuestros Miembros se benefician de las mejores pr\u00e1cticas y tendencias delineando negocios a trav\u00e9s de sesiones con personas influyentes de todo el mundo.\",\"breadcrumb\":{\"@id\":\"https:\\\/\\\/sandbox.corporateconnections.com\\\/es\\\/vida-en-cc#breadcrumb\"},\"inLanguage\":\"es\",\"potentialAction\":[{\"@type\":\"ReadAction\",\"target\":[\"https:\\\/\\\/sandbox.corporateconnections.com\\\/es\\\/vida-en-cc\"]}]},{\"@type\":\"ImageObject\",\"inLanguage\":\"es\",\"@id\":\"https:\\\/\\\/sandbox.corporateconnections.com\\\/es\\\/vida-en-cc#primaryimage\",\"url\":\"https:\\\/\\\/sandbox.corporateconnections.com\\\/wp-content\\\/uploads\\\/2023\\\/06\\\/CC-Day4_web-263-scaled-e1685991586388.jpg\",\"contentUrl\":\"https:\\\/\\\/sandbox.corporateconnections.com\\\/wp-content\\\/uploads\\\/2023\\\/06\\\/CC-Day4_web-263-scaled-e1685991586388.jpg\",\"width\":2560,\"height\":1707},{\"@type\":\"BreadcrumbList\",\"@id\":\"https:\\\/\\\/sandbox.corporateconnections.com\\\/es\\\/vida-en-cc#breadcrumb\",\"itemListElement\":[{\"@type\":\"ListItem\",\"position\":1,\"name\":\"Home\",\"item\":\"https:\\\/\\\/sandbox.corporateconnections.com\\\/es\"},{\"@type\":\"ListItem\",\"position\":2,\"name\":\"Vida en CC\"}]},{\"@type\":\"WebSite\",\"@id\":\"https:\\\/\\\/sandbox.corporateconnections.com\\\/es\\\/#website\",\"url\":\"https:\\\/\\\/sandbox.corporateconnections.com\\\/es\\\/\",\"name\":\"Corporate Connections\",\"description\":\"Where Leaders Connect\",\"publisher\":{\"@id\":\"https:\\\/\\\/sandbox.corporateconnections.com\\\/es\\\/#organization\"},\"potentialAction\":[{\"@type\":\"SearchAction\",\"target\":{\"@type\":\"EntryPoint\",\"urlTemplate\":\"https:\\\/\\\/sandbox.corporateconnections.com\\\/es\\\/?s={search_term_string}\"},\"query-input\":{\"@type\":\"PropertyValueSpecification\",\"valueRequired\":true,\"valueName\":\"search_term_string\"}}],\"inLanguage\":\"es\"},{\"@type\":\"Organization\",\"@id\":\"https:\\\/\\\/sandbox.corporateconnections.com\\\/es\\\/#organization\",\"name\":\"Corporate Connections&reg;\",\"url\":\"https:\\\/\\\/sandbox.corporateconnections.com\\\/es\\\/\",\"logo\":{\"@type\":\"ImageObject\",\"inLanguage\":\"es\",\"@id\":\"https:\\\/\\\/sandbox.corporateconnections.com\\\/es\\\/#\\\/schema\\\/logo\\\/image\\\/\",\"url\":\"https:\\\/\\\/sandbox.corporateconnections.com\\\/wp-content\\\/uploads\\\/2020\\\/10\\\/cc-logo.png\",\"contentUrl\":\"https:\\\/\\\/sandbox.corporateconnections.com\\\/wp-content\\\/uploads\\\/2020\\\/10\\\/cc-logo.png\",\"width\":250,\"height\":87,\"caption\":\"Corporate Connections&reg;\"},\"image\":{\"@id\":\"https:\\\/\\\/sandbox.corporateconnections.com\\\/es\\\/#\\\/schema\\\/logo\\\/image\\\/\"}}]}<\/script>\n<!-- \/ Yoast SEO Premium plugin. -->","yoast_head_json":{"title":"Beneficios y elementos clave de la membres\u00eda de CorporateConnections\u00ae","description":"Con acceso global a l\u00edderes del pensamiento, nuestros Miembros se benefician de las mejores pr\u00e1cticas y tendencias delineando negocios a trav\u00e9s de sesiones con personas influyentes de todo el mundo.","robots":{"index":"noindex","follow":"follow","max-snippet":"max-snippet:-1","max-image-preview":"max-image-preview:large","max-video-preview":"max-video-preview:-1"},"og_locale":"es_ES","og_type":"article","og_title":"Vida en CC","og_description":"Para muchos, unirse a CorporateConnections es una decisi\u00f3n comercial impulsada por el acceso a nuevas oportunidades. La raz\u00f3n n\u00famero uno por la que los","og_url":"https:\/\/sandbox.corporateconnections.com\/es\/vida-en-cc","og_site_name":"Corporate Connections","article_modified_time":"2023-09-04T05:52:53+00:00","og_image":[{"width":2560,"height":1707,"url":"https:\/\/sandbox.corporateconnections.com\/wp-content\/uploads\/2023\/06\/CC-Day4_web-263-scaled-e1685991586388.jpg","type":"image\/jpeg"}],"twitter_card":"summary_large_image","twitter_misc":{"Tiempo de lectura":"1 minuto"},"schema":{"@context":"https:\/\/schema.org","@graph":[{"@type":"WebPage","@id":"https:\/\/sandbox.corporateconnections.com\/es\/vida-en-cc","url":"https:\/\/sandbox.corporateconnections.com\/es\/vida-en-cc","name":"Beneficios y elementos clave de la membres\u00eda de CorporateConnections\u00ae","isPartOf":{"@id":"https:\/\/sandbox.corporateconnections.com\/es\/#website"},"primaryImageOfPage":{"@id":"https:\/\/sandbox.corporateconnections.com\/es\/vida-en-cc#primaryimage"},"image":{"@id":"https:\/\/sandbox.corporateconnections.com\/es\/vida-en-cc#primaryimage"},"thumbnailUrl":"https:\/\/sandbox.corporateconnections.com\/wp-content\/uploads\/2023\/06\/CC-Day4_web-263-scaled-e1685991586388.jpg","datePublished":"2021-07-08T14:26:09+00:00","dateModified":"2023-09-04T05:52:53+00:00","description":"Con acceso global a l\u00edderes del pensamiento, nuestros Miembros se benefician de las mejores pr\u00e1cticas y tendencias delineando negocios a trav\u00e9s de sesiones con personas influyentes de todo el mundo.","breadcrumb":{"@id":"https:\/\/sandbox.corporateconnections.com\/es\/vida-en-cc#breadcrumb"},"inLanguage":"es","potentialAction":[{"@type":"ReadAction","target":["https:\/\/sandbox.corporateconnections.com\/es\/vida-en-cc"]}]},{"@type":"ImageObject","inLanguage":"es","@id":"https:\/\/sandbox.corporateconnections.com\/es\/vida-en-cc#primaryimage","url":"https:\/\/sandbox.corporateconnections.com\/wp-content\/uploads\/2023\/06\/CC-Day4_web-263-scaled-e1685991586388.jpg","contentUrl":"https:\/\/sandbox.corporateconnections.com\/wp-content\/uploads\/2023\/06\/CC-Day4_web-263-scaled-e1685991586388.jpg","width":2560,"height":1707},{"@type":"BreadcrumbList","@id":"https:\/\/sandbox.corporateconnections.com\/es\/vida-en-cc#breadcrumb","itemListElement":[{"@type":"ListItem","position":1,"name":"Home","item":"https:\/\/sandbox.corporateconnections.com\/es"},{"@type":"ListItem","position":2,"name":"Vida en CC"}]},{"@type":"WebSite","@id":"https:\/\/sandbox.corporateconnections.com\/es\/#website","url":"https:\/\/sandbox.corporateconnections.com\/es\/","name":"Corporate Connections","description":"Where Leaders Connect","publisher":{"@id":"https:\/\/sandbox.corporateconnections.com\/es\/#organization"},"potentialAction":[{"@type":"SearchAction","target":{"@type":"EntryPoint","urlTemplate":"https:\/\/sandbox.corporateconnections.com\/es\/?s={search_term_string}"},"query-input":{"@type":"PropertyValueSpecification","valueRequired":true,"valueName":"search_term_string"}}],"inLanguage":"es"},{"@type":"Organization","@id":"https:\/\/sandbox.corporateconnections.com\/es\/#organization","name":"Corporate Connections&reg;","url":"https:\/\/sandbox.corporateconnections.com\/es\/","logo":{"@type":"ImageObject","inLanguage":"es","@id":"https:\/\/sandbox.corporateconnections.com\/es\/#\/schema\/logo\/image\/","url":"https:\/\/sandbox.corporateconnections.com\/wp-content\/uploads\/2020\/10\/cc-logo.png","contentUrl":"https:\/\/sandbox.corporateconnections.com\/wp-content\/uploads\/2020\/10\/cc-logo.png","width":250,"height":87,"caption":"Corporate Connections&reg;"},"image":{"@id":"https:\/\/sandbox.corporateconnections.com\/es\/#\/schema\/logo\/image\/"}}]}},"_links":{"self":[{"href":"https:\/\/sandbox.corporateconnections.com\/es\/wp-json\/wp\/v2\/pages\/3589","targetHints":{"allow":["GET"]}}],"collection":[{"href":"https:\/\/sandbox.corporateconnections.com\/es\/wp-json\/wp\/v2\/pages"}],"about":[{"href":"https:\/\/sandbox.corporateconnections.com\/es\/wp-json\/wp\/v2\/types\/page"}],"author":[{"embeddable":true,"href":"https:\/\/sandbox.corporateconnections.com\/es\/wp-json\/wp\/v2\/users\/4"}],"replies":[{"embeddable":true,"href":"https:\/\/sandbox.corporateconnections.com\/es\/wp-json\/wp\/v2\/comments?post=3589"}],"version-history":[{"count":5,"href":"https:\/\/sandbox.corporateconnections.com\/es\/wp-json\/wp\/v2\/pages\/3589\/revisions"}],"predecessor-version":[{"id":13369,"href":"https:\/\/sandbox.corporateconnections.com\/es\/wp-json\/wp\/v2\/pages\/3589\/revisions\/13369"}],"wp:featuredmedia":[{"embeddable":true,"href":"https:\/\/sandbox.corporateconnections.com\/es\/wp-json\/wp\/v2\/media\/12256"}],"wp:attachment":[{"href":"https:\/\/sandbox.corporateconnections.com\/es\/wp-json\/wp\/v2\/media?parent=3589"}],"curies":[{"name":"wp","href":"https:\/\/api.w.org\/{rel}","templated":true}]}}