{"id":3597,"date":"2021-07-08T14:49:31","date_gmt":"2021-07-08T14:49:31","guid":{"rendered":"https:\/\/sandbox.corporateconnections.com\/preguntas-frecuentess\/"},"modified":"2021-07-08T14:49:31","modified_gmt":"2021-07-08T14:49:31","slug":"preguntas-frecuentess","status":"publish","type":"page","link":"https:\/\/sandbox.corporateconnections.com\/es\/preguntas-frecuentess","title":{"rendered":"Preguntas frecuentes<span>s<\/span>"},"content":{"rendered":"","protected":false},"excerpt":{"rendered":"","protected":false},"author":4,"featured_media":1293,"parent":0,"menu_order":0,"comment_status":"closed","ping_status":"closed","template":"template-faq.php","meta":{"_acf_changed":false,"footnotes":""},"class_list":["post-3597","page","type-page","status-publish","has-post-thumbnail","hentry"],"acf":[],"yoast_head":"<!-- This site is optimized with the Yoast SEO Premium plugin v26.9 (Yoast SEO v27.3) - https:\/\/yoast.com\/product\/yoast-seo-premium-wordpress\/ -->\n<title>Preguntas Frecuentes sobre la Membres\u00eda a CorporateConnections\u00ae<\/title>\n<meta name=\"description\" content=\"Preguntas Frecuentes sobre la Membres\u00eda de CorporateConnections\u00ae - \u00bfPor qu\u00e9 unirse a CorporateConnections? \u2013 \u00bfCu\u00e1l es el valor de ser Miembro? \u00bfQui\u00e9n deber\u00eda unirse a CorporateConnections? Beneficios de la Membres\u00eda\" \/>\n<meta name=\"robots\" content=\"noindex, follow, max-snippet:-1, max-image-preview:large, max-video-preview:-1\" \/>\n<meta property=\"og:locale\" content=\"es_ES\" \/>\n<meta property=\"og:type\" content=\"article\" \/>\n<meta property=\"og:title\" content=\"Preguntas frecuentess\" \/>\n<meta property=\"og:url\" content=\"https:\/\/sandbox.corporateconnections.com\/es\/preguntas-frecuentess\" \/>\n<meta property=\"og:site_name\" content=\"Corporate Connections\" \/>\n<meta property=\"og:image\" content=\"https:\/\/sandbox.corporateconnections.com\/wp-content\/uploads\/2021\/04\/Franchsing-banner.jpg\" \/>\n\t<meta property=\"og:image:width\" content=\"1920\" \/>\n\t<meta property=\"og:image:height\" content=\"660\" \/>\n\t<meta property=\"og:image:type\" content=\"image\/jpeg\" \/>\n<meta name=\"twitter:card\" content=\"summary_large_image\" \/>\n<script type=\"application\/ld+json\" class=\"yoast-schema-graph\">{\"@context\":\"https:\\\/\\\/schema.org\",\"@graph\":[{\"@type\":\"WebPage\",\"@id\":\"https:\\\/\\\/sandbox.corporateconnections.com\\\/es\\\/preguntas-frecuentess\",\"url\":\"https:\\\/\\\/sandbox.corporateconnections.com\\\/es\\\/preguntas-frecuentess\",\"name\":\"Preguntas Frecuentes sobre la Membres\u00eda a CorporateConnections\u00ae\",\"isPartOf\":{\"@id\":\"https:\\\/\\\/sandbox.corporateconnections.com\\\/es\\\/#website\"},\"primaryImageOfPage\":{\"@id\":\"https:\\\/\\\/sandbox.corporateconnections.com\\\/es\\\/preguntas-frecuentess#primaryimage\"},\"image\":{\"@id\":\"https:\\\/\\\/sandbox.corporateconnections.com\\\/es\\\/preguntas-frecuentess#primaryimage\"},\"thumbnailUrl\":\"https:\\\/\\\/sandbox.corporateconnections.com\\\/wp-content\\\/uploads\\\/2021\\\/04\\\/Franchsing-banner.jpg\",\"datePublished\":\"2021-07-08T14:49:31+00:00\",\"description\":\"Preguntas Frecuentes sobre la Membres\u00eda de CorporateConnections\u00ae - \u00bfPor qu\u00e9 unirse a CorporateConnections? \u2013 \u00bfCu\u00e1l es el valor de ser Miembro? \u00bfQui\u00e9n deber\u00eda unirse a CorporateConnections? Beneficios de la Membres\u00eda\",\"breadcrumb\":{\"@id\":\"https:\\\/\\\/sandbox.corporateconnections.com\\\/es\\\/preguntas-frecuentess#breadcrumb\"},\"inLanguage\":\"es\",\"potentialAction\":[{\"@type\":\"ReadAction\",\"target\":[\"https:\\\/\\\/sandbox.corporateconnections.com\\\/es\\\/preguntas-frecuentess\"]}]},{\"@type\":\"ImageObject\",\"inLanguage\":\"es\",\"@id\":\"https:\\\/\\\/sandbox.corporateconnections.com\\\/es\\\/preguntas-frecuentess#primaryimage\",\"url\":\"https:\\\/\\\/sandbox.corporateconnections.com\\\/wp-content\\\/uploads\\\/2021\\\/04\\\/Franchsing-banner.jpg\",\"contentUrl\":\"https:\\\/\\\/sandbox.corporateconnections.com\\\/wp-content\\\/uploads\\\/2021\\\/04\\\/Franchsing-banner.jpg\",\"width\":1920,\"height\":660},{\"@type\":\"BreadcrumbList\",\"@id\":\"https:\\\/\\\/sandbox.corporateconnections.com\\\/es\\\/preguntas-frecuentess#breadcrumb\",\"itemListElement\":[{\"@type\":\"ListItem\",\"position\":1,\"name\":\"Home\",\"item\":\"https:\\\/\\\/sandbox.corporateconnections.com\\\/es\"},{\"@type\":\"ListItem\",\"position\":2,\"name\":\"Preguntas frecuentess\"}]},{\"@type\":\"WebSite\",\"@id\":\"https:\\\/\\\/sandbox.corporateconnections.com\\\/es\\\/#website\",\"url\":\"https:\\\/\\\/sandbox.corporateconnections.com\\\/es\\\/\",\"name\":\"Corporate Connections\",\"description\":\"Where Leaders Connect\",\"publisher\":{\"@id\":\"https:\\\/\\\/sandbox.corporateconnections.com\\\/es\\\/#organization\"},\"potentialAction\":[{\"@type\":\"SearchAction\",\"target\":{\"@type\":\"EntryPoint\",\"urlTemplate\":\"https:\\\/\\\/sandbox.corporateconnections.com\\\/es\\\/?s={search_term_string}\"},\"query-input\":{\"@type\":\"PropertyValueSpecification\",\"valueRequired\":true,\"valueName\":\"search_term_string\"}}],\"inLanguage\":\"es\"},{\"@type\":\"Organization\",\"@id\":\"https:\\\/\\\/sandbox.corporateconnections.com\\\/es\\\/#organization\",\"name\":\"Corporate Connections&reg;\",\"url\":\"https:\\\/\\\/sandbox.corporateconnections.com\\\/es\\\/\",\"logo\":{\"@type\":\"ImageObject\",\"inLanguage\":\"es\",\"@id\":\"https:\\\/\\\/sandbox.corporateconnections.com\\\/es\\\/#\\\/schema\\\/logo\\\/image\\\/\",\"url\":\"https:\\\/\\\/sandbox.corporateconnections.com\\\/wp-content\\\/uploads\\\/2020\\\/10\\\/cc-logo.png\",\"contentUrl\":\"https:\\\/\\\/sandbox.corporateconnections.com\\\/wp-content\\\/uploads\\\/2020\\\/10\\\/cc-logo.png\",\"width\":250,\"height\":87,\"caption\":\"Corporate Connections&reg;\"},\"image\":{\"@id\":\"https:\\\/\\\/sandbox.corporateconnections.com\\\/es\\\/#\\\/schema\\\/logo\\\/image\\\/\"}}]}<\/script>\n<!-- \/ Yoast SEO Premium plugin. -->","yoast_head_json":{"title":"Preguntas Frecuentes sobre la Membres\u00eda a CorporateConnections\u00ae","description":"Preguntas Frecuentes sobre la Membres\u00eda de CorporateConnections\u00ae - \u00bfPor qu\u00e9 unirse a CorporateConnections? \u2013 \u00bfCu\u00e1l es el valor de ser Miembro? \u00bfQui\u00e9n deber\u00eda unirse a CorporateConnections? Beneficios de la Membres\u00eda","robots":{"index":"noindex","follow":"follow","max-snippet":"max-snippet:-1","max-image-preview":"max-image-preview:large","max-video-preview":"max-video-preview:-1"},"og_locale":"es_ES","og_type":"article","og_title":"Preguntas frecuentess","og_url":"https:\/\/sandbox.corporateconnections.com\/es\/preguntas-frecuentess","og_site_name":"Corporate Connections","og_image":[{"width":1920,"height":660,"url":"https:\/\/sandbox.corporateconnections.com\/wp-content\/uploads\/2021\/04\/Franchsing-banner.jpg","type":"image\/jpeg"}],"twitter_card":"summary_large_image","schema":{"@context":"https:\/\/schema.org","@graph":[{"@type":"WebPage","@id":"https:\/\/sandbox.corporateconnections.com\/es\/preguntas-frecuentess","url":"https:\/\/sandbox.corporateconnections.com\/es\/preguntas-frecuentess","name":"Preguntas Frecuentes sobre la Membres\u00eda a CorporateConnections\u00ae","isPartOf":{"@id":"https:\/\/sandbox.corporateconnections.com\/es\/#website"},"primaryImageOfPage":{"@id":"https:\/\/sandbox.corporateconnections.com\/es\/preguntas-frecuentess#primaryimage"},"image":{"@id":"https:\/\/sandbox.corporateconnections.com\/es\/preguntas-frecuentess#primaryimage"},"thumbnailUrl":"https:\/\/sandbox.corporateconnections.com\/wp-content\/uploads\/2021\/04\/Franchsing-banner.jpg","datePublished":"2021-07-08T14:49:31+00:00","description":"Preguntas Frecuentes sobre la Membres\u00eda de CorporateConnections\u00ae - \u00bfPor qu\u00e9 unirse a CorporateConnections? \u2013 \u00bfCu\u00e1l es el valor de ser Miembro? \u00bfQui\u00e9n deber\u00eda unirse a CorporateConnections? Beneficios de la Membres\u00eda","breadcrumb":{"@id":"https:\/\/sandbox.corporateconnections.com\/es\/preguntas-frecuentess#breadcrumb"},"inLanguage":"es","potentialAction":[{"@type":"ReadAction","target":["https:\/\/sandbox.corporateconnections.com\/es\/preguntas-frecuentess"]}]},{"@type":"ImageObject","inLanguage":"es","@id":"https:\/\/sandbox.corporateconnections.com\/es\/preguntas-frecuentess#primaryimage","url":"https:\/\/sandbox.corporateconnections.com\/wp-content\/uploads\/2021\/04\/Franchsing-banner.jpg","contentUrl":"https:\/\/sandbox.corporateconnections.com\/wp-content\/uploads\/2021\/04\/Franchsing-banner.jpg","width":1920,"height":660},{"@type":"BreadcrumbList","@id":"https:\/\/sandbox.corporateconnections.com\/es\/preguntas-frecuentess#breadcrumb","itemListElement":[{"@type":"ListItem","position":1,"name":"Home","item":"https:\/\/sandbox.corporateconnections.com\/es"},{"@type":"ListItem","position":2,"name":"Preguntas frecuentess"}]},{"@type":"WebSite","@id":"https:\/\/sandbox.corporateconnections.com\/es\/#website","url":"https:\/\/sandbox.corporateconnections.com\/es\/","name":"Corporate Connections","description":"Where Leaders Connect","publisher":{"@id":"https:\/\/sandbox.corporateconnections.com\/es\/#organization"},"potentialAction":[{"@type":"SearchAction","target":{"@type":"EntryPoint","urlTemplate":"https:\/\/sandbox.corporateconnections.com\/es\/?s={search_term_string}"},"query-input":{"@type":"PropertyValueSpecification","valueRequired":true,"valueName":"search_term_string"}}],"inLanguage":"es"},{"@type":"Organization","@id":"https:\/\/sandbox.corporateconnections.com\/es\/#organization","name":"Corporate Connections&reg;","url":"https:\/\/sandbox.corporateconnections.com\/es\/","logo":{"@type":"ImageObject","inLanguage":"es","@id":"https:\/\/sandbox.corporateconnections.com\/es\/#\/schema\/logo\/image\/","url":"https:\/\/sandbox.corporateconnections.com\/wp-content\/uploads\/2020\/10\/cc-logo.png","contentUrl":"https:\/\/sandbox.corporateconnections.com\/wp-content\/uploads\/2020\/10\/cc-logo.png","width":250,"height":87,"caption":"Corporate Connections&reg;"},"image":{"@id":"https:\/\/sandbox.corporateconnections.com\/es\/#\/schema\/logo\/image\/"}}]}},"_links":{"self":[{"href":"https:\/\/sandbox.corporateconnections.com\/es\/wp-json\/wp\/v2\/pages\/3597","targetHints":{"allow":["GET"]}}],"collection":[{"href":"https:\/\/sandbox.corporateconnections.com\/es\/wp-json\/wp\/v2\/pages"}],"about":[{"href":"https:\/\/sandbox.corporateconnections.com\/es\/wp-json\/wp\/v2\/types\/page"}],"author":[{"embeddable":true,"href":"https:\/\/sandbox.corporateconnections.com\/es\/wp-json\/wp\/v2\/users\/4"}],"replies":[{"embeddable":true,"href":"https:\/\/sandbox.corporateconnections.com\/es\/wp-json\/wp\/v2\/comments?post=3597"}],"version-history":[{"count":0,"href":"https:\/\/sandbox.corporateconnections.com\/es\/wp-json\/wp\/v2\/pages\/3597\/revisions"}],"wp:featuredmedia":[{"embeddable":true,"href":"https:\/\/sandbox.corporateconnections.com\/es\/wp-json\/wp\/v2\/media\/1293"}],"wp:attachment":[{"href":"https:\/\/sandbox.corporateconnections.com\/es\/wp-json\/wp\/v2\/media?parent=3597"}],"curies":[{"name":"wp","href":"https:\/\/api.w.org\/{rel}","templated":true}]}}