{"id":3629,"date":"2021-07-08T15:52:49","date_gmt":"2021-07-08T15:52:49","guid":{"rendered":"https:\/\/sandbox.corporateconnections.com\/contactenos\/"},"modified":"2024-07-29T13:51:28","modified_gmt":"2024-07-29T08:21:28","slug":"contactenos","status":"publish","type":"page","link":"https:\/\/sandbox.corporateconnections.com\/es\/contactenos","title":{"rendered":"Cont\u00e1ctenos"},"content":{"rendered":"\n<p>\u00a1Estamos aqu\u00ed para ayudar! Para todas las consultas, env\u00edanos un correo electr\u00f3nico utilizando el formulario a continuaci\u00f3n.<\/p>\n\n\n","protected":false},"excerpt":{"rendered":"<p>\u00a1Estamos aqu\u00ed para ayudar! Para todas las consultas, env\u00edanos un correo electr\u00f3nico utilizando el formulario a continuaci\u00f3n.<\/p>\n","protected":false},"author":4,"featured_media":0,"parent":0,"menu_order":0,"comment_status":"closed","ping_status":"closed","template":"template-contactUs.php","meta":{"_acf_changed":false,"footnotes":""},"class_list":["post-3629","page","type-page","status-publish","hentry"],"acf":[],"yoast_head":"<!-- This site is optimized with the Yoast SEO Premium plugin v26.9 (Yoast SEO v27.3) - https:\/\/yoast.com\/product\/yoast-seo-premium-wordpress\/ -->\n<title>\u00bfEst\u00e1 listo para acelerar su \u00e9xito empresarial? Cont\u00e1ctenos hoy<\/title>\n<meta name=\"description\" content=\"D\u00e9jenos unas l\u00edneas con su informaci\u00f3n de contacto y nos contactaremos lo antes posible. Tambi\u00e9n, puedes enviarnos un correo electr\u00f3nico info@corporateconnections.com o llamarnos al +1 704 644 7878\" \/>\n<meta name=\"robots\" content=\"noindex, follow, max-snippet:-1, max-image-preview:large, max-video-preview:-1\" \/>\n<meta property=\"og:locale\" content=\"es_ES\" \/>\n<meta property=\"og:type\" content=\"article\" \/>\n<meta property=\"og:title\" content=\"Cont\u00e1ctenos\" \/>\n<meta property=\"og:description\" content=\"\u00a1Estamos aqu\u00ed para ayudar! Para todas las consultas, env\u00edanos un correo electr\u00f3nico utilizando el formulario a continuaci\u00f3n.\" \/>\n<meta property=\"og:url\" content=\"https:\/\/sandbox.corporateconnections.com\/contact-us\" \/>\n<meta property=\"og:site_name\" content=\"Corporate Connections\" \/>\n<meta property=\"article:modified_time\" content=\"2024-07-29T08:21:28+00:00\" \/>\n<meta name=\"twitter:card\" content=\"summary_large_image\" \/>\n<meta name=\"twitter:label1\" content=\"Tiempo de lectura\" \/>\n\t<meta name=\"twitter:data1\" content=\"1 minuto\" \/>\n<script type=\"application\/ld+json\" class=\"yoast-schema-graph\">{\"@context\":\"https:\\\/\\\/schema.org\",\"@graph\":[{\"@type\":\"WebPage\",\"@id\":\"https:\\\/\\\/sandbox.corporateconnections.com\\\/contact-us\",\"url\":\"https:\\\/\\\/sandbox.corporateconnections.com\\\/contact-us\",\"name\":\"\u00bfEst\u00e1 listo para acelerar su \u00e9xito empresarial? Cont\u00e1ctenos hoy\",\"isPartOf\":{\"@id\":\"https:\\\/\\\/sandbox.corporateconnections.com\\\/es\\\/#website\"},\"datePublished\":\"2021-07-08T15:52:49+00:00\",\"dateModified\":\"2024-07-29T08:21:28+00:00\",\"description\":\"D\u00e9jenos unas l\u00edneas con su informaci\u00f3n de contacto y nos contactaremos lo antes posible. Tambi\u00e9n, puedes enviarnos un correo electr\u00f3nico info@corporateconnections.com o llamarnos al +1 704 644 7878\",\"breadcrumb\":{\"@id\":\"https:\\\/\\\/sandbox.corporateconnections.com\\\/contact-us#breadcrumb\"},\"inLanguage\":\"es\",\"potentialAction\":[{\"@type\":\"ReadAction\",\"target\":[\"https:\\\/\\\/sandbox.corporateconnections.com\\\/contact-us\"]}]},{\"@type\":\"BreadcrumbList\",\"@id\":\"https:\\\/\\\/sandbox.corporateconnections.com\\\/contact-us#breadcrumb\",\"itemListElement\":[{\"@type\":\"ListItem\",\"position\":1,\"name\":\"Home\",\"item\":\"https:\\\/\\\/sandbox.corporateconnections.com\\\/es\"},{\"@type\":\"ListItem\",\"position\":2,\"name\":\"Cont\u00e1ctenos\"}]},{\"@type\":\"WebSite\",\"@id\":\"https:\\\/\\\/sandbox.corporateconnections.com\\\/es\\\/#website\",\"url\":\"https:\\\/\\\/sandbox.corporateconnections.com\\\/es\\\/\",\"name\":\"Corporate Connections\",\"description\":\"Where Leaders Connect\",\"publisher\":{\"@id\":\"https:\\\/\\\/sandbox.corporateconnections.com\\\/es\\\/#organization\"},\"potentialAction\":[{\"@type\":\"SearchAction\",\"target\":{\"@type\":\"EntryPoint\",\"urlTemplate\":\"https:\\\/\\\/sandbox.corporateconnections.com\\\/es\\\/?s={search_term_string}\"},\"query-input\":{\"@type\":\"PropertyValueSpecification\",\"valueRequired\":true,\"valueName\":\"search_term_string\"}}],\"inLanguage\":\"es\"},{\"@type\":\"Organization\",\"@id\":\"https:\\\/\\\/sandbox.corporateconnections.com\\\/es\\\/#organization\",\"name\":\"Corporate Connections&reg;\",\"url\":\"https:\\\/\\\/sandbox.corporateconnections.com\\\/es\\\/\",\"logo\":{\"@type\":\"ImageObject\",\"inLanguage\":\"es\",\"@id\":\"https:\\\/\\\/sandbox.corporateconnections.com\\\/es\\\/#\\\/schema\\\/logo\\\/image\\\/\",\"url\":\"https:\\\/\\\/sandbox.corporateconnections.com\\\/wp-content\\\/uploads\\\/2020\\\/10\\\/cc-logo.png\",\"contentUrl\":\"https:\\\/\\\/sandbox.corporateconnections.com\\\/wp-content\\\/uploads\\\/2020\\\/10\\\/cc-logo.png\",\"width\":250,\"height\":87,\"caption\":\"Corporate Connections&reg;\"},\"image\":{\"@id\":\"https:\\\/\\\/sandbox.corporateconnections.com\\\/es\\\/#\\\/schema\\\/logo\\\/image\\\/\"}}]}<\/script>\n<!-- \/ Yoast SEO Premium plugin. -->","yoast_head_json":{"title":"\u00bfEst\u00e1 listo para acelerar su \u00e9xito empresarial? Cont\u00e1ctenos hoy","description":"D\u00e9jenos unas l\u00edneas con su informaci\u00f3n de contacto y nos contactaremos lo antes posible. Tambi\u00e9n, puedes enviarnos un correo electr\u00f3nico info@corporateconnections.com o llamarnos al +1 704 644 7878","robots":{"index":"noindex","follow":"follow","max-snippet":"max-snippet:-1","max-image-preview":"max-image-preview:large","max-video-preview":"max-video-preview:-1"},"og_locale":"es_ES","og_type":"article","og_title":"Cont\u00e1ctenos","og_description":"\u00a1Estamos aqu\u00ed para ayudar! Para todas las consultas, env\u00edanos un correo electr\u00f3nico utilizando el formulario a continuaci\u00f3n.","og_url":"https:\/\/sandbox.corporateconnections.com\/contact-us","og_site_name":"Corporate Connections","article_modified_time":"2024-07-29T08:21:28+00:00","twitter_card":"summary_large_image","twitter_misc":{"Tiempo de lectura":"1 minuto"},"schema":{"@context":"https:\/\/schema.org","@graph":[{"@type":"WebPage","@id":"https:\/\/sandbox.corporateconnections.com\/contact-us","url":"https:\/\/sandbox.corporateconnections.com\/contact-us","name":"\u00bfEst\u00e1 listo para acelerar su \u00e9xito empresarial? Cont\u00e1ctenos hoy","isPartOf":{"@id":"https:\/\/sandbox.corporateconnections.com\/es\/#website"},"datePublished":"2021-07-08T15:52:49+00:00","dateModified":"2024-07-29T08:21:28+00:00","description":"D\u00e9jenos unas l\u00edneas con su informaci\u00f3n de contacto y nos contactaremos lo antes posible. Tambi\u00e9n, puedes enviarnos un correo electr\u00f3nico info@corporateconnections.com o llamarnos al +1 704 644 7878","breadcrumb":{"@id":"https:\/\/sandbox.corporateconnections.com\/contact-us#breadcrumb"},"inLanguage":"es","potentialAction":[{"@type":"ReadAction","target":["https:\/\/sandbox.corporateconnections.com\/contact-us"]}]},{"@type":"BreadcrumbList","@id":"https:\/\/sandbox.corporateconnections.com\/contact-us#breadcrumb","itemListElement":[{"@type":"ListItem","position":1,"name":"Home","item":"https:\/\/sandbox.corporateconnections.com\/es"},{"@type":"ListItem","position":2,"name":"Cont\u00e1ctenos"}]},{"@type":"WebSite","@id":"https:\/\/sandbox.corporateconnections.com\/es\/#website","url":"https:\/\/sandbox.corporateconnections.com\/es\/","name":"Corporate Connections","description":"Where Leaders Connect","publisher":{"@id":"https:\/\/sandbox.corporateconnections.com\/es\/#organization"},"potentialAction":[{"@type":"SearchAction","target":{"@type":"EntryPoint","urlTemplate":"https:\/\/sandbox.corporateconnections.com\/es\/?s={search_term_string}"},"query-input":{"@type":"PropertyValueSpecification","valueRequired":true,"valueName":"search_term_string"}}],"inLanguage":"es"},{"@type":"Organization","@id":"https:\/\/sandbox.corporateconnections.com\/es\/#organization","name":"Corporate Connections&reg;","url":"https:\/\/sandbox.corporateconnections.com\/es\/","logo":{"@type":"ImageObject","inLanguage":"es","@id":"https:\/\/sandbox.corporateconnections.com\/es\/#\/schema\/logo\/image\/","url":"https:\/\/sandbox.corporateconnections.com\/wp-content\/uploads\/2020\/10\/cc-logo.png","contentUrl":"https:\/\/sandbox.corporateconnections.com\/wp-content\/uploads\/2020\/10\/cc-logo.png","width":250,"height":87,"caption":"Corporate Connections&reg;"},"image":{"@id":"https:\/\/sandbox.corporateconnections.com\/es\/#\/schema\/logo\/image\/"}}]}},"_links":{"self":[{"href":"https:\/\/sandbox.corporateconnections.com\/es\/wp-json\/wp\/v2\/pages\/3629","targetHints":{"allow":["GET"]}}],"collection":[{"href":"https:\/\/sandbox.corporateconnections.com\/es\/wp-json\/wp\/v2\/pages"}],"about":[{"href":"https:\/\/sandbox.corporateconnections.com\/es\/wp-json\/wp\/v2\/types\/page"}],"author":[{"embeddable":true,"href":"https:\/\/sandbox.corporateconnections.com\/es\/wp-json\/wp\/v2\/users\/4"}],"replies":[{"embeddable":true,"href":"https:\/\/sandbox.corporateconnections.com\/es\/wp-json\/wp\/v2\/comments?post=3629"}],"version-history":[{"count":4,"href":"https:\/\/sandbox.corporateconnections.com\/es\/wp-json\/wp\/v2\/pages\/3629\/revisions"}],"predecessor-version":[{"id":14409,"href":"https:\/\/sandbox.corporateconnections.com\/es\/wp-json\/wp\/v2\/pages\/3629\/revisions\/14409"}],"wp:attachment":[{"href":"https:\/\/sandbox.corporateconnections.com\/es\/wp-json\/wp\/v2\/media?parent=3629"}],"curies":[{"name":"wp","href":"https:\/\/api.w.org\/{rel}","templated":true}]}}