{"id":2831,"date":"2021-06-01T13:34:47","date_gmt":"2021-06-01T13:34:47","guid":{"rendered":"https:\/\/sandbox.corporateconnections.com\/?page_id=2831"},"modified":"2023-09-01T13:27:14","modified_gmt":"2023-09-01T07:57:14","slug":"slider-demo","status":"publish","type":"page","link":"https:\/\/sandbox.corporateconnections.com\/fr\/privacy-policy\/slider-demo","title":{"rendered":"Slider Demo"},"content":{"rendered":"\n<div class=\"wp-block-themepunch-revslider revslider\" data-modal=\"false\" data-slidertitle=\"Slider 2\" style=\"\">\n\t\t\t<!-- START Main Hero Slider REVOLUTION SLIDER 6.7.41 --><p class=\"rs-p-wp-fix\"><\/p>\n\t\t\t<rs-module-wrap id=\"rev_slider_8_1_wrapper\" data-source=\"gallery\" style=\"visibility:hidden;background:transparent;padding:0;margin:0px auto;margin-top:0;margin-bottom:0;\">\n\t\t\t\t<rs-module id=\"rev_slider_8_1\" style=\"\" data-version=\"6.7.41\">\n\t\t\t\t\t<rs-slides style=\"overflow: hidden; position: absolute;\">\n\t\t\t\t\t\t<rs-slide style=\"position: absolute;\" data-key=\"rs-24\" data-title=\"French slide 1\" data-thumb=\"\/\/www.corporateconnections.com\/wp-content\/uploads\/2023\/06\/CC-Day1_web-289-scaled-e1687371130743.jpg\" data-anim=\"adpr:false;\" data-in=\"o:0;\" data-out=\"a:false;\">\n\t\t\t\t\t\t\t<img decoding=\"async\" src=\"\/\/sandbox.corporateconnections.com\/wp-content\/plugins\/revslider\/sr6\/assets\/assets\/dummy.png\" alt=\"\" title=\"CC-Day1_web-289\" width=\"2540\" height=\"1273\" class=\"rev-slidebg tp-rs-img rs-lazyload\" data-lazyload=\"\/\/www.corporateconnections.com\/wp-content\/uploads\/2023\/06\/CC-Day1_web-289-scaled-e1687371130743.jpg\" data-no-retina>\n<!--\n\t\t\t\t\t\t\t--><rs-layer\n\t\t\t\t\t\t\t\tid=\"slider-8-slide-24-layer-0\" \n\t\t\t\t\t\t\t\tdata-type=\"text\"\n\t\t\t\t\t\t\t\tdata-rsp_ch=\"on\"\n\t\t\t\t\t\t\t\tdata-xy=\"xo:12px,6px,87px,45px;yo:34px,18px,219px,70px;\"\n\t\t\t\t\t\t\t\tdata-text=\"w:normal;s:60,32,33,22;l:70,37,38,24;fw:600;\"\n\t\t\t\t\t\t\t\tdata-dim=\"w:970px,517px,533px,328px;h:146px,77px,48.9931px,auto;\"\n\t\t\t\t\t\t\t\tdata-frame_999=\"o:0;st:w;\"\n\t\t\t\t\t\t\t\tstyle=\"z-index:5;font-family:'Montserrat';\"\n\t\t\t\t\t\t\t>R\u00e9seauter, Collaborer, C\u00e9l\u00e9brer \n\t\t\t\t\t\t\t<\/rs-layer><!--\n\n\t\t\t\t\t\t\t--><rs-layer\n\t\t\t\t\t\t\t\tid=\"slider-8-slide-24-layer-1\" \n\t\t\t\t\t\t\t\tdata-type=\"text\"\n\t\t\t\t\t\t\t\tdata-rsp_ch=\"on\"\n\t\t\t\t\t\t\t\tdata-xy=\"xo:32px,17px,86px,45px;yo:150px,80px,283px,142px;\"\n\t\t\t\t\t\t\t\tdata-text=\"w:normal;s:25,13,16,15;l:35,18,22,22;\"\n\t\t\t\t\t\t\t\tdata-dim=\"w:576px,307px,566.988px,399px;\"\n\t\t\t\t\t\t\t\tdata-frame_0=\"x:0,0,0px,0px;y:0,0,0px,0px;\"\n\t\t\t\t\t\t\t\tdata-frame_1=\"x:0,0,0px,0px;y:0,0,0px,0px;\"\n\t\t\t\t\t\t\t\tdata-frame_999=\"o:0;st:w;\"\n\t\t\t\t\t\t\t\tstyle=\"z-index:6;font-family:'Montserrat';\"\n\t\t\t\t\t\t\t>Nous mettons en relation des leaders du monde entier et leur donnons les moyens de g\u00e9n\u00e9rer des opportunit\u00e9s et des changements significatifs dans leurs organisations, leurs communaut\u00e9s et leurs vies. \n\t\t\t\t\t\t\t<\/rs-layer><!--\n-->\t\t\t\t\t<\/rs-slide>\n\t\t\t\t\t\t<rs-slide style=\"position: absolute;\" data-key=\"rs-25\" data-title=\"French slider 2\" data-thumb=\"\/\/www.corporateconnections.com\/wp-content\/uploads\/2023\/01\/PIX_6912-scaled.jpg\" data-anim=\"adpr:false;\" data-in=\"o:0;\" data-out=\"a:false;\">\n\t\t\t\t\t\t\t<img decoding=\"async\" src=\"\/\/sandbox.corporateconnections.com\/wp-content\/plugins\/revslider\/sr6\/assets\/assets\/dummy.png\" alt=\"\" title=\"PIX_6912\" width=\"2560\" height=\"1707\" class=\"rev-slidebg tp-rs-img rs-lazyload\" data-lazyload=\"\/\/www.corporateconnections.com\/wp-content\/uploads\/2023\/01\/PIX_6912-scaled.jpg\" data-no-retina>\n<!--\n\t\t\t\t\t\t\t--><rs-layer\n\t\t\t\t\t\t\t\tid=\"slider-8-slide-25-layer-0\" \n\t\t\t\t\t\t\t\tdata-type=\"text\"\n\t\t\t\t\t\t\t\tdata-rsp_ch=\"on\"\n\t\t\t\t\t\t\t\tdata-xy=\"xo:64px,34px,100px,16px;yo:92px,49px,157px,81px;\"\n\t\t\t\t\t\t\t\tdata-text=\"w:normal;s:60,32,33,22;l:70,37,41,24;fw:600;\"\n\t\t\t\t\t\t\t\tdata-dim=\"w:870px,464px,461px,321px;\"\n\t\t\t\t\t\t\t\tdata-frame_0=\"x:0,0,0px,0px;y:0,0,0px,0px;\"\n\t\t\t\t\t\t\t\tdata-frame_1=\"x:0,0,0px,0px;y:0,0,0px,0px;\"\n\t\t\t\t\t\t\t\tdata-frame_999=\"o:0;st:w;\"\n\t\t\t\t\t\t\t\tstyle=\"z-index:5;font-family:'Montserrat';\"\n\t\t\t\t\t\t\t>Des Leaders qui Apprennent des Leaders  \n\t\t\t\t\t\t\t<\/rs-layer><!--\n\n\t\t\t\t\t\t\t--><rs-layer\n\t\t\t\t\t\t\t\tid=\"slider-8-slide-25-layer-1\" \n\t\t\t\t\t\t\t\tdata-type=\"text\"\n\t\t\t\t\t\t\t\tdata-rsp_ch=\"on\"\n\t\t\t\t\t\t\t\tdata-xy=\"xo:59px,31px,95px,16px;yo:261px,139px,255px,148px;\"\n\t\t\t\t\t\t\t\tdata-text=\"w:normal;s:25,13,16,15;l:45,24,23,22;\"\n\t\t\t\t\t\t\t\tdata-dim=\"w:767px,409px,541.995px,431px;h:271px,144px,auto,122px;\"\n\t\t\t\t\t\t\t\tdata-frame_0=\"x:0,0,0px,0px;y:0,0,0px,0px;\"\n\t\t\t\t\t\t\t\tdata-frame_1=\"x:0,0,0px,0px;y:0,0,0px,0px;\"\n\t\t\t\t\t\t\t\tdata-frame_999=\"o:0;st:w;\"\n\t\t\t\t\t\t\t\tstyle=\"z-index:6;font-family:'Montserrat';\"\n\t\t\t\t\t\t\t>Les Membres ont acc\u00e8s \u00e0 une communaut\u00e9 mondiale distingu\u00e9e de propri\u00e9taires d'entreprises, de dirigeants et de leaders qui b\u00e9n\u00e9ficient mutuellement les uns des autres dans une atmosph\u00e8re de croissance, de succ\u00e8s et de transformation. \n\t\t\t\t\t\t\t<\/rs-layer><!--\n\n\t\t\t\t\t\t\t--><rs-layer\n\t\t\t\t\t\t\t\tid=\"slider-8-slide-25-layer-2\" \n\t\t\t\t\t\t\t\tclass=\"rev-btn\"\n\t\t\t\t\t\t\t\tdata-type=\"button\"\n\t\t\t\t\t\t\t\tdata-rsp_ch=\"on\"\n\t\t\t\t\t\t\t\tdata-xy=\"xo:32px,17px,73px,11px;yo:731px,389px,366px,267px;\"\n\t\t\t\t\t\t\t\tdata-text=\"w:normal;s:25,13,20,14;l:40,21,33,30;fw:700;\"\n\t\t\t\t\t\t\t\tdata-dim=\"w:286px,152px,250px,187px;h:47px,25px,39px,34px;minh:0px,none,none,none;\"\n\t\t\t\t\t\t\t\tdata-padding=\"r:25,13,22,14;l:25,13,22,14;\"\n\t\t\t\t\t\t\t\tdata-frame_0=\"x:0,0,0px,0px;y:0,0,0px,0px;\"\n\t\t\t\t\t\t\t\tdata-frame_1=\"x:0,0,0px,0px;y:0,0,0px,0px;\"\n\t\t\t\t\t\t\t\tdata-frame_999=\"o:0;st:w;\"\n\t\t\t\t\t\t\t\tdata-frame_hover=\"bor:0px,0px,0px,0px;e:power1.inOut;\"\n\t\t\t\t\t\t\t\tstyle=\"z-index:7;font-family:'Montserrat';\"\n\t\t\t\t\t\t\t><span style=\"margin-right:20px;\">GET STARTED <\/span> <i style=\"color:#FFD700;\" class=\"fa-arrow-right\"><\/i> \n\t\t\t\t\t\t\t<\/rs-layer><!--\n-->\t\t\t\t\t<\/rs-slide>\n\t\t\t\t\t\t<rs-slide style=\"position: absolute;\" data-key=\"rs-23\" data-title=\"French slider 1\" data-thumb=\"\/\/www.corporateconnections.com\/wp-content\/uploads\/2023\/01\/484_CC_8499-scaled.jpg\" data-anim=\"adpr:false;\" data-in=\"o:0;\" data-out=\"a:false;\">\n\t\t\t\t\t\t\t<img decoding=\"async\" src=\"\/\/sandbox.corporateconnections.com\/wp-content\/plugins\/revslider\/sr6\/assets\/assets\/dummy.png\" alt=\"\" title=\"484_CC_8499\" width=\"2560\" height=\"1707\" class=\"rev-slidebg tp-rs-img rs-lazyload\" data-lazyload=\"\/\/www.corporateconnections.com\/wp-content\/uploads\/2023\/01\/484_CC_8499-scaled.jpg\" data-no-retina>\n<!--\n\t\t\t\t\t\t\t--><rs-layer\n\t\t\t\t\t\t\t\tid=\"slider-8-slide-23-layer-0\" \n\t\t\t\t\t\t\t\tdata-type=\"text\"\n\t\t\t\t\t\t\t\tdata-rsp_ch=\"on\"\n\t\t\t\t\t\t\t\tdata-xy=\"xo:54px,28px,68px,34px;yo:113px,60px,191px,92px;\"\n\t\t\t\t\t\t\t\tdata-text=\"w:normal;s:60,32,33,22;l:70,37,37,24;fw:600;\"\n\t\t\t\t\t\t\t\tdata-dim=\"w:669px,356px,402px,267px;\"\n\t\t\t\t\t\t\t\tdata-frame_0=\"x:0,0,0px,0px;y:0,0,0px,0px;\"\n\t\t\t\t\t\t\t\tdata-frame_1=\"x:0,0,0px,0px;y:0,0,0px,0px;\"\n\t\t\t\t\t\t\t\tdata-frame_999=\"o:0;st:w;\"\n\t\t\t\t\t\t\t\tstyle=\"z-index:5;font-family:'Montserrat';\"\n\t\t\t\t\t\t\t>Des Relations Durables \n\t\t\t\t\t\t\t<\/rs-layer><!--\n\n\t\t\t\t\t\t\t--><rs-layer\n\t\t\t\t\t\t\t\tid=\"slider-8-slide-23-layer-1\" \n\t\t\t\t\t\t\t\tdata-type=\"text\"\n\t\t\t\t\t\t\t\tdata-rsp_ch=\"on\"\n\t\t\t\t\t\t\t\tdata-xy=\"xo:59px,31px,70px,34px;yo:283px,150px,261px,135px;\"\n\t\t\t\t\t\t\t\tdata-text=\"w:normal;s:25,13,20,15;l:45,24,27,22;\"\n\t\t\t\t\t\t\t\tdata-dim=\"w:633px,337px,541.993px,425px;\"\n\t\t\t\t\t\t\t\tdata-frame_0=\"x:0,0,0px,0px;y:0,0,0px,0px;\"\n\t\t\t\t\t\t\t\tdata-frame_1=\"x:0,0,0px,0px;y:0,0,0px,0px;\"\n\t\t\t\t\t\t\t\tdata-frame_999=\"o:0;st:w;\"\n\t\t\t\t\t\t\t\tstyle=\"z-index:6;font-family:'Montserrat';\"\n\t\t\t\t\t\t\t>CorporateConnections met en relation ceux qui ont des relations et inspire ceux qui sont inspir\u00e9s. CorporateConnections propose une plateforme qui ouvre le monde \u00e0 nos Membres. \n\t\t\t\t\t\t\t<\/rs-layer><!--\n\n\t\t\t\t\t\t\t--><rs-layer\n\t\t\t\t\t\t\t\tid=\"slider-8-slide-23-layer-2\" \n\t\t\t\t\t\t\t\tclass=\"rev-btn\"\n\t\t\t\t\t\t\t\tdata-type=\"button\"\n\t\t\t\t\t\t\t\tdata-rsp_ch=\"on\"\n\t\t\t\t\t\t\t\tdata-xy=\"xo:30px,16px,47px,18px;yo:569px,303px,377px,246px;\"\n\t\t\t\t\t\t\t\tdata-text=\"w:normal;s:25,13,19,14;l:40,21,32,30;fw:700;\"\n\t\t\t\t\t\t\t\tdata-dim=\"w:286px,152px,251.998px,223px;h:47px,25px,40.444500000000005px,35px;minh:0px,none,none,none;\"\n\t\t\t\t\t\t\t\tdata-padding=\"r:25,13,21,19;l:25,13,21,19;\"\n\t\t\t\t\t\t\t\tdata-frame_0=\"x:0,0,0px,0px;y:0,0,0px,0px;\"\n\t\t\t\t\t\t\t\tdata-frame_1=\"x:0,0,0px,0px;y:0,0,0px,0px;\"\n\t\t\t\t\t\t\t\tdata-frame_999=\"o:0;st:w;\"\n\t\t\t\t\t\t\t\tdata-frame_hover=\"bor:0px,0px,0px,0px;e:power1.inOut;\"\n\t\t\t\t\t\t\t\tstyle=\"z-index:7;font-family:'Montserrat';\"\n\t\t\t\t\t\t\t><span style=\"margin-right:20px;\">GET STARTED <\/span> <i style=\"color:#FFD700;\" class=\"fa-arrow-right\"><\/i> \n\t\t\t\t\t\t\t<\/rs-layer><!--\n-->\t\t\t\t\t<\/rs-slide>\n\t\t\t\t\t<\/rs-slides>\n\t\t\t\t<\/rs-module>\n\t\t\t\t<script>\n\t\t\t\t\tsetREVStartSize({c: 'rev_slider_8_1',rl:[1240,1024,778,480],el:[700,768,460,350],gw:[1920,1024,778,480],gh:[700,768,460,350],type:'standard',justify:'',layout:'fullwidth',mh:\"0\"});if (window.RS_MODULES!==undefined && window.RS_MODULES.modules!==undefined && window.RS_MODULES.modules[\"revslider81\"]!==undefined) {window.RS_MODULES.modules[\"revslider81\"].once = false;window.revapi8 = undefined;if (window.RS_MODULES.checkMinimal!==undefined) window.RS_MODULES.checkMinimal()}\n\t\t\t\t<\/script>\n\t\t\t<\/rs-module-wrap>\n\t\t\t<!-- END REVOLUTION SLIDER -->\n<\/div>\n\n\n\n<style>.page-id-2831 section#mainHeroBanner {\n    display: none;\n}<\/style>\n","protected":false},"excerpt":{"rendered":"","protected":false},"author":87,"featured_media":0,"parent":3,"menu_order":0,"comment_status":"closed","ping_status":"closed","template":"","meta":{"_acf_changed":false,"footnotes":""},"class_list":["post-2831","page","type-page","status-publish","hentry"],"acf":[],"yoast_head":"<!-- This site is optimized with the Yoast SEO Premium plugin v26.9 (Yoast SEO v27.3) - https:\/\/yoast.com\/product\/yoast-seo-premium-wordpress\/ -->\n<title>Slider Demo - Corporate Connections<\/title>\n<meta name=\"description\" content=\"Explore Corporate Connections&#039; Privacy Policy Slider Demo To See How We Prioritize Your Data Privacy. Navigate Through Our Interactive Demo Here\" \/>\n<meta name=\"robots\" content=\"noindex, follow, max-snippet:-1, max-image-preview:large, max-video-preview:-1\" \/>\n<meta property=\"og:locale\" content=\"fr_FR\" \/>\n<meta property=\"og:type\" content=\"article\" \/>\n<meta property=\"og:title\" content=\"Slider Demo\" \/>\n<meta property=\"og:url\" content=\"https:\/\/sandbox.corporateconnections.com\/privacy-policy\/slider-demo\" \/>\n<meta property=\"og:site_name\" content=\"Corporate Connections\" \/>\n<meta property=\"article:modified_time\" content=\"2023-09-01T07:57:14+00:00\" \/>\n<meta name=\"twitter:card\" content=\"summary_large_image\" \/>\n<meta name=\"twitter:label1\" content=\"Dur\u00e9e de lecture estim\u00e9e\" \/>\n\t<meta name=\"twitter:data1\" content=\"1 minute\" \/>\n<script type=\"application\/ld+json\" class=\"yoast-schema-graph\">{\"@context\":\"https:\\\/\\\/schema.org\",\"@graph\":[{\"@type\":\"WebPage\",\"@id\":\"https:\\\/\\\/sandbox.corporateconnections.com\\\/privacy-policy\\\/slider-demo\",\"url\":\"https:\\\/\\\/sandbox.corporateconnections.com\\\/privacy-policy\\\/slider-demo\",\"name\":\"Slider Demo - Corporate Connections\",\"isPartOf\":{\"@id\":\"https:\\\/\\\/sandbox.corporateconnections.com\\\/es\\\/#website\"},\"datePublished\":\"2021-06-01T13:34:47+00:00\",\"dateModified\":\"2023-09-01T07:57:14+00:00\",\"description\":\"Explore Corporate Connections' Privacy Policy Slider Demo To See How We Prioritize Your Data Privacy. Navigate Through Our Interactive Demo Here\",\"breadcrumb\":{\"@id\":\"https:\\\/\\\/sandbox.corporateconnections.com\\\/privacy-policy\\\/slider-demo#breadcrumb\"},\"inLanguage\":\"fr-FR\",\"potentialAction\":[{\"@type\":\"ReadAction\",\"target\":[\"https:\\\/\\\/sandbox.corporateconnections.com\\\/privacy-policy\\\/slider-demo\"]}]},{\"@type\":\"BreadcrumbList\",\"@id\":\"https:\\\/\\\/sandbox.corporateconnections.com\\\/privacy-policy\\\/slider-demo#breadcrumb\",\"itemListElement\":[{\"@type\":\"ListItem\",\"position\":1,\"name\":\"Home\",\"item\":\"https:\\\/\\\/sandbox.corporateconnections.com\\\/fr\"},{\"@type\":\"ListItem\",\"position\":2,\"name\":\"Privacy Policy\",\"item\":\"https:\\\/\\\/sandbox.corporateconnections.com\\\/privacy-policy\"},{\"@type\":\"ListItem\",\"position\":3,\"name\":\"Slider Demo\"}]},{\"@type\":\"WebSite\",\"@id\":\"https:\\\/\\\/sandbox.corporateconnections.com\\\/es\\\/#website\",\"url\":\"https:\\\/\\\/sandbox.corporateconnections.com\\\/es\\\/\",\"name\":\"Corporate Connections\",\"description\":\"Where Leaders Connect\",\"publisher\":{\"@id\":\"https:\\\/\\\/sandbox.corporateconnections.com\\\/es\\\/#organization\"},\"potentialAction\":[{\"@type\":\"SearchAction\",\"target\":{\"@type\":\"EntryPoint\",\"urlTemplate\":\"https:\\\/\\\/sandbox.corporateconnections.com\\\/es\\\/?s={search_term_string}\"},\"query-input\":{\"@type\":\"PropertyValueSpecification\",\"valueRequired\":true,\"valueName\":\"search_term_string\"}}],\"inLanguage\":\"fr-FR\"},{\"@type\":\"Organization\",\"@id\":\"https:\\\/\\\/sandbox.corporateconnections.com\\\/es\\\/#organization\",\"name\":\"Corporate Connections&reg;\",\"url\":\"https:\\\/\\\/sandbox.corporateconnections.com\\\/es\\\/\",\"logo\":{\"@type\":\"ImageObject\",\"inLanguage\":\"fr-FR\",\"@id\":\"https:\\\/\\\/sandbox.corporateconnections.com\\\/es\\\/#\\\/schema\\\/logo\\\/image\\\/\",\"url\":\"https:\\\/\\\/sandbox.corporateconnections.com\\\/wp-content\\\/uploads\\\/2020\\\/10\\\/cc-logo.png\",\"contentUrl\":\"https:\\\/\\\/sandbox.corporateconnections.com\\\/wp-content\\\/uploads\\\/2020\\\/10\\\/cc-logo.png\",\"width\":250,\"height\":87,\"caption\":\"Corporate Connections&reg;\"},\"image\":{\"@id\":\"https:\\\/\\\/sandbox.corporateconnections.com\\\/es\\\/#\\\/schema\\\/logo\\\/image\\\/\"}}]}<\/script>\n<!-- \/ Yoast SEO Premium plugin. -->","yoast_head_json":{"title":"Slider Demo - Corporate Connections","description":"Explore Corporate Connections' Privacy Policy Slider Demo To See How We Prioritize Your Data Privacy. Navigate Through Our Interactive Demo Here","robots":{"index":"noindex","follow":"follow","max-snippet":"max-snippet:-1","max-image-preview":"max-image-preview:large","max-video-preview":"max-video-preview:-1"},"og_locale":"fr_FR","og_type":"article","og_title":"Slider Demo","og_url":"https:\/\/sandbox.corporateconnections.com\/privacy-policy\/slider-demo","og_site_name":"Corporate Connections","article_modified_time":"2023-09-01T07:57:14+00:00","twitter_card":"summary_large_image","twitter_misc":{"Dur\u00e9e de lecture estim\u00e9e":"1 minute"},"schema":{"@context":"https:\/\/schema.org","@graph":[{"@type":"WebPage","@id":"https:\/\/sandbox.corporateconnections.com\/privacy-policy\/slider-demo","url":"https:\/\/sandbox.corporateconnections.com\/privacy-policy\/slider-demo","name":"Slider Demo - Corporate Connections","isPartOf":{"@id":"https:\/\/sandbox.corporateconnections.com\/es\/#website"},"datePublished":"2021-06-01T13:34:47+00:00","dateModified":"2023-09-01T07:57:14+00:00","description":"Explore Corporate Connections' Privacy Policy Slider Demo To See How We Prioritize Your Data Privacy. Navigate Through Our Interactive Demo Here","breadcrumb":{"@id":"https:\/\/sandbox.corporateconnections.com\/privacy-policy\/slider-demo#breadcrumb"},"inLanguage":"fr-FR","potentialAction":[{"@type":"ReadAction","target":["https:\/\/sandbox.corporateconnections.com\/privacy-policy\/slider-demo"]}]},{"@type":"BreadcrumbList","@id":"https:\/\/sandbox.corporateconnections.com\/privacy-policy\/slider-demo#breadcrumb","itemListElement":[{"@type":"ListItem","position":1,"name":"Home","item":"https:\/\/sandbox.corporateconnections.com\/fr"},{"@type":"ListItem","position":2,"name":"Privacy Policy","item":"https:\/\/sandbox.corporateconnections.com\/privacy-policy"},{"@type":"ListItem","position":3,"name":"Slider Demo"}]},{"@type":"WebSite","@id":"https:\/\/sandbox.corporateconnections.com\/es\/#website","url":"https:\/\/sandbox.corporateconnections.com\/es\/","name":"Corporate Connections","description":"Where Leaders Connect","publisher":{"@id":"https:\/\/sandbox.corporateconnections.com\/es\/#organization"},"potentialAction":[{"@type":"SearchAction","target":{"@type":"EntryPoint","urlTemplate":"https:\/\/sandbox.corporateconnections.com\/es\/?s={search_term_string}"},"query-input":{"@type":"PropertyValueSpecification","valueRequired":true,"valueName":"search_term_string"}}],"inLanguage":"fr-FR"},{"@type":"Organization","@id":"https:\/\/sandbox.corporateconnections.com\/es\/#organization","name":"Corporate Connections&reg;","url":"https:\/\/sandbox.corporateconnections.com\/es\/","logo":{"@type":"ImageObject","inLanguage":"fr-FR","@id":"https:\/\/sandbox.corporateconnections.com\/es\/#\/schema\/logo\/image\/","url":"https:\/\/sandbox.corporateconnections.com\/wp-content\/uploads\/2020\/10\/cc-logo.png","contentUrl":"https:\/\/sandbox.corporateconnections.com\/wp-content\/uploads\/2020\/10\/cc-logo.png","width":250,"height":87,"caption":"Corporate Connections&reg;"},"image":{"@id":"https:\/\/sandbox.corporateconnections.com\/es\/#\/schema\/logo\/image\/"}}]}},"_links":{"self":[{"href":"https:\/\/sandbox.corporateconnections.com\/fr\/wp-json\/wp\/v2\/pages\/2831","targetHints":{"allow":["GET"]}}],"collection":[{"href":"https:\/\/sandbox.corporateconnections.com\/fr\/wp-json\/wp\/v2\/pages"}],"about":[{"href":"https:\/\/sandbox.corporateconnections.com\/fr\/wp-json\/wp\/v2\/types\/page"}],"author":[{"embeddable":true,"href":"https:\/\/sandbox.corporateconnections.com\/fr\/wp-json\/wp\/v2\/users\/87"}],"replies":[{"embeddable":true,"href":"https:\/\/sandbox.corporateconnections.com\/fr\/wp-json\/wp\/v2\/comments?post=2831"}],"version-history":[{"count":3,"href":"https:\/\/sandbox.corporateconnections.com\/fr\/wp-json\/wp\/v2\/pages\/2831\/revisions"}],"predecessor-version":[{"id":2835,"href":"https:\/\/sandbox.corporateconnections.com\/fr\/wp-json\/wp\/v2\/pages\/2831\/revisions\/2835"}],"up":[{"embeddable":true,"href":"https:\/\/sandbox.corporateconnections.com\/fr\/wp-json\/wp\/v2\/pages\/3"}],"wp:attachment":[{"href":"https:\/\/sandbox.corporateconnections.com\/fr\/wp-json\/wp\/v2\/media?parent=2831"}],"curies":[{"name":"wp","href":"https:\/\/api.w.org\/{rel}","templated":true}]}}