{"id":3675,"date":"2021-07-08T16:49:48","date_gmt":"2021-07-08T16:49:48","guid":{"rendered":"https:\/\/sandbox.corporateconnections.com\/la-vie-cc\/"},"modified":"2024-07-18T16:01:16","modified_gmt":"2024-07-18T10:31:16","slug":"la-vie-cc","status":"publish","type":"page","link":"https:\/\/sandbox.corporateconnections.com\/fr\/la-vie-cc","title":{"rendered":"La vie CC"},"content":{"rendered":"\n<p>Pour beaucoup, l&rsquo;adh\u00e9sion \u00e0 CorporateConnections est une d\u00e9cision d&rsquo;affaires motiv\u00e9e par l&rsquo;acc\u00e8s \u00e0 des opportunit\u00e9s, mais la principale raison pour laquelle les membres restent sont les relations significatives, les exp\u00e9riences collectives partag\u00e9es et les connaissances de leurs pairs.<\/p>\n","protected":false},"excerpt":{"rendered":"<p>Pour beaucoup, l&rsquo;adh\u00e9sion \u00e0 CorporateConnections est une d\u00e9cision d&rsquo;affaires motiv\u00e9e par l&rsquo;acc\u00e8s \u00e0 des opportunit\u00e9s, mais la principale raison pour laquelle les membres restent sont les relations significatives, les exp\u00e9riences collectives partag\u00e9es et les connaissances de leurs pairs.<\/p>\n","protected":false},"author":4,"featured_media":12251,"parent":0,"menu_order":0,"comment_status":"closed","ping_status":"closed","template":"template-ccLife.php","meta":{"_acf_changed":false,"footnotes":""},"class_list":["post-3675","page","type-page","status-publish","has-post-thumbnail","hentry"],"acf":[],"yoast_head":"<!-- This site is optimized with the Yoast SEO Premium plugin v26.9 (Yoast SEO v27.3) - https:\/\/yoast.com\/product\/yoast-seo-premium-wordpress\/ -->\n<title>Principaux aspects et avantages de l&#039;adh\u00e9sion \u00e0 CorporateConnections\u00ae.<\/title>\n<meta name=\"description\" content=\"Les membres ont acc\u00e8s \u00e0 des leaders d&#039;opinion mondiaux et b\u00e9n\u00e9ficient des meilleures pratiques et tendances qui fa\u00e7onnent le monde des affaires dans le cadre de s\u00e9ances intimes avec des personnes influentes du monde entier. CC\" \/>\n<meta name=\"robots\" content=\"noindex, follow, max-snippet:-1, max-image-preview:large, max-video-preview:-1\" \/>\n<meta property=\"og:locale\" content=\"fr_FR\" \/>\n<meta property=\"og:type\" content=\"article\" \/>\n<meta property=\"og:title\" content=\"La vie CC\" \/>\n<meta property=\"og:description\" content=\"Pour beaucoup, l&#039;adh\u00e9sion \u00e0 CorporateConnections est une d\u00e9cision d&#039;affaires motiv\u00e9e par l&#039;acc\u00e8s \u00e0 des opportunit\u00e9s, mais la principale raison pour\" \/>\n<meta property=\"og:url\" content=\"https:\/\/sandbox.corporateconnections.com\/fr\/la-vie-cc\" \/>\n<meta property=\"og:site_name\" content=\"Corporate Connections\" \/>\n<meta property=\"article:modified_time\" content=\"2024-07-18T10:31:16+00:00\" \/>\n<meta property=\"og:image\" content=\"https:\/\/sandbox.corporateconnections.com\/wp-content\/uploads\/2023\/06\/CC-Day4_web-263-scaled-e1685991586388.jpg\" \/>\n\t<meta property=\"og:image:width\" content=\"2560\" \/>\n\t<meta property=\"og:image:height\" content=\"1707\" \/>\n\t<meta property=\"og:image:type\" content=\"image\/jpeg\" \/>\n<meta name=\"twitter:card\" content=\"summary_large_image\" \/>\n<meta name=\"twitter:label1\" content=\"Dur\u00e9e de lecture estim\u00e9e\" \/>\n\t<meta name=\"twitter:data1\" content=\"1 minute\" \/>\n<script type=\"application\/ld+json\" class=\"yoast-schema-graph\">{\"@context\":\"https:\\\/\\\/schema.org\",\"@graph\":[{\"@type\":\"WebPage\",\"@id\":\"https:\\\/\\\/sandbox.corporateconnections.com\\\/fr\\\/la-vie-cc\",\"url\":\"https:\\\/\\\/sandbox.corporateconnections.com\\\/fr\\\/la-vie-cc\",\"name\":\"Principaux aspects et avantages de l'adh\u00e9sion \u00e0 CorporateConnections\u00ae.\",\"isPartOf\":{\"@id\":\"https:\\\/\\\/sandbox.corporateconnections.com\\\/es\\\/#website\"},\"primaryImageOfPage\":{\"@id\":\"https:\\\/\\\/sandbox.corporateconnections.com\\\/fr\\\/la-vie-cc#primaryimage\"},\"image\":{\"@id\":\"https:\\\/\\\/sandbox.corporateconnections.com\\\/fr\\\/la-vie-cc#primaryimage\"},\"thumbnailUrl\":\"https:\\\/\\\/sandbox.corporateconnections.com\\\/wp-content\\\/uploads\\\/2023\\\/06\\\/CC-Day4_web-263-scaled-e1685991586388.jpg\",\"datePublished\":\"2021-07-08T16:49:48+00:00\",\"dateModified\":\"2024-07-18T10:31:16+00:00\",\"description\":\"Les membres ont acc\u00e8s \u00e0 des leaders d'opinion mondiaux et b\u00e9n\u00e9ficient des meilleures pratiques et tendances qui fa\u00e7onnent le monde des affaires dans le cadre de s\u00e9ances intimes avec des personnes influentes du monde entier. CC\",\"breadcrumb\":{\"@id\":\"https:\\\/\\\/sandbox.corporateconnections.com\\\/fr\\\/la-vie-cc#breadcrumb\"},\"inLanguage\":\"fr-FR\",\"potentialAction\":[{\"@type\":\"ReadAction\",\"target\":[\"https:\\\/\\\/sandbox.corporateconnections.com\\\/fr\\\/la-vie-cc\"]}]},{\"@type\":\"ImageObject\",\"inLanguage\":\"fr-FR\",\"@id\":\"https:\\\/\\\/sandbox.corporateconnections.com\\\/fr\\\/la-vie-cc#primaryimage\",\"url\":\"https:\\\/\\\/sandbox.corporateconnections.com\\\/wp-content\\\/uploads\\\/2023\\\/06\\\/CC-Day4_web-263-scaled-e1685991586388.jpg\",\"contentUrl\":\"https:\\\/\\\/sandbox.corporateconnections.com\\\/wp-content\\\/uploads\\\/2023\\\/06\\\/CC-Day4_web-263-scaled-e1685991586388.jpg\",\"width\":2560,\"height\":1707},{\"@type\":\"BreadcrumbList\",\"@id\":\"https:\\\/\\\/sandbox.corporateconnections.com\\\/fr\\\/la-vie-cc#breadcrumb\",\"itemListElement\":[{\"@type\":\"ListItem\",\"position\":1,\"name\":\"Home\",\"item\":\"https:\\\/\\\/sandbox.corporateconnections.com\\\/fr\"},{\"@type\":\"ListItem\",\"position\":2,\"name\":\"La vie CC\"}]},{\"@type\":\"WebSite\",\"@id\":\"https:\\\/\\\/sandbox.corporateconnections.com\\\/es\\\/#website\",\"url\":\"https:\\\/\\\/sandbox.corporateconnections.com\\\/es\\\/\",\"name\":\"Corporate Connections\",\"description\":\"Where Leaders Connect\",\"publisher\":{\"@id\":\"https:\\\/\\\/sandbox.corporateconnections.com\\\/es\\\/#organization\"},\"potentialAction\":[{\"@type\":\"SearchAction\",\"target\":{\"@type\":\"EntryPoint\",\"urlTemplate\":\"https:\\\/\\\/sandbox.corporateconnections.com\\\/es\\\/?s={search_term_string}\"},\"query-input\":{\"@type\":\"PropertyValueSpecification\",\"valueRequired\":true,\"valueName\":\"search_term_string\"}}],\"inLanguage\":\"fr-FR\"},{\"@type\":\"Organization\",\"@id\":\"https:\\\/\\\/sandbox.corporateconnections.com\\\/es\\\/#organization\",\"name\":\"Corporate Connections&reg;\",\"url\":\"https:\\\/\\\/sandbox.corporateconnections.com\\\/es\\\/\",\"logo\":{\"@type\":\"ImageObject\",\"inLanguage\":\"fr-FR\",\"@id\":\"https:\\\/\\\/sandbox.corporateconnections.com\\\/es\\\/#\\\/schema\\\/logo\\\/image\\\/\",\"url\":\"https:\\\/\\\/sandbox.corporateconnections.com\\\/wp-content\\\/uploads\\\/2020\\\/10\\\/cc-logo.png\",\"contentUrl\":\"https:\\\/\\\/sandbox.corporateconnections.com\\\/wp-content\\\/uploads\\\/2020\\\/10\\\/cc-logo.png\",\"width\":250,\"height\":87,\"caption\":\"Corporate Connections&reg;\"},\"image\":{\"@id\":\"https:\\\/\\\/sandbox.corporateconnections.com\\\/es\\\/#\\\/schema\\\/logo\\\/image\\\/\"}}]}<\/script>\n<!-- \/ Yoast SEO Premium plugin. -->","yoast_head_json":{"title":"Principaux aspects et avantages de l'adh\u00e9sion \u00e0 CorporateConnections\u00ae.","description":"Les membres ont acc\u00e8s \u00e0 des leaders d'opinion mondiaux et b\u00e9n\u00e9ficient des meilleures pratiques et tendances qui fa\u00e7onnent le monde des affaires dans le cadre de s\u00e9ances intimes avec des personnes influentes du monde entier. CC","robots":{"index":"noindex","follow":"follow","max-snippet":"max-snippet:-1","max-image-preview":"max-image-preview:large","max-video-preview":"max-video-preview:-1"},"og_locale":"fr_FR","og_type":"article","og_title":"La vie CC","og_description":"Pour beaucoup, l'adh\u00e9sion \u00e0 CorporateConnections est une d\u00e9cision d'affaires motiv\u00e9e par l'acc\u00e8s \u00e0 des opportunit\u00e9s, mais la principale raison pour","og_url":"https:\/\/sandbox.corporateconnections.com\/fr\/la-vie-cc","og_site_name":"Corporate Connections","article_modified_time":"2024-07-18T10:31:16+00:00","og_image":[{"width":2560,"height":1707,"url":"https:\/\/sandbox.corporateconnections.com\/wp-content\/uploads\/2023\/06\/CC-Day4_web-263-scaled-e1685991586388.jpg","type":"image\/jpeg"}],"twitter_card":"summary_large_image","twitter_misc":{"Dur\u00e9e de lecture estim\u00e9e":"1 minute"},"schema":{"@context":"https:\/\/schema.org","@graph":[{"@type":"WebPage","@id":"https:\/\/sandbox.corporateconnections.com\/fr\/la-vie-cc","url":"https:\/\/sandbox.corporateconnections.com\/fr\/la-vie-cc","name":"Principaux aspects et avantages de l'adh\u00e9sion \u00e0 CorporateConnections\u00ae.","isPartOf":{"@id":"https:\/\/sandbox.corporateconnections.com\/es\/#website"},"primaryImageOfPage":{"@id":"https:\/\/sandbox.corporateconnections.com\/fr\/la-vie-cc#primaryimage"},"image":{"@id":"https:\/\/sandbox.corporateconnections.com\/fr\/la-vie-cc#primaryimage"},"thumbnailUrl":"https:\/\/sandbox.corporateconnections.com\/wp-content\/uploads\/2023\/06\/CC-Day4_web-263-scaled-e1685991586388.jpg","datePublished":"2021-07-08T16:49:48+00:00","dateModified":"2024-07-18T10:31:16+00:00","description":"Les membres ont acc\u00e8s \u00e0 des leaders d'opinion mondiaux et b\u00e9n\u00e9ficient des meilleures pratiques et tendances qui fa\u00e7onnent le monde des affaires dans le cadre de s\u00e9ances intimes avec des personnes influentes du monde entier. CC","breadcrumb":{"@id":"https:\/\/sandbox.corporateconnections.com\/fr\/la-vie-cc#breadcrumb"},"inLanguage":"fr-FR","potentialAction":[{"@type":"ReadAction","target":["https:\/\/sandbox.corporateconnections.com\/fr\/la-vie-cc"]}]},{"@type":"ImageObject","inLanguage":"fr-FR","@id":"https:\/\/sandbox.corporateconnections.com\/fr\/la-vie-cc#primaryimage","url":"https:\/\/sandbox.corporateconnections.com\/wp-content\/uploads\/2023\/06\/CC-Day4_web-263-scaled-e1685991586388.jpg","contentUrl":"https:\/\/sandbox.corporateconnections.com\/wp-content\/uploads\/2023\/06\/CC-Day4_web-263-scaled-e1685991586388.jpg","width":2560,"height":1707},{"@type":"BreadcrumbList","@id":"https:\/\/sandbox.corporateconnections.com\/fr\/la-vie-cc#breadcrumb","itemListElement":[{"@type":"ListItem","position":1,"name":"Home","item":"https:\/\/sandbox.corporateconnections.com\/fr"},{"@type":"ListItem","position":2,"name":"La vie CC"}]},{"@type":"WebSite","@id":"https:\/\/sandbox.corporateconnections.com\/es\/#website","url":"https:\/\/sandbox.corporateconnections.com\/es\/","name":"Corporate Connections","description":"Where Leaders Connect","publisher":{"@id":"https:\/\/sandbox.corporateconnections.com\/es\/#organization"},"potentialAction":[{"@type":"SearchAction","target":{"@type":"EntryPoint","urlTemplate":"https:\/\/sandbox.corporateconnections.com\/es\/?s={search_term_string}"},"query-input":{"@type":"PropertyValueSpecification","valueRequired":true,"valueName":"search_term_string"}}],"inLanguage":"fr-FR"},{"@type":"Organization","@id":"https:\/\/sandbox.corporateconnections.com\/es\/#organization","name":"Corporate Connections&reg;","url":"https:\/\/sandbox.corporateconnections.com\/es\/","logo":{"@type":"ImageObject","inLanguage":"fr-FR","@id":"https:\/\/sandbox.corporateconnections.com\/es\/#\/schema\/logo\/image\/","url":"https:\/\/sandbox.corporateconnections.com\/wp-content\/uploads\/2020\/10\/cc-logo.png","contentUrl":"https:\/\/sandbox.corporateconnections.com\/wp-content\/uploads\/2020\/10\/cc-logo.png","width":250,"height":87,"caption":"Corporate Connections&reg;"},"image":{"@id":"https:\/\/sandbox.corporateconnections.com\/es\/#\/schema\/logo\/image\/"}}]}},"_links":{"self":[{"href":"https:\/\/sandbox.corporateconnections.com\/fr\/wp-json\/wp\/v2\/pages\/3675","targetHints":{"allow":["GET"]}}],"collection":[{"href":"https:\/\/sandbox.corporateconnections.com\/fr\/wp-json\/wp\/v2\/pages"}],"about":[{"href":"https:\/\/sandbox.corporateconnections.com\/fr\/wp-json\/wp\/v2\/types\/page"}],"author":[{"embeddable":true,"href":"https:\/\/sandbox.corporateconnections.com\/fr\/wp-json\/wp\/v2\/users\/4"}],"replies":[{"embeddable":true,"href":"https:\/\/sandbox.corporateconnections.com\/fr\/wp-json\/wp\/v2\/comments?post=3675"}],"version-history":[{"count":22,"href":"https:\/\/sandbox.corporateconnections.com\/fr\/wp-json\/wp\/v2\/pages\/3675\/revisions"}],"predecessor-version":[{"id":14358,"href":"https:\/\/sandbox.corporateconnections.com\/fr\/wp-json\/wp\/v2\/pages\/3675\/revisions\/14358"}],"wp:featuredmedia":[{"embeddable":true,"href":"https:\/\/sandbox.corporateconnections.com\/fr\/wp-json\/wp\/v2\/media\/12251"}],"wp:attachment":[{"href":"https:\/\/sandbox.corporateconnections.com\/fr\/wp-json\/wp\/v2\/media?parent=3675"}],"curies":[{"name":"wp","href":"https:\/\/api.w.org\/{rel}","templated":true}]}}