{"id":3681,"date":"2021-07-08T16:51:09","date_gmt":"2021-07-08T16:51:09","guid":{"rendered":"https:\/\/sandbox.corporateconnections.com\/demandez-a-visiter-une-section\/"},"modified":"2021-07-22T20:17:00","modified_gmt":"2021-07-22T20:17:00","slug":"demandez-a-visiter-une-section","status":"publish","type":"page","link":"https:\/\/sandbox.corporateconnections.com\/fr\/demandez-a-visiter-une-section","title":{"rendered":"Demandez \u00e0 visiter une section"},"content":{"rendered":"\n<p>Si vous souhaitez visiter une section, veuillez remplir et envoyer le formulaire de demande de premi\u00e8re visite D\u00e8s r\u00e9ception, le directeur de votre section locale de CorporateConnections analysera vos informations et vous contactera pour obtenir des d\u00e9tails suppl\u00e9mentaires concernant votre visite.&nbsp; Nous vous remercions de votre int\u00e9r\u00eat.<\/p>\n","protected":false},"excerpt":{"rendered":"<p>Si vous souhaitez visiter une section, veuillez remplir et envoyer le formulaire de demande de premi\u00e8re visite D\u00e8s r\u00e9ception, le directeur de votre section locale de CorporateConnections analysera vos informations et vous contactera pour obtenir des d\u00e9tails suppl\u00e9mentaires concernant votre visite.&nbsp; Nous vous remercions de votre int\u00e9r\u00eat.<\/p>\n","protected":false},"author":4,"featured_media":3418,"parent":0,"menu_order":0,"comment_status":"closed","ping_status":"closed","template":"template-requestvisit.php","meta":{"_acf_changed":false,"footnotes":""},"class_list":["post-3681","page","type-page","status-publish","has-post-thumbnail","hentry"],"acf":[],"yoast_head":"<!-- This site is optimized with the Yoast SEO Premium plugin v26.9 (Yoast SEO v27.3) - https:\/\/yoast.com\/product\/yoast-seo-premium-wordpress\/ -->\n<title>D\u00e9couvrez notre plateforme de r\u00e9seautage pour dirigeants | Visitez<\/title>\n<meta name=\"description\" content=\"Les r\u00e9unions de sections de CorporateConnections\u00ae se d\u00e9roulent selon une m\u00e9thode \u00e9prouv\u00e9e et efficace de r\u00e9seautage entre pairs. La visite d&#039;une r\u00e9union de section n\u00e9cessite une inscription pr\u00e9alable.\" \/>\n<meta name=\"robots\" content=\"noindex, follow, max-snippet:-1, max-image-preview:large, max-video-preview:-1\" \/>\n<meta property=\"og:locale\" content=\"fr_FR\" \/>\n<meta property=\"og:type\" content=\"article\" \/>\n<meta property=\"og:title\" content=\"Demandez \u00e0 visiter une section\" \/>\n<meta property=\"og:description\" content=\"Si vous souhaitez visiter une section, veuillez remplir et envoyer le formulaire de demande de premi\u00e8re visite D\u00e8s r\u00e9ception, le directeur de votre\" \/>\n<meta property=\"og:url\" content=\"https:\/\/sandbox.corporateconnections.com\/fr\/demandez-a-visiter-une-section\" \/>\n<meta property=\"og:site_name\" content=\"Corporate Connections\" \/>\n<meta property=\"article:modified_time\" content=\"2021-07-22T20:17:00+00:00\" \/>\n<meta property=\"og:image\" content=\"https:\/\/sandbox.corporateconnections.com\/wp-content\/uploads\/2021\/06\/request_page2.jpg\" \/>\n\t<meta property=\"og:image:width\" content=\"1920\" \/>\n\t<meta property=\"og:image:height\" content=\"661\" \/>\n\t<meta property=\"og:image:type\" content=\"image\/jpeg\" \/>\n<meta name=\"twitter:card\" content=\"summary_large_image\" \/>\n<meta name=\"twitter:label1\" content=\"Dur\u00e9e de lecture estim\u00e9e\" \/>\n\t<meta name=\"twitter:data1\" content=\"1 minute\" \/>\n<script type=\"application\/ld+json\" class=\"yoast-schema-graph\">{\"@context\":\"https:\\\/\\\/schema.org\",\"@graph\":[{\"@type\":\"WebPage\",\"@id\":\"https:\\\/\\\/sandbox.corporateconnections.com\\\/fr\\\/demandez-a-visiter-une-section\",\"url\":\"https:\\\/\\\/sandbox.corporateconnections.com\\\/fr\\\/demandez-a-visiter-une-section\",\"name\":\"D\u00e9couvrez notre plateforme de r\u00e9seautage pour dirigeants | Visitez\",\"isPartOf\":{\"@id\":\"https:\\\/\\\/sandbox.corporateconnections.com\\\/es\\\/#website\"},\"primaryImageOfPage\":{\"@id\":\"https:\\\/\\\/sandbox.corporateconnections.com\\\/fr\\\/demandez-a-visiter-une-section#primaryimage\"},\"image\":{\"@id\":\"https:\\\/\\\/sandbox.corporateconnections.com\\\/fr\\\/demandez-a-visiter-une-section#primaryimage\"},\"thumbnailUrl\":\"https:\\\/\\\/sandbox.corporateconnections.com\\\/wp-content\\\/uploads\\\/2021\\\/06\\\/request_page2.jpg\",\"datePublished\":\"2021-07-08T16:51:09+00:00\",\"dateModified\":\"2021-07-22T20:17:00+00:00\",\"description\":\"Les r\u00e9unions de sections de CorporateConnections\u00ae se d\u00e9roulent selon une m\u00e9thode \u00e9prouv\u00e9e et efficace de r\u00e9seautage entre pairs. La visite d'une r\u00e9union de section n\u00e9cessite une inscription pr\u00e9alable.\",\"breadcrumb\":{\"@id\":\"https:\\\/\\\/sandbox.corporateconnections.com\\\/fr\\\/demandez-a-visiter-une-section#breadcrumb\"},\"inLanguage\":\"fr-FR\",\"potentialAction\":[{\"@type\":\"ReadAction\",\"target\":[\"https:\\\/\\\/sandbox.corporateconnections.com\\\/fr\\\/demandez-a-visiter-une-section\"]}]},{\"@type\":\"ImageObject\",\"inLanguage\":\"fr-FR\",\"@id\":\"https:\\\/\\\/sandbox.corporateconnections.com\\\/fr\\\/demandez-a-visiter-une-section#primaryimage\",\"url\":\"https:\\\/\\\/sandbox.corporateconnections.com\\\/wp-content\\\/uploads\\\/2021\\\/06\\\/request_page2.jpg\",\"contentUrl\":\"https:\\\/\\\/sandbox.corporateconnections.com\\\/wp-content\\\/uploads\\\/2021\\\/06\\\/request_page2.jpg\",\"width\":1920,\"height\":661},{\"@type\":\"BreadcrumbList\",\"@id\":\"https:\\\/\\\/sandbox.corporateconnections.com\\\/fr\\\/demandez-a-visiter-une-section#breadcrumb\",\"itemListElement\":[{\"@type\":\"ListItem\",\"position\":1,\"name\":\"Home\",\"item\":\"https:\\\/\\\/sandbox.corporateconnections.com\\\/fr\"},{\"@type\":\"ListItem\",\"position\":2,\"name\":\"Demandez \u00e0 visiter une section\"}]},{\"@type\":\"WebSite\",\"@id\":\"https:\\\/\\\/sandbox.corporateconnections.com\\\/es\\\/#website\",\"url\":\"https:\\\/\\\/sandbox.corporateconnections.com\\\/es\\\/\",\"name\":\"Corporate Connections\",\"description\":\"Where Leaders Connect\",\"publisher\":{\"@id\":\"https:\\\/\\\/sandbox.corporateconnections.com\\\/es\\\/#organization\"},\"potentialAction\":[{\"@type\":\"SearchAction\",\"target\":{\"@type\":\"EntryPoint\",\"urlTemplate\":\"https:\\\/\\\/sandbox.corporateconnections.com\\\/es\\\/?s={search_term_string}\"},\"query-input\":{\"@type\":\"PropertyValueSpecification\",\"valueRequired\":true,\"valueName\":\"search_term_string\"}}],\"inLanguage\":\"fr-FR\"},{\"@type\":\"Organization\",\"@id\":\"https:\\\/\\\/sandbox.corporateconnections.com\\\/es\\\/#organization\",\"name\":\"Corporate Connections&reg;\",\"url\":\"https:\\\/\\\/sandbox.corporateconnections.com\\\/es\\\/\",\"logo\":{\"@type\":\"ImageObject\",\"inLanguage\":\"fr-FR\",\"@id\":\"https:\\\/\\\/sandbox.corporateconnections.com\\\/es\\\/#\\\/schema\\\/logo\\\/image\\\/\",\"url\":\"https:\\\/\\\/sandbox.corporateconnections.com\\\/wp-content\\\/uploads\\\/2020\\\/10\\\/cc-logo.png\",\"contentUrl\":\"https:\\\/\\\/sandbox.corporateconnections.com\\\/wp-content\\\/uploads\\\/2020\\\/10\\\/cc-logo.png\",\"width\":250,\"height\":87,\"caption\":\"Corporate Connections&reg;\"},\"image\":{\"@id\":\"https:\\\/\\\/sandbox.corporateconnections.com\\\/es\\\/#\\\/schema\\\/logo\\\/image\\\/\"}}]}<\/script>\n<!-- \/ Yoast SEO Premium plugin. -->","yoast_head_json":{"title":"D\u00e9couvrez notre plateforme de r\u00e9seautage pour dirigeants | Visitez","description":"Les r\u00e9unions de sections de CorporateConnections\u00ae se d\u00e9roulent selon une m\u00e9thode \u00e9prouv\u00e9e et efficace de r\u00e9seautage entre pairs. La visite d'une r\u00e9union de section n\u00e9cessite une inscription pr\u00e9alable.","robots":{"index":"noindex","follow":"follow","max-snippet":"max-snippet:-1","max-image-preview":"max-image-preview:large","max-video-preview":"max-video-preview:-1"},"og_locale":"fr_FR","og_type":"article","og_title":"Demandez \u00e0 visiter une section","og_description":"Si vous souhaitez visiter une section, veuillez remplir et envoyer le formulaire de demande de premi\u00e8re visite D\u00e8s r\u00e9ception, le directeur de votre","og_url":"https:\/\/sandbox.corporateconnections.com\/fr\/demandez-a-visiter-une-section","og_site_name":"Corporate Connections","article_modified_time":"2021-07-22T20:17:00+00:00","og_image":[{"width":1920,"height":661,"url":"https:\/\/sandbox.corporateconnections.com\/wp-content\/uploads\/2021\/06\/request_page2.jpg","type":"image\/jpeg"}],"twitter_card":"summary_large_image","twitter_misc":{"Dur\u00e9e de lecture estim\u00e9e":"1 minute"},"schema":{"@context":"https:\/\/schema.org","@graph":[{"@type":"WebPage","@id":"https:\/\/sandbox.corporateconnections.com\/fr\/demandez-a-visiter-une-section","url":"https:\/\/sandbox.corporateconnections.com\/fr\/demandez-a-visiter-une-section","name":"D\u00e9couvrez notre plateforme de r\u00e9seautage pour dirigeants | Visitez","isPartOf":{"@id":"https:\/\/sandbox.corporateconnections.com\/es\/#website"},"primaryImageOfPage":{"@id":"https:\/\/sandbox.corporateconnections.com\/fr\/demandez-a-visiter-une-section#primaryimage"},"image":{"@id":"https:\/\/sandbox.corporateconnections.com\/fr\/demandez-a-visiter-une-section#primaryimage"},"thumbnailUrl":"https:\/\/sandbox.corporateconnections.com\/wp-content\/uploads\/2021\/06\/request_page2.jpg","datePublished":"2021-07-08T16:51:09+00:00","dateModified":"2021-07-22T20:17:00+00:00","description":"Les r\u00e9unions de sections de CorporateConnections\u00ae se d\u00e9roulent selon une m\u00e9thode \u00e9prouv\u00e9e et efficace de r\u00e9seautage entre pairs. La visite d'une r\u00e9union de section n\u00e9cessite une inscription pr\u00e9alable.","breadcrumb":{"@id":"https:\/\/sandbox.corporateconnections.com\/fr\/demandez-a-visiter-une-section#breadcrumb"},"inLanguage":"fr-FR","potentialAction":[{"@type":"ReadAction","target":["https:\/\/sandbox.corporateconnections.com\/fr\/demandez-a-visiter-une-section"]}]},{"@type":"ImageObject","inLanguage":"fr-FR","@id":"https:\/\/sandbox.corporateconnections.com\/fr\/demandez-a-visiter-une-section#primaryimage","url":"https:\/\/sandbox.corporateconnections.com\/wp-content\/uploads\/2021\/06\/request_page2.jpg","contentUrl":"https:\/\/sandbox.corporateconnections.com\/wp-content\/uploads\/2021\/06\/request_page2.jpg","width":1920,"height":661},{"@type":"BreadcrumbList","@id":"https:\/\/sandbox.corporateconnections.com\/fr\/demandez-a-visiter-une-section#breadcrumb","itemListElement":[{"@type":"ListItem","position":1,"name":"Home","item":"https:\/\/sandbox.corporateconnections.com\/fr"},{"@type":"ListItem","position":2,"name":"Demandez \u00e0 visiter une section"}]},{"@type":"WebSite","@id":"https:\/\/sandbox.corporateconnections.com\/es\/#website","url":"https:\/\/sandbox.corporateconnections.com\/es\/","name":"Corporate Connections","description":"Where Leaders Connect","publisher":{"@id":"https:\/\/sandbox.corporateconnections.com\/es\/#organization"},"potentialAction":[{"@type":"SearchAction","target":{"@type":"EntryPoint","urlTemplate":"https:\/\/sandbox.corporateconnections.com\/es\/?s={search_term_string}"},"query-input":{"@type":"PropertyValueSpecification","valueRequired":true,"valueName":"search_term_string"}}],"inLanguage":"fr-FR"},{"@type":"Organization","@id":"https:\/\/sandbox.corporateconnections.com\/es\/#organization","name":"Corporate Connections&reg;","url":"https:\/\/sandbox.corporateconnections.com\/es\/","logo":{"@type":"ImageObject","inLanguage":"fr-FR","@id":"https:\/\/sandbox.corporateconnections.com\/es\/#\/schema\/logo\/image\/","url":"https:\/\/sandbox.corporateconnections.com\/wp-content\/uploads\/2020\/10\/cc-logo.png","contentUrl":"https:\/\/sandbox.corporateconnections.com\/wp-content\/uploads\/2020\/10\/cc-logo.png","width":250,"height":87,"caption":"Corporate Connections&reg;"},"image":{"@id":"https:\/\/sandbox.corporateconnections.com\/es\/#\/schema\/logo\/image\/"}}]}},"_links":{"self":[{"href":"https:\/\/sandbox.corporateconnections.com\/fr\/wp-json\/wp\/v2\/pages\/3681","targetHints":{"allow":["GET"]}}],"collection":[{"href":"https:\/\/sandbox.corporateconnections.com\/fr\/wp-json\/wp\/v2\/pages"}],"about":[{"href":"https:\/\/sandbox.corporateconnections.com\/fr\/wp-json\/wp\/v2\/types\/page"}],"author":[{"embeddable":true,"href":"https:\/\/sandbox.corporateconnections.com\/fr\/wp-json\/wp\/v2\/users\/4"}],"replies":[{"embeddable":true,"href":"https:\/\/sandbox.corporateconnections.com\/fr\/wp-json\/wp\/v2\/comments?post=3681"}],"version-history":[{"count":5,"href":"https:\/\/sandbox.corporateconnections.com\/fr\/wp-json\/wp\/v2\/pages\/3681\/revisions"}],"predecessor-version":[{"id":4424,"href":"https:\/\/sandbox.corporateconnections.com\/fr\/wp-json\/wp\/v2\/pages\/3681\/revisions\/4424"}],"wp:featuredmedia":[{"embeddable":true,"href":"https:\/\/sandbox.corporateconnections.com\/fr\/wp-json\/wp\/v2\/media\/3418"}],"wp:attachment":[{"href":"https:\/\/sandbox.corporateconnections.com\/fr\/wp-json\/wp\/v2\/media?parent=3681"}],"curies":[{"name":"wp","href":"https:\/\/api.w.org\/{rel}","templated":true}]}}