{"id":9686,"date":"2022-07-21T21:48:25","date_gmt":"2022-07-21T16:18:25","guid":{"rendered":"https:\/\/www.corporateconnections.com\/franchise"},"modified":"2024-07-18T17:42:47","modified_gmt":"2024-07-18T12:12:47","slug":"franchise","status":"publish","type":"page","link":"https:\/\/sandbox.corporateconnections.com\/fr\/franchise","title":{"rendered":"Franchise"},"content":{"rendered":"","protected":false},"excerpt":{"rendered":"","protected":false},"author":4,"featured_media":12395,"parent":0,"menu_order":0,"comment_status":"closed","ping_status":"closed","template":"template-franchise.php","meta":{"_acf_changed":false,"footnotes":""},"class_list":["post-9686","page","type-page","status-publish","has-post-thumbnail","hentry"],"acf":[],"yoast_head":"<!-- This site is optimized with the Yoast SEO Premium plugin v26.9 (Yoast SEO v27.3) - https:\/\/yoast.com\/product\/yoast-seo-premium-wordpress\/ -->\n<title>Opportunit\u00e9s de franchises CorporateConnections\u00ae | En savoir plus<\/title>\n<meta name=\"description\" content=\"CorporateConnections offre aux leaders d&#039;entreprises internationales le cadre id\u00e9al pour g\u00e9n\u00e9rer des r\u00e9sultats exceptionnels et mesurables gr\u00e2ce \u00e0 des opportunit\u00e9s de r\u00e9seautage entre dirigeants.\" \/>\n<meta name=\"robots\" content=\"noindex, follow, max-snippet:-1, max-image-preview:large, max-video-preview:-1\" \/>\n<meta property=\"og:locale\" content=\"fr_FR\" \/>\n<meta property=\"og:type\" content=\"article\" \/>\n<meta property=\"og:title\" content=\"Franchise\" \/>\n<meta property=\"og:url\" content=\"https:\/\/sandbox.corporateconnections.com\/franchising\" \/>\n<meta property=\"og:site_name\" content=\"Corporate Connections\" \/>\n<meta property=\"article:modified_time\" content=\"2024-07-18T12:12:47+00:00\" \/>\n<meta property=\"og:image\" content=\"https:\/\/sandbox.corporateconnections.com\/wp-content\/uploads\/2023\/06\/CC-Day1_web-289-scaled-e1687371130743.jpg\" \/>\n\t<meta property=\"og:image:width\" content=\"2560\" \/>\n\t<meta property=\"og:image:height\" content=\"1707\" \/>\n\t<meta property=\"og:image:type\" content=\"image\/jpeg\" \/>\n<meta name=\"twitter:card\" content=\"summary_large_image\" \/>\n<meta name=\"twitter:label1\" content=\"Dur\u00e9e de lecture estim\u00e9e\" \/>\n\t<meta name=\"twitter:data1\" content=\"1 minute\" \/>\n<script type=\"application\/ld+json\" class=\"yoast-schema-graph\">{\"@context\":\"https:\\\/\\\/schema.org\",\"@graph\":[{\"@type\":\"WebPage\",\"@id\":\"https:\\\/\\\/sandbox.corporateconnections.com\\\/franchising\",\"url\":\"https:\\\/\\\/sandbox.corporateconnections.com\\\/franchising\",\"name\":\"Opportunit\u00e9s de franchises CorporateConnections\u00ae | En savoir plus\",\"isPartOf\":{\"@id\":\"https:\\\/\\\/sandbox.corporateconnections.com\\\/es\\\/#website\"},\"primaryImageOfPage\":{\"@id\":\"https:\\\/\\\/sandbox.corporateconnections.com\\\/franchising#primaryimage\"},\"image\":{\"@id\":\"https:\\\/\\\/sandbox.corporateconnections.com\\\/franchising#primaryimage\"},\"thumbnailUrl\":\"https:\\\/\\\/sandbox.corporateconnections.com\\\/wp-content\\\/uploads\\\/2023\\\/06\\\/CC-Day1_web-289-scaled-e1687371130743.jpg\",\"datePublished\":\"2022-07-21T16:18:25+00:00\",\"dateModified\":\"2024-07-18T12:12:47+00:00\",\"description\":\"CorporateConnections offre aux leaders d'entreprises internationales le cadre id\u00e9al pour g\u00e9n\u00e9rer des r\u00e9sultats exceptionnels et mesurables gr\u00e2ce \u00e0 des opportunit\u00e9s de r\u00e9seautage entre dirigeants.\",\"breadcrumb\":{\"@id\":\"https:\\\/\\\/sandbox.corporateconnections.com\\\/franchising#breadcrumb\"},\"inLanguage\":\"fr-FR\",\"potentialAction\":[{\"@type\":\"ReadAction\",\"target\":[\"https:\\\/\\\/sandbox.corporateconnections.com\\\/franchising\"]}]},{\"@type\":\"ImageObject\",\"inLanguage\":\"fr-FR\",\"@id\":\"https:\\\/\\\/sandbox.corporateconnections.com\\\/franchising#primaryimage\",\"url\":\"https:\\\/\\\/sandbox.corporateconnections.com\\\/wp-content\\\/uploads\\\/2023\\\/06\\\/CC-Day1_web-289-scaled-e1687371130743.jpg\",\"contentUrl\":\"https:\\\/\\\/sandbox.corporateconnections.com\\\/wp-content\\\/uploads\\\/2023\\\/06\\\/CC-Day1_web-289-scaled-e1687371130743.jpg\",\"width\":2560,\"height\":1707},{\"@type\":\"BreadcrumbList\",\"@id\":\"https:\\\/\\\/sandbox.corporateconnections.com\\\/franchising#breadcrumb\",\"itemListElement\":[{\"@type\":\"ListItem\",\"position\":1,\"name\":\"Home\",\"item\":\"https:\\\/\\\/sandbox.corporateconnections.com\\\/fr\"},{\"@type\":\"ListItem\",\"position\":2,\"name\":\"Franchise\"}]},{\"@type\":\"WebSite\",\"@id\":\"https:\\\/\\\/sandbox.corporateconnections.com\\\/es\\\/#website\",\"url\":\"https:\\\/\\\/sandbox.corporateconnections.com\\\/es\\\/\",\"name\":\"Corporate Connections\",\"description\":\"Where Leaders Connect\",\"publisher\":{\"@id\":\"https:\\\/\\\/sandbox.corporateconnections.com\\\/es\\\/#organization\"},\"potentialAction\":[{\"@type\":\"SearchAction\",\"target\":{\"@type\":\"EntryPoint\",\"urlTemplate\":\"https:\\\/\\\/sandbox.corporateconnections.com\\\/es\\\/?s={search_term_string}\"},\"query-input\":{\"@type\":\"PropertyValueSpecification\",\"valueRequired\":true,\"valueName\":\"search_term_string\"}}],\"inLanguage\":\"fr-FR\"},{\"@type\":\"Organization\",\"@id\":\"https:\\\/\\\/sandbox.corporateconnections.com\\\/es\\\/#organization\",\"name\":\"Corporate Connections&reg;\",\"url\":\"https:\\\/\\\/sandbox.corporateconnections.com\\\/es\\\/\",\"logo\":{\"@type\":\"ImageObject\",\"inLanguage\":\"fr-FR\",\"@id\":\"https:\\\/\\\/sandbox.corporateconnections.com\\\/es\\\/#\\\/schema\\\/logo\\\/image\\\/\",\"url\":\"https:\\\/\\\/sandbox.corporateconnections.com\\\/wp-content\\\/uploads\\\/2020\\\/10\\\/cc-logo.png\",\"contentUrl\":\"https:\\\/\\\/sandbox.corporateconnections.com\\\/wp-content\\\/uploads\\\/2020\\\/10\\\/cc-logo.png\",\"width\":250,\"height\":87,\"caption\":\"Corporate Connections&reg;\"},\"image\":{\"@id\":\"https:\\\/\\\/sandbox.corporateconnections.com\\\/es\\\/#\\\/schema\\\/logo\\\/image\\\/\"}}]}<\/script>\n<!-- \/ Yoast SEO Premium plugin. -->","yoast_head_json":{"title":"Opportunit\u00e9s de franchises CorporateConnections\u00ae | En savoir plus","description":"CorporateConnections offre aux leaders d'entreprises internationales le cadre id\u00e9al pour g\u00e9n\u00e9rer des r\u00e9sultats exceptionnels et mesurables gr\u00e2ce \u00e0 des opportunit\u00e9s de r\u00e9seautage entre dirigeants.","robots":{"index":"noindex","follow":"follow","max-snippet":"max-snippet:-1","max-image-preview":"max-image-preview:large","max-video-preview":"max-video-preview:-1"},"og_locale":"fr_FR","og_type":"article","og_title":"Franchise","og_url":"https:\/\/sandbox.corporateconnections.com\/franchising","og_site_name":"Corporate Connections","article_modified_time":"2024-07-18T12:12:47+00:00","og_image":[{"width":2560,"height":1707,"url":"https:\/\/sandbox.corporateconnections.com\/wp-content\/uploads\/2023\/06\/CC-Day1_web-289-scaled-e1687371130743.jpg","type":"image\/jpeg"}],"twitter_card":"summary_large_image","twitter_misc":{"Dur\u00e9e de lecture estim\u00e9e":"1 minute"},"schema":{"@context":"https:\/\/schema.org","@graph":[{"@type":"WebPage","@id":"https:\/\/sandbox.corporateconnections.com\/franchising","url":"https:\/\/sandbox.corporateconnections.com\/franchising","name":"Opportunit\u00e9s de franchises CorporateConnections\u00ae | En savoir plus","isPartOf":{"@id":"https:\/\/sandbox.corporateconnections.com\/es\/#website"},"primaryImageOfPage":{"@id":"https:\/\/sandbox.corporateconnections.com\/franchising#primaryimage"},"image":{"@id":"https:\/\/sandbox.corporateconnections.com\/franchising#primaryimage"},"thumbnailUrl":"https:\/\/sandbox.corporateconnections.com\/wp-content\/uploads\/2023\/06\/CC-Day1_web-289-scaled-e1687371130743.jpg","datePublished":"2022-07-21T16:18:25+00:00","dateModified":"2024-07-18T12:12:47+00:00","description":"CorporateConnections offre aux leaders d'entreprises internationales le cadre id\u00e9al pour g\u00e9n\u00e9rer des r\u00e9sultats exceptionnels et mesurables gr\u00e2ce \u00e0 des opportunit\u00e9s de r\u00e9seautage entre dirigeants.","breadcrumb":{"@id":"https:\/\/sandbox.corporateconnections.com\/franchising#breadcrumb"},"inLanguage":"fr-FR","potentialAction":[{"@type":"ReadAction","target":["https:\/\/sandbox.corporateconnections.com\/franchising"]}]},{"@type":"ImageObject","inLanguage":"fr-FR","@id":"https:\/\/sandbox.corporateconnections.com\/franchising#primaryimage","url":"https:\/\/sandbox.corporateconnections.com\/wp-content\/uploads\/2023\/06\/CC-Day1_web-289-scaled-e1687371130743.jpg","contentUrl":"https:\/\/sandbox.corporateconnections.com\/wp-content\/uploads\/2023\/06\/CC-Day1_web-289-scaled-e1687371130743.jpg","width":2560,"height":1707},{"@type":"BreadcrumbList","@id":"https:\/\/sandbox.corporateconnections.com\/franchising#breadcrumb","itemListElement":[{"@type":"ListItem","position":1,"name":"Home","item":"https:\/\/sandbox.corporateconnections.com\/fr"},{"@type":"ListItem","position":2,"name":"Franchise"}]},{"@type":"WebSite","@id":"https:\/\/sandbox.corporateconnections.com\/es\/#website","url":"https:\/\/sandbox.corporateconnections.com\/es\/","name":"Corporate Connections","description":"Where Leaders Connect","publisher":{"@id":"https:\/\/sandbox.corporateconnections.com\/es\/#organization"},"potentialAction":[{"@type":"SearchAction","target":{"@type":"EntryPoint","urlTemplate":"https:\/\/sandbox.corporateconnections.com\/es\/?s={search_term_string}"},"query-input":{"@type":"PropertyValueSpecification","valueRequired":true,"valueName":"search_term_string"}}],"inLanguage":"fr-FR"},{"@type":"Organization","@id":"https:\/\/sandbox.corporateconnections.com\/es\/#organization","name":"Corporate Connections&reg;","url":"https:\/\/sandbox.corporateconnections.com\/es\/","logo":{"@type":"ImageObject","inLanguage":"fr-FR","@id":"https:\/\/sandbox.corporateconnections.com\/es\/#\/schema\/logo\/image\/","url":"https:\/\/sandbox.corporateconnections.com\/wp-content\/uploads\/2020\/10\/cc-logo.png","contentUrl":"https:\/\/sandbox.corporateconnections.com\/wp-content\/uploads\/2020\/10\/cc-logo.png","width":250,"height":87,"caption":"Corporate Connections&reg;"},"image":{"@id":"https:\/\/sandbox.corporateconnections.com\/es\/#\/schema\/logo\/image\/"}}]}},"_links":{"self":[{"href":"https:\/\/sandbox.corporateconnections.com\/fr\/wp-json\/wp\/v2\/pages\/9686","targetHints":{"allow":["GET"]}}],"collection":[{"href":"https:\/\/sandbox.corporateconnections.com\/fr\/wp-json\/wp\/v2\/pages"}],"about":[{"href":"https:\/\/sandbox.corporateconnections.com\/fr\/wp-json\/wp\/v2\/types\/page"}],"author":[{"embeddable":true,"href":"https:\/\/sandbox.corporateconnections.com\/fr\/wp-json\/wp\/v2\/users\/4"}],"replies":[{"embeddable":true,"href":"https:\/\/sandbox.corporateconnections.com\/fr\/wp-json\/wp\/v2\/comments?post=9686"}],"version-history":[{"count":3,"href":"https:\/\/sandbox.corporateconnections.com\/fr\/wp-json\/wp\/v2\/pages\/9686\/revisions"}],"predecessor-version":[{"id":14368,"href":"https:\/\/sandbox.corporateconnections.com\/fr\/wp-json\/wp\/v2\/pages\/9686\/revisions\/14368"}],"wp:featuredmedia":[{"embeddable":true,"href":"https:\/\/sandbox.corporateconnections.com\/fr\/wp-json\/wp\/v2\/media\/12395"}],"wp:attachment":[{"href":"https:\/\/sandbox.corporateconnections.com\/fr\/wp-json\/wp\/v2\/media?parent=9686"}],"curies":[{"name":"wp","href":"https:\/\/api.w.org\/{rel}","templated":true}]}}