{"id":2831,"date":"2021-06-01T13:34:47","date_gmt":"2021-06-01T13:34:47","guid":{"rendered":"https:\/\/sandbox.corporateconnections.com\/?page_id=2831"},"modified":"2023-09-01T13:27:14","modified_gmt":"2023-09-01T07:57:14","slug":"slider-demo","status":"publish","type":"page","link":"https:\/\/sandbox.corporateconnections.com\/pl\/privacy-policy\/slider-demo","title":{"rendered":"Slider Demo"},"content":{"rendered":"\n<div class=\"wp-block-themepunch-revslider revslider\" data-modal=\"false\" data-slidertitle=\"Slider 2\" style=\"\">\n\t\t\t<!-- START Main Hero Slider REVOLUTION SLIDER 6.7.41 --><p class=\"rs-p-wp-fix\"><\/p>\n\t\t\t<rs-module-wrap id=\"rev_slider_8_1_wrapper\" data-source=\"gallery\" style=\"visibility:hidden;background:transparent;padding:0;margin:0px auto;margin-top:0;margin-bottom:0;\">\n\t\t\t\t<rs-module id=\"rev_slider_8_1\" style=\"\" data-version=\"6.7.41\">\n\t\t\t\t\t<rs-slides style=\"overflow: hidden; position: absolute;\">\n\t\t\t\t\t\t<rs-slide style=\"position: absolute;\" data-key=\"rs-47\" data-title=\"poland 1\" data-thumb=\"\/\/www.corporateconnections.com\/wp-content\/uploads\/2023\/06\/CC-Day1_web-289-scaled-e1687371130743.jpg\" data-anim=\"adpr:false;\" data-in=\"o:0;\" data-out=\"a:false;\">\n\t\t\t\t\t\t\t<img decoding=\"async\" src=\"\/\/sandbox.corporateconnections.com\/wp-content\/plugins\/revslider\/sr6\/assets\/assets\/dummy.png\" alt=\"\" title=\"CC-Day1_web-289\" width=\"2540\" height=\"1273\" class=\"rev-slidebg tp-rs-img rs-lazyload\" data-lazyload=\"\/\/www.corporateconnections.com\/wp-content\/uploads\/2023\/06\/CC-Day1_web-289-scaled-e1687371130743.jpg\" data-no-retina>\n<!--\n\t\t\t\t\t\t\t--><rs-layer\n\t\t\t\t\t\t\t\tid=\"slider-8-slide-47-layer-0\" \n\t\t\t\t\t\t\t\tdata-type=\"text\"\n\t\t\t\t\t\t\t\tdata-rsp_ch=\"on\"\n\t\t\t\t\t\t\t\tdata-xy=\"xo:37px,19px,60px,34px;yo:54px,28px,208px,138px;\"\n\t\t\t\t\t\t\t\tdata-text=\"w:normal;s:60,32,33,22;l:70,37,37,25;fw:600;\"\n\t\t\t\t\t\t\t\tdata-dim=\"w:669px,356px,516.988px,332.991px;h:215px,114px,53.888999999999996px,auto;\"\n\t\t\t\t\t\t\t\tdata-frame_0=\"x:0,0,0,0px;y:0,0,0,0px;\"\n\t\t\t\t\t\t\t\tdata-frame_1=\"x:0,0,0,0px;y:0,0,0,0px;\"\n\t\t\t\t\t\t\t\tdata-frame_999=\"o:0;st:w;\"\n\t\t\t\t\t\t\t\tstyle=\"z-index:5;font-family:'Montserrat';\"\n\t\t\t\t\t\t\t>\u0141\u0105cz si\u0119, wsp\u00f3\u0142pracuj, \u015bwi\u0119tuj \n\t\t\t\t\t\t\t<\/rs-layer><!--\n\n\t\t\t\t\t\t\t--><rs-layer\n\t\t\t\t\t\t\t\tid=\"slider-8-slide-47-layer-1\" \n\t\t\t\t\t\t\t\tdata-type=\"text\"\n\t\t\t\t\t\t\t\tdata-rsp_ch=\"on\"\n\t\t\t\t\t\t\t\tdata-xy=\"xo:43px,22px,60px,34px;yo:262px,139px,275px,193px;\"\n\t\t\t\t\t\t\t\tdata-text=\"w:normal;s:25,13,22,14;l:35,18,32,22;\"\n\t\t\t\t\t\t\t\tdata-dim=\"w:576px,307px,543.991px,388px;\"\n\t\t\t\t\t\t\t\tdata-frame_0=\"x:0,0,0px,0px;y:0,0,0px,0px;\"\n\t\t\t\t\t\t\t\tdata-frame_1=\"x:0,0,0px,0px;y:0,0,0px,0px;\"\n\t\t\t\t\t\t\t\tdata-frame_999=\"o:0;st:w;\"\n\t\t\t\t\t\t\t\tstyle=\"z-index:6;font-family:'Montserrat';\"\n\t\t\t\t\t\t\t>\u0141\u0105czymy lider\u00f3w z ca\u0142ego \u015bwiata i dajemy im mo\u017cliwo\u015b\u0107 rozwoju potencja\u0142u i motywujemy do istotnych zmian w ich organizacjach, spo\u0142eczno\u015bciach i \u017cyciu prywatnym. \n\t\t\t\t\t\t\t<\/rs-layer><!--\n-->\t\t\t\t\t<\/rs-slide>\n\t\t\t\t\t\t<rs-slide style=\"position: absolute;\" data-key=\"rs-48\" data-title=\"poland 2\" data-thumb=\"\/\/www.corporateconnections.com\/wp-content\/uploads\/2023\/01\/PIX_6912-scaled.jpg\" data-anim=\"adpr:false;\" data-in=\"o:0;\" data-out=\"a:false;\">\n\t\t\t\t\t\t\t<img decoding=\"async\" src=\"\/\/sandbox.corporateconnections.com\/wp-content\/plugins\/revslider\/sr6\/assets\/assets\/dummy.png\" alt=\"\" title=\"PIX_6912\" width=\"2560\" height=\"1707\" class=\"rev-slidebg tp-rs-img rs-lazyload\" data-lazyload=\"\/\/www.corporateconnections.com\/wp-content\/uploads\/2023\/01\/PIX_6912-scaled.jpg\" data-no-retina>\n<!--\n\t\t\t\t\t\t\t--><rs-layer\n\t\t\t\t\t\t\t\tid=\"slider-8-slide-48-layer-0\" \n\t\t\t\t\t\t\t\tdata-type=\"text\"\n\t\t\t\t\t\t\t\tdata-rsp_ch=\"on\"\n\t\t\t\t\t\t\t\tdata-xy=\"xo:44px,23px,60px,34px;yo:100px,53px,167px,106px;\"\n\t\t\t\t\t\t\t\tdata-text=\"w:normal;s:60,32,33,22;l:70,37,37,24;fw:600;\"\n\t\t\t\t\t\t\t\tdata-dim=\"w:669px,356px,476.988px,357.988px;\"\n\t\t\t\t\t\t\t\tdata-frame_0=\"x:0,0,0,0px;y:0,0,0,0px;\"\n\t\t\t\t\t\t\t\tdata-frame_1=\"x:0,0,0,0px;y:0,0,0,0px;\"\n\t\t\t\t\t\t\t\tdata-frame_999=\"o:0;st:w;\"\n\t\t\t\t\t\t\t\tstyle=\"z-index:5;font-family:'Montserrat';\"\n\t\t\t\t\t\t\t>Liderzy ucz\u0105 si\u0119 od lider\u00f3w \n\t\t\t\t\t\t\t<\/rs-layer><!--\n\n\t\t\t\t\t\t\t--><rs-layer\n\t\t\t\t\t\t\t\tid=\"slider-8-slide-48-layer-1\" \n\t\t\t\t\t\t\t\tdata-type=\"text\"\n\t\t\t\t\t\t\t\tdata-rsp_ch=\"on\"\n\t\t\t\t\t\t\t\tdata-xy=\"xo:46px,24px,60px,34px;yo:289px,154px,233px,150px;\"\n\t\t\t\t\t\t\t\tdata-text=\"w:normal;s:25,13,16,14;l:35,18,22,20;\"\n\t\t\t\t\t\t\t\tdata-dim=\"w:700px,373px,588.998px,395.995px;\"\n\t\t\t\t\t\t\t\tdata-frame_0=\"x:0,0,0,0px;y:0,0,0,0px;\"\n\t\t\t\t\t\t\t\tdata-frame_1=\"x:0,0,0,0px;y:0,0,0,0px;\"\n\t\t\t\t\t\t\t\tdata-frame_999=\"o:0;st:w;\"\n\t\t\t\t\t\t\t\tstyle=\"z-index:6;font-family:'Montserrat';\"\n\t\t\t\t\t\t\t>Cz\u0142onkowie uzyskuj\u0105 dost\u0119p do unikalnej globalnej spo\u0142eczno\u015bci tworzonej przez innych w\u0142a\u015bcicieli przedsi\u0119biorstw, dyrektor\u00f3w i lider\u00f3w wspieraj\u0105cych si\u0119 nawzajem w atmosferze rozwoju, sukcesu i pozytywnych zmian. \n\t\t\t\t\t\t\t<\/rs-layer><!--\n\n\t\t\t\t\t\t\t--><rs-layer\n\t\t\t\t\t\t\t\tid=\"slider-8-slide-48-layer-2\" \n\t\t\t\t\t\t\t\tclass=\"rev-btn\"\n\t\t\t\t\t\t\t\tdata-type=\"button\"\n\t\t\t\t\t\t\t\tdata-rsp_ch=\"on\"\n\t\t\t\t\t\t\t\tdata-xy=\"xo:32px,17px,55px,20px;yo:731px,389px,333px,267px;\"\n\t\t\t\t\t\t\t\tdata-text=\"w:normal;s:25,13,20,12;l:40,21,33,21;fw:700;\"\n\t\t\t\t\t\t\t\tdata-dim=\"w:286px,152px,260.995px,165px;h:47px,25px,39.997699999999995px,26px;minh:0px,none,none,none;\"\n\t\t\t\t\t\t\t\tdata-padding=\"r:25,13,10,14;l:25,13,10,14;\"\n\t\t\t\t\t\t\t\tdata-frame_0=\"x:0,0,0,0px;y:0,0,0,0px;\"\n\t\t\t\t\t\t\t\tdata-frame_1=\"x:0,0,0,0px;y:0,0,0,0px;\"\n\t\t\t\t\t\t\t\tdata-frame_999=\"o:0;st:w;\"\n\t\t\t\t\t\t\t\tdata-frame_hover=\"bor:0px,0px,0px,0px;e:power1.inOut;\"\n\t\t\t\t\t\t\t\tstyle=\"z-index:7;font-family:'Montserrat';\"\n\t\t\t\t\t\t\t><span style=\"margin-right:20px;\">GET STARTED <\/span> <i style=\"color:#FFD700;\" class=\"fa-arrow-right\"><\/i> \n\t\t\t\t\t\t\t<\/rs-layer><!--\n-->\t\t\t\t\t<\/rs-slide>\n\t\t\t\t\t\t<rs-slide style=\"position: absolute;\" data-key=\"rs-46\" data-title=\"Poland 3\" data-thumb=\"\/\/www.corporateconnections.com\/wp-content\/uploads\/2023\/01\/484_CC_8499-scaled.jpg\" data-anim=\"adpr:false;\" data-in=\"o:0;\" data-out=\"a:false;\">\n\t\t\t\t\t\t\t<img decoding=\"async\" src=\"\/\/sandbox.corporateconnections.com\/wp-content\/plugins\/revslider\/sr6\/assets\/assets\/dummy.png\" alt=\"\" title=\"484_CC_8499\" width=\"2560\" height=\"1707\" class=\"rev-slidebg tp-rs-img rs-lazyload\" data-lazyload=\"\/\/www.corporateconnections.com\/wp-content\/uploads\/2023\/01\/484_CC_8499-scaled.jpg\" data-no-retina>\n<!--\n\t\t\t\t\t\t\t--><rs-layer\n\t\t\t\t\t\t\t\tid=\"slider-8-slide-46-layer-0\" \n\t\t\t\t\t\t\t\tdata-type=\"text\"\n\t\t\t\t\t\t\t\tdata-rsp_ch=\"on\"\n\t\t\t\t\t\t\t\tdata-xy=\"xo:52px,27px,46px,34px;yo:149px,79px,195px,127px;\"\n\t\t\t\t\t\t\t\tdata-text=\"w:normal;s:60,32,33,22;l:70,37,37,29;fw:600;\"\n\t\t\t\t\t\t\t\tdata-dim=\"w:669px,356px,491.988px,359.988px;\"\n\t\t\t\t\t\t\t\tdata-frame_0=\"x:0,0,0,0px;y:0,0,0,0px;\"\n\t\t\t\t\t\t\t\tdata-frame_1=\"x:0,0,0,0px;y:0,0,0,0px;\"\n\t\t\t\t\t\t\t\tdata-frame_999=\"o:0;st:w;\"\n\t\t\t\t\t\t\t\tstyle=\"z-index:5;font-family:'Montserrat';\"\n\t\t\t\t\t\t\t>Relacje nawi\u0105zywane na lata \n\t\t\t\t\t\t\t<\/rs-layer><!--\n\n\t\t\t\t\t\t\t--><rs-layer\n\t\t\t\t\t\t\t\tid=\"slider-8-slide-46-layer-1\" \n\t\t\t\t\t\t\t\tdata-type=\"text\"\n\t\t\t\t\t\t\t\tdata-rsp_ch=\"on\"\n\t\t\t\t\t\t\t\tdata-xy=\"xo:56px,29px,42px,34px;yo:293px,156px,256px,176px;\"\n\t\t\t\t\t\t\t\tdata-text=\"w:normal;s:25,13,16,14;l:35,18,22,22;ls:0,0,0,0px;\"\n\t\t\t\t\t\t\t\tdata-dim=\"w:576px,307px,446.998px,434.998px;\"\n\t\t\t\t\t\t\t\tdata-frame_999=\"o:0;st:w;\"\n\t\t\t\t\t\t\t\tstyle=\"z-index:6;font-family:'Montserrat';\"\n\t\t\t\t\t\t\t>\u0141\u0105czenie ju\u017c po\u0142\u0105czonych i inspirowanie inspiruj\u0105cych, CorporateConnections zapewnia platform\u0119 otwieraj\u0105c\u0105 naszych Cz\u0142onk\u00f3w na ca\u0142y \u015bwiat. \n\t\t\t\t\t\t\t<\/rs-layer><!--\n\n\t\t\t\t\t\t\t--><rs-layer\n\t\t\t\t\t\t\t\tid=\"slider-8-slide-46-layer-2\" \n\t\t\t\t\t\t\t\tclass=\"rev-btn\"\n\t\t\t\t\t\t\t\tdata-type=\"button\"\n\t\t\t\t\t\t\t\tdata-rsp_ch=\"on\"\n\t\t\t\t\t\t\t\tdata-xy=\"xo:32px,17px,31px,14px;yo:728px,388px,334px,261px;\"\n\t\t\t\t\t\t\t\tdata-text=\"w:normal;s:25,13,20,15;l:40,21,22,28;fw:700;\"\n\t\t\t\t\t\t\t\tdata-dim=\"w:286px,152px,281.988px,216px;h:47px,25px,34.444500000000005px,34px;minh:0px,none,none,none;\"\n\t\t\t\t\t\t\t\tdata-padding=\"r:25,13,10,19;l:25,13,10,19;\"\n\t\t\t\t\t\t\t\tdata-frame_0=\"x:0,0,0,0px;y:0,0,0,0px;\"\n\t\t\t\t\t\t\t\tdata-frame_1=\"x:0,0,0,0px;y:0,0,0,0px;\"\n\t\t\t\t\t\t\t\tdata-frame_999=\"o:0;st:w;\"\n\t\t\t\t\t\t\t\tdata-frame_hover=\"bor:0px,0px,0px,0px;e:power1.inOut;\"\n\t\t\t\t\t\t\t\tstyle=\"z-index:7;font-family:'Montserrat';\"\n\t\t\t\t\t\t\t><span style=\"margin-right:20px;\">GET STARTED <\/span> <i style=\"color:#FFD700;\" class=\"fa-arrow-right\"><\/i> \n\t\t\t\t\t\t\t<\/rs-layer><!--\n-->\t\t\t\t\t<\/rs-slide>\n\t\t\t\t\t<\/rs-slides>\n\t\t\t\t<\/rs-module>\n\t\t\t\t<script>\n\t\t\t\t\tsetREVStartSize({c: 'rev_slider_8_1',rl:[1240,1024,778,480],el:[700,768,460,350],gw:[1920,1024,778,480],gh:[700,768,460,350],type:'standard',justify:'',layout:'fullwidth',mh:\"0\"});if (window.RS_MODULES!==undefined && window.RS_MODULES.modules!==undefined && window.RS_MODULES.modules[\"revslider81\"]!==undefined) {window.RS_MODULES.modules[\"revslider81\"].once = false;window.revapi8 = undefined;if (window.RS_MODULES.checkMinimal!==undefined) window.RS_MODULES.checkMinimal()}\n\t\t\t\t<\/script>\n\t\t\t<\/rs-module-wrap>\n\t\t\t<!-- END REVOLUTION SLIDER -->\n<\/div>\n\n\n\n<style>.page-id-2831 section#mainHeroBanner {\n    display: none;\n}<\/style>\n","protected":false},"excerpt":{"rendered":"","protected":false},"author":87,"featured_media":0,"parent":3,"menu_order":0,"comment_status":"closed","ping_status":"closed","template":"","meta":{"_acf_changed":false,"footnotes":""},"class_list":["post-2831","page","type-page","status-publish","hentry"],"acf":[],"yoast_head":"<!-- This site is optimized with the Yoast SEO Premium plugin v26.9 (Yoast SEO v27.3) - https:\/\/yoast.com\/product\/yoast-seo-premium-wordpress\/ -->\n<title>Slider Demo - Corporate Connections<\/title>\n<meta name=\"description\" content=\"Explore Corporate Connections&#039; Privacy Policy Slider Demo To See How We Prioritize Your Data Privacy. Navigate Through Our Interactive Demo Here\" \/>\n<meta name=\"robots\" content=\"noindex, follow, max-snippet:-1, max-image-preview:large, max-video-preview:-1\" \/>\n<meta property=\"og:locale\" content=\"pl_PL\" \/>\n<meta property=\"og:type\" content=\"article\" \/>\n<meta property=\"og:title\" content=\"Slider Demo\" \/>\n<meta property=\"og:url\" content=\"https:\/\/sandbox.corporateconnections.com\/privacy-policy\/slider-demo\" \/>\n<meta property=\"og:site_name\" content=\"Corporate Connections\" \/>\n<meta property=\"article:modified_time\" content=\"2023-09-01T07:57:14+00:00\" \/>\n<meta name=\"twitter:card\" content=\"summary_large_image\" \/>\n<meta name=\"twitter:label1\" content=\"Szacowany czas czytania\" \/>\n\t<meta name=\"twitter:data1\" content=\"1 minuta\" \/>\n<script type=\"application\/ld+json\" class=\"yoast-schema-graph\">{\"@context\":\"https:\\\/\\\/schema.org\",\"@graph\":[{\"@type\":\"WebPage\",\"@id\":\"https:\\\/\\\/sandbox.corporateconnections.com\\\/privacy-policy\\\/slider-demo\",\"url\":\"https:\\\/\\\/sandbox.corporateconnections.com\\\/privacy-policy\\\/slider-demo\",\"name\":\"Slider Demo - Corporate Connections\",\"isPartOf\":{\"@id\":\"https:\\\/\\\/sandbox.corporateconnections.com\\\/es\\\/#website\"},\"datePublished\":\"2021-06-01T13:34:47+00:00\",\"dateModified\":\"2023-09-01T07:57:14+00:00\",\"description\":\"Explore Corporate Connections' Privacy Policy Slider Demo To See How We Prioritize Your Data Privacy. Navigate Through Our Interactive Demo Here\",\"breadcrumb\":{\"@id\":\"https:\\\/\\\/sandbox.corporateconnections.com\\\/privacy-policy\\\/slider-demo#breadcrumb\"},\"inLanguage\":\"pl-PL\",\"potentialAction\":[{\"@type\":\"ReadAction\",\"target\":[\"https:\\\/\\\/sandbox.corporateconnections.com\\\/privacy-policy\\\/slider-demo\"]}]},{\"@type\":\"BreadcrumbList\",\"@id\":\"https:\\\/\\\/sandbox.corporateconnections.com\\\/privacy-policy\\\/slider-demo#breadcrumb\",\"itemListElement\":[{\"@type\":\"ListItem\",\"position\":1,\"name\":\"Home\",\"item\":\"https:\\\/\\\/sandbox.corporateconnections.com\\\/pl\"},{\"@type\":\"ListItem\",\"position\":2,\"name\":\"Privacy Policy\",\"item\":\"https:\\\/\\\/sandbox.corporateconnections.com\\\/privacy-policy\"},{\"@type\":\"ListItem\",\"position\":3,\"name\":\"Slider Demo\"}]},{\"@type\":\"WebSite\",\"@id\":\"https:\\\/\\\/sandbox.corporateconnections.com\\\/es\\\/#website\",\"url\":\"https:\\\/\\\/sandbox.corporateconnections.com\\\/es\\\/\",\"name\":\"Corporate Connections\",\"description\":\"Where Leaders Connect\",\"publisher\":{\"@id\":\"https:\\\/\\\/sandbox.corporateconnections.com\\\/es\\\/#organization\"},\"potentialAction\":[{\"@type\":\"SearchAction\",\"target\":{\"@type\":\"EntryPoint\",\"urlTemplate\":\"https:\\\/\\\/sandbox.corporateconnections.com\\\/es\\\/?s={search_term_string}\"},\"query-input\":{\"@type\":\"PropertyValueSpecification\",\"valueRequired\":true,\"valueName\":\"search_term_string\"}}],\"inLanguage\":\"pl-PL\"},{\"@type\":\"Organization\",\"@id\":\"https:\\\/\\\/sandbox.corporateconnections.com\\\/es\\\/#organization\",\"name\":\"Corporate Connections&reg;\",\"url\":\"https:\\\/\\\/sandbox.corporateconnections.com\\\/es\\\/\",\"logo\":{\"@type\":\"ImageObject\",\"inLanguage\":\"pl-PL\",\"@id\":\"https:\\\/\\\/sandbox.corporateconnections.com\\\/es\\\/#\\\/schema\\\/logo\\\/image\\\/\",\"url\":\"https:\\\/\\\/sandbox.corporateconnections.com\\\/wp-content\\\/uploads\\\/2020\\\/10\\\/cc-logo.png\",\"contentUrl\":\"https:\\\/\\\/sandbox.corporateconnections.com\\\/wp-content\\\/uploads\\\/2020\\\/10\\\/cc-logo.png\",\"width\":250,\"height\":87,\"caption\":\"Corporate Connections&reg;\"},\"image\":{\"@id\":\"https:\\\/\\\/sandbox.corporateconnections.com\\\/es\\\/#\\\/schema\\\/logo\\\/image\\\/\"}}]}<\/script>\n<!-- \/ Yoast SEO Premium plugin. -->","yoast_head_json":{"title":"Slider Demo - Corporate Connections","description":"Explore Corporate Connections' Privacy Policy Slider Demo To See How We Prioritize Your Data Privacy. Navigate Through Our Interactive Demo Here","robots":{"index":"noindex","follow":"follow","max-snippet":"max-snippet:-1","max-image-preview":"max-image-preview:large","max-video-preview":"max-video-preview:-1"},"og_locale":"pl_PL","og_type":"article","og_title":"Slider Demo","og_url":"https:\/\/sandbox.corporateconnections.com\/privacy-policy\/slider-demo","og_site_name":"Corporate Connections","article_modified_time":"2023-09-01T07:57:14+00:00","twitter_card":"summary_large_image","twitter_misc":{"Szacowany czas czytania":"1 minuta"},"schema":{"@context":"https:\/\/schema.org","@graph":[{"@type":"WebPage","@id":"https:\/\/sandbox.corporateconnections.com\/privacy-policy\/slider-demo","url":"https:\/\/sandbox.corporateconnections.com\/privacy-policy\/slider-demo","name":"Slider Demo - Corporate Connections","isPartOf":{"@id":"https:\/\/sandbox.corporateconnections.com\/es\/#website"},"datePublished":"2021-06-01T13:34:47+00:00","dateModified":"2023-09-01T07:57:14+00:00","description":"Explore Corporate Connections' Privacy Policy Slider Demo To See How We Prioritize Your Data Privacy. Navigate Through Our Interactive Demo Here","breadcrumb":{"@id":"https:\/\/sandbox.corporateconnections.com\/privacy-policy\/slider-demo#breadcrumb"},"inLanguage":"pl-PL","potentialAction":[{"@type":"ReadAction","target":["https:\/\/sandbox.corporateconnections.com\/privacy-policy\/slider-demo"]}]},{"@type":"BreadcrumbList","@id":"https:\/\/sandbox.corporateconnections.com\/privacy-policy\/slider-demo#breadcrumb","itemListElement":[{"@type":"ListItem","position":1,"name":"Home","item":"https:\/\/sandbox.corporateconnections.com\/pl"},{"@type":"ListItem","position":2,"name":"Privacy Policy","item":"https:\/\/sandbox.corporateconnections.com\/privacy-policy"},{"@type":"ListItem","position":3,"name":"Slider Demo"}]},{"@type":"WebSite","@id":"https:\/\/sandbox.corporateconnections.com\/es\/#website","url":"https:\/\/sandbox.corporateconnections.com\/es\/","name":"Corporate Connections","description":"Where Leaders Connect","publisher":{"@id":"https:\/\/sandbox.corporateconnections.com\/es\/#organization"},"potentialAction":[{"@type":"SearchAction","target":{"@type":"EntryPoint","urlTemplate":"https:\/\/sandbox.corporateconnections.com\/es\/?s={search_term_string}"},"query-input":{"@type":"PropertyValueSpecification","valueRequired":true,"valueName":"search_term_string"}}],"inLanguage":"pl-PL"},{"@type":"Organization","@id":"https:\/\/sandbox.corporateconnections.com\/es\/#organization","name":"Corporate Connections&reg;","url":"https:\/\/sandbox.corporateconnections.com\/es\/","logo":{"@type":"ImageObject","inLanguage":"pl-PL","@id":"https:\/\/sandbox.corporateconnections.com\/es\/#\/schema\/logo\/image\/","url":"https:\/\/sandbox.corporateconnections.com\/wp-content\/uploads\/2020\/10\/cc-logo.png","contentUrl":"https:\/\/sandbox.corporateconnections.com\/wp-content\/uploads\/2020\/10\/cc-logo.png","width":250,"height":87,"caption":"Corporate Connections&reg;"},"image":{"@id":"https:\/\/sandbox.corporateconnections.com\/es\/#\/schema\/logo\/image\/"}}]}},"_links":{"self":[{"href":"https:\/\/sandbox.corporateconnections.com\/pl\/wp-json\/wp\/v2\/pages\/2831","targetHints":{"allow":["GET"]}}],"collection":[{"href":"https:\/\/sandbox.corporateconnections.com\/pl\/wp-json\/wp\/v2\/pages"}],"about":[{"href":"https:\/\/sandbox.corporateconnections.com\/pl\/wp-json\/wp\/v2\/types\/page"}],"author":[{"embeddable":true,"href":"https:\/\/sandbox.corporateconnections.com\/pl\/wp-json\/wp\/v2\/users\/87"}],"replies":[{"embeddable":true,"href":"https:\/\/sandbox.corporateconnections.com\/pl\/wp-json\/wp\/v2\/comments?post=2831"}],"version-history":[{"count":3,"href":"https:\/\/sandbox.corporateconnections.com\/pl\/wp-json\/wp\/v2\/pages\/2831\/revisions"}],"predecessor-version":[{"id":2835,"href":"https:\/\/sandbox.corporateconnections.com\/pl\/wp-json\/wp\/v2\/pages\/2831\/revisions\/2835"}],"up":[{"embeddable":true,"href":"https:\/\/sandbox.corporateconnections.com\/pl\/wp-json\/wp\/v2\/pages\/3"}],"wp:attachment":[{"href":"https:\/\/sandbox.corporateconnections.com\/pl\/wp-json\/wp\/v2\/media?parent=2831"}],"curies":[{"name":"wp","href":"https:\/\/api.w.org\/{rel}","templated":true}]}}