{"id":3583,"date":"2021-07-08T14:04:09","date_gmt":"2021-07-08T14:04:09","guid":{"rendered":"https:\/\/sandbox.corporateconnections.com\/o-nas\/"},"modified":"2021-07-08T14:04:09","modified_gmt":"2021-07-08T14:04:09","slug":"o-nas","status":"publish","type":"page","link":"https:\/\/sandbox.corporateconnections.com\/pl\/o-nas","title":{"rendered":"O nas"},"content":{"rendered":"","protected":false},"excerpt":{"rendered":"","protected":false},"author":4,"featured_media":0,"parent":0,"menu_order":0,"comment_status":"closed","ping_status":"closed","template":"template-aboutUs.php","meta":{"_acf_changed":false,"footnotes":""},"class_list":["post-3583","page","type-page","status-publish","hentry"],"acf":[],"yoast_head":"<!-- This site is optimized with the Yoast SEO Premium plugin v26.9 (Yoast SEO v27.3) - https:\/\/yoast.com\/product\/yoast-seo-premium-wordpress\/ -->\n<title>Premiere Globalna Platforma sieci kontakt\u00f3w i rozwoju lider\u00f3w<\/title>\n<meta name=\"description\" content=\"CorporateConnections\u00ae jest globaln\u0105 spo\u0142eczno\u015bci\u0105 zrzeszaj\u0105c\u0105 w\u0142a\u015bcicieli i kadr\u0119 dyrektorsk\u0105 przedsi\u0119biorstw. Koncentrujemy dzia\u0142ania na zaawansowanym rozwoju zdolno\u015bci przyw\u00f3dczych i budowaniu sieci kontakt\u00f3w na poziomie najwy\u017cszego kierownictwa\" \/>\n<meta name=\"robots\" content=\"noindex, follow, max-snippet:-1, max-image-preview:large, max-video-preview:-1\" \/>\n<meta property=\"og:locale\" content=\"pl_PL\" \/>\n<meta property=\"og:type\" content=\"article\" \/>\n<meta property=\"og:title\" content=\"O nas\" \/>\n<meta property=\"og:url\" content=\"https:\/\/sandbox.corporateconnections.com\/about-us\" \/>\n<meta property=\"og:site_name\" content=\"Corporate Connections\" \/>\n<meta name=\"twitter:card\" content=\"summary_large_image\" \/>\n<script type=\"application\/ld+json\" class=\"yoast-schema-graph\">{\"@context\":\"https:\\\/\\\/schema.org\",\"@graph\":[{\"@type\":\"WebPage\",\"@id\":\"https:\\\/\\\/sandbox.corporateconnections.com\\\/about-us\",\"url\":\"https:\\\/\\\/sandbox.corporateconnections.com\\\/about-us\",\"name\":\"Premiere Globalna Platforma sieci kontakt\u00f3w i rozwoju lider\u00f3w\",\"isPartOf\":{\"@id\":\"https:\\\/\\\/sandbox.corporateconnections.com\\\/es\\\/#website\"},\"datePublished\":\"2021-07-08T14:04:09+00:00\",\"description\":\"CorporateConnections\u00ae jest globaln\u0105 spo\u0142eczno\u015bci\u0105 zrzeszaj\u0105c\u0105 w\u0142a\u015bcicieli i kadr\u0119 dyrektorsk\u0105 przedsi\u0119biorstw. Koncentrujemy dzia\u0142ania na zaawansowanym rozwoju zdolno\u015bci przyw\u00f3dczych i budowaniu sieci kontakt\u00f3w na poziomie najwy\u017cszego kierownictwa\",\"breadcrumb\":{\"@id\":\"https:\\\/\\\/sandbox.corporateconnections.com\\\/about-us#breadcrumb\"},\"inLanguage\":\"pl-PL\",\"potentialAction\":[{\"@type\":\"ReadAction\",\"target\":[\"https:\\\/\\\/sandbox.corporateconnections.com\\\/about-us\"]}]},{\"@type\":\"BreadcrumbList\",\"@id\":\"https:\\\/\\\/sandbox.corporateconnections.com\\\/about-us#breadcrumb\",\"itemListElement\":[{\"@type\":\"ListItem\",\"position\":1,\"name\":\"Home\",\"item\":\"https:\\\/\\\/sandbox.corporateconnections.com\\\/pl\"},{\"@type\":\"ListItem\",\"position\":2,\"name\":\"O nas\"}]},{\"@type\":\"WebSite\",\"@id\":\"https:\\\/\\\/sandbox.corporateconnections.com\\\/es\\\/#website\",\"url\":\"https:\\\/\\\/sandbox.corporateconnections.com\\\/es\\\/\",\"name\":\"Corporate Connections\",\"description\":\"Where Leaders Connect\",\"publisher\":{\"@id\":\"https:\\\/\\\/sandbox.corporateconnections.com\\\/es\\\/#organization\"},\"potentialAction\":[{\"@type\":\"SearchAction\",\"target\":{\"@type\":\"EntryPoint\",\"urlTemplate\":\"https:\\\/\\\/sandbox.corporateconnections.com\\\/es\\\/?s={search_term_string}\"},\"query-input\":{\"@type\":\"PropertyValueSpecification\",\"valueRequired\":true,\"valueName\":\"search_term_string\"}}],\"inLanguage\":\"pl-PL\"},{\"@type\":\"Organization\",\"@id\":\"https:\\\/\\\/sandbox.corporateconnections.com\\\/es\\\/#organization\",\"name\":\"Corporate Connections&reg;\",\"url\":\"https:\\\/\\\/sandbox.corporateconnections.com\\\/es\\\/\",\"logo\":{\"@type\":\"ImageObject\",\"inLanguage\":\"pl-PL\",\"@id\":\"https:\\\/\\\/sandbox.corporateconnections.com\\\/es\\\/#\\\/schema\\\/logo\\\/image\\\/\",\"url\":\"https:\\\/\\\/sandbox.corporateconnections.com\\\/wp-content\\\/uploads\\\/2020\\\/10\\\/cc-logo.png\",\"contentUrl\":\"https:\\\/\\\/sandbox.corporateconnections.com\\\/wp-content\\\/uploads\\\/2020\\\/10\\\/cc-logo.png\",\"width\":250,\"height\":87,\"caption\":\"Corporate Connections&reg;\"},\"image\":{\"@id\":\"https:\\\/\\\/sandbox.corporateconnections.com\\\/es\\\/#\\\/schema\\\/logo\\\/image\\\/\"}}]}<\/script>\n<!-- \/ Yoast SEO Premium plugin. -->","yoast_head_json":{"title":"Premiere Globalna Platforma sieci kontakt\u00f3w i rozwoju lider\u00f3w","description":"CorporateConnections\u00ae jest globaln\u0105 spo\u0142eczno\u015bci\u0105 zrzeszaj\u0105c\u0105 w\u0142a\u015bcicieli i kadr\u0119 dyrektorsk\u0105 przedsi\u0119biorstw. Koncentrujemy dzia\u0142ania na zaawansowanym rozwoju zdolno\u015bci przyw\u00f3dczych i budowaniu sieci kontakt\u00f3w na poziomie najwy\u017cszego kierownictwa","robots":{"index":"noindex","follow":"follow","max-snippet":"max-snippet:-1","max-image-preview":"max-image-preview:large","max-video-preview":"max-video-preview:-1"},"og_locale":"pl_PL","og_type":"article","og_title":"O nas","og_url":"https:\/\/sandbox.corporateconnections.com\/about-us","og_site_name":"Corporate Connections","twitter_card":"summary_large_image","schema":{"@context":"https:\/\/schema.org","@graph":[{"@type":"WebPage","@id":"https:\/\/sandbox.corporateconnections.com\/about-us","url":"https:\/\/sandbox.corporateconnections.com\/about-us","name":"Premiere Globalna Platforma sieci kontakt\u00f3w i rozwoju lider\u00f3w","isPartOf":{"@id":"https:\/\/sandbox.corporateconnections.com\/es\/#website"},"datePublished":"2021-07-08T14:04:09+00:00","description":"CorporateConnections\u00ae jest globaln\u0105 spo\u0142eczno\u015bci\u0105 zrzeszaj\u0105c\u0105 w\u0142a\u015bcicieli i kadr\u0119 dyrektorsk\u0105 przedsi\u0119biorstw. Koncentrujemy dzia\u0142ania na zaawansowanym rozwoju zdolno\u015bci przyw\u00f3dczych i budowaniu sieci kontakt\u00f3w na poziomie najwy\u017cszego kierownictwa","breadcrumb":{"@id":"https:\/\/sandbox.corporateconnections.com\/about-us#breadcrumb"},"inLanguage":"pl-PL","potentialAction":[{"@type":"ReadAction","target":["https:\/\/sandbox.corporateconnections.com\/about-us"]}]},{"@type":"BreadcrumbList","@id":"https:\/\/sandbox.corporateconnections.com\/about-us#breadcrumb","itemListElement":[{"@type":"ListItem","position":1,"name":"Home","item":"https:\/\/sandbox.corporateconnections.com\/pl"},{"@type":"ListItem","position":2,"name":"O nas"}]},{"@type":"WebSite","@id":"https:\/\/sandbox.corporateconnections.com\/es\/#website","url":"https:\/\/sandbox.corporateconnections.com\/es\/","name":"Corporate Connections","description":"Where Leaders Connect","publisher":{"@id":"https:\/\/sandbox.corporateconnections.com\/es\/#organization"},"potentialAction":[{"@type":"SearchAction","target":{"@type":"EntryPoint","urlTemplate":"https:\/\/sandbox.corporateconnections.com\/es\/?s={search_term_string}"},"query-input":{"@type":"PropertyValueSpecification","valueRequired":true,"valueName":"search_term_string"}}],"inLanguage":"pl-PL"},{"@type":"Organization","@id":"https:\/\/sandbox.corporateconnections.com\/es\/#organization","name":"Corporate Connections&reg;","url":"https:\/\/sandbox.corporateconnections.com\/es\/","logo":{"@type":"ImageObject","inLanguage":"pl-PL","@id":"https:\/\/sandbox.corporateconnections.com\/es\/#\/schema\/logo\/image\/","url":"https:\/\/sandbox.corporateconnections.com\/wp-content\/uploads\/2020\/10\/cc-logo.png","contentUrl":"https:\/\/sandbox.corporateconnections.com\/wp-content\/uploads\/2020\/10\/cc-logo.png","width":250,"height":87,"caption":"Corporate Connections&reg;"},"image":{"@id":"https:\/\/sandbox.corporateconnections.com\/es\/#\/schema\/logo\/image\/"}}]}},"_links":{"self":[{"href":"https:\/\/sandbox.corporateconnections.com\/pl\/wp-json\/wp\/v2\/pages\/3583","targetHints":{"allow":["GET"]}}],"collection":[{"href":"https:\/\/sandbox.corporateconnections.com\/pl\/wp-json\/wp\/v2\/pages"}],"about":[{"href":"https:\/\/sandbox.corporateconnections.com\/pl\/wp-json\/wp\/v2\/types\/page"}],"author":[{"embeddable":true,"href":"https:\/\/sandbox.corporateconnections.com\/pl\/wp-json\/wp\/v2\/users\/4"}],"replies":[{"embeddable":true,"href":"https:\/\/sandbox.corporateconnections.com\/pl\/wp-json\/wp\/v2\/comments?post=3583"}],"version-history":[{"count":0,"href":"https:\/\/sandbox.corporateconnections.com\/pl\/wp-json\/wp\/v2\/pages\/3583\/revisions"}],"wp:attachment":[{"href":"https:\/\/sandbox.corporateconnections.com\/pl\/wp-json\/wp\/v2\/media?parent=3583"}],"curies":[{"name":"wp","href":"https:\/\/api.w.org\/{rel}","templated":true}]}}