{"id":3584,"date":"2021-07-08T14:05:18","date_gmt":"2021-07-08T14:05:18","guid":{"rendered":"https:\/\/sandbox.corporateconnections.com\/zycie-cc\/"},"modified":"2021-12-23T05:24:15","modified_gmt":"2021-12-22T23:54:15","slug":"zycie-cc","status":"publish","type":"page","link":"https:\/\/sandbox.corporateconnections.com\/pl\/zycie-cc","title":{"rendered":"\u017bycie CC"},"content":{"rendered":"\n<p>Dla wielu Cz\u0142onk\u00f3w, do\u0142\u0105czenie do CorporateConnections stanowi decyzj\u0119 biznesow\u0105 zwi\u0105zan\u0105 z dost\u0119pem do oferowanych przez sie\u0107 mo\u017cliwo\u015bci.   G\u0142\u00f3wnymi powodami, dla kt\u00f3rych z nami pozostaj\u0105, s\u0105 warto\u015bciowe relacje i mo\u017cliwo\u015b\u0107 korzystania ze wsp\u00f3lnych do\u015bwiadcze\u0144 i wiedzy os\u00f3b o podobnym statusie zawodowym. <\/p>\n","protected":false},"excerpt":{"rendered":"<p>Dla wielu Cz\u0142onk\u00f3w, do\u0142\u0105czenie do CorporateConnections stanowi decyzj\u0119 biznesow\u0105 zwi\u0105zan\u0105 z dost\u0119pem do oferowanych przez sie\u0107 mo\u017cliwo\u015bci. G\u0142\u00f3wnymi powodami, dla kt\u00f3rych z nami pozostaj\u0105, s\u0105 warto\u015bciowe relacje i mo\u017cliwo\u015b\u0107 korzystania ze wsp\u00f3lnych do\u015bwiadcze\u0144 i wiedzy os\u00f3b o podobnym statusie zawodowym.<\/p>\n","protected":false},"author":4,"featured_media":12254,"parent":0,"menu_order":0,"comment_status":"closed","ping_status":"closed","template":"template-ccLife.php","meta":{"_acf_changed":false,"footnotes":""},"class_list":["post-3584","page","type-page","status-publish","has-post-thumbnail","hentry"],"acf":[],"yoast_head":"<!-- This site is optimized with the Yoast SEO Premium plugin v26.9 (Yoast SEO v27.3) - https:\/\/yoast.com\/product\/yoast-seo-premium-wordpress\/ -->\n<title>Kluczowe elementy cz\u0142onkostwa<\/title>\n<meta name=\"description\" content=\"Dzi\u0119ki dost\u0119powi do spo\u0142eczno\u015bci globalnych lider\u00f3w, nasi Cz\u0142onkowie czerpi\u0105 korzy\u015bci dzi\u0119ki wymianie najlepszych praktyk i trend\u00f3w kszta\u0142tuj\u0105cych dzia\u0142ania biznesowe w ramach bliskich kontakt\u00f3w z liderami opinii z ca\u0142ego \u015bwiata.\" \/>\n<meta name=\"robots\" content=\"noindex, follow, max-snippet:-1, max-image-preview:large, max-video-preview:-1\" \/>\n<meta property=\"og:locale\" content=\"pl_PL\" \/>\n<meta property=\"og:type\" content=\"article\" \/>\n<meta property=\"og:title\" content=\"\u017bycie CC\" \/>\n<meta property=\"og:description\" content=\"Dla wielu Cz\u0142onk\u00f3w, do\u0142\u0105czenie do CorporateConnections stanowi decyzj\u0119 biznesow\u0105 zwi\u0105zan\u0105 z dost\u0119pem do oferowanych przez sie\u0107 mo\u017cliwo\u015bci. G\u0142\u00f3wnymi\" \/>\n<meta property=\"og:url\" content=\"https:\/\/sandbox.corporateconnections.com\/cc-life\" \/>\n<meta property=\"og:site_name\" content=\"Corporate Connections\" \/>\n<meta property=\"article:modified_time\" content=\"2021-12-22T23:54:15+00:00\" \/>\n<meta property=\"og:image\" content=\"https:\/\/sandbox.corporateconnections.com\/wp-content\/uploads\/2023\/06\/CC-Day4_web-263-scaled-e1685991586388.jpg\" \/>\n\t<meta property=\"og:image:width\" content=\"2560\" \/>\n\t<meta property=\"og:image:height\" content=\"1707\" \/>\n\t<meta property=\"og:image:type\" content=\"image\/jpeg\" \/>\n<meta name=\"twitter:card\" content=\"summary_large_image\" \/>\n<meta name=\"twitter:label1\" content=\"Szacowany czas czytania\" \/>\n\t<meta name=\"twitter:data1\" content=\"1 minuta\" \/>\n<script type=\"application\/ld+json\" class=\"yoast-schema-graph\">{\"@context\":\"https:\\\/\\\/schema.org\",\"@graph\":[{\"@type\":\"WebPage\",\"@id\":\"https:\\\/\\\/sandbox.corporateconnections.com\\\/cc-life\",\"url\":\"https:\\\/\\\/sandbox.corporateconnections.com\\\/cc-life\",\"name\":\"Kluczowe elementy cz\u0142onkostwa\",\"isPartOf\":{\"@id\":\"https:\\\/\\\/sandbox.corporateconnections.com\\\/es\\\/#website\"},\"primaryImageOfPage\":{\"@id\":\"https:\\\/\\\/sandbox.corporateconnections.com\\\/cc-life#primaryimage\"},\"image\":{\"@id\":\"https:\\\/\\\/sandbox.corporateconnections.com\\\/cc-life#primaryimage\"},\"thumbnailUrl\":\"https:\\\/\\\/sandbox.corporateconnections.com\\\/wp-content\\\/uploads\\\/2023\\\/06\\\/CC-Day4_web-263-scaled-e1685991586388.jpg\",\"datePublished\":\"2021-07-08T14:05:18+00:00\",\"dateModified\":\"2021-12-22T23:54:15+00:00\",\"description\":\"Dzi\u0119ki dost\u0119powi do spo\u0142eczno\u015bci globalnych lider\u00f3w, nasi Cz\u0142onkowie czerpi\u0105 korzy\u015bci dzi\u0119ki wymianie najlepszych praktyk i trend\u00f3w kszta\u0142tuj\u0105cych dzia\u0142ania biznesowe w ramach bliskich kontakt\u00f3w z liderami opinii z ca\u0142ego \u015bwiata.\",\"breadcrumb\":{\"@id\":\"https:\\\/\\\/sandbox.corporateconnections.com\\\/cc-life#breadcrumb\"},\"inLanguage\":\"pl-PL\",\"potentialAction\":[{\"@type\":\"ReadAction\",\"target\":[\"https:\\\/\\\/sandbox.corporateconnections.com\\\/cc-life\"]}]},{\"@type\":\"ImageObject\",\"inLanguage\":\"pl-PL\",\"@id\":\"https:\\\/\\\/sandbox.corporateconnections.com\\\/cc-life#primaryimage\",\"url\":\"https:\\\/\\\/sandbox.corporateconnections.com\\\/wp-content\\\/uploads\\\/2023\\\/06\\\/CC-Day4_web-263-scaled-e1685991586388.jpg\",\"contentUrl\":\"https:\\\/\\\/sandbox.corporateconnections.com\\\/wp-content\\\/uploads\\\/2023\\\/06\\\/CC-Day4_web-263-scaled-e1685991586388.jpg\",\"width\":2560,\"height\":1707},{\"@type\":\"BreadcrumbList\",\"@id\":\"https:\\\/\\\/sandbox.corporateconnections.com\\\/cc-life#breadcrumb\",\"itemListElement\":[{\"@type\":\"ListItem\",\"position\":1,\"name\":\"Home\",\"item\":\"https:\\\/\\\/sandbox.corporateconnections.com\\\/pl\"},{\"@type\":\"ListItem\",\"position\":2,\"name\":\"\u017bycie CC\"}]},{\"@type\":\"WebSite\",\"@id\":\"https:\\\/\\\/sandbox.corporateconnections.com\\\/es\\\/#website\",\"url\":\"https:\\\/\\\/sandbox.corporateconnections.com\\\/es\\\/\",\"name\":\"Corporate Connections\",\"description\":\"Where Leaders Connect\",\"publisher\":{\"@id\":\"https:\\\/\\\/sandbox.corporateconnections.com\\\/es\\\/#organization\"},\"potentialAction\":[{\"@type\":\"SearchAction\",\"target\":{\"@type\":\"EntryPoint\",\"urlTemplate\":\"https:\\\/\\\/sandbox.corporateconnections.com\\\/es\\\/?s={search_term_string}\"},\"query-input\":{\"@type\":\"PropertyValueSpecification\",\"valueRequired\":true,\"valueName\":\"search_term_string\"}}],\"inLanguage\":\"pl-PL\"},{\"@type\":\"Organization\",\"@id\":\"https:\\\/\\\/sandbox.corporateconnections.com\\\/es\\\/#organization\",\"name\":\"Corporate Connections&reg;\",\"url\":\"https:\\\/\\\/sandbox.corporateconnections.com\\\/es\\\/\",\"logo\":{\"@type\":\"ImageObject\",\"inLanguage\":\"pl-PL\",\"@id\":\"https:\\\/\\\/sandbox.corporateconnections.com\\\/es\\\/#\\\/schema\\\/logo\\\/image\\\/\",\"url\":\"https:\\\/\\\/sandbox.corporateconnections.com\\\/wp-content\\\/uploads\\\/2020\\\/10\\\/cc-logo.png\",\"contentUrl\":\"https:\\\/\\\/sandbox.corporateconnections.com\\\/wp-content\\\/uploads\\\/2020\\\/10\\\/cc-logo.png\",\"width\":250,\"height\":87,\"caption\":\"Corporate Connections&reg;\"},\"image\":{\"@id\":\"https:\\\/\\\/sandbox.corporateconnections.com\\\/es\\\/#\\\/schema\\\/logo\\\/image\\\/\"}}]}<\/script>\n<!-- \/ Yoast SEO Premium plugin. -->","yoast_head_json":{"title":"Kluczowe elementy cz\u0142onkostwa","description":"Dzi\u0119ki dost\u0119powi do spo\u0142eczno\u015bci globalnych lider\u00f3w, nasi Cz\u0142onkowie czerpi\u0105 korzy\u015bci dzi\u0119ki wymianie najlepszych praktyk i trend\u00f3w kszta\u0142tuj\u0105cych dzia\u0142ania biznesowe w ramach bliskich kontakt\u00f3w z liderami opinii z ca\u0142ego \u015bwiata.","robots":{"index":"noindex","follow":"follow","max-snippet":"max-snippet:-1","max-image-preview":"max-image-preview:large","max-video-preview":"max-video-preview:-1"},"og_locale":"pl_PL","og_type":"article","og_title":"\u017bycie CC","og_description":"Dla wielu Cz\u0142onk\u00f3w, do\u0142\u0105czenie do CorporateConnections stanowi decyzj\u0119 biznesow\u0105 zwi\u0105zan\u0105 z dost\u0119pem do oferowanych przez sie\u0107 mo\u017cliwo\u015bci. G\u0142\u00f3wnymi","og_url":"https:\/\/sandbox.corporateconnections.com\/cc-life","og_site_name":"Corporate Connections","article_modified_time":"2021-12-22T23:54:15+00:00","og_image":[{"width":2560,"height":1707,"url":"https:\/\/sandbox.corporateconnections.com\/wp-content\/uploads\/2023\/06\/CC-Day4_web-263-scaled-e1685991586388.jpg","type":"image\/jpeg"}],"twitter_card":"summary_large_image","twitter_misc":{"Szacowany czas czytania":"1 minuta"},"schema":{"@context":"https:\/\/schema.org","@graph":[{"@type":"WebPage","@id":"https:\/\/sandbox.corporateconnections.com\/cc-life","url":"https:\/\/sandbox.corporateconnections.com\/cc-life","name":"Kluczowe elementy cz\u0142onkostwa","isPartOf":{"@id":"https:\/\/sandbox.corporateconnections.com\/es\/#website"},"primaryImageOfPage":{"@id":"https:\/\/sandbox.corporateconnections.com\/cc-life#primaryimage"},"image":{"@id":"https:\/\/sandbox.corporateconnections.com\/cc-life#primaryimage"},"thumbnailUrl":"https:\/\/sandbox.corporateconnections.com\/wp-content\/uploads\/2023\/06\/CC-Day4_web-263-scaled-e1685991586388.jpg","datePublished":"2021-07-08T14:05:18+00:00","dateModified":"2021-12-22T23:54:15+00:00","description":"Dzi\u0119ki dost\u0119powi do spo\u0142eczno\u015bci globalnych lider\u00f3w, nasi Cz\u0142onkowie czerpi\u0105 korzy\u015bci dzi\u0119ki wymianie najlepszych praktyk i trend\u00f3w kszta\u0142tuj\u0105cych dzia\u0142ania biznesowe w ramach bliskich kontakt\u00f3w z liderami opinii z ca\u0142ego \u015bwiata.","breadcrumb":{"@id":"https:\/\/sandbox.corporateconnections.com\/cc-life#breadcrumb"},"inLanguage":"pl-PL","potentialAction":[{"@type":"ReadAction","target":["https:\/\/sandbox.corporateconnections.com\/cc-life"]}]},{"@type":"ImageObject","inLanguage":"pl-PL","@id":"https:\/\/sandbox.corporateconnections.com\/cc-life#primaryimage","url":"https:\/\/sandbox.corporateconnections.com\/wp-content\/uploads\/2023\/06\/CC-Day4_web-263-scaled-e1685991586388.jpg","contentUrl":"https:\/\/sandbox.corporateconnections.com\/wp-content\/uploads\/2023\/06\/CC-Day4_web-263-scaled-e1685991586388.jpg","width":2560,"height":1707},{"@type":"BreadcrumbList","@id":"https:\/\/sandbox.corporateconnections.com\/cc-life#breadcrumb","itemListElement":[{"@type":"ListItem","position":1,"name":"Home","item":"https:\/\/sandbox.corporateconnections.com\/pl"},{"@type":"ListItem","position":2,"name":"\u017bycie CC"}]},{"@type":"WebSite","@id":"https:\/\/sandbox.corporateconnections.com\/es\/#website","url":"https:\/\/sandbox.corporateconnections.com\/es\/","name":"Corporate Connections","description":"Where Leaders Connect","publisher":{"@id":"https:\/\/sandbox.corporateconnections.com\/es\/#organization"},"potentialAction":[{"@type":"SearchAction","target":{"@type":"EntryPoint","urlTemplate":"https:\/\/sandbox.corporateconnections.com\/es\/?s={search_term_string}"},"query-input":{"@type":"PropertyValueSpecification","valueRequired":true,"valueName":"search_term_string"}}],"inLanguage":"pl-PL"},{"@type":"Organization","@id":"https:\/\/sandbox.corporateconnections.com\/es\/#organization","name":"Corporate Connections&reg;","url":"https:\/\/sandbox.corporateconnections.com\/es\/","logo":{"@type":"ImageObject","inLanguage":"pl-PL","@id":"https:\/\/sandbox.corporateconnections.com\/es\/#\/schema\/logo\/image\/","url":"https:\/\/sandbox.corporateconnections.com\/wp-content\/uploads\/2020\/10\/cc-logo.png","contentUrl":"https:\/\/sandbox.corporateconnections.com\/wp-content\/uploads\/2020\/10\/cc-logo.png","width":250,"height":87,"caption":"Corporate Connections&reg;"},"image":{"@id":"https:\/\/sandbox.corporateconnections.com\/es\/#\/schema\/logo\/image\/"}}]}},"_links":{"self":[{"href":"https:\/\/sandbox.corporateconnections.com\/pl\/wp-json\/wp\/v2\/pages\/3584","targetHints":{"allow":["GET"]}}],"collection":[{"href":"https:\/\/sandbox.corporateconnections.com\/pl\/wp-json\/wp\/v2\/pages"}],"about":[{"href":"https:\/\/sandbox.corporateconnections.com\/pl\/wp-json\/wp\/v2\/types\/page"}],"author":[{"embeddable":true,"href":"https:\/\/sandbox.corporateconnections.com\/pl\/wp-json\/wp\/v2\/users\/4"}],"replies":[{"embeddable":true,"href":"https:\/\/sandbox.corporateconnections.com\/pl\/wp-json\/wp\/v2\/comments?post=3584"}],"version-history":[{"count":4,"href":"https:\/\/sandbox.corporateconnections.com\/pl\/wp-json\/wp\/v2\/pages\/3584\/revisions"}],"predecessor-version":[{"id":7054,"href":"https:\/\/sandbox.corporateconnections.com\/pl\/wp-json\/wp\/v2\/pages\/3584\/revisions\/7054"}],"wp:featuredmedia":[{"embeddable":true,"href":"https:\/\/sandbox.corporateconnections.com\/pl\/wp-json\/wp\/v2\/media\/12254"}],"wp:attachment":[{"href":"https:\/\/sandbox.corporateconnections.com\/pl\/wp-json\/wp\/v2\/media?parent=3584"}],"curies":[{"name":"wp","href":"https:\/\/api.w.org\/{rel}","templated":true}]}}