{"id":3586,"date":"2021-07-08T14:06:01","date_gmt":"2021-07-08T14:06:01","guid":{"rendered":"https:\/\/sandbox.corporateconnections.com\/historie-naszych-czlonkow\/"},"modified":"2024-07-29T13:38:11","modified_gmt":"2024-07-29T08:08:11","slug":"historie-naszych-czlonkow","status":"publish","type":"page","link":"https:\/\/sandbox.corporateconnections.com\/pl\/historie-naszych-czlonkow","title":{"rendered":"Historie naszych Cz\u0142onk\u00f3w"},"content":{"rendered":"\n<p>Cz\u0142onkowie CorporateConnections opowiadaj\u0105 na temat wyj\u0105tkowych do\u015bwiadcze\u0144 zwi\u0105zanych z Cz\u0142onkostwem. <\/p>\n","protected":false},"excerpt":{"rendered":"<p>Cz\u0142onkowie CorporateConnections opowiadaj\u0105 na temat wyj\u0105tkowych do\u015bwiadcze\u0144 zwi\u0105zanych z Cz\u0142onkostwem.<\/p>\n","protected":false},"author":4,"featured_media":12457,"parent":0,"menu_order":0,"comment_status":"closed","ping_status":"closed","template":"template-memeberstories.php","meta":{"_acf_changed":false,"footnotes":""},"class_list":["post-3586","page","type-page","status-publish","has-post-thumbnail","hentry"],"acf":[],"yoast_head":"<!-- This site is optimized with the Yoast SEO Premium plugin v26.9 (Yoast SEO v27.3) - https:\/\/yoast.com\/product\/yoast-seo-premium-wordpress\/ -->\n<title>Globalne historie cz\u0142onk\u00f3w | Mi\u0119dzynarodowe sieci biznesowe<\/title>\n<meta name=\"description\" content=\"Przyspiesz rozw\u00f3j swojego przedsi\u0119biorstwa dzi\u0119ki wsparciu odnosz\u0105cych sukcesy lider\u00f3w i przedsi\u0119biorc\u00f3w z ca\u0142ego \u015bwiata. Przeczytaj historie, kt\u00f3rymi podzielili si\u0119 cz\u0142onkowie CorporateConnections\u00ae.\" \/>\n<meta name=\"robots\" content=\"noindex, follow, max-snippet:-1, max-image-preview:large, max-video-preview:-1\" \/>\n<meta property=\"og:locale\" content=\"pl_PL\" \/>\n<meta property=\"og:type\" content=\"article\" \/>\n<meta property=\"og:title\" content=\"Historie naszych Cz\u0142onk\u00f3w\" \/>\n<meta property=\"og:description\" content=\"Cz\u0142onkowie CorporateConnections opowiadaj\u0105 na temat wyj\u0105tkowych do\u015bwiadcze\u0144 zwi\u0105zanych z Cz\u0142onkostwem.\" \/>\n<meta property=\"og:url\" content=\"https:\/\/sandbox.corporateconnections.com\/pl\/historie-naszych-czlonkow\" \/>\n<meta property=\"og:site_name\" content=\"Corporate Connections\" \/>\n<meta property=\"article:modified_time\" content=\"2024-07-29T08:08:11+00:00\" \/>\n<meta property=\"og:image\" content=\"https:\/\/sandbox.corporateconnections.com\/wp-content\/uploads\/2023\/07\/520_CC_1879-scaled-e1688506736446.jpg\" \/>\n\t<meta property=\"og:image:width\" content=\"2560\" \/>\n\t<meta property=\"og:image:height\" content=\"1707\" \/>\n\t<meta property=\"og:image:type\" content=\"image\/jpeg\" \/>\n<meta name=\"twitter:card\" content=\"summary_large_image\" \/>\n<meta name=\"twitter:label1\" content=\"Szacowany czas czytania\" \/>\n\t<meta name=\"twitter:data1\" content=\"1 minuta\" \/>\n<script type=\"application\/ld+json\" class=\"yoast-schema-graph\">{\"@context\":\"https:\\\/\\\/schema.org\",\"@graph\":[{\"@type\":\"WebPage\",\"@id\":\"https:\\\/\\\/sandbox.corporateconnections.com\\\/pl\\\/historie-naszych-czlonkow\",\"url\":\"https:\\\/\\\/sandbox.corporateconnections.com\\\/pl\\\/historie-naszych-czlonkow\",\"name\":\"Globalne historie cz\u0142onk\u00f3w | Mi\u0119dzynarodowe sieci biznesowe\",\"isPartOf\":{\"@id\":\"https:\\\/\\\/sandbox.corporateconnections.com\\\/es\\\/#website\"},\"primaryImageOfPage\":{\"@id\":\"https:\\\/\\\/sandbox.corporateconnections.com\\\/pl\\\/historie-naszych-czlonkow#primaryimage\"},\"image\":{\"@id\":\"https:\\\/\\\/sandbox.corporateconnections.com\\\/pl\\\/historie-naszych-czlonkow#primaryimage\"},\"thumbnailUrl\":\"https:\\\/\\\/sandbox.corporateconnections.com\\\/wp-content\\\/uploads\\\/2023\\\/07\\\/520_CC_1879-scaled-e1688506736446.jpg\",\"datePublished\":\"2021-07-08T14:06:01+00:00\",\"dateModified\":\"2024-07-29T08:08:11+00:00\",\"description\":\"Przyspiesz rozw\u00f3j swojego przedsi\u0119biorstwa dzi\u0119ki wsparciu odnosz\u0105cych sukcesy lider\u00f3w i przedsi\u0119biorc\u00f3w z ca\u0142ego \u015bwiata. Przeczytaj historie, kt\u00f3rymi podzielili si\u0119 cz\u0142onkowie CorporateConnections\u00ae.\",\"breadcrumb\":{\"@id\":\"https:\\\/\\\/sandbox.corporateconnections.com\\\/pl\\\/historie-naszych-czlonkow#breadcrumb\"},\"inLanguage\":\"pl-PL\",\"potentialAction\":[{\"@type\":\"ReadAction\",\"target\":[\"https:\\\/\\\/sandbox.corporateconnections.com\\\/pl\\\/historie-naszych-czlonkow\"]}]},{\"@type\":\"ImageObject\",\"inLanguage\":\"pl-PL\",\"@id\":\"https:\\\/\\\/sandbox.corporateconnections.com\\\/pl\\\/historie-naszych-czlonkow#primaryimage\",\"url\":\"https:\\\/\\\/sandbox.corporateconnections.com\\\/wp-content\\\/uploads\\\/2023\\\/07\\\/520_CC_1879-scaled-e1688506736446.jpg\",\"contentUrl\":\"https:\\\/\\\/sandbox.corporateconnections.com\\\/wp-content\\\/uploads\\\/2023\\\/07\\\/520_CC_1879-scaled-e1688506736446.jpg\",\"width\":2560,\"height\":1707},{\"@type\":\"BreadcrumbList\",\"@id\":\"https:\\\/\\\/sandbox.corporateconnections.com\\\/pl\\\/historie-naszych-czlonkow#breadcrumb\",\"itemListElement\":[{\"@type\":\"ListItem\",\"position\":1,\"name\":\"Home\",\"item\":\"https:\\\/\\\/sandbox.corporateconnections.com\\\/pl\"},{\"@type\":\"ListItem\",\"position\":2,\"name\":\"Historie naszych Cz\u0142onk\u00f3w\"}]},{\"@type\":\"WebSite\",\"@id\":\"https:\\\/\\\/sandbox.corporateconnections.com\\\/es\\\/#website\",\"url\":\"https:\\\/\\\/sandbox.corporateconnections.com\\\/es\\\/\",\"name\":\"Corporate Connections\",\"description\":\"Where Leaders Connect\",\"publisher\":{\"@id\":\"https:\\\/\\\/sandbox.corporateconnections.com\\\/es\\\/#organization\"},\"potentialAction\":[{\"@type\":\"SearchAction\",\"target\":{\"@type\":\"EntryPoint\",\"urlTemplate\":\"https:\\\/\\\/sandbox.corporateconnections.com\\\/es\\\/?s={search_term_string}\"},\"query-input\":{\"@type\":\"PropertyValueSpecification\",\"valueRequired\":true,\"valueName\":\"search_term_string\"}}],\"inLanguage\":\"pl-PL\"},{\"@type\":\"Organization\",\"@id\":\"https:\\\/\\\/sandbox.corporateconnections.com\\\/es\\\/#organization\",\"name\":\"Corporate Connections&reg;\",\"url\":\"https:\\\/\\\/sandbox.corporateconnections.com\\\/es\\\/\",\"logo\":{\"@type\":\"ImageObject\",\"inLanguage\":\"pl-PL\",\"@id\":\"https:\\\/\\\/sandbox.corporateconnections.com\\\/es\\\/#\\\/schema\\\/logo\\\/image\\\/\",\"url\":\"https:\\\/\\\/sandbox.corporateconnections.com\\\/wp-content\\\/uploads\\\/2020\\\/10\\\/cc-logo.png\",\"contentUrl\":\"https:\\\/\\\/sandbox.corporateconnections.com\\\/wp-content\\\/uploads\\\/2020\\\/10\\\/cc-logo.png\",\"width\":250,\"height\":87,\"caption\":\"Corporate Connections&reg;\"},\"image\":{\"@id\":\"https:\\\/\\\/sandbox.corporateconnections.com\\\/es\\\/#\\\/schema\\\/logo\\\/image\\\/\"}}]}<\/script>\n<!-- \/ Yoast SEO Premium plugin. -->","yoast_head_json":{"title":"Globalne historie cz\u0142onk\u00f3w | Mi\u0119dzynarodowe sieci biznesowe","description":"Przyspiesz rozw\u00f3j swojego przedsi\u0119biorstwa dzi\u0119ki wsparciu odnosz\u0105cych sukcesy lider\u00f3w i przedsi\u0119biorc\u00f3w z ca\u0142ego \u015bwiata. Przeczytaj historie, kt\u00f3rymi podzielili si\u0119 cz\u0142onkowie CorporateConnections\u00ae.","robots":{"index":"noindex","follow":"follow","max-snippet":"max-snippet:-1","max-image-preview":"max-image-preview:large","max-video-preview":"max-video-preview:-1"},"og_locale":"pl_PL","og_type":"article","og_title":"Historie naszych Cz\u0142onk\u00f3w","og_description":"Cz\u0142onkowie CorporateConnections opowiadaj\u0105 na temat wyj\u0105tkowych do\u015bwiadcze\u0144 zwi\u0105zanych z Cz\u0142onkostwem.","og_url":"https:\/\/sandbox.corporateconnections.com\/pl\/historie-naszych-czlonkow","og_site_name":"Corporate Connections","article_modified_time":"2024-07-29T08:08:11+00:00","og_image":[{"width":2560,"height":1707,"url":"https:\/\/sandbox.corporateconnections.com\/wp-content\/uploads\/2023\/07\/520_CC_1879-scaled-e1688506736446.jpg","type":"image\/jpeg"}],"twitter_card":"summary_large_image","twitter_misc":{"Szacowany czas czytania":"1 minuta"},"schema":{"@context":"https:\/\/schema.org","@graph":[{"@type":"WebPage","@id":"https:\/\/sandbox.corporateconnections.com\/pl\/historie-naszych-czlonkow","url":"https:\/\/sandbox.corporateconnections.com\/pl\/historie-naszych-czlonkow","name":"Globalne historie cz\u0142onk\u00f3w | Mi\u0119dzynarodowe sieci biznesowe","isPartOf":{"@id":"https:\/\/sandbox.corporateconnections.com\/es\/#website"},"primaryImageOfPage":{"@id":"https:\/\/sandbox.corporateconnections.com\/pl\/historie-naszych-czlonkow#primaryimage"},"image":{"@id":"https:\/\/sandbox.corporateconnections.com\/pl\/historie-naszych-czlonkow#primaryimage"},"thumbnailUrl":"https:\/\/sandbox.corporateconnections.com\/wp-content\/uploads\/2023\/07\/520_CC_1879-scaled-e1688506736446.jpg","datePublished":"2021-07-08T14:06:01+00:00","dateModified":"2024-07-29T08:08:11+00:00","description":"Przyspiesz rozw\u00f3j swojego przedsi\u0119biorstwa dzi\u0119ki wsparciu odnosz\u0105cych sukcesy lider\u00f3w i przedsi\u0119biorc\u00f3w z ca\u0142ego \u015bwiata. Przeczytaj historie, kt\u00f3rymi podzielili si\u0119 cz\u0142onkowie CorporateConnections\u00ae.","breadcrumb":{"@id":"https:\/\/sandbox.corporateconnections.com\/pl\/historie-naszych-czlonkow#breadcrumb"},"inLanguage":"pl-PL","potentialAction":[{"@type":"ReadAction","target":["https:\/\/sandbox.corporateconnections.com\/pl\/historie-naszych-czlonkow"]}]},{"@type":"ImageObject","inLanguage":"pl-PL","@id":"https:\/\/sandbox.corporateconnections.com\/pl\/historie-naszych-czlonkow#primaryimage","url":"https:\/\/sandbox.corporateconnections.com\/wp-content\/uploads\/2023\/07\/520_CC_1879-scaled-e1688506736446.jpg","contentUrl":"https:\/\/sandbox.corporateconnections.com\/wp-content\/uploads\/2023\/07\/520_CC_1879-scaled-e1688506736446.jpg","width":2560,"height":1707},{"@type":"BreadcrumbList","@id":"https:\/\/sandbox.corporateconnections.com\/pl\/historie-naszych-czlonkow#breadcrumb","itemListElement":[{"@type":"ListItem","position":1,"name":"Home","item":"https:\/\/sandbox.corporateconnections.com\/pl"},{"@type":"ListItem","position":2,"name":"Historie naszych Cz\u0142onk\u00f3w"}]},{"@type":"WebSite","@id":"https:\/\/sandbox.corporateconnections.com\/es\/#website","url":"https:\/\/sandbox.corporateconnections.com\/es\/","name":"Corporate Connections","description":"Where Leaders Connect","publisher":{"@id":"https:\/\/sandbox.corporateconnections.com\/es\/#organization"},"potentialAction":[{"@type":"SearchAction","target":{"@type":"EntryPoint","urlTemplate":"https:\/\/sandbox.corporateconnections.com\/es\/?s={search_term_string}"},"query-input":{"@type":"PropertyValueSpecification","valueRequired":true,"valueName":"search_term_string"}}],"inLanguage":"pl-PL"},{"@type":"Organization","@id":"https:\/\/sandbox.corporateconnections.com\/es\/#organization","name":"Corporate Connections&reg;","url":"https:\/\/sandbox.corporateconnections.com\/es\/","logo":{"@type":"ImageObject","inLanguage":"pl-PL","@id":"https:\/\/sandbox.corporateconnections.com\/es\/#\/schema\/logo\/image\/","url":"https:\/\/sandbox.corporateconnections.com\/wp-content\/uploads\/2020\/10\/cc-logo.png","contentUrl":"https:\/\/sandbox.corporateconnections.com\/wp-content\/uploads\/2020\/10\/cc-logo.png","width":250,"height":87,"caption":"Corporate Connections&reg;"},"image":{"@id":"https:\/\/sandbox.corporateconnections.com\/es\/#\/schema\/logo\/image\/"}}]}},"_links":{"self":[{"href":"https:\/\/sandbox.corporateconnections.com\/pl\/wp-json\/wp\/v2\/pages\/3586","targetHints":{"allow":["GET"]}}],"collection":[{"href":"https:\/\/sandbox.corporateconnections.com\/pl\/wp-json\/wp\/v2\/pages"}],"about":[{"href":"https:\/\/sandbox.corporateconnections.com\/pl\/wp-json\/wp\/v2\/types\/page"}],"author":[{"embeddable":true,"href":"https:\/\/sandbox.corporateconnections.com\/pl\/wp-json\/wp\/v2\/users\/4"}],"replies":[{"embeddable":true,"href":"https:\/\/sandbox.corporateconnections.com\/pl\/wp-json\/wp\/v2\/comments?post=3586"}],"version-history":[{"count":7,"href":"https:\/\/sandbox.corporateconnections.com\/pl\/wp-json\/wp\/v2\/pages\/3586\/revisions"}],"predecessor-version":[{"id":14402,"href":"https:\/\/sandbox.corporateconnections.com\/pl\/wp-json\/wp\/v2\/pages\/3586\/revisions\/14402"}],"wp:featuredmedia":[{"embeddable":true,"href":"https:\/\/sandbox.corporateconnections.com\/pl\/wp-json\/wp\/v2\/media\/12457"}],"wp:attachment":[{"href":"https:\/\/sandbox.corporateconnections.com\/pl\/wp-json\/wp\/v2\/media?parent=3586"}],"curies":[{"name":"wp","href":"https:\/\/api.w.org\/{rel}","templated":true}]}}