{"id":3615,"date":"2021-07-08T15:42:27","date_gmt":"2021-07-08T15:42:27","guid":{"rendered":"https:\/\/sandbox.corporateconnections.com\/umow-wizyte\/"},"modified":"2021-07-22T20:18:31","modified_gmt":"2021-07-22T20:18:31","slug":"umow-wizyte","status":"publish","type":"page","link":"https:\/\/sandbox.corporateconnections.com\/pl\/umow-wizyte","title":{"rendered":"Um\u00f3w wizyt\u0119"},"content":{"rendered":"\n<p>Je\u015bli chcesz um\u00f3wi\u0107 si\u0119 na wizyt\u0119, wype\u0142nij i prze\u015blij formularz wst\u0119pnego wniosku o wizyt\u0119 w Kapitule. Po jego otrzymaniu, Dyrektor Kapitu\u0142y CorporateConnections zweryfikuje przes\u0142ane dane i skontaktuje si\u0119 z Tob\u0105 z dalszymi informacjami na temat wizyty.  Dzi\u0119kujemy za zainteresowanie. <\/p>\n","protected":false},"excerpt":{"rendered":"<p>Je\u015bli chcesz um\u00f3wi\u0107 si\u0119 na wizyt\u0119, wype\u0142nij i prze\u015blij formularz wst\u0119pnego wniosku o wizyt\u0119 w Kapitule. Po jego otrzymaniu, Dyrektor Kapitu\u0142y CorporateConnections zweryfikuje przes\u0142ane dane i skontaktuje si\u0119 z Tob\u0105 z dalszymi informacjami na temat wizyty. Dzi\u0119kujemy za zainteresowanie.<\/p>\n","protected":false},"author":4,"featured_media":3421,"parent":0,"menu_order":0,"comment_status":"closed","ping_status":"closed","template":"template-requestvisit.php","meta":{"_acf_changed":false,"footnotes":""},"class_list":["post-3615","page","type-page","status-publish","has-post-thumbnail","hentry"],"acf":[],"yoast_head":"<!-- This site is optimized with the Yoast SEO Premium plugin v26.9 (Yoast SEO v27.3) - https:\/\/yoast.com\/product\/yoast-seo-premium-wordpress\/ -->\n<title>Poznaj wiod\u0105c\u0105 platform\u0119 sieci kontakt\u00f3w biznesowych | Odwied\u017a<\/title>\n<meta name=\"description\" content=\"Spotkania Kapitu\u0142 CorporateConnections\u00ae odbywaj\u0105 si\u0119 zgodnie ze sprawdzon\u0105 i skuteczn\u0105 formu\u0142\u0105 peer-to-peer. Visitation to any Chapter meeting requires advance registration.\" \/>\n<meta name=\"robots\" content=\"noindex, follow, max-snippet:-1, max-image-preview:large, max-video-preview:-1\" \/>\n<meta property=\"og:locale\" content=\"pl_PL\" \/>\n<meta property=\"og:type\" content=\"article\" \/>\n<meta property=\"og:title\" content=\"Um\u00f3w wizyt\u0119\" \/>\n<meta property=\"og:description\" content=\"Je\u015bli chcesz um\u00f3wi\u0107 si\u0119 na wizyt\u0119, wype\u0142nij i prze\u015blij formularz wst\u0119pnego wniosku o wizyt\u0119 w Kapitule. Po jego otrzymaniu, Dyrektor Kapitu\u0142y\" \/>\n<meta property=\"og:url\" content=\"https:\/\/sandbox.corporateconnections.com\/request-a-visit\" \/>\n<meta property=\"og:site_name\" content=\"Corporate Connections\" \/>\n<meta property=\"article:modified_time\" content=\"2021-07-22T20:18:31+00:00\" \/>\n<meta property=\"og:image\" content=\"https:\/\/sandbox.corporateconnections.com\/wp-content\/uploads\/2021\/06\/request_page2.jpg\" \/>\n\t<meta property=\"og:image:width\" content=\"1920\" \/>\n\t<meta property=\"og:image:height\" content=\"661\" \/>\n\t<meta property=\"og:image:type\" content=\"image\/jpeg\" \/>\n<meta name=\"twitter:card\" content=\"summary_large_image\" \/>\n<meta name=\"twitter:label1\" content=\"Szacowany czas czytania\" \/>\n\t<meta name=\"twitter:data1\" content=\"1 minuta\" \/>\n<script type=\"application\/ld+json\" class=\"yoast-schema-graph\">{\"@context\":\"https:\\\/\\\/schema.org\",\"@graph\":[{\"@type\":\"WebPage\",\"@id\":\"https:\\\/\\\/sandbox.corporateconnections.com\\\/request-a-visit\",\"url\":\"https:\\\/\\\/sandbox.corporateconnections.com\\\/request-a-visit\",\"name\":\"Poznaj wiod\u0105c\u0105 platform\u0119 sieci kontakt\u00f3w biznesowych | Odwied\u017a\",\"isPartOf\":{\"@id\":\"https:\\\/\\\/sandbox.corporateconnections.com\\\/es\\\/#website\"},\"primaryImageOfPage\":{\"@id\":\"https:\\\/\\\/sandbox.corporateconnections.com\\\/request-a-visit#primaryimage\"},\"image\":{\"@id\":\"https:\\\/\\\/sandbox.corporateconnections.com\\\/request-a-visit#primaryimage\"},\"thumbnailUrl\":\"https:\\\/\\\/sandbox.corporateconnections.com\\\/wp-content\\\/uploads\\\/2021\\\/06\\\/request_page2.jpg\",\"datePublished\":\"2021-07-08T15:42:27+00:00\",\"dateModified\":\"2021-07-22T20:18:31+00:00\",\"description\":\"Spotkania Kapitu\u0142 CorporateConnections\u00ae odbywaj\u0105 si\u0119 zgodnie ze sprawdzon\u0105 i skuteczn\u0105 formu\u0142\u0105 peer-to-peer. Visitation to any Chapter meeting requires advance registration.\",\"breadcrumb\":{\"@id\":\"https:\\\/\\\/sandbox.corporateconnections.com\\\/request-a-visit#breadcrumb\"},\"inLanguage\":\"pl-PL\",\"potentialAction\":[{\"@type\":\"ReadAction\",\"target\":[\"https:\\\/\\\/sandbox.corporateconnections.com\\\/request-a-visit\"]}]},{\"@type\":\"ImageObject\",\"inLanguage\":\"pl-PL\",\"@id\":\"https:\\\/\\\/sandbox.corporateconnections.com\\\/request-a-visit#primaryimage\",\"url\":\"https:\\\/\\\/sandbox.corporateconnections.com\\\/wp-content\\\/uploads\\\/2021\\\/06\\\/request_page2.jpg\",\"contentUrl\":\"https:\\\/\\\/sandbox.corporateconnections.com\\\/wp-content\\\/uploads\\\/2021\\\/06\\\/request_page2.jpg\",\"width\":1920,\"height\":661},{\"@type\":\"BreadcrumbList\",\"@id\":\"https:\\\/\\\/sandbox.corporateconnections.com\\\/request-a-visit#breadcrumb\",\"itemListElement\":[{\"@type\":\"ListItem\",\"position\":1,\"name\":\"Home\",\"item\":\"https:\\\/\\\/sandbox.corporateconnections.com\\\/pl\"},{\"@type\":\"ListItem\",\"position\":2,\"name\":\"Um\u00f3w wizyt\u0119\"}]},{\"@type\":\"WebSite\",\"@id\":\"https:\\\/\\\/sandbox.corporateconnections.com\\\/es\\\/#website\",\"url\":\"https:\\\/\\\/sandbox.corporateconnections.com\\\/es\\\/\",\"name\":\"Corporate Connections\",\"description\":\"Where Leaders Connect\",\"publisher\":{\"@id\":\"https:\\\/\\\/sandbox.corporateconnections.com\\\/es\\\/#organization\"},\"potentialAction\":[{\"@type\":\"SearchAction\",\"target\":{\"@type\":\"EntryPoint\",\"urlTemplate\":\"https:\\\/\\\/sandbox.corporateconnections.com\\\/es\\\/?s={search_term_string}\"},\"query-input\":{\"@type\":\"PropertyValueSpecification\",\"valueRequired\":true,\"valueName\":\"search_term_string\"}}],\"inLanguage\":\"pl-PL\"},{\"@type\":\"Organization\",\"@id\":\"https:\\\/\\\/sandbox.corporateconnections.com\\\/es\\\/#organization\",\"name\":\"Corporate Connections&reg;\",\"url\":\"https:\\\/\\\/sandbox.corporateconnections.com\\\/es\\\/\",\"logo\":{\"@type\":\"ImageObject\",\"inLanguage\":\"pl-PL\",\"@id\":\"https:\\\/\\\/sandbox.corporateconnections.com\\\/es\\\/#\\\/schema\\\/logo\\\/image\\\/\",\"url\":\"https:\\\/\\\/sandbox.corporateconnections.com\\\/wp-content\\\/uploads\\\/2020\\\/10\\\/cc-logo.png\",\"contentUrl\":\"https:\\\/\\\/sandbox.corporateconnections.com\\\/wp-content\\\/uploads\\\/2020\\\/10\\\/cc-logo.png\",\"width\":250,\"height\":87,\"caption\":\"Corporate Connections&reg;\"},\"image\":{\"@id\":\"https:\\\/\\\/sandbox.corporateconnections.com\\\/es\\\/#\\\/schema\\\/logo\\\/image\\\/\"}}]}<\/script>\n<!-- \/ Yoast SEO Premium plugin. -->","yoast_head_json":{"title":"Poznaj wiod\u0105c\u0105 platform\u0119 sieci kontakt\u00f3w biznesowych | Odwied\u017a","description":"Spotkania Kapitu\u0142 CorporateConnections\u00ae odbywaj\u0105 si\u0119 zgodnie ze sprawdzon\u0105 i skuteczn\u0105 formu\u0142\u0105 peer-to-peer. Visitation to any Chapter meeting requires advance registration.","robots":{"index":"noindex","follow":"follow","max-snippet":"max-snippet:-1","max-image-preview":"max-image-preview:large","max-video-preview":"max-video-preview:-1"},"og_locale":"pl_PL","og_type":"article","og_title":"Um\u00f3w wizyt\u0119","og_description":"Je\u015bli chcesz um\u00f3wi\u0107 si\u0119 na wizyt\u0119, wype\u0142nij i prze\u015blij formularz wst\u0119pnego wniosku o wizyt\u0119 w Kapitule. Po jego otrzymaniu, Dyrektor Kapitu\u0142y","og_url":"https:\/\/sandbox.corporateconnections.com\/request-a-visit","og_site_name":"Corporate Connections","article_modified_time":"2021-07-22T20:18:31+00:00","og_image":[{"width":1920,"height":661,"url":"https:\/\/sandbox.corporateconnections.com\/wp-content\/uploads\/2021\/06\/request_page2.jpg","type":"image\/jpeg"}],"twitter_card":"summary_large_image","twitter_misc":{"Szacowany czas czytania":"1 minuta"},"schema":{"@context":"https:\/\/schema.org","@graph":[{"@type":"WebPage","@id":"https:\/\/sandbox.corporateconnections.com\/request-a-visit","url":"https:\/\/sandbox.corporateconnections.com\/request-a-visit","name":"Poznaj wiod\u0105c\u0105 platform\u0119 sieci kontakt\u00f3w biznesowych | Odwied\u017a","isPartOf":{"@id":"https:\/\/sandbox.corporateconnections.com\/es\/#website"},"primaryImageOfPage":{"@id":"https:\/\/sandbox.corporateconnections.com\/request-a-visit#primaryimage"},"image":{"@id":"https:\/\/sandbox.corporateconnections.com\/request-a-visit#primaryimage"},"thumbnailUrl":"https:\/\/sandbox.corporateconnections.com\/wp-content\/uploads\/2021\/06\/request_page2.jpg","datePublished":"2021-07-08T15:42:27+00:00","dateModified":"2021-07-22T20:18:31+00:00","description":"Spotkania Kapitu\u0142 CorporateConnections\u00ae odbywaj\u0105 si\u0119 zgodnie ze sprawdzon\u0105 i skuteczn\u0105 formu\u0142\u0105 peer-to-peer. Visitation to any Chapter meeting requires advance registration.","breadcrumb":{"@id":"https:\/\/sandbox.corporateconnections.com\/request-a-visit#breadcrumb"},"inLanguage":"pl-PL","potentialAction":[{"@type":"ReadAction","target":["https:\/\/sandbox.corporateconnections.com\/request-a-visit"]}]},{"@type":"ImageObject","inLanguage":"pl-PL","@id":"https:\/\/sandbox.corporateconnections.com\/request-a-visit#primaryimage","url":"https:\/\/sandbox.corporateconnections.com\/wp-content\/uploads\/2021\/06\/request_page2.jpg","contentUrl":"https:\/\/sandbox.corporateconnections.com\/wp-content\/uploads\/2021\/06\/request_page2.jpg","width":1920,"height":661},{"@type":"BreadcrumbList","@id":"https:\/\/sandbox.corporateconnections.com\/request-a-visit#breadcrumb","itemListElement":[{"@type":"ListItem","position":1,"name":"Home","item":"https:\/\/sandbox.corporateconnections.com\/pl"},{"@type":"ListItem","position":2,"name":"Um\u00f3w wizyt\u0119"}]},{"@type":"WebSite","@id":"https:\/\/sandbox.corporateconnections.com\/es\/#website","url":"https:\/\/sandbox.corporateconnections.com\/es\/","name":"Corporate Connections","description":"Where Leaders Connect","publisher":{"@id":"https:\/\/sandbox.corporateconnections.com\/es\/#organization"},"potentialAction":[{"@type":"SearchAction","target":{"@type":"EntryPoint","urlTemplate":"https:\/\/sandbox.corporateconnections.com\/es\/?s={search_term_string}"},"query-input":{"@type":"PropertyValueSpecification","valueRequired":true,"valueName":"search_term_string"}}],"inLanguage":"pl-PL"},{"@type":"Organization","@id":"https:\/\/sandbox.corporateconnections.com\/es\/#organization","name":"Corporate Connections&reg;","url":"https:\/\/sandbox.corporateconnections.com\/es\/","logo":{"@type":"ImageObject","inLanguage":"pl-PL","@id":"https:\/\/sandbox.corporateconnections.com\/es\/#\/schema\/logo\/image\/","url":"https:\/\/sandbox.corporateconnections.com\/wp-content\/uploads\/2020\/10\/cc-logo.png","contentUrl":"https:\/\/sandbox.corporateconnections.com\/wp-content\/uploads\/2020\/10\/cc-logo.png","width":250,"height":87,"caption":"Corporate Connections&reg;"},"image":{"@id":"https:\/\/sandbox.corporateconnections.com\/es\/#\/schema\/logo\/image\/"}}]}},"_links":{"self":[{"href":"https:\/\/sandbox.corporateconnections.com\/pl\/wp-json\/wp\/v2\/pages\/3615","targetHints":{"allow":["GET"]}}],"collection":[{"href":"https:\/\/sandbox.corporateconnections.com\/pl\/wp-json\/wp\/v2\/pages"}],"about":[{"href":"https:\/\/sandbox.corporateconnections.com\/pl\/wp-json\/wp\/v2\/types\/page"}],"author":[{"embeddable":true,"href":"https:\/\/sandbox.corporateconnections.com\/pl\/wp-json\/wp\/v2\/users\/4"}],"replies":[{"embeddable":true,"href":"https:\/\/sandbox.corporateconnections.com\/pl\/wp-json\/wp\/v2\/comments?post=3615"}],"version-history":[{"count":3,"href":"https:\/\/sandbox.corporateconnections.com\/pl\/wp-json\/wp\/v2\/pages\/3615\/revisions"}],"predecessor-version":[{"id":4427,"href":"https:\/\/sandbox.corporateconnections.com\/pl\/wp-json\/wp\/v2\/pages\/3615\/revisions\/4427"}],"wp:featuredmedia":[{"embeddable":true,"href":"https:\/\/sandbox.corporateconnections.com\/pl\/wp-json\/wp\/v2\/media\/3421"}],"wp:attachment":[{"href":"https:\/\/sandbox.corporateconnections.com\/pl\/wp-json\/wp\/v2\/media?parent=3615"}],"curies":[{"name":"wp","href":"https:\/\/api.w.org\/{rel}","templated":true}]}}