{"id":3621,"date":"2021-07-08T15:44:18","date_gmt":"2021-07-08T15:44:18","guid":{"rendered":"https:\/\/sandbox.corporateconnections.com\/skontaktuj-sie-z-nami\/"},"modified":"2024-07-29T13:46:19","modified_gmt":"2024-07-29T08:16:19","slug":"skontaktuj-sie-z-nami","status":"publish","type":"page","link":"https:\/\/sandbox.corporateconnections.com\/pl\/skontaktuj-sie-z-nami","title":{"rendered":"Skontaktuj si\u0119 z nami"},"content":{"rendered":"\n<p>Jeste\u015bmy gotowi, aby s\u0142u\u017cy\u0107 Ci pomoc\u0105!  Wszelkie zapytania prosimy kierowa\u0107 poczt\u0105 elektroniczn\u0105 za po\u015brednictwem poni\u017cszego formularza.<\/p>\n\n\n","protected":false},"excerpt":{"rendered":"<p>Jeste\u015bmy gotowi, aby s\u0142u\u017cy\u0107 Ci pomoc\u0105! Wszelkie zapytania prosimy kierowa\u0107 poczt\u0105 elektroniczn\u0105 za po\u015brednictwem poni\u017cszego formularza.<\/p>\n","protected":false},"author":4,"featured_media":0,"parent":0,"menu_order":0,"comment_status":"closed","ping_status":"closed","template":"template-contactUs.php","meta":{"_acf_changed":false,"footnotes":""},"class_list":["post-3621","page","type-page","status-publish","hentry"],"acf":[],"yoast_head":"<!-- This site is optimized with the Yoast SEO Premium plugin v26.9 (Yoast SEO v27.3) - https:\/\/yoast.com\/product\/yoast-seo-premium-wordpress\/ -->\n<title>Chcesz przyspieszy\u0107 sukces swojego biznesu? Skontaktuj si\u0119 z nami ju\u017c dzi\u015b<\/title>\n<meta name=\"description\" content=\"Prze\u015blij nam swoje dane kontaktowe. Skontaktujemy si\u0119 z Tob\u0105 najszybciej jak b\u0119dzie to mo\u017cliwe. Alternatywnie, mo\u017cesz przes\u0142a\u0107 nam wiadomo\u015b\u0107 na adres info@corporateconnections.com lub zadzwoni\u0107 pod numer +1 704 644 7878\" \/>\n<meta name=\"robots\" content=\"noindex, follow, max-snippet:-1, max-image-preview:large, max-video-preview:-1\" \/>\n<meta property=\"og:locale\" content=\"pl_PL\" \/>\n<meta property=\"og:type\" content=\"article\" \/>\n<meta property=\"og:title\" content=\"Skontaktuj si\u0119 z nami\" \/>\n<meta property=\"og:description\" content=\"Jeste\u015bmy gotowi, aby s\u0142u\u017cy\u0107 Ci pomoc\u0105! Wszelkie zapytania prosimy kierowa\u0107 poczt\u0105 elektroniczn\u0105 za po\u015brednictwem poni\u017cszego formularza.\" \/>\n<meta property=\"og:url\" content=\"https:\/\/sandbox.corporateconnections.com\/contact-us\" \/>\n<meta property=\"og:site_name\" content=\"Corporate Connections\" \/>\n<meta property=\"article:modified_time\" content=\"2024-07-29T08:16:19+00:00\" \/>\n<meta name=\"twitter:card\" content=\"summary_large_image\" \/>\n<meta name=\"twitter:label1\" content=\"Szacowany czas czytania\" \/>\n\t<meta name=\"twitter:data1\" content=\"1 minuta\" \/>\n<script type=\"application\/ld+json\" class=\"yoast-schema-graph\">{\"@context\":\"https:\\\/\\\/schema.org\",\"@graph\":[{\"@type\":\"WebPage\",\"@id\":\"https:\\\/\\\/sandbox.corporateconnections.com\\\/contact-us\",\"url\":\"https:\\\/\\\/sandbox.corporateconnections.com\\\/contact-us\",\"name\":\"Chcesz przyspieszy\u0107 sukces swojego biznesu? Skontaktuj si\u0119 z nami ju\u017c dzi\u015b\",\"isPartOf\":{\"@id\":\"https:\\\/\\\/sandbox.corporateconnections.com\\\/es\\\/#website\"},\"datePublished\":\"2021-07-08T15:44:18+00:00\",\"dateModified\":\"2024-07-29T08:16:19+00:00\",\"description\":\"Prze\u015blij nam swoje dane kontaktowe. Skontaktujemy si\u0119 z Tob\u0105 najszybciej jak b\u0119dzie to mo\u017cliwe. Alternatywnie, mo\u017cesz przes\u0142a\u0107 nam wiadomo\u015b\u0107 na adres info@corporateconnections.com lub zadzwoni\u0107 pod numer +1 704 644 7878\",\"breadcrumb\":{\"@id\":\"https:\\\/\\\/sandbox.corporateconnections.com\\\/contact-us#breadcrumb\"},\"inLanguage\":\"pl-PL\",\"potentialAction\":[{\"@type\":\"ReadAction\",\"target\":[\"https:\\\/\\\/sandbox.corporateconnections.com\\\/contact-us\"]}]},{\"@type\":\"BreadcrumbList\",\"@id\":\"https:\\\/\\\/sandbox.corporateconnections.com\\\/contact-us#breadcrumb\",\"itemListElement\":[{\"@type\":\"ListItem\",\"position\":1,\"name\":\"Home\",\"item\":\"https:\\\/\\\/sandbox.corporateconnections.com\\\/pl\"},{\"@type\":\"ListItem\",\"position\":2,\"name\":\"Skontaktuj si\u0119 z nami\"}]},{\"@type\":\"WebSite\",\"@id\":\"https:\\\/\\\/sandbox.corporateconnections.com\\\/es\\\/#website\",\"url\":\"https:\\\/\\\/sandbox.corporateconnections.com\\\/es\\\/\",\"name\":\"Corporate Connections\",\"description\":\"Where Leaders Connect\",\"publisher\":{\"@id\":\"https:\\\/\\\/sandbox.corporateconnections.com\\\/es\\\/#organization\"},\"potentialAction\":[{\"@type\":\"SearchAction\",\"target\":{\"@type\":\"EntryPoint\",\"urlTemplate\":\"https:\\\/\\\/sandbox.corporateconnections.com\\\/es\\\/?s={search_term_string}\"},\"query-input\":{\"@type\":\"PropertyValueSpecification\",\"valueRequired\":true,\"valueName\":\"search_term_string\"}}],\"inLanguage\":\"pl-PL\"},{\"@type\":\"Organization\",\"@id\":\"https:\\\/\\\/sandbox.corporateconnections.com\\\/es\\\/#organization\",\"name\":\"Corporate Connections&reg;\",\"url\":\"https:\\\/\\\/sandbox.corporateconnections.com\\\/es\\\/\",\"logo\":{\"@type\":\"ImageObject\",\"inLanguage\":\"pl-PL\",\"@id\":\"https:\\\/\\\/sandbox.corporateconnections.com\\\/es\\\/#\\\/schema\\\/logo\\\/image\\\/\",\"url\":\"https:\\\/\\\/sandbox.corporateconnections.com\\\/wp-content\\\/uploads\\\/2020\\\/10\\\/cc-logo.png\",\"contentUrl\":\"https:\\\/\\\/sandbox.corporateconnections.com\\\/wp-content\\\/uploads\\\/2020\\\/10\\\/cc-logo.png\",\"width\":250,\"height\":87,\"caption\":\"Corporate Connections&reg;\"},\"image\":{\"@id\":\"https:\\\/\\\/sandbox.corporateconnections.com\\\/es\\\/#\\\/schema\\\/logo\\\/image\\\/\"}}]}<\/script>\n<!-- \/ Yoast SEO Premium plugin. -->","yoast_head_json":{"title":"Chcesz przyspieszy\u0107 sukces swojego biznesu? Skontaktuj si\u0119 z nami ju\u017c dzi\u015b","description":"Prze\u015blij nam swoje dane kontaktowe. Skontaktujemy si\u0119 z Tob\u0105 najszybciej jak b\u0119dzie to mo\u017cliwe. Alternatywnie, mo\u017cesz przes\u0142a\u0107 nam wiadomo\u015b\u0107 na adres info@corporateconnections.com lub zadzwoni\u0107 pod numer +1 704 644 7878","robots":{"index":"noindex","follow":"follow","max-snippet":"max-snippet:-1","max-image-preview":"max-image-preview:large","max-video-preview":"max-video-preview:-1"},"og_locale":"pl_PL","og_type":"article","og_title":"Skontaktuj si\u0119 z nami","og_description":"Jeste\u015bmy gotowi, aby s\u0142u\u017cy\u0107 Ci pomoc\u0105! Wszelkie zapytania prosimy kierowa\u0107 poczt\u0105 elektroniczn\u0105 za po\u015brednictwem poni\u017cszego formularza.","og_url":"https:\/\/sandbox.corporateconnections.com\/contact-us","og_site_name":"Corporate Connections","article_modified_time":"2024-07-29T08:16:19+00:00","twitter_card":"summary_large_image","twitter_misc":{"Szacowany czas czytania":"1 minuta"},"schema":{"@context":"https:\/\/schema.org","@graph":[{"@type":"WebPage","@id":"https:\/\/sandbox.corporateconnections.com\/contact-us","url":"https:\/\/sandbox.corporateconnections.com\/contact-us","name":"Chcesz przyspieszy\u0107 sukces swojego biznesu? Skontaktuj si\u0119 z nami ju\u017c dzi\u015b","isPartOf":{"@id":"https:\/\/sandbox.corporateconnections.com\/es\/#website"},"datePublished":"2021-07-08T15:44:18+00:00","dateModified":"2024-07-29T08:16:19+00:00","description":"Prze\u015blij nam swoje dane kontaktowe. Skontaktujemy si\u0119 z Tob\u0105 najszybciej jak b\u0119dzie to mo\u017cliwe. Alternatywnie, mo\u017cesz przes\u0142a\u0107 nam wiadomo\u015b\u0107 na adres info@corporateconnections.com lub zadzwoni\u0107 pod numer +1 704 644 7878","breadcrumb":{"@id":"https:\/\/sandbox.corporateconnections.com\/contact-us#breadcrumb"},"inLanguage":"pl-PL","potentialAction":[{"@type":"ReadAction","target":["https:\/\/sandbox.corporateconnections.com\/contact-us"]}]},{"@type":"BreadcrumbList","@id":"https:\/\/sandbox.corporateconnections.com\/contact-us#breadcrumb","itemListElement":[{"@type":"ListItem","position":1,"name":"Home","item":"https:\/\/sandbox.corporateconnections.com\/pl"},{"@type":"ListItem","position":2,"name":"Skontaktuj si\u0119 z nami"}]},{"@type":"WebSite","@id":"https:\/\/sandbox.corporateconnections.com\/es\/#website","url":"https:\/\/sandbox.corporateconnections.com\/es\/","name":"Corporate Connections","description":"Where Leaders Connect","publisher":{"@id":"https:\/\/sandbox.corporateconnections.com\/es\/#organization"},"potentialAction":[{"@type":"SearchAction","target":{"@type":"EntryPoint","urlTemplate":"https:\/\/sandbox.corporateconnections.com\/es\/?s={search_term_string}"},"query-input":{"@type":"PropertyValueSpecification","valueRequired":true,"valueName":"search_term_string"}}],"inLanguage":"pl-PL"},{"@type":"Organization","@id":"https:\/\/sandbox.corporateconnections.com\/es\/#organization","name":"Corporate Connections&reg;","url":"https:\/\/sandbox.corporateconnections.com\/es\/","logo":{"@type":"ImageObject","inLanguage":"pl-PL","@id":"https:\/\/sandbox.corporateconnections.com\/es\/#\/schema\/logo\/image\/","url":"https:\/\/sandbox.corporateconnections.com\/wp-content\/uploads\/2020\/10\/cc-logo.png","contentUrl":"https:\/\/sandbox.corporateconnections.com\/wp-content\/uploads\/2020\/10\/cc-logo.png","width":250,"height":87,"caption":"Corporate Connections&reg;"},"image":{"@id":"https:\/\/sandbox.corporateconnections.com\/es\/#\/schema\/logo\/image\/"}}]}},"_links":{"self":[{"href":"https:\/\/sandbox.corporateconnections.com\/pl\/wp-json\/wp\/v2\/pages\/3621","targetHints":{"allow":["GET"]}}],"collection":[{"href":"https:\/\/sandbox.corporateconnections.com\/pl\/wp-json\/wp\/v2\/pages"}],"about":[{"href":"https:\/\/sandbox.corporateconnections.com\/pl\/wp-json\/wp\/v2\/types\/page"}],"author":[{"embeddable":true,"href":"https:\/\/sandbox.corporateconnections.com\/pl\/wp-json\/wp\/v2\/users\/4"}],"replies":[{"embeddable":true,"href":"https:\/\/sandbox.corporateconnections.com\/pl\/wp-json\/wp\/v2\/comments?post=3621"}],"version-history":[{"count":5,"href":"https:\/\/sandbox.corporateconnections.com\/pl\/wp-json\/wp\/v2\/pages\/3621\/revisions"}],"predecessor-version":[{"id":14406,"href":"https:\/\/sandbox.corporateconnections.com\/pl\/wp-json\/wp\/v2\/pages\/3621\/revisions\/14406"}],"wp:attachment":[{"href":"https:\/\/sandbox.corporateconnections.com\/pl\/wp-json\/wp\/v2\/media?parent=3621"}],"curies":[{"name":"wp","href":"https:\/\/api.w.org\/{rel}","templated":true}]}}