{"id":6885,"date":"2021-12-01T16:40:55","date_gmt":"2021-12-01T11:10:55","guid":{"rendered":"https:\/\/www.corporateconnections.com\/cookies-policy"},"modified":"2023-09-05T16:10:41","modified_gmt":"2023-09-05T10:40:41","slug":"cookies-policy","status":"publish","type":"page","link":"https:\/\/sandbox.corporateconnections.com\/pl\/cookies-policy","title":{"rendered":"Cookies Policy"},"content":{"rendered":"\n<h4 class=\"wp-block-heading\"><strong>WHAT IS A COOKIE?<\/strong><\/h4>\n\n\n\n<p>Cookies are small text files that are placed on your computer by websites that you visit. They are widely used in order to make websites work, or work more efficiently, as well as to provide information to the owners of the sites.<\/p>\n\n\n\n<p>Further information on cookies can be found at: <a rel=\"noreferrer noopener\" href=\"http:\/\/ec.europa.eu\/ipg\/basics\/legal\/cookies\/index_en.htm\" target=\"_blank\">http:\/\/ec.europa.eu\/ipg\/basics\/legal\/cookies\/index_en.htm<\/a><\/p>\n\n\n\n<p><\/p>\n\n\n\n<h4 class=\"wp-block-heading\"><strong>USE OF COOKIES ON OUR WEBSITES<\/strong><\/h4>\n\n\n\n<p>When you visit our sites, we may use one or more cookies to make our sites easier for you to use and to personalize your online experience. Through the use of a cookie, we also may automatically collect information about your online activity on our sites, such as the web pages you visit, the links you click, and the amount of time you spend on the website. You can remove or block cookies using your settings in most browsers, but if you choose to decline cookies, you may not be able to sign in or use some of the features offered on our sites<\/p>\n\n\n\n<p>The table below explains the cookies we use and why.<\/p>\n\n\n\n<p><\/p>\n\n\n\n<figure class=\"wp-block-table\"><table><thead><tr><th>Cookie Name<\/th><th>Expiration Time<\/th><th>Description<\/th><\/tr><\/thead><tbody><tr><td>ASP.NET_SessionId<\/td><td>Session cookie<\/td><td>Used to distinguish individual visitors to the site. Stores individual site<br>preferences (such as language). Removed when the browser is closed.<\/td><\/tr><tr><td>_mkto_trk<\/td><td>24 months from<br>last visit<\/td><td>Used to distinguish visitors and pages visited. Records a unique ID, the date<br>and time of first visit, time of current visit and total number of visits made.<\/td><\/tr><tr><td>CookieAgreement<\/td><td>12 months from<br>last interaction<\/td><td>Used to hide the cookie policy message when a visitor confirms.<\/td><\/tr><\/tbody><\/table><\/figure>\n\n\n\n<p><\/p>\n\n\n\n<h4 class=\"wp-block-heading\"><strong>HOW DO I CHANGE MY COOKIE SETTINGS?<\/strong><\/h4>\n\n\n\n<p>Most web browsers allow some control of most cookies through the browser settings. To find out how to manage cookies on popular browsers, click on the following links:<\/p>\n\n\n\n<ul>\n<li>Google<\/li>\n<li>Microsoft Edge<\/li>\n<li>Mozilla Firefox<\/li>\n<li>Microsoft Internet Explorer<\/li>\n<li>Opera<\/li>\n<li>Apple Safari<\/li>\n<\/ul>\n\n\n\n<p><\/p>\n\n\n\n<p>To find information relating to other browsers, visit the browser developer&#8217;s website.<\/p>\n\n\n\n<p><br>To opt out of being tracked by Google Analytics across all websites, visit <a rel=\"noreferrer noopener\" href=\"http:\/\/tools.google.com\/dlpage\/gaoptout.\" target=\"_blank\">http:\/\/tools.google.com\/dlpage\/gaoptout.<\/a><\/p>\n","protected":false},"excerpt":{"rendered":"<p>WHAT IS A COOKIE? Cookies are small text files that are placed on your computer by websites that you visit. They are widely used in order to make websites work, or work more efficiently, as well as to provide information to the owners of the sites. Further information on cookies can be found at: http:\/\/ec.europa.eu\/ipg\/basics\/legal\/cookies\/index_en.htm [&hellip;]<\/p>\n","protected":false},"author":4,"featured_media":0,"parent":0,"menu_order":0,"comment_status":"closed","ping_status":"closed","template":"without-featured.php","meta":{"_acf_changed":false,"footnotes":""},"class_list":["post-6885","page","type-page","status-publish","hentry"],"acf":[],"yoast_head":"<!-- This site is optimized with the Yoast SEO Premium plugin v26.9 (Yoast SEO v27.3) - https:\/\/yoast.com\/product\/yoast-seo-premium-wordpress\/ -->\n<title>CorporateConnections\u00ae Cookie Policy<\/title>\n<meta name=\"description\" content=\"Corporate Connections: Dowiedz Si\u0119, W Jaki Spos\u00f3b Corporate Connections Wykorzystuje Pliki Cookie, Korzystaj\u0105c Z Naszej Kompleksowej Polityki Dotycz\u0105cej Plik\u00f3w Cookie\" \/>\n<meta name=\"robots\" content=\"noindex, follow, max-snippet:-1, max-image-preview:large, max-video-preview:-1\" \/>\n<meta property=\"og:locale\" content=\"pl_PL\" \/>\n<meta property=\"og:type\" content=\"article\" \/>\n<meta property=\"og:title\" content=\"Cookies Policy\" \/>\n<meta property=\"og:description\" content=\"WHAT IS A COOKIE? Cookies are small text files that are placed on your computer by websites that you visit. They are widely used in order to make websites\" \/>\n<meta property=\"og:url\" content=\"https:\/\/sandbox.corporateconnections.com\/cookies-policy\" \/>\n<meta property=\"og:site_name\" content=\"Corporate Connections\" \/>\n<meta property=\"article:modified_time\" content=\"2023-09-05T10:40:41+00:00\" \/>\n<meta name=\"twitter:card\" content=\"summary_large_image\" \/>\n<meta name=\"twitter:label1\" content=\"Szacowany czas czytania\" \/>\n\t<meta name=\"twitter:data1\" content=\"2 minuty\" \/>\n<script type=\"application\/ld+json\" class=\"yoast-schema-graph\">{\"@context\":\"https:\\\/\\\/schema.org\",\"@graph\":[{\"@type\":\"WebPage\",\"@id\":\"https:\\\/\\\/sandbox.corporateconnections.com\\\/cookies-policy\",\"url\":\"https:\\\/\\\/sandbox.corporateconnections.com\\\/cookies-policy\",\"name\":\"CorporateConnections\u00ae Cookie Policy\",\"isPartOf\":{\"@id\":\"https:\\\/\\\/sandbox.corporateconnections.com\\\/es\\\/#website\"},\"datePublished\":\"2021-12-01T11:10:55+00:00\",\"dateModified\":\"2023-09-05T10:40:41+00:00\",\"description\":\"Corporate Connections: Dowiedz Si\u0119, W Jaki Spos\u00f3b Corporate Connections Wykorzystuje Pliki Cookie, Korzystaj\u0105c Z Naszej Kompleksowej Polityki Dotycz\u0105cej Plik\u00f3w Cookie\",\"breadcrumb\":{\"@id\":\"https:\\\/\\\/sandbox.corporateconnections.com\\\/cookies-policy#breadcrumb\"},\"inLanguage\":\"pl-PL\",\"potentialAction\":[{\"@type\":\"ReadAction\",\"target\":[\"https:\\\/\\\/sandbox.corporateconnections.com\\\/cookies-policy\"]}]},{\"@type\":\"BreadcrumbList\",\"@id\":\"https:\\\/\\\/sandbox.corporateconnections.com\\\/cookies-policy#breadcrumb\",\"itemListElement\":[{\"@type\":\"ListItem\",\"position\":1,\"name\":\"Home\",\"item\":\"https:\\\/\\\/sandbox.corporateconnections.com\\\/pl\"},{\"@type\":\"ListItem\",\"position\":2,\"name\":\"Cookies Policy\"}]},{\"@type\":\"WebSite\",\"@id\":\"https:\\\/\\\/sandbox.corporateconnections.com\\\/es\\\/#website\",\"url\":\"https:\\\/\\\/sandbox.corporateconnections.com\\\/es\\\/\",\"name\":\"Corporate Connections\",\"description\":\"Where Leaders Connect\",\"publisher\":{\"@id\":\"https:\\\/\\\/sandbox.corporateconnections.com\\\/es\\\/#organization\"},\"potentialAction\":[{\"@type\":\"SearchAction\",\"target\":{\"@type\":\"EntryPoint\",\"urlTemplate\":\"https:\\\/\\\/sandbox.corporateconnections.com\\\/es\\\/?s={search_term_string}\"},\"query-input\":{\"@type\":\"PropertyValueSpecification\",\"valueRequired\":true,\"valueName\":\"search_term_string\"}}],\"inLanguage\":\"pl-PL\"},{\"@type\":\"Organization\",\"@id\":\"https:\\\/\\\/sandbox.corporateconnections.com\\\/es\\\/#organization\",\"name\":\"Corporate Connections&reg;\",\"url\":\"https:\\\/\\\/sandbox.corporateconnections.com\\\/es\\\/\",\"logo\":{\"@type\":\"ImageObject\",\"inLanguage\":\"pl-PL\",\"@id\":\"https:\\\/\\\/sandbox.corporateconnections.com\\\/es\\\/#\\\/schema\\\/logo\\\/image\\\/\",\"url\":\"https:\\\/\\\/sandbox.corporateconnections.com\\\/wp-content\\\/uploads\\\/2020\\\/10\\\/cc-logo.png\",\"contentUrl\":\"https:\\\/\\\/sandbox.corporateconnections.com\\\/wp-content\\\/uploads\\\/2020\\\/10\\\/cc-logo.png\",\"width\":250,\"height\":87,\"caption\":\"Corporate Connections&reg;\"},\"image\":{\"@id\":\"https:\\\/\\\/sandbox.corporateconnections.com\\\/es\\\/#\\\/schema\\\/logo\\\/image\\\/\"}}]}<\/script>\n<!-- \/ Yoast SEO Premium plugin. -->","yoast_head_json":{"title":"CorporateConnections\u00ae Cookie Policy","description":"Corporate Connections: Dowiedz Si\u0119, W Jaki Spos\u00f3b Corporate Connections Wykorzystuje Pliki Cookie, Korzystaj\u0105c Z Naszej Kompleksowej Polityki Dotycz\u0105cej Plik\u00f3w Cookie","robots":{"index":"noindex","follow":"follow","max-snippet":"max-snippet:-1","max-image-preview":"max-image-preview:large","max-video-preview":"max-video-preview:-1"},"og_locale":"pl_PL","og_type":"article","og_title":"Cookies Policy","og_description":"WHAT IS A COOKIE? Cookies are small text files that are placed on your computer by websites that you visit. They are widely used in order to make websites","og_url":"https:\/\/sandbox.corporateconnections.com\/cookies-policy","og_site_name":"Corporate Connections","article_modified_time":"2023-09-05T10:40:41+00:00","twitter_card":"summary_large_image","twitter_misc":{"Szacowany czas czytania":"2 minuty"},"schema":{"@context":"https:\/\/schema.org","@graph":[{"@type":"WebPage","@id":"https:\/\/sandbox.corporateconnections.com\/cookies-policy","url":"https:\/\/sandbox.corporateconnections.com\/cookies-policy","name":"CorporateConnections\u00ae Cookie Policy","isPartOf":{"@id":"https:\/\/sandbox.corporateconnections.com\/es\/#website"},"datePublished":"2021-12-01T11:10:55+00:00","dateModified":"2023-09-05T10:40:41+00:00","description":"Corporate Connections: Dowiedz Si\u0119, W Jaki Spos\u00f3b Corporate Connections Wykorzystuje Pliki Cookie, Korzystaj\u0105c Z Naszej Kompleksowej Polityki Dotycz\u0105cej Plik\u00f3w Cookie","breadcrumb":{"@id":"https:\/\/sandbox.corporateconnections.com\/cookies-policy#breadcrumb"},"inLanguage":"pl-PL","potentialAction":[{"@type":"ReadAction","target":["https:\/\/sandbox.corporateconnections.com\/cookies-policy"]}]},{"@type":"BreadcrumbList","@id":"https:\/\/sandbox.corporateconnections.com\/cookies-policy#breadcrumb","itemListElement":[{"@type":"ListItem","position":1,"name":"Home","item":"https:\/\/sandbox.corporateconnections.com\/pl"},{"@type":"ListItem","position":2,"name":"Cookies Policy"}]},{"@type":"WebSite","@id":"https:\/\/sandbox.corporateconnections.com\/es\/#website","url":"https:\/\/sandbox.corporateconnections.com\/es\/","name":"Corporate Connections","description":"Where Leaders Connect","publisher":{"@id":"https:\/\/sandbox.corporateconnections.com\/es\/#organization"},"potentialAction":[{"@type":"SearchAction","target":{"@type":"EntryPoint","urlTemplate":"https:\/\/sandbox.corporateconnections.com\/es\/?s={search_term_string}"},"query-input":{"@type":"PropertyValueSpecification","valueRequired":true,"valueName":"search_term_string"}}],"inLanguage":"pl-PL"},{"@type":"Organization","@id":"https:\/\/sandbox.corporateconnections.com\/es\/#organization","name":"Corporate Connections&reg;","url":"https:\/\/sandbox.corporateconnections.com\/es\/","logo":{"@type":"ImageObject","inLanguage":"pl-PL","@id":"https:\/\/sandbox.corporateconnections.com\/es\/#\/schema\/logo\/image\/","url":"https:\/\/sandbox.corporateconnections.com\/wp-content\/uploads\/2020\/10\/cc-logo.png","contentUrl":"https:\/\/sandbox.corporateconnections.com\/wp-content\/uploads\/2020\/10\/cc-logo.png","width":250,"height":87,"caption":"Corporate Connections&reg;"},"image":{"@id":"https:\/\/sandbox.corporateconnections.com\/es\/#\/schema\/logo\/image\/"}}]}},"_links":{"self":[{"href":"https:\/\/sandbox.corporateconnections.com\/pl\/wp-json\/wp\/v2\/pages\/6885","targetHints":{"allow":["GET"]}}],"collection":[{"href":"https:\/\/sandbox.corporateconnections.com\/pl\/wp-json\/wp\/v2\/pages"}],"about":[{"href":"https:\/\/sandbox.corporateconnections.com\/pl\/wp-json\/wp\/v2\/types\/page"}],"author":[{"embeddable":true,"href":"https:\/\/sandbox.corporateconnections.com\/pl\/wp-json\/wp\/v2\/users\/4"}],"replies":[{"embeddable":true,"href":"https:\/\/sandbox.corporateconnections.com\/pl\/wp-json\/wp\/v2\/comments?post=6885"}],"version-history":[{"count":2,"href":"https:\/\/sandbox.corporateconnections.com\/pl\/wp-json\/wp\/v2\/pages\/6885\/revisions"}],"predecessor-version":[{"id":13388,"href":"https:\/\/sandbox.corporateconnections.com\/pl\/wp-json\/wp\/v2\/pages\/6885\/revisions\/13388"}],"wp:attachment":[{"href":"https:\/\/sandbox.corporateconnections.com\/pl\/wp-json\/wp\/v2\/media?parent=6885"}],"curies":[{"name":"wp","href":"https:\/\/api.w.org\/{rel}","templated":true}]}}