{"id":3646,"date":"2021-07-08T16:16:54","date_gmt":"2021-07-08T16:16:54","guid":{"rendered":"https:\/\/sandbox.corporateconnections.com\/vida-cc\/"},"modified":"2021-12-23T02:09:56","modified_gmt":"2021-12-22T20:39:56","slug":"vida-cc","status":"publish","type":"page","link":"https:\/\/sandbox.corporateconnections.com\/pt-br\/vida-cc","title":{"rendered":"Vida CC"},"content":{"rendered":"\n<p>Para muitos, se afiliar ao CorporateConnections \u00e9 uma decis\u00e3o de neg\u00f3cio direcionada para ganhar acesso a oportunidades. A raz\u00e3o n\u00famero um dos Membros ficarem s\u00e3o os relacionamentos significativos, as experi\u00eancias coletivas compartilhadas e o conhecimento dos seus parceiros. <\/p>\n","protected":false},"excerpt":{"rendered":"<p>Para muitos, se afiliar ao CorporateConnections \u00e9 uma decis\u00e3o de neg\u00f3cio direcionada para ganhar acesso a oportunidades. A raz\u00e3o n\u00famero um dos Membros ficarem s\u00e3o os relacionamentos significativos, as experi\u00eancias coletivas compartilhadas e o conhecimento dos seus parceiros.<\/p>\n","protected":false},"author":4,"featured_media":12255,"parent":0,"menu_order":0,"comment_status":"closed","ping_status":"closed","template":"template-ccLife.php","meta":{"_acf_changed":false,"footnotes":""},"class_list":["post-3646","page","type-page","status-publish","has-post-thumbnail","hentry"],"acf":[],"yoast_head":"<!-- This site is optimized with the Yoast SEO Premium plugin v26.9 (Yoast SEO v27.3) - https:\/\/yoast.com\/product\/yoast-seo-premium-wordpress\/ -->\n<title>Elementos Chaves da Afilia\u00e7\u00e3o &amp; Benef\u00edcios do CorporateConnections\u00ae<\/title>\n<meta name=\"description\" content=\"Com acesso a l\u00edderes globais, nossos Membros se beneficiam das melhores pr\u00e1ticas e tend\u00eancias que moldam os neg\u00f3cios por meio de sess\u00f5es \u00edntimas com influenciadores em todo o mundo.\" \/>\n<meta name=\"robots\" content=\"noindex, follow, max-snippet:-1, max-image-preview:large, max-video-preview:-1\" \/>\n<meta property=\"og:locale\" content=\"pt_BR\" \/>\n<meta property=\"og:type\" content=\"article\" \/>\n<meta property=\"og:title\" content=\"Vida CC\" \/>\n<meta property=\"og:description\" content=\"Para muitos, se afiliar ao CorporateConnections \u00e9 uma decis\u00e3o de neg\u00f3cio direcionada para ganhar acesso a oportunidades. A raz\u00e3o n\u00famero um dos Membros\" \/>\n<meta property=\"og:url\" content=\"https:\/\/sandbox.corporateconnections.com\/cc-life\" \/>\n<meta property=\"og:site_name\" content=\"Corporate Connections\" \/>\n<meta property=\"article:modified_time\" content=\"2021-12-22T20:39:56+00:00\" \/>\n<meta property=\"og:image\" content=\"https:\/\/sandbox.corporateconnections.com\/wp-content\/uploads\/2023\/06\/CC-Day4_web-263-scaled-e1685991586388.jpg\" \/>\n\t<meta property=\"og:image:width\" content=\"2560\" \/>\n\t<meta property=\"og:image:height\" content=\"1707\" \/>\n\t<meta property=\"og:image:type\" content=\"image\/jpeg\" \/>\n<meta name=\"twitter:card\" content=\"summary_large_image\" \/>\n<meta name=\"twitter:label1\" content=\"Est. tempo de leitura\" \/>\n\t<meta name=\"twitter:data1\" content=\"1 minuto\" \/>\n<script type=\"application\/ld+json\" class=\"yoast-schema-graph\">{\"@context\":\"https:\\\/\\\/schema.org\",\"@graph\":[{\"@type\":\"WebPage\",\"@id\":\"https:\\\/\\\/sandbox.corporateconnections.com\\\/cc-life\",\"url\":\"https:\\\/\\\/sandbox.corporateconnections.com\\\/cc-life\",\"name\":\"Elementos Chaves da Afilia\u00e7\u00e3o & Benef\u00edcios do CorporateConnections\u00ae\",\"isPartOf\":{\"@id\":\"https:\\\/\\\/sandbox.corporateconnections.com\\\/es\\\/#website\"},\"primaryImageOfPage\":{\"@id\":\"https:\\\/\\\/sandbox.corporateconnections.com\\\/cc-life#primaryimage\"},\"image\":{\"@id\":\"https:\\\/\\\/sandbox.corporateconnections.com\\\/cc-life#primaryimage\"},\"thumbnailUrl\":\"https:\\\/\\\/sandbox.corporateconnections.com\\\/wp-content\\\/uploads\\\/2023\\\/06\\\/CC-Day4_web-263-scaled-e1685991586388.jpg\",\"datePublished\":\"2021-07-08T16:16:54+00:00\",\"dateModified\":\"2021-12-22T20:39:56+00:00\",\"description\":\"Com acesso a l\u00edderes globais, nossos Membros se beneficiam das melhores pr\u00e1ticas e tend\u00eancias que moldam os neg\u00f3cios por meio de sess\u00f5es \u00edntimas com influenciadores em todo o mundo.\",\"breadcrumb\":{\"@id\":\"https:\\\/\\\/sandbox.corporateconnections.com\\\/cc-life#breadcrumb\"},\"inLanguage\":\"pt-BR\",\"potentialAction\":[{\"@type\":\"ReadAction\",\"target\":[\"https:\\\/\\\/sandbox.corporateconnections.com\\\/cc-life\"]}]},{\"@type\":\"ImageObject\",\"inLanguage\":\"pt-BR\",\"@id\":\"https:\\\/\\\/sandbox.corporateconnections.com\\\/cc-life#primaryimage\",\"url\":\"https:\\\/\\\/sandbox.corporateconnections.com\\\/wp-content\\\/uploads\\\/2023\\\/06\\\/CC-Day4_web-263-scaled-e1685991586388.jpg\",\"contentUrl\":\"https:\\\/\\\/sandbox.corporateconnections.com\\\/wp-content\\\/uploads\\\/2023\\\/06\\\/CC-Day4_web-263-scaled-e1685991586388.jpg\",\"width\":2560,\"height\":1707},{\"@type\":\"BreadcrumbList\",\"@id\":\"https:\\\/\\\/sandbox.corporateconnections.com\\\/cc-life#breadcrumb\",\"itemListElement\":[{\"@type\":\"ListItem\",\"position\":1,\"name\":\"Home\",\"item\":\"https:\\\/\\\/sandbox.corporateconnections.com\\\/pt-br\"},{\"@type\":\"ListItem\",\"position\":2,\"name\":\"Vida CC\"}]},{\"@type\":\"WebSite\",\"@id\":\"https:\\\/\\\/sandbox.corporateconnections.com\\\/es\\\/#website\",\"url\":\"https:\\\/\\\/sandbox.corporateconnections.com\\\/es\\\/\",\"name\":\"Corporate Connections\",\"description\":\"Where Leaders Connect\",\"publisher\":{\"@id\":\"https:\\\/\\\/sandbox.corporateconnections.com\\\/es\\\/#organization\"},\"potentialAction\":[{\"@type\":\"SearchAction\",\"target\":{\"@type\":\"EntryPoint\",\"urlTemplate\":\"https:\\\/\\\/sandbox.corporateconnections.com\\\/es\\\/?s={search_term_string}\"},\"query-input\":{\"@type\":\"PropertyValueSpecification\",\"valueRequired\":true,\"valueName\":\"search_term_string\"}}],\"inLanguage\":\"pt-BR\"},{\"@type\":\"Organization\",\"@id\":\"https:\\\/\\\/sandbox.corporateconnections.com\\\/es\\\/#organization\",\"name\":\"Corporate Connections&reg;\",\"url\":\"https:\\\/\\\/sandbox.corporateconnections.com\\\/es\\\/\",\"logo\":{\"@type\":\"ImageObject\",\"inLanguage\":\"pt-BR\",\"@id\":\"https:\\\/\\\/sandbox.corporateconnections.com\\\/es\\\/#\\\/schema\\\/logo\\\/image\\\/\",\"url\":\"https:\\\/\\\/sandbox.corporateconnections.com\\\/wp-content\\\/uploads\\\/2020\\\/10\\\/cc-logo.png\",\"contentUrl\":\"https:\\\/\\\/sandbox.corporateconnections.com\\\/wp-content\\\/uploads\\\/2020\\\/10\\\/cc-logo.png\",\"width\":250,\"height\":87,\"caption\":\"Corporate Connections&reg;\"},\"image\":{\"@id\":\"https:\\\/\\\/sandbox.corporateconnections.com\\\/es\\\/#\\\/schema\\\/logo\\\/image\\\/\"}}]}<\/script>\n<!-- \/ Yoast SEO Premium plugin. -->","yoast_head_json":{"title":"Elementos Chaves da Afilia\u00e7\u00e3o & Benef\u00edcios do CorporateConnections\u00ae","description":"Com acesso a l\u00edderes globais, nossos Membros se beneficiam das melhores pr\u00e1ticas e tend\u00eancias que moldam os neg\u00f3cios por meio de sess\u00f5es \u00edntimas com influenciadores em todo o mundo.","robots":{"index":"noindex","follow":"follow","max-snippet":"max-snippet:-1","max-image-preview":"max-image-preview:large","max-video-preview":"max-video-preview:-1"},"og_locale":"pt_BR","og_type":"article","og_title":"Vida CC","og_description":"Para muitos, se afiliar ao CorporateConnections \u00e9 uma decis\u00e3o de neg\u00f3cio direcionada para ganhar acesso a oportunidades. A raz\u00e3o n\u00famero um dos Membros","og_url":"https:\/\/sandbox.corporateconnections.com\/cc-life","og_site_name":"Corporate Connections","article_modified_time":"2021-12-22T20:39:56+00:00","og_image":[{"width":2560,"height":1707,"url":"https:\/\/sandbox.corporateconnections.com\/wp-content\/uploads\/2023\/06\/CC-Day4_web-263-scaled-e1685991586388.jpg","type":"image\/jpeg"}],"twitter_card":"summary_large_image","twitter_misc":{"Est. tempo de leitura":"1 minuto"},"schema":{"@context":"https:\/\/schema.org","@graph":[{"@type":"WebPage","@id":"https:\/\/sandbox.corporateconnections.com\/cc-life","url":"https:\/\/sandbox.corporateconnections.com\/cc-life","name":"Elementos Chaves da Afilia\u00e7\u00e3o & Benef\u00edcios do CorporateConnections\u00ae","isPartOf":{"@id":"https:\/\/sandbox.corporateconnections.com\/es\/#website"},"primaryImageOfPage":{"@id":"https:\/\/sandbox.corporateconnections.com\/cc-life#primaryimage"},"image":{"@id":"https:\/\/sandbox.corporateconnections.com\/cc-life#primaryimage"},"thumbnailUrl":"https:\/\/sandbox.corporateconnections.com\/wp-content\/uploads\/2023\/06\/CC-Day4_web-263-scaled-e1685991586388.jpg","datePublished":"2021-07-08T16:16:54+00:00","dateModified":"2021-12-22T20:39:56+00:00","description":"Com acesso a l\u00edderes globais, nossos Membros se beneficiam das melhores pr\u00e1ticas e tend\u00eancias que moldam os neg\u00f3cios por meio de sess\u00f5es \u00edntimas com influenciadores em todo o mundo.","breadcrumb":{"@id":"https:\/\/sandbox.corporateconnections.com\/cc-life#breadcrumb"},"inLanguage":"pt-BR","potentialAction":[{"@type":"ReadAction","target":["https:\/\/sandbox.corporateconnections.com\/cc-life"]}]},{"@type":"ImageObject","inLanguage":"pt-BR","@id":"https:\/\/sandbox.corporateconnections.com\/cc-life#primaryimage","url":"https:\/\/sandbox.corporateconnections.com\/wp-content\/uploads\/2023\/06\/CC-Day4_web-263-scaled-e1685991586388.jpg","contentUrl":"https:\/\/sandbox.corporateconnections.com\/wp-content\/uploads\/2023\/06\/CC-Day4_web-263-scaled-e1685991586388.jpg","width":2560,"height":1707},{"@type":"BreadcrumbList","@id":"https:\/\/sandbox.corporateconnections.com\/cc-life#breadcrumb","itemListElement":[{"@type":"ListItem","position":1,"name":"Home","item":"https:\/\/sandbox.corporateconnections.com\/pt-br"},{"@type":"ListItem","position":2,"name":"Vida CC"}]},{"@type":"WebSite","@id":"https:\/\/sandbox.corporateconnections.com\/es\/#website","url":"https:\/\/sandbox.corporateconnections.com\/es\/","name":"Corporate Connections","description":"Where Leaders Connect","publisher":{"@id":"https:\/\/sandbox.corporateconnections.com\/es\/#organization"},"potentialAction":[{"@type":"SearchAction","target":{"@type":"EntryPoint","urlTemplate":"https:\/\/sandbox.corporateconnections.com\/es\/?s={search_term_string}"},"query-input":{"@type":"PropertyValueSpecification","valueRequired":true,"valueName":"search_term_string"}}],"inLanguage":"pt-BR"},{"@type":"Organization","@id":"https:\/\/sandbox.corporateconnections.com\/es\/#organization","name":"Corporate Connections&reg;","url":"https:\/\/sandbox.corporateconnections.com\/es\/","logo":{"@type":"ImageObject","inLanguage":"pt-BR","@id":"https:\/\/sandbox.corporateconnections.com\/es\/#\/schema\/logo\/image\/","url":"https:\/\/sandbox.corporateconnections.com\/wp-content\/uploads\/2020\/10\/cc-logo.png","contentUrl":"https:\/\/sandbox.corporateconnections.com\/wp-content\/uploads\/2020\/10\/cc-logo.png","width":250,"height":87,"caption":"Corporate Connections&reg;"},"image":{"@id":"https:\/\/sandbox.corporateconnections.com\/es\/#\/schema\/logo\/image\/"}}]}},"_links":{"self":[{"href":"https:\/\/sandbox.corporateconnections.com\/pt-br\/wp-json\/wp\/v2\/pages\/3646","targetHints":{"allow":["GET"]}}],"collection":[{"href":"https:\/\/sandbox.corporateconnections.com\/pt-br\/wp-json\/wp\/v2\/pages"}],"about":[{"href":"https:\/\/sandbox.corporateconnections.com\/pt-br\/wp-json\/wp\/v2\/types\/page"}],"author":[{"embeddable":true,"href":"https:\/\/sandbox.corporateconnections.com\/pt-br\/wp-json\/wp\/v2\/users\/4"}],"replies":[{"embeddable":true,"href":"https:\/\/sandbox.corporateconnections.com\/pt-br\/wp-json\/wp\/v2\/comments?post=3646"}],"version-history":[{"count":5,"href":"https:\/\/sandbox.corporateconnections.com\/pt-br\/wp-json\/wp\/v2\/pages\/3646\/revisions"}],"predecessor-version":[{"id":7029,"href":"https:\/\/sandbox.corporateconnections.com\/pt-br\/wp-json\/wp\/v2\/pages\/3646\/revisions\/7029"}],"wp:featuredmedia":[{"embeddable":true,"href":"https:\/\/sandbox.corporateconnections.com\/pt-br\/wp-json\/wp\/v2\/media\/12255"}],"wp:attachment":[{"href":"https:\/\/sandbox.corporateconnections.com\/pt-br\/wp-json\/wp\/v2\/media?parent=3646"}],"curies":[{"name":"wp","href":"https:\/\/api.w.org\/{rel}","templated":true}]}}