{"id":3648,"date":"2021-07-08T16:18:31","date_gmt":"2021-07-08T16:18:31","guid":{"rendered":"https:\/\/sandbox.corporateconnections.com\/historias-de-membro\/"},"modified":"2024-07-29T13:48:46","modified_gmt":"2024-07-29T08:18:46","slug":"historias-de-membro","status":"publish","type":"page","link":"https:\/\/sandbox.corporateconnections.com\/pt-br\/historias-de-membro","title":{"rendered":"Hist\u00f3rias de Membro"},"content":{"rendered":"\n<p>Membros do CorporateConnections compartilham o que torna sua experi\u00eancia de Membro t\u00e3o extraordin\u00e1ria.<\/p>\n","protected":false},"excerpt":{"rendered":"<p>Membros do CorporateConnections compartilham o que torna sua experi\u00eancia de Membro t\u00e3o extraordin\u00e1ria.<\/p>\n","protected":false},"author":4,"featured_media":12458,"parent":0,"menu_order":0,"comment_status":"closed","ping_status":"closed","template":"template-memeberstories.php","meta":{"_acf_changed":false,"footnotes":""},"class_list":["post-3648","page","type-page","status-publish","has-post-thumbnail","hentry"],"acf":[],"yoast_head":"<!-- This site is optimized with the Yoast SEO Premium plugin v26.9 (Yoast SEO v27.3) - https:\/\/yoast.com\/product\/yoast-seo-premium-wordpress\/ -->\n<title>Hist\u00f3rias de Membros Global | International Business Networking<\/title>\n<meta name=\"description\" content=\"Acelere o Crescimento do seu Neg\u00f3cio com o Suporte \u00e0 Parceiros de l\u00edderes &amp; empreendedores de sucesso em todo o mundo. Leia as hist\u00f3rias de membros do CorporateConnections\u00ae.\" \/>\n<meta name=\"robots\" content=\"noindex, follow, max-snippet:-1, max-image-preview:large, max-video-preview:-1\" \/>\n<meta property=\"og:locale\" content=\"pt_BR\" \/>\n<meta property=\"og:type\" content=\"article\" \/>\n<meta property=\"og:title\" content=\"Hist\u00f3rias de Membro\" \/>\n<meta property=\"og:description\" content=\"Membros do CorporateConnections compartilham o que torna sua experi\u00eancia de Membro t\u00e3o extraordin\u00e1ria.\" \/>\n<meta property=\"og:url\" content=\"https:\/\/sandbox.corporateconnections.com\/member-stories\" \/>\n<meta property=\"og:site_name\" content=\"Corporate Connections\" \/>\n<meta property=\"article:modified_time\" content=\"2024-07-29T08:18:46+00:00\" \/>\n<meta property=\"og:image\" content=\"https:\/\/sandbox.corporateconnections.com\/wp-content\/uploads\/2023\/07\/520_CC_1879-scaled-e1688506736446.jpg\" \/>\n\t<meta property=\"og:image:width\" content=\"2560\" \/>\n\t<meta property=\"og:image:height\" content=\"1707\" \/>\n\t<meta property=\"og:image:type\" content=\"image\/jpeg\" \/>\n<meta name=\"twitter:card\" content=\"summary_large_image\" \/>\n<meta name=\"twitter:label1\" content=\"Est. tempo de leitura\" \/>\n\t<meta name=\"twitter:data1\" content=\"1 minuto\" \/>\n<script type=\"application\/ld+json\" class=\"yoast-schema-graph\">{\"@context\":\"https:\\\/\\\/schema.org\",\"@graph\":[{\"@type\":\"WebPage\",\"@id\":\"https:\\\/\\\/sandbox.corporateconnections.com\\\/member-stories\",\"url\":\"https:\\\/\\\/sandbox.corporateconnections.com\\\/member-stories\",\"name\":\"Hist\u00f3rias de Membros Global | International Business Networking\",\"isPartOf\":{\"@id\":\"https:\\\/\\\/sandbox.corporateconnections.com\\\/es\\\/#website\"},\"primaryImageOfPage\":{\"@id\":\"https:\\\/\\\/sandbox.corporateconnections.com\\\/member-stories#primaryimage\"},\"image\":{\"@id\":\"https:\\\/\\\/sandbox.corporateconnections.com\\\/member-stories#primaryimage\"},\"thumbnailUrl\":\"https:\\\/\\\/sandbox.corporateconnections.com\\\/wp-content\\\/uploads\\\/2023\\\/07\\\/520_CC_1879-scaled-e1688506736446.jpg\",\"datePublished\":\"2021-07-08T16:18:31+00:00\",\"dateModified\":\"2024-07-29T08:18:46+00:00\",\"description\":\"Acelere o Crescimento do seu Neg\u00f3cio com o Suporte \u00e0 Parceiros de l\u00edderes & empreendedores de sucesso em todo o mundo. Leia as hist\u00f3rias de membros do CorporateConnections\u00ae.\",\"breadcrumb\":{\"@id\":\"https:\\\/\\\/sandbox.corporateconnections.com\\\/member-stories#breadcrumb\"},\"inLanguage\":\"pt-BR\",\"potentialAction\":[{\"@type\":\"ReadAction\",\"target\":[\"https:\\\/\\\/sandbox.corporateconnections.com\\\/member-stories\"]}]},{\"@type\":\"ImageObject\",\"inLanguage\":\"pt-BR\",\"@id\":\"https:\\\/\\\/sandbox.corporateconnections.com\\\/member-stories#primaryimage\",\"url\":\"https:\\\/\\\/sandbox.corporateconnections.com\\\/wp-content\\\/uploads\\\/2023\\\/07\\\/520_CC_1879-scaled-e1688506736446.jpg\",\"contentUrl\":\"https:\\\/\\\/sandbox.corporateconnections.com\\\/wp-content\\\/uploads\\\/2023\\\/07\\\/520_CC_1879-scaled-e1688506736446.jpg\",\"width\":2560,\"height\":1707},{\"@type\":\"BreadcrumbList\",\"@id\":\"https:\\\/\\\/sandbox.corporateconnections.com\\\/member-stories#breadcrumb\",\"itemListElement\":[{\"@type\":\"ListItem\",\"position\":1,\"name\":\"Home\",\"item\":\"https:\\\/\\\/sandbox.corporateconnections.com\\\/pt-br\"},{\"@type\":\"ListItem\",\"position\":2,\"name\":\"Hist\u00f3rias de Membro\"}]},{\"@type\":\"WebSite\",\"@id\":\"https:\\\/\\\/sandbox.corporateconnections.com\\\/es\\\/#website\",\"url\":\"https:\\\/\\\/sandbox.corporateconnections.com\\\/es\\\/\",\"name\":\"Corporate Connections\",\"description\":\"Where Leaders Connect\",\"publisher\":{\"@id\":\"https:\\\/\\\/sandbox.corporateconnections.com\\\/es\\\/#organization\"},\"potentialAction\":[{\"@type\":\"SearchAction\",\"target\":{\"@type\":\"EntryPoint\",\"urlTemplate\":\"https:\\\/\\\/sandbox.corporateconnections.com\\\/es\\\/?s={search_term_string}\"},\"query-input\":{\"@type\":\"PropertyValueSpecification\",\"valueRequired\":true,\"valueName\":\"search_term_string\"}}],\"inLanguage\":\"pt-BR\"},{\"@type\":\"Organization\",\"@id\":\"https:\\\/\\\/sandbox.corporateconnections.com\\\/es\\\/#organization\",\"name\":\"Corporate Connections&reg;\",\"url\":\"https:\\\/\\\/sandbox.corporateconnections.com\\\/es\\\/\",\"logo\":{\"@type\":\"ImageObject\",\"inLanguage\":\"pt-BR\",\"@id\":\"https:\\\/\\\/sandbox.corporateconnections.com\\\/es\\\/#\\\/schema\\\/logo\\\/image\\\/\",\"url\":\"https:\\\/\\\/sandbox.corporateconnections.com\\\/wp-content\\\/uploads\\\/2020\\\/10\\\/cc-logo.png\",\"contentUrl\":\"https:\\\/\\\/sandbox.corporateconnections.com\\\/wp-content\\\/uploads\\\/2020\\\/10\\\/cc-logo.png\",\"width\":250,\"height\":87,\"caption\":\"Corporate Connections&reg;\"},\"image\":{\"@id\":\"https:\\\/\\\/sandbox.corporateconnections.com\\\/es\\\/#\\\/schema\\\/logo\\\/image\\\/\"}}]}<\/script>\n<!-- \/ Yoast SEO Premium plugin. -->","yoast_head_json":{"title":"Hist\u00f3rias de Membros Global | International Business Networking","description":"Acelere o Crescimento do seu Neg\u00f3cio com o Suporte \u00e0 Parceiros de l\u00edderes & empreendedores de sucesso em todo o mundo. Leia as hist\u00f3rias de membros do CorporateConnections\u00ae.","robots":{"index":"noindex","follow":"follow","max-snippet":"max-snippet:-1","max-image-preview":"max-image-preview:large","max-video-preview":"max-video-preview:-1"},"og_locale":"pt_BR","og_type":"article","og_title":"Hist\u00f3rias de Membro","og_description":"Membros do CorporateConnections compartilham o que torna sua experi\u00eancia de Membro t\u00e3o extraordin\u00e1ria.","og_url":"https:\/\/sandbox.corporateconnections.com\/member-stories","og_site_name":"Corporate Connections","article_modified_time":"2024-07-29T08:18:46+00:00","og_image":[{"width":2560,"height":1707,"url":"https:\/\/sandbox.corporateconnections.com\/wp-content\/uploads\/2023\/07\/520_CC_1879-scaled-e1688506736446.jpg","type":"image\/jpeg"}],"twitter_card":"summary_large_image","twitter_misc":{"Est. tempo de leitura":"1 minuto"},"schema":{"@context":"https:\/\/schema.org","@graph":[{"@type":"WebPage","@id":"https:\/\/sandbox.corporateconnections.com\/member-stories","url":"https:\/\/sandbox.corporateconnections.com\/member-stories","name":"Hist\u00f3rias de Membros Global | International Business Networking","isPartOf":{"@id":"https:\/\/sandbox.corporateconnections.com\/es\/#website"},"primaryImageOfPage":{"@id":"https:\/\/sandbox.corporateconnections.com\/member-stories#primaryimage"},"image":{"@id":"https:\/\/sandbox.corporateconnections.com\/member-stories#primaryimage"},"thumbnailUrl":"https:\/\/sandbox.corporateconnections.com\/wp-content\/uploads\/2023\/07\/520_CC_1879-scaled-e1688506736446.jpg","datePublished":"2021-07-08T16:18:31+00:00","dateModified":"2024-07-29T08:18:46+00:00","description":"Acelere o Crescimento do seu Neg\u00f3cio com o Suporte \u00e0 Parceiros de l\u00edderes & empreendedores de sucesso em todo o mundo. Leia as hist\u00f3rias de membros do CorporateConnections\u00ae.","breadcrumb":{"@id":"https:\/\/sandbox.corporateconnections.com\/member-stories#breadcrumb"},"inLanguage":"pt-BR","potentialAction":[{"@type":"ReadAction","target":["https:\/\/sandbox.corporateconnections.com\/member-stories"]}]},{"@type":"ImageObject","inLanguage":"pt-BR","@id":"https:\/\/sandbox.corporateconnections.com\/member-stories#primaryimage","url":"https:\/\/sandbox.corporateconnections.com\/wp-content\/uploads\/2023\/07\/520_CC_1879-scaled-e1688506736446.jpg","contentUrl":"https:\/\/sandbox.corporateconnections.com\/wp-content\/uploads\/2023\/07\/520_CC_1879-scaled-e1688506736446.jpg","width":2560,"height":1707},{"@type":"BreadcrumbList","@id":"https:\/\/sandbox.corporateconnections.com\/member-stories#breadcrumb","itemListElement":[{"@type":"ListItem","position":1,"name":"Home","item":"https:\/\/sandbox.corporateconnections.com\/pt-br"},{"@type":"ListItem","position":2,"name":"Hist\u00f3rias de Membro"}]},{"@type":"WebSite","@id":"https:\/\/sandbox.corporateconnections.com\/es\/#website","url":"https:\/\/sandbox.corporateconnections.com\/es\/","name":"Corporate Connections","description":"Where Leaders Connect","publisher":{"@id":"https:\/\/sandbox.corporateconnections.com\/es\/#organization"},"potentialAction":[{"@type":"SearchAction","target":{"@type":"EntryPoint","urlTemplate":"https:\/\/sandbox.corporateconnections.com\/es\/?s={search_term_string}"},"query-input":{"@type":"PropertyValueSpecification","valueRequired":true,"valueName":"search_term_string"}}],"inLanguage":"pt-BR"},{"@type":"Organization","@id":"https:\/\/sandbox.corporateconnections.com\/es\/#organization","name":"Corporate Connections&reg;","url":"https:\/\/sandbox.corporateconnections.com\/es\/","logo":{"@type":"ImageObject","inLanguage":"pt-BR","@id":"https:\/\/sandbox.corporateconnections.com\/es\/#\/schema\/logo\/image\/","url":"https:\/\/sandbox.corporateconnections.com\/wp-content\/uploads\/2020\/10\/cc-logo.png","contentUrl":"https:\/\/sandbox.corporateconnections.com\/wp-content\/uploads\/2020\/10\/cc-logo.png","width":250,"height":87,"caption":"Corporate Connections&reg;"},"image":{"@id":"https:\/\/sandbox.corporateconnections.com\/es\/#\/schema\/logo\/image\/"}}]}},"_links":{"self":[{"href":"https:\/\/sandbox.corporateconnections.com\/pt-br\/wp-json\/wp\/v2\/pages\/3648","targetHints":{"allow":["GET"]}}],"collection":[{"href":"https:\/\/sandbox.corporateconnections.com\/pt-br\/wp-json\/wp\/v2\/pages"}],"about":[{"href":"https:\/\/sandbox.corporateconnections.com\/pt-br\/wp-json\/wp\/v2\/types\/page"}],"author":[{"embeddable":true,"href":"https:\/\/sandbox.corporateconnections.com\/pt-br\/wp-json\/wp\/v2\/users\/4"}],"replies":[{"embeddable":true,"href":"https:\/\/sandbox.corporateconnections.com\/pt-br\/wp-json\/wp\/v2\/comments?post=3648"}],"version-history":[{"count":8,"href":"https:\/\/sandbox.corporateconnections.com\/pt-br\/wp-json\/wp\/v2\/pages\/3648\/revisions"}],"predecessor-version":[{"id":14408,"href":"https:\/\/sandbox.corporateconnections.com\/pt-br\/wp-json\/wp\/v2\/pages\/3648\/revisions\/14408"}],"wp:featuredmedia":[{"embeddable":true,"href":"https:\/\/sandbox.corporateconnections.com\/pt-br\/wp-json\/wp\/v2\/media\/12458"}],"wp:attachment":[{"href":"https:\/\/sandbox.corporateconnections.com\/pt-br\/wp-json\/wp\/v2\/media?parent=3648"}],"curies":[{"name":"wp","href":"https:\/\/api.w.org\/{rel}","templated":true}]}}