{"id":3650,"date":"2021-07-08T16:22:02","date_gmt":"2021-07-08T16:22:02","guid":{"rendered":"https:\/\/sandbox.corporateconnections.com\/agende-uma-visita\/"},"modified":"2021-07-22T20:14:48","modified_gmt":"2021-07-22T20:14:48","slug":"agende-uma-visita","status":"publish","type":"page","link":"https:\/\/sandbox.corporateconnections.com\/pt-br\/agende-uma-visita","title":{"rendered":"Agende uma Visita"},"content":{"rendered":"\n<p>Se voc\u00ea deseja agendar uma visita, preencha e envie o formul\u00e1rio de solicita\u00e7\u00e3o de visita inicial. Ap\u00f3s o recebimento, o Diretor do Grupo do CorporateConnections local revisar\u00e1 suas informa\u00e7\u00f5es e solicitar\u00e1 detalhes adicionais sobre sua visita. Obrigado pelo seu interesse.<\/p>\n","protected":false},"excerpt":{"rendered":"<p>Se voc\u00ea deseja agendar uma visita, preencha e envie o formul\u00e1rio de solicita\u00e7\u00e3o de visita inicial. Ap\u00f3s o recebimento, o Diretor do Grupo do CorporateConnections local revisar\u00e1 suas informa\u00e7\u00f5es e solicitar\u00e1 detalhes adicionais sobre sua visita. Obrigado pelo seu interesse.<\/p>\n","protected":false},"author":4,"featured_media":3422,"parent":0,"menu_order":0,"comment_status":"closed","ping_status":"closed","template":"template-requestvisit.php","meta":{"_acf_changed":false,"footnotes":""},"class_list":["post-3650","page","type-page","status-publish","has-post-thumbnail","hentry"],"acf":[],"yoast_head":"<!-- This site is optimized with the Yoast SEO Premium plugin v26.9 (Yoast SEO v27.3) - https:\/\/yoast.com\/product\/yoast-seo-premium-wordpress\/ -->\n<title>Experimente a Plataforma Premier de Networking Executivo | Visita<\/title>\n<meta name=\"description\" content=\"As Reuni\u00f5es de Grupo do CorporateConnections\u00ae adere a um networking parceiro-a-parceiro comprovado e eficaz. A visita a qualquer reuni\u00e3o do Grupo exige inscri\u00e7\u00e3o antecipada.\" \/>\n<meta name=\"robots\" content=\"noindex, follow, max-snippet:-1, max-image-preview:large, max-video-preview:-1\" \/>\n<meta property=\"og:locale\" content=\"pt_BR\" \/>\n<meta property=\"og:type\" content=\"article\" \/>\n<meta property=\"og:title\" content=\"Agende uma Visita\" \/>\n<meta property=\"og:description\" content=\"Se voc\u00ea deseja agendar uma visita, preencha e envie o formul\u00e1rio de solicita\u00e7\u00e3o de visita inicial. Ap\u00f3s o recebimento, o Diretor do Grupo do\" \/>\n<meta property=\"og:url\" content=\"https:\/\/sandbox.corporateconnections.com\/request-a-visit\" \/>\n<meta property=\"og:site_name\" content=\"Corporate Connections\" \/>\n<meta property=\"article:modified_time\" content=\"2021-07-22T20:14:48+00:00\" \/>\n<meta property=\"og:image\" content=\"https:\/\/sandbox.corporateconnections.com\/wp-content\/uploads\/2021\/06\/request_page2.jpg\" \/>\n\t<meta property=\"og:image:width\" content=\"1920\" \/>\n\t<meta property=\"og:image:height\" content=\"661\" \/>\n\t<meta property=\"og:image:type\" content=\"image\/jpeg\" \/>\n<meta name=\"twitter:card\" content=\"summary_large_image\" \/>\n<meta name=\"twitter:label1\" content=\"Est. tempo de leitura\" \/>\n\t<meta name=\"twitter:data1\" content=\"1 minuto\" \/>\n<script type=\"application\/ld+json\" class=\"yoast-schema-graph\">{\"@context\":\"https:\\\/\\\/schema.org\",\"@graph\":[{\"@type\":\"WebPage\",\"@id\":\"https:\\\/\\\/sandbox.corporateconnections.com\\\/request-a-visit\",\"url\":\"https:\\\/\\\/sandbox.corporateconnections.com\\\/request-a-visit\",\"name\":\"Experimente a Plataforma Premier de Networking Executivo | Visita\",\"isPartOf\":{\"@id\":\"https:\\\/\\\/sandbox.corporateconnections.com\\\/es\\\/#website\"},\"primaryImageOfPage\":{\"@id\":\"https:\\\/\\\/sandbox.corporateconnections.com\\\/request-a-visit#primaryimage\"},\"image\":{\"@id\":\"https:\\\/\\\/sandbox.corporateconnections.com\\\/request-a-visit#primaryimage\"},\"thumbnailUrl\":\"https:\\\/\\\/sandbox.corporateconnections.com\\\/wp-content\\\/uploads\\\/2021\\\/06\\\/request_page2.jpg\",\"datePublished\":\"2021-07-08T16:22:02+00:00\",\"dateModified\":\"2021-07-22T20:14:48+00:00\",\"description\":\"As Reuni\u00f5es de Grupo do CorporateConnections\u00ae adere a um networking parceiro-a-parceiro comprovado e eficaz. A visita a qualquer reuni\u00e3o do Grupo exige inscri\u00e7\u00e3o antecipada.\",\"breadcrumb\":{\"@id\":\"https:\\\/\\\/sandbox.corporateconnections.com\\\/request-a-visit#breadcrumb\"},\"inLanguage\":\"pt-BR\",\"potentialAction\":[{\"@type\":\"ReadAction\",\"target\":[\"https:\\\/\\\/sandbox.corporateconnections.com\\\/request-a-visit\"]}]},{\"@type\":\"ImageObject\",\"inLanguage\":\"pt-BR\",\"@id\":\"https:\\\/\\\/sandbox.corporateconnections.com\\\/request-a-visit#primaryimage\",\"url\":\"https:\\\/\\\/sandbox.corporateconnections.com\\\/wp-content\\\/uploads\\\/2021\\\/06\\\/request_page2.jpg\",\"contentUrl\":\"https:\\\/\\\/sandbox.corporateconnections.com\\\/wp-content\\\/uploads\\\/2021\\\/06\\\/request_page2.jpg\",\"width\":1920,\"height\":661},{\"@type\":\"BreadcrumbList\",\"@id\":\"https:\\\/\\\/sandbox.corporateconnections.com\\\/request-a-visit#breadcrumb\",\"itemListElement\":[{\"@type\":\"ListItem\",\"position\":1,\"name\":\"Home\",\"item\":\"https:\\\/\\\/sandbox.corporateconnections.com\\\/pt-br\"},{\"@type\":\"ListItem\",\"position\":2,\"name\":\"Agende uma Visita\"}]},{\"@type\":\"WebSite\",\"@id\":\"https:\\\/\\\/sandbox.corporateconnections.com\\\/es\\\/#website\",\"url\":\"https:\\\/\\\/sandbox.corporateconnections.com\\\/es\\\/\",\"name\":\"Corporate Connections\",\"description\":\"Where Leaders Connect\",\"publisher\":{\"@id\":\"https:\\\/\\\/sandbox.corporateconnections.com\\\/es\\\/#organization\"},\"potentialAction\":[{\"@type\":\"SearchAction\",\"target\":{\"@type\":\"EntryPoint\",\"urlTemplate\":\"https:\\\/\\\/sandbox.corporateconnections.com\\\/es\\\/?s={search_term_string}\"},\"query-input\":{\"@type\":\"PropertyValueSpecification\",\"valueRequired\":true,\"valueName\":\"search_term_string\"}}],\"inLanguage\":\"pt-BR\"},{\"@type\":\"Organization\",\"@id\":\"https:\\\/\\\/sandbox.corporateconnections.com\\\/es\\\/#organization\",\"name\":\"Corporate Connections&reg;\",\"url\":\"https:\\\/\\\/sandbox.corporateconnections.com\\\/es\\\/\",\"logo\":{\"@type\":\"ImageObject\",\"inLanguage\":\"pt-BR\",\"@id\":\"https:\\\/\\\/sandbox.corporateconnections.com\\\/es\\\/#\\\/schema\\\/logo\\\/image\\\/\",\"url\":\"https:\\\/\\\/sandbox.corporateconnections.com\\\/wp-content\\\/uploads\\\/2020\\\/10\\\/cc-logo.png\",\"contentUrl\":\"https:\\\/\\\/sandbox.corporateconnections.com\\\/wp-content\\\/uploads\\\/2020\\\/10\\\/cc-logo.png\",\"width\":250,\"height\":87,\"caption\":\"Corporate Connections&reg;\"},\"image\":{\"@id\":\"https:\\\/\\\/sandbox.corporateconnections.com\\\/es\\\/#\\\/schema\\\/logo\\\/image\\\/\"}}]}<\/script>\n<!-- \/ Yoast SEO Premium plugin. -->","yoast_head_json":{"title":"Experimente a Plataforma Premier de Networking Executivo | Visita","description":"As Reuni\u00f5es de Grupo do CorporateConnections\u00ae adere a um networking parceiro-a-parceiro comprovado e eficaz. A visita a qualquer reuni\u00e3o do Grupo exige inscri\u00e7\u00e3o antecipada.","robots":{"index":"noindex","follow":"follow","max-snippet":"max-snippet:-1","max-image-preview":"max-image-preview:large","max-video-preview":"max-video-preview:-1"},"og_locale":"pt_BR","og_type":"article","og_title":"Agende uma Visita","og_description":"Se voc\u00ea deseja agendar uma visita, preencha e envie o formul\u00e1rio de solicita\u00e7\u00e3o de visita inicial. Ap\u00f3s o recebimento, o Diretor do Grupo do","og_url":"https:\/\/sandbox.corporateconnections.com\/request-a-visit","og_site_name":"Corporate Connections","article_modified_time":"2021-07-22T20:14:48+00:00","og_image":[{"width":1920,"height":661,"url":"https:\/\/sandbox.corporateconnections.com\/wp-content\/uploads\/2021\/06\/request_page2.jpg","type":"image\/jpeg"}],"twitter_card":"summary_large_image","twitter_misc":{"Est. tempo de leitura":"1 minuto"},"schema":{"@context":"https:\/\/schema.org","@graph":[{"@type":"WebPage","@id":"https:\/\/sandbox.corporateconnections.com\/request-a-visit","url":"https:\/\/sandbox.corporateconnections.com\/request-a-visit","name":"Experimente a Plataforma Premier de Networking Executivo | Visita","isPartOf":{"@id":"https:\/\/sandbox.corporateconnections.com\/es\/#website"},"primaryImageOfPage":{"@id":"https:\/\/sandbox.corporateconnections.com\/request-a-visit#primaryimage"},"image":{"@id":"https:\/\/sandbox.corporateconnections.com\/request-a-visit#primaryimage"},"thumbnailUrl":"https:\/\/sandbox.corporateconnections.com\/wp-content\/uploads\/2021\/06\/request_page2.jpg","datePublished":"2021-07-08T16:22:02+00:00","dateModified":"2021-07-22T20:14:48+00:00","description":"As Reuni\u00f5es de Grupo do CorporateConnections\u00ae adere a um networking parceiro-a-parceiro comprovado e eficaz. A visita a qualquer reuni\u00e3o do Grupo exige inscri\u00e7\u00e3o antecipada.","breadcrumb":{"@id":"https:\/\/sandbox.corporateconnections.com\/request-a-visit#breadcrumb"},"inLanguage":"pt-BR","potentialAction":[{"@type":"ReadAction","target":["https:\/\/sandbox.corporateconnections.com\/request-a-visit"]}]},{"@type":"ImageObject","inLanguage":"pt-BR","@id":"https:\/\/sandbox.corporateconnections.com\/request-a-visit#primaryimage","url":"https:\/\/sandbox.corporateconnections.com\/wp-content\/uploads\/2021\/06\/request_page2.jpg","contentUrl":"https:\/\/sandbox.corporateconnections.com\/wp-content\/uploads\/2021\/06\/request_page2.jpg","width":1920,"height":661},{"@type":"BreadcrumbList","@id":"https:\/\/sandbox.corporateconnections.com\/request-a-visit#breadcrumb","itemListElement":[{"@type":"ListItem","position":1,"name":"Home","item":"https:\/\/sandbox.corporateconnections.com\/pt-br"},{"@type":"ListItem","position":2,"name":"Agende uma Visita"}]},{"@type":"WebSite","@id":"https:\/\/sandbox.corporateconnections.com\/es\/#website","url":"https:\/\/sandbox.corporateconnections.com\/es\/","name":"Corporate Connections","description":"Where Leaders Connect","publisher":{"@id":"https:\/\/sandbox.corporateconnections.com\/es\/#organization"},"potentialAction":[{"@type":"SearchAction","target":{"@type":"EntryPoint","urlTemplate":"https:\/\/sandbox.corporateconnections.com\/es\/?s={search_term_string}"},"query-input":{"@type":"PropertyValueSpecification","valueRequired":true,"valueName":"search_term_string"}}],"inLanguage":"pt-BR"},{"@type":"Organization","@id":"https:\/\/sandbox.corporateconnections.com\/es\/#organization","name":"Corporate Connections&reg;","url":"https:\/\/sandbox.corporateconnections.com\/es\/","logo":{"@type":"ImageObject","inLanguage":"pt-BR","@id":"https:\/\/sandbox.corporateconnections.com\/es\/#\/schema\/logo\/image\/","url":"https:\/\/sandbox.corporateconnections.com\/wp-content\/uploads\/2020\/10\/cc-logo.png","contentUrl":"https:\/\/sandbox.corporateconnections.com\/wp-content\/uploads\/2020\/10\/cc-logo.png","width":250,"height":87,"caption":"Corporate Connections&reg;"},"image":{"@id":"https:\/\/sandbox.corporateconnections.com\/es\/#\/schema\/logo\/image\/"}}]}},"_links":{"self":[{"href":"https:\/\/sandbox.corporateconnections.com\/pt-br\/wp-json\/wp\/v2\/pages\/3650","targetHints":{"allow":["GET"]}}],"collection":[{"href":"https:\/\/sandbox.corporateconnections.com\/pt-br\/wp-json\/wp\/v2\/pages"}],"about":[{"href":"https:\/\/sandbox.corporateconnections.com\/pt-br\/wp-json\/wp\/v2\/types\/page"}],"author":[{"embeddable":true,"href":"https:\/\/sandbox.corporateconnections.com\/pt-br\/wp-json\/wp\/v2\/users\/4"}],"replies":[{"embeddable":true,"href":"https:\/\/sandbox.corporateconnections.com\/pt-br\/wp-json\/wp\/v2\/comments?post=3650"}],"version-history":[{"count":4,"href":"https:\/\/sandbox.corporateconnections.com\/pt-br\/wp-json\/wp\/v2\/pages\/3650\/revisions"}],"predecessor-version":[{"id":4419,"href":"https:\/\/sandbox.corporateconnections.com\/pt-br\/wp-json\/wp\/v2\/pages\/3650\/revisions\/4419"}],"wp:featuredmedia":[{"embeddable":true,"href":"https:\/\/sandbox.corporateconnections.com\/pt-br\/wp-json\/wp\/v2\/media\/3422"}],"wp:attachment":[{"href":"https:\/\/sandbox.corporateconnections.com\/pt-br\/wp-json\/wp\/v2\/media?parent=3650"}],"curies":[{"name":"wp","href":"https:\/\/api.w.org\/{rel}","templated":true}]}}