{"id":3656,"date":"2021-07-08T16:26:48","date_gmt":"2021-07-08T16:26:48","guid":{"rendered":"https:\/\/sandbox.corporateconnections.com\/contate-nos\/"},"modified":"2024-07-29T13:47:24","modified_gmt":"2024-07-29T08:17:24","slug":"contate-nos","status":"publish","type":"page","link":"https:\/\/sandbox.corporateconnections.com\/pt-br\/contate-nos","title":{"rendered":"Contate-nos"},"content":{"rendered":"\n<p>Estamos aqui para ajudar! Para todas as consultas, envie-nos um e-mail usando o formul\u00e1rio abaixo.<\/p>\n\n\n","protected":false},"excerpt":{"rendered":"<p>Estamos aqui para ajudar! Para todas as consultas, envie-nos um e-mail usando o formul\u00e1rio abaixo.<\/p>\n","protected":false},"author":4,"featured_media":0,"parent":0,"menu_order":0,"comment_status":"closed","ping_status":"closed","template":"template-contactUs.php","meta":{"_acf_changed":false,"footnotes":""},"class_list":["post-3656","page","type-page","status-publish","hentry"],"acf":[],"yoast_head":"<!-- This site is optimized with the Yoast SEO Premium plugin v26.9 (Yoast SEO v27.3) - https:\/\/yoast.com\/product\/yoast-seo-premium-wordpress\/ -->\n<title>Chcesz przyspieszy\u0107 sukces swojego biznesu? Skontaktuj si\u0119 z nami ju\u017c dzi\u015b<\/title>\n<meta name=\"description\" content=\"Deixe suas informa\u00e7\u00f5es de contato &amp; entraremos em contato o mais r\u00e1pido poss\u00edvel Alternativamente, voc\u00ea pode nos enviar um e-mail info@corporateconnections.com ou ligar para +1 704 644 7878\" \/>\n<meta name=\"robots\" content=\"noindex, follow, max-snippet:-1, max-image-preview:large, max-video-preview:-1\" \/>\n<meta property=\"og:locale\" content=\"pt_BR\" \/>\n<meta property=\"og:type\" content=\"article\" \/>\n<meta property=\"og:title\" content=\"Contate-nos\" \/>\n<meta property=\"og:description\" content=\"Estamos aqui para ajudar! Para todas as consultas, envie-nos um e-mail usando o formul\u00e1rio abaixo.\" \/>\n<meta property=\"og:url\" content=\"https:\/\/sandbox.corporateconnections.com\/pt-br\/contate-nos\" \/>\n<meta property=\"og:site_name\" content=\"Corporate Connections\" \/>\n<meta property=\"article:modified_time\" content=\"2024-07-29T08:17:24+00:00\" \/>\n<meta name=\"twitter:card\" content=\"summary_large_image\" \/>\n<meta name=\"twitter:label1\" content=\"Est. tempo de leitura\" \/>\n\t<meta name=\"twitter:data1\" content=\"1 minuto\" \/>\n<script type=\"application\/ld+json\" class=\"yoast-schema-graph\">{\"@context\":\"https:\\\/\\\/schema.org\",\"@graph\":[{\"@type\":\"WebPage\",\"@id\":\"https:\\\/\\\/sandbox.corporateconnections.com\\\/pt-br\\\/contate-nos\",\"url\":\"https:\\\/\\\/sandbox.corporateconnections.com\\\/pt-br\\\/contate-nos\",\"name\":\"Chcesz przyspieszy\u0107 sukces swojego biznesu? Skontaktuj si\u0119 z nami ju\u017c dzi\u015b\",\"isPartOf\":{\"@id\":\"https:\\\/\\\/sandbox.corporateconnections.com\\\/es\\\/#website\"},\"datePublished\":\"2021-07-08T16:26:48+00:00\",\"dateModified\":\"2024-07-29T08:17:24+00:00\",\"description\":\"Deixe suas informa\u00e7\u00f5es de contato & entraremos em contato o mais r\u00e1pido poss\u00edvel Alternativamente, voc\u00ea pode nos enviar um e-mail info@corporateconnections.com ou ligar para +1 704 644 7878\",\"breadcrumb\":{\"@id\":\"https:\\\/\\\/sandbox.corporateconnections.com\\\/pt-br\\\/contate-nos#breadcrumb\"},\"inLanguage\":\"pt-BR\",\"potentialAction\":[{\"@type\":\"ReadAction\",\"target\":[\"https:\\\/\\\/sandbox.corporateconnections.com\\\/pt-br\\\/contate-nos\"]}]},{\"@type\":\"BreadcrumbList\",\"@id\":\"https:\\\/\\\/sandbox.corporateconnections.com\\\/pt-br\\\/contate-nos#breadcrumb\",\"itemListElement\":[{\"@type\":\"ListItem\",\"position\":1,\"name\":\"Home\",\"item\":\"https:\\\/\\\/sandbox.corporateconnections.com\\\/pt-br\"},{\"@type\":\"ListItem\",\"position\":2,\"name\":\"Contate-nos\"}]},{\"@type\":\"WebSite\",\"@id\":\"https:\\\/\\\/sandbox.corporateconnections.com\\\/es\\\/#website\",\"url\":\"https:\\\/\\\/sandbox.corporateconnections.com\\\/es\\\/\",\"name\":\"Corporate Connections\",\"description\":\"Where Leaders Connect\",\"publisher\":{\"@id\":\"https:\\\/\\\/sandbox.corporateconnections.com\\\/es\\\/#organization\"},\"potentialAction\":[{\"@type\":\"SearchAction\",\"target\":{\"@type\":\"EntryPoint\",\"urlTemplate\":\"https:\\\/\\\/sandbox.corporateconnections.com\\\/es\\\/?s={search_term_string}\"},\"query-input\":{\"@type\":\"PropertyValueSpecification\",\"valueRequired\":true,\"valueName\":\"search_term_string\"}}],\"inLanguage\":\"pt-BR\"},{\"@type\":\"Organization\",\"@id\":\"https:\\\/\\\/sandbox.corporateconnections.com\\\/es\\\/#organization\",\"name\":\"Corporate Connections&reg;\",\"url\":\"https:\\\/\\\/sandbox.corporateconnections.com\\\/es\\\/\",\"logo\":{\"@type\":\"ImageObject\",\"inLanguage\":\"pt-BR\",\"@id\":\"https:\\\/\\\/sandbox.corporateconnections.com\\\/es\\\/#\\\/schema\\\/logo\\\/image\\\/\",\"url\":\"https:\\\/\\\/sandbox.corporateconnections.com\\\/wp-content\\\/uploads\\\/2020\\\/10\\\/cc-logo.png\",\"contentUrl\":\"https:\\\/\\\/sandbox.corporateconnections.com\\\/wp-content\\\/uploads\\\/2020\\\/10\\\/cc-logo.png\",\"width\":250,\"height\":87,\"caption\":\"Corporate Connections&reg;\"},\"image\":{\"@id\":\"https:\\\/\\\/sandbox.corporateconnections.com\\\/es\\\/#\\\/schema\\\/logo\\\/image\\\/\"}}]}<\/script>\n<!-- \/ Yoast SEO Premium plugin. -->","yoast_head_json":{"title":"Chcesz przyspieszy\u0107 sukces swojego biznesu? Skontaktuj si\u0119 z nami ju\u017c dzi\u015b","description":"Deixe suas informa\u00e7\u00f5es de contato & entraremos em contato o mais r\u00e1pido poss\u00edvel Alternativamente, voc\u00ea pode nos enviar um e-mail info@corporateconnections.com ou ligar para +1 704 644 7878","robots":{"index":"noindex","follow":"follow","max-snippet":"max-snippet:-1","max-image-preview":"max-image-preview:large","max-video-preview":"max-video-preview:-1"},"og_locale":"pt_BR","og_type":"article","og_title":"Contate-nos","og_description":"Estamos aqui para ajudar! Para todas as consultas, envie-nos um e-mail usando o formul\u00e1rio abaixo.","og_url":"https:\/\/sandbox.corporateconnections.com\/pt-br\/contate-nos","og_site_name":"Corporate Connections","article_modified_time":"2024-07-29T08:17:24+00:00","twitter_card":"summary_large_image","twitter_misc":{"Est. tempo de leitura":"1 minuto"},"schema":{"@context":"https:\/\/schema.org","@graph":[{"@type":"WebPage","@id":"https:\/\/sandbox.corporateconnections.com\/pt-br\/contate-nos","url":"https:\/\/sandbox.corporateconnections.com\/pt-br\/contate-nos","name":"Chcesz przyspieszy\u0107 sukces swojego biznesu? Skontaktuj si\u0119 z nami ju\u017c dzi\u015b","isPartOf":{"@id":"https:\/\/sandbox.corporateconnections.com\/es\/#website"},"datePublished":"2021-07-08T16:26:48+00:00","dateModified":"2024-07-29T08:17:24+00:00","description":"Deixe suas informa\u00e7\u00f5es de contato & entraremos em contato o mais r\u00e1pido poss\u00edvel Alternativamente, voc\u00ea pode nos enviar um e-mail info@corporateconnections.com ou ligar para +1 704 644 7878","breadcrumb":{"@id":"https:\/\/sandbox.corporateconnections.com\/pt-br\/contate-nos#breadcrumb"},"inLanguage":"pt-BR","potentialAction":[{"@type":"ReadAction","target":["https:\/\/sandbox.corporateconnections.com\/pt-br\/contate-nos"]}]},{"@type":"BreadcrumbList","@id":"https:\/\/sandbox.corporateconnections.com\/pt-br\/contate-nos#breadcrumb","itemListElement":[{"@type":"ListItem","position":1,"name":"Home","item":"https:\/\/sandbox.corporateconnections.com\/pt-br"},{"@type":"ListItem","position":2,"name":"Contate-nos"}]},{"@type":"WebSite","@id":"https:\/\/sandbox.corporateconnections.com\/es\/#website","url":"https:\/\/sandbox.corporateconnections.com\/es\/","name":"Corporate Connections","description":"Where Leaders Connect","publisher":{"@id":"https:\/\/sandbox.corporateconnections.com\/es\/#organization"},"potentialAction":[{"@type":"SearchAction","target":{"@type":"EntryPoint","urlTemplate":"https:\/\/sandbox.corporateconnections.com\/es\/?s={search_term_string}"},"query-input":{"@type":"PropertyValueSpecification","valueRequired":true,"valueName":"search_term_string"}}],"inLanguage":"pt-BR"},{"@type":"Organization","@id":"https:\/\/sandbox.corporateconnections.com\/es\/#organization","name":"Corporate Connections&reg;","url":"https:\/\/sandbox.corporateconnections.com\/es\/","logo":{"@type":"ImageObject","inLanguage":"pt-BR","@id":"https:\/\/sandbox.corporateconnections.com\/es\/#\/schema\/logo\/image\/","url":"https:\/\/sandbox.corporateconnections.com\/wp-content\/uploads\/2020\/10\/cc-logo.png","contentUrl":"https:\/\/sandbox.corporateconnections.com\/wp-content\/uploads\/2020\/10\/cc-logo.png","width":250,"height":87,"caption":"Corporate Connections&reg;"},"image":{"@id":"https:\/\/sandbox.corporateconnections.com\/es\/#\/schema\/logo\/image\/"}}]}},"_links":{"self":[{"href":"https:\/\/sandbox.corporateconnections.com\/pt-br\/wp-json\/wp\/v2\/pages\/3656","targetHints":{"allow":["GET"]}}],"collection":[{"href":"https:\/\/sandbox.corporateconnections.com\/pt-br\/wp-json\/wp\/v2\/pages"}],"about":[{"href":"https:\/\/sandbox.corporateconnections.com\/pt-br\/wp-json\/wp\/v2\/types\/page"}],"author":[{"embeddable":true,"href":"https:\/\/sandbox.corporateconnections.com\/pt-br\/wp-json\/wp\/v2\/users\/4"}],"replies":[{"embeddable":true,"href":"https:\/\/sandbox.corporateconnections.com\/pt-br\/wp-json\/wp\/v2\/comments?post=3656"}],"version-history":[{"count":4,"href":"https:\/\/sandbox.corporateconnections.com\/pt-br\/wp-json\/wp\/v2\/pages\/3656\/revisions"}],"predecessor-version":[{"id":14407,"href":"https:\/\/sandbox.corporateconnections.com\/pt-br\/wp-json\/wp\/v2\/pages\/3656\/revisions\/14407"}],"wp:attachment":[{"href":"https:\/\/sandbox.corporateconnections.com\/pt-br\/wp-json\/wp\/v2\/media?parent=3656"}],"curies":[{"name":"wp","href":"https:\/\/api.w.org\/{rel}","templated":true}]}}