{"id":8773,"date":"2022-05-11T19:45:24","date_gmt":"2022-05-11T14:15:24","guid":{"rendered":"https:\/\/www.corporateconnections.com\/ve-chung-toi"},"modified":"2023-09-04T12:08:05","modified_gmt":"2023-09-04T06:38:05","slug":"ve-chung-toi","status":"publish","type":"page","link":"https:\/\/sandbox.corporateconnections.com\/vi\/ve-chung-toi","title":{"rendered":"V\u1ec1 ch\u00fang t\u00f4i"},"content":{"rendered":"\n<p>th\u1eed nghi\u1ec7m<\/p>\n","protected":false},"excerpt":{"rendered":"<p>th\u1eed nghi\u1ec7m<\/p>\n","protected":false},"author":4,"featured_media":0,"parent":0,"menu_order":0,"comment_status":"closed","ping_status":"closed","template":"template-aboutUs.php","meta":{"_acf_changed":false,"footnotes":""},"class_list":["post-8773","page","type-page","status-publish","hentry"],"acf":[],"yoast_head":"<!-- This site is optimized with the Yoast SEO Premium plugin v26.9 (Yoast SEO v27.3) - https:\/\/yoast.com\/product\/yoast-seo-premium-wordpress\/ -->\n<title>N\u1ec1n t\u1ea3ng to\u00e0n c\u1ea7u \u0111\u1ec3 ph\u00e1t tri\u1ec3n m\u1ea1ng l\u01b0\u1edbi v\u00e0 l\u00e3nh \u0111\u1ea1o<\/title>\n<meta name=\"description\" content=\"CorporateConnections\u00ae l\u00e0 m\u1ed9t c\u1ed9ng \u0111\u1ed3ng c\u00e1c ch\u1ee7 doanh nghi\u1ec7p v\u00e0 gi\u00e1m \u0111\u1ed1c \u0111i\u1ec1u h\u00e0nh kinh doanh th\u00e0nh c\u00f4ng tr\u00ean to\u00e0n c\u1ea7u. Ch\u00fang t\u00f4i t\u1eadp trung v\u00e0o vi\u1ec7c Ph\u00e1t tri\u1ec3n n\u0103ng l\u1ef1c l\u00e3nh \u0111\u1ea1o n\u00e2ng cao v\u00e0 K\u1ebft n\u1ed1i kinh doanh \u0111i\u1ec1u h\u00e0nh\" \/>\n<meta name=\"robots\" content=\"noindex, follow, max-snippet:-1, max-image-preview:large, max-video-preview:-1\" \/>\n<meta property=\"og:locale\" content=\"vi_VN\" \/>\n<meta property=\"og:type\" content=\"article\" \/>\n<meta property=\"og:title\" content=\"V\u1ec1 ch\u00fang t\u00f4i\" \/>\n<meta property=\"og:description\" content=\"th\u1eed nghi\u1ec7m\" \/>\n<meta property=\"og:url\" content=\"https:\/\/sandbox.corporateconnections.com\/about-us\" \/>\n<meta property=\"og:site_name\" content=\"Corporate Connections\" \/>\n<meta property=\"article:modified_time\" content=\"2023-09-04T06:38:05+00:00\" \/>\n<meta name=\"twitter:card\" content=\"summary_large_image\" \/>\n<meta name=\"twitter:label1\" content=\"Est. reading time\" \/>\n\t<meta name=\"twitter:data1\" content=\"1 minute\" \/>\n<script type=\"application\/ld+json\" class=\"yoast-schema-graph\">{\"@context\":\"https:\\\/\\\/schema.org\",\"@graph\":[{\"@type\":\"WebPage\",\"@id\":\"https:\\\/\\\/sandbox.corporateconnections.com\\\/about-us\",\"url\":\"https:\\\/\\\/sandbox.corporateconnections.com\\\/about-us\",\"name\":\"N\u1ec1n t\u1ea3ng to\u00e0n c\u1ea7u \u0111\u1ec3 ph\u00e1t tri\u1ec3n m\u1ea1ng l\u01b0\u1edbi v\u00e0 l\u00e3nh \u0111\u1ea1o\",\"isPartOf\":{\"@id\":\"https:\\\/\\\/sandbox.corporateconnections.com\\\/es\\\/#website\"},\"datePublished\":\"2022-05-11T14:15:24+00:00\",\"dateModified\":\"2023-09-04T06:38:05+00:00\",\"description\":\"CorporateConnections\u00ae l\u00e0 m\u1ed9t c\u1ed9ng \u0111\u1ed3ng c\u00e1c ch\u1ee7 doanh nghi\u1ec7p v\u00e0 gi\u00e1m \u0111\u1ed1c \u0111i\u1ec1u h\u00e0nh kinh doanh th\u00e0nh c\u00f4ng tr\u00ean to\u00e0n c\u1ea7u. Ch\u00fang t\u00f4i t\u1eadp trung v\u00e0o vi\u1ec7c Ph\u00e1t tri\u1ec3n n\u0103ng l\u1ef1c l\u00e3nh \u0111\u1ea1o n\u00e2ng cao v\u00e0 K\u1ebft n\u1ed1i kinh doanh \u0111i\u1ec1u h\u00e0nh\",\"breadcrumb\":{\"@id\":\"https:\\\/\\\/sandbox.corporateconnections.com\\\/about-us#breadcrumb\"},\"inLanguage\":\"vi-VN\",\"potentialAction\":[{\"@type\":\"ReadAction\",\"target\":[\"https:\\\/\\\/sandbox.corporateconnections.com\\\/about-us\"]}]},{\"@type\":\"BreadcrumbList\",\"@id\":\"https:\\\/\\\/sandbox.corporateconnections.com\\\/about-us#breadcrumb\",\"itemListElement\":[{\"@type\":\"ListItem\",\"position\":1,\"name\":\"Home\",\"item\":\"https:\\\/\\\/sandbox.corporateconnections.com\\\/vi\"},{\"@type\":\"ListItem\",\"position\":2,\"name\":\"V\u1ec1 ch\u00fang t\u00f4i\"}]},{\"@type\":\"WebSite\",\"@id\":\"https:\\\/\\\/sandbox.corporateconnections.com\\\/es\\\/#website\",\"url\":\"https:\\\/\\\/sandbox.corporateconnections.com\\\/es\\\/\",\"name\":\"Corporate Connections\",\"description\":\"Where Leaders Connect\",\"publisher\":{\"@id\":\"https:\\\/\\\/sandbox.corporateconnections.com\\\/es\\\/#organization\"},\"potentialAction\":[{\"@type\":\"SearchAction\",\"target\":{\"@type\":\"EntryPoint\",\"urlTemplate\":\"https:\\\/\\\/sandbox.corporateconnections.com\\\/es\\\/?s={search_term_string}\"},\"query-input\":{\"@type\":\"PropertyValueSpecification\",\"valueRequired\":true,\"valueName\":\"search_term_string\"}}],\"inLanguage\":\"vi-VN\"},{\"@type\":\"Organization\",\"@id\":\"https:\\\/\\\/sandbox.corporateconnections.com\\\/es\\\/#organization\",\"name\":\"Corporate Connections&reg;\",\"url\":\"https:\\\/\\\/sandbox.corporateconnections.com\\\/es\\\/\",\"logo\":{\"@type\":\"ImageObject\",\"inLanguage\":\"vi-VN\",\"@id\":\"https:\\\/\\\/sandbox.corporateconnections.com\\\/es\\\/#\\\/schema\\\/logo\\\/image\\\/\",\"url\":\"https:\\\/\\\/sandbox.corporateconnections.com\\\/wp-content\\\/uploads\\\/2020\\\/10\\\/cc-logo.png\",\"contentUrl\":\"https:\\\/\\\/sandbox.corporateconnections.com\\\/wp-content\\\/uploads\\\/2020\\\/10\\\/cc-logo.png\",\"width\":250,\"height\":87,\"caption\":\"Corporate Connections&reg;\"},\"image\":{\"@id\":\"https:\\\/\\\/sandbox.corporateconnections.com\\\/es\\\/#\\\/schema\\\/logo\\\/image\\\/\"}}]}<\/script>\n<!-- \/ Yoast SEO Premium plugin. -->","yoast_head_json":{"title":"N\u1ec1n t\u1ea3ng to\u00e0n c\u1ea7u \u0111\u1ec3 ph\u00e1t tri\u1ec3n m\u1ea1ng l\u01b0\u1edbi v\u00e0 l\u00e3nh \u0111\u1ea1o","description":"CorporateConnections\u00ae l\u00e0 m\u1ed9t c\u1ed9ng \u0111\u1ed3ng c\u00e1c ch\u1ee7 doanh nghi\u1ec7p v\u00e0 gi\u00e1m \u0111\u1ed1c \u0111i\u1ec1u h\u00e0nh kinh doanh th\u00e0nh c\u00f4ng tr\u00ean to\u00e0n c\u1ea7u. Ch\u00fang t\u00f4i t\u1eadp trung v\u00e0o vi\u1ec7c Ph\u00e1t tri\u1ec3n n\u0103ng l\u1ef1c l\u00e3nh \u0111\u1ea1o n\u00e2ng cao v\u00e0 K\u1ebft n\u1ed1i kinh doanh \u0111i\u1ec1u h\u00e0nh","robots":{"index":"noindex","follow":"follow","max-snippet":"max-snippet:-1","max-image-preview":"max-image-preview:large","max-video-preview":"max-video-preview:-1"},"og_locale":"vi_VN","og_type":"article","og_title":"V\u1ec1 ch\u00fang t\u00f4i","og_description":"th\u1eed nghi\u1ec7m","og_url":"https:\/\/sandbox.corporateconnections.com\/about-us","og_site_name":"Corporate Connections","article_modified_time":"2023-09-04T06:38:05+00:00","twitter_card":"summary_large_image","twitter_misc":{"Est. reading time":"1 minute"},"schema":{"@context":"https:\/\/schema.org","@graph":[{"@type":"WebPage","@id":"https:\/\/sandbox.corporateconnections.com\/about-us","url":"https:\/\/sandbox.corporateconnections.com\/about-us","name":"N\u1ec1n t\u1ea3ng to\u00e0n c\u1ea7u \u0111\u1ec3 ph\u00e1t tri\u1ec3n m\u1ea1ng l\u01b0\u1edbi v\u00e0 l\u00e3nh \u0111\u1ea1o","isPartOf":{"@id":"https:\/\/sandbox.corporateconnections.com\/es\/#website"},"datePublished":"2022-05-11T14:15:24+00:00","dateModified":"2023-09-04T06:38:05+00:00","description":"CorporateConnections\u00ae l\u00e0 m\u1ed9t c\u1ed9ng \u0111\u1ed3ng c\u00e1c ch\u1ee7 doanh nghi\u1ec7p v\u00e0 gi\u00e1m \u0111\u1ed1c \u0111i\u1ec1u h\u00e0nh kinh doanh th\u00e0nh c\u00f4ng tr\u00ean to\u00e0n c\u1ea7u. Ch\u00fang t\u00f4i t\u1eadp trung v\u00e0o vi\u1ec7c Ph\u00e1t tri\u1ec3n n\u0103ng l\u1ef1c l\u00e3nh \u0111\u1ea1o n\u00e2ng cao v\u00e0 K\u1ebft n\u1ed1i kinh doanh \u0111i\u1ec1u h\u00e0nh","breadcrumb":{"@id":"https:\/\/sandbox.corporateconnections.com\/about-us#breadcrumb"},"inLanguage":"vi-VN","potentialAction":[{"@type":"ReadAction","target":["https:\/\/sandbox.corporateconnections.com\/about-us"]}]},{"@type":"BreadcrumbList","@id":"https:\/\/sandbox.corporateconnections.com\/about-us#breadcrumb","itemListElement":[{"@type":"ListItem","position":1,"name":"Home","item":"https:\/\/sandbox.corporateconnections.com\/vi"},{"@type":"ListItem","position":2,"name":"V\u1ec1 ch\u00fang t\u00f4i"}]},{"@type":"WebSite","@id":"https:\/\/sandbox.corporateconnections.com\/es\/#website","url":"https:\/\/sandbox.corporateconnections.com\/es\/","name":"Corporate Connections","description":"Where Leaders Connect","publisher":{"@id":"https:\/\/sandbox.corporateconnections.com\/es\/#organization"},"potentialAction":[{"@type":"SearchAction","target":{"@type":"EntryPoint","urlTemplate":"https:\/\/sandbox.corporateconnections.com\/es\/?s={search_term_string}"},"query-input":{"@type":"PropertyValueSpecification","valueRequired":true,"valueName":"search_term_string"}}],"inLanguage":"vi-VN"},{"@type":"Organization","@id":"https:\/\/sandbox.corporateconnections.com\/es\/#organization","name":"Corporate Connections&reg;","url":"https:\/\/sandbox.corporateconnections.com\/es\/","logo":{"@type":"ImageObject","inLanguage":"vi-VN","@id":"https:\/\/sandbox.corporateconnections.com\/es\/#\/schema\/logo\/image\/","url":"https:\/\/sandbox.corporateconnections.com\/wp-content\/uploads\/2020\/10\/cc-logo.png","contentUrl":"https:\/\/sandbox.corporateconnections.com\/wp-content\/uploads\/2020\/10\/cc-logo.png","width":250,"height":87,"caption":"Corporate Connections&reg;"},"image":{"@id":"https:\/\/sandbox.corporateconnections.com\/es\/#\/schema\/logo\/image\/"}}]}},"_links":{"self":[{"href":"https:\/\/sandbox.corporateconnections.com\/vi\/wp-json\/wp\/v2\/pages\/8773","targetHints":{"allow":["GET"]}}],"collection":[{"href":"https:\/\/sandbox.corporateconnections.com\/vi\/wp-json\/wp\/v2\/pages"}],"about":[{"href":"https:\/\/sandbox.corporateconnections.com\/vi\/wp-json\/wp\/v2\/types\/page"}],"author":[{"embeddable":true,"href":"https:\/\/sandbox.corporateconnections.com\/vi\/wp-json\/wp\/v2\/users\/4"}],"replies":[{"embeddable":true,"href":"https:\/\/sandbox.corporateconnections.com\/vi\/wp-json\/wp\/v2\/comments?post=8773"}],"version-history":[{"count":6,"href":"https:\/\/sandbox.corporateconnections.com\/vi\/wp-json\/wp\/v2\/pages\/8773\/revisions"}],"predecessor-version":[{"id":13370,"href":"https:\/\/sandbox.corporateconnections.com\/vi\/wp-json\/wp\/v2\/pages\/8773\/revisions\/13370"}],"wp:attachment":[{"href":"https:\/\/sandbox.corporateconnections.com\/vi\/wp-json\/wp\/v2\/media?parent=8773"}],"curies":[{"name":"wp","href":"https:\/\/api.w.org\/{rel}","templated":true}]}}