{"id":8787,"date":"2022-05-11T19:46:03","date_gmt":"2022-05-11T14:16:03","guid":{"rendered":"https:\/\/www.corporateconnections.com\/cuoc-song-cc"},"modified":"2022-05-11T19:46:05","modified_gmt":"2022-05-11T14:16:05","slug":"cuoc-song-cc","status":"publish","type":"page","link":"https:\/\/sandbox.corporateconnections.com\/vi\/cuoc-song-cc","title":{"rendered":"Cu\u1ed9c s\u1ed1ng CC"},"content":{"rendered":"\n<p>\u0110\u1ed1i v\u1edbi nhi\u1ec1u ng\u01b0\u1eddi, vi\u1ec7c tham gia CorporateConnections l\u00e0 m\u1ed9t quy\u1ebft \u0111\u1ecbnh kinh doanh \u0111\u01b0\u1ee3c th\u00fac \u0111\u1ea9y b\u1edfi vi\u1ec7c ti\u1ebfp c\u1eadn c\u00e1c c\u01a1 h\u1ed9i, tuy nhi\u00ean l\u00fd do s\u1ed1 m\u1ed9t khi\u1ebfn c\u00e1c Th\u00e0nh vi\u00ean \u1edf l\u1ea1i l\u00e0 m\u1ed1i quan h\u1ec7 \u00fd ngh\u0129a, nh\u1eefng tr\u1ea3i nghi\u1ec7m chung v\u00e0 ki\u1ebfn th\u1ee9c t\u1eeb \u0111\u1ed3ng \u0111\u1ed9i c\u1ee7a h\u1ecd.<\/p>\n","protected":false},"excerpt":{"rendered":"<p>\u0110\u1ed1i v\u1edbi nhi\u1ec1u ng\u01b0\u1eddi, vi\u1ec7c tham gia CorporateConnections l\u00e0 m\u1ed9t quy\u1ebft \u0111\u1ecbnh kinh doanh \u0111\u01b0\u1ee3c th\u00fac \u0111\u1ea9y b\u1edfi vi\u1ec7c ti\u1ebfp c\u1eadn c\u00e1c c\u01a1 h\u1ed9i, tuy nhi\u00ean l\u00fd do s\u1ed1 m\u1ed9t khi\u1ebfn c\u00e1c Th\u00e0nh vi\u00ean \u1edf l\u1ea1i l\u00e0 m\u1ed1i quan h\u1ec7 \u00fd ngh\u0129a, nh\u1eefng tr\u1ea3i nghi\u1ec7m chung v\u00e0 ki\u1ebfn th\u1ee9c t\u1eeb \u0111\u1ed3ng \u0111\u1ed9i c\u1ee7a h\u1ecd.<\/p>\n","protected":false},"author":4,"featured_media":12257,"parent":0,"menu_order":0,"comment_status":"closed","ping_status":"closed","template":"template-ccLife.php","meta":{"_acf_changed":false,"footnotes":""},"class_list":["post-8787","page","type-page","status-publish","has-post-thumbnail","hentry"],"acf":[],"yoast_head":"<!-- This site is optimized with the Yoast SEO Premium plugin v26.9 (Yoast SEO v27.3) - https:\/\/yoast.com\/product\/yoast-seo-premium-wordpress\/ -->\n<title>C\u00e1c quy\u1ec1n l\u1ee3i \u0111\u1ed9c quy\u1ec1n d\u00e0nh cho Th\u00e0nh vi\u00ean CorporateConnections\u00ae<\/title>\n<meta name=\"description\" content=\"V\u1edbi kh\u1ea3 n\u0103ng ti\u1ebfp c\u1eadn c\u00e1c nh\u00e0 l\u00e3nh \u0111\u1ea1o t\u01b0 t\u01b0\u1edfng tr\u00ean to\u00e0n c\u1ea7u, Th\u00e0nh vi\u00ean h\u01b0\u1edfng l\u1ee3i t\u1eeb ph\u01b0\u01a1ng ph\u00e1p hi\u1ec7u qu\u1ea3 nh\u1ea5t v\u00e0 xu h\u01b0\u1edbng \u0111\u1ecbnh h\u00ecnh kinh doanh th\u00f4ng qua nh\u1eefng bu\u1ed5i g\u1eb7p g\u1ee1 th\u00e2n m\u1eadt v\u1edbi nh\u1eefng ng\u01b0\u1eddi \u1ea3nh h\u01b0\u1edfng tr\u00ean th\u1ebf gi\u1edbi.\" \/>\n<meta name=\"robots\" content=\"noindex, follow, max-snippet:-1, max-image-preview:large, max-video-preview:-1\" \/>\n<meta property=\"og:locale\" content=\"vi_VN\" \/>\n<meta property=\"og:type\" content=\"article\" \/>\n<meta property=\"og:title\" content=\"Cu\u1ed9c s\u1ed1ng CC\" \/>\n<meta property=\"og:description\" content=\"\u0110\u1ed1i v\u1edbi nhi\u1ec1u ng\u01b0\u1eddi, vi\u1ec7c tham gia CorporateConnections l\u00e0 m\u1ed9t quy\u1ebft \u0111\u1ecbnh kinh doanh \u0111\u01b0\u1ee3c th\u00fac \u0111\u1ea9y b\u1edfi vi\u1ec7c ti\u1ebfp c\u1eadn c\u00e1c c\u01a1 h\u1ed9i, tuy nhi\u00ean l\u00fd do s\u1ed1 m\u1ed9t\" \/>\n<meta property=\"og:url\" content=\"https:\/\/sandbox.corporateconnections.com\/cc-life\" \/>\n<meta property=\"og:site_name\" content=\"Corporate Connections\" \/>\n<meta property=\"article:modified_time\" content=\"2022-05-11T14:16:05+00:00\" \/>\n<meta property=\"og:image\" content=\"https:\/\/sandbox.corporateconnections.com\/wp-content\/uploads\/2023\/06\/CC-Day4_web-263-scaled-e1685991586388.jpg\" \/>\n\t<meta property=\"og:image:width\" content=\"2560\" \/>\n\t<meta property=\"og:image:height\" content=\"1707\" \/>\n\t<meta property=\"og:image:type\" content=\"image\/jpeg\" \/>\n<meta name=\"twitter:card\" content=\"summary_large_image\" \/>\n<script type=\"application\/ld+json\" class=\"yoast-schema-graph\">{\"@context\":\"https:\\\/\\\/schema.org\",\"@graph\":[{\"@type\":\"WebPage\",\"@id\":\"https:\\\/\\\/sandbox.corporateconnections.com\\\/cc-life\",\"url\":\"https:\\\/\\\/sandbox.corporateconnections.com\\\/cc-life\",\"name\":\"C\u00e1c quy\u1ec1n l\u1ee3i \u0111\u1ed9c quy\u1ec1n d\u00e0nh cho Th\u00e0nh vi\u00ean CorporateConnections\u00ae\",\"isPartOf\":{\"@id\":\"https:\\\/\\\/sandbox.corporateconnections.com\\\/es\\\/#website\"},\"primaryImageOfPage\":{\"@id\":\"https:\\\/\\\/sandbox.corporateconnections.com\\\/cc-life#primaryimage\"},\"image\":{\"@id\":\"https:\\\/\\\/sandbox.corporateconnections.com\\\/cc-life#primaryimage\"},\"thumbnailUrl\":\"https:\\\/\\\/sandbox.corporateconnections.com\\\/wp-content\\\/uploads\\\/2023\\\/06\\\/CC-Day4_web-263-scaled-e1685991586388.jpg\",\"datePublished\":\"2022-05-11T14:16:03+00:00\",\"dateModified\":\"2022-05-11T14:16:05+00:00\",\"description\":\"V\u1edbi kh\u1ea3 n\u0103ng ti\u1ebfp c\u1eadn c\u00e1c nh\u00e0 l\u00e3nh \u0111\u1ea1o t\u01b0 t\u01b0\u1edfng tr\u00ean to\u00e0n c\u1ea7u, Th\u00e0nh vi\u00ean h\u01b0\u1edfng l\u1ee3i t\u1eeb ph\u01b0\u01a1ng ph\u00e1p hi\u1ec7u qu\u1ea3 nh\u1ea5t v\u00e0 xu h\u01b0\u1edbng \u0111\u1ecbnh h\u00ecnh kinh doanh th\u00f4ng qua nh\u1eefng bu\u1ed5i g\u1eb7p g\u1ee1 th\u00e2n m\u1eadt v\u1edbi nh\u1eefng ng\u01b0\u1eddi \u1ea3nh h\u01b0\u1edfng tr\u00ean th\u1ebf gi\u1edbi.\",\"breadcrumb\":{\"@id\":\"https:\\\/\\\/sandbox.corporateconnections.com\\\/cc-life#breadcrumb\"},\"inLanguage\":\"vi-VN\",\"potentialAction\":[{\"@type\":\"ReadAction\",\"target\":[\"https:\\\/\\\/sandbox.corporateconnections.com\\\/cc-life\"]}]},{\"@type\":\"ImageObject\",\"inLanguage\":\"vi-VN\",\"@id\":\"https:\\\/\\\/sandbox.corporateconnections.com\\\/cc-life#primaryimage\",\"url\":\"https:\\\/\\\/sandbox.corporateconnections.com\\\/wp-content\\\/uploads\\\/2023\\\/06\\\/CC-Day4_web-263-scaled-e1685991586388.jpg\",\"contentUrl\":\"https:\\\/\\\/sandbox.corporateconnections.com\\\/wp-content\\\/uploads\\\/2023\\\/06\\\/CC-Day4_web-263-scaled-e1685991586388.jpg\",\"width\":2560,\"height\":1707},{\"@type\":\"BreadcrumbList\",\"@id\":\"https:\\\/\\\/sandbox.corporateconnections.com\\\/cc-life#breadcrumb\",\"itemListElement\":[{\"@type\":\"ListItem\",\"position\":1,\"name\":\"Home\",\"item\":\"https:\\\/\\\/sandbox.corporateconnections.com\\\/vi\"},{\"@type\":\"ListItem\",\"position\":2,\"name\":\"Cu\u1ed9c s\u1ed1ng CC\"}]},{\"@type\":\"WebSite\",\"@id\":\"https:\\\/\\\/sandbox.corporateconnections.com\\\/es\\\/#website\",\"url\":\"https:\\\/\\\/sandbox.corporateconnections.com\\\/es\\\/\",\"name\":\"Corporate Connections\",\"description\":\"Where Leaders Connect\",\"publisher\":{\"@id\":\"https:\\\/\\\/sandbox.corporateconnections.com\\\/es\\\/#organization\"},\"potentialAction\":[{\"@type\":\"SearchAction\",\"target\":{\"@type\":\"EntryPoint\",\"urlTemplate\":\"https:\\\/\\\/sandbox.corporateconnections.com\\\/es\\\/?s={search_term_string}\"},\"query-input\":{\"@type\":\"PropertyValueSpecification\",\"valueRequired\":true,\"valueName\":\"search_term_string\"}}],\"inLanguage\":\"vi-VN\"},{\"@type\":\"Organization\",\"@id\":\"https:\\\/\\\/sandbox.corporateconnections.com\\\/es\\\/#organization\",\"name\":\"Corporate Connections&reg;\",\"url\":\"https:\\\/\\\/sandbox.corporateconnections.com\\\/es\\\/\",\"logo\":{\"@type\":\"ImageObject\",\"inLanguage\":\"vi-VN\",\"@id\":\"https:\\\/\\\/sandbox.corporateconnections.com\\\/es\\\/#\\\/schema\\\/logo\\\/image\\\/\",\"url\":\"https:\\\/\\\/sandbox.corporateconnections.com\\\/wp-content\\\/uploads\\\/2020\\\/10\\\/cc-logo.png\",\"contentUrl\":\"https:\\\/\\\/sandbox.corporateconnections.com\\\/wp-content\\\/uploads\\\/2020\\\/10\\\/cc-logo.png\",\"width\":250,\"height\":87,\"caption\":\"Corporate Connections&reg;\"},\"image\":{\"@id\":\"https:\\\/\\\/sandbox.corporateconnections.com\\\/es\\\/#\\\/schema\\\/logo\\\/image\\\/\"}}]}<\/script>\n<!-- \/ Yoast SEO Premium plugin. -->","yoast_head_json":{"title":"C\u00e1c quy\u1ec1n l\u1ee3i \u0111\u1ed9c quy\u1ec1n d\u00e0nh cho Th\u00e0nh vi\u00ean CorporateConnections\u00ae","description":"V\u1edbi kh\u1ea3 n\u0103ng ti\u1ebfp c\u1eadn c\u00e1c nh\u00e0 l\u00e3nh \u0111\u1ea1o t\u01b0 t\u01b0\u1edfng tr\u00ean to\u00e0n c\u1ea7u, Th\u00e0nh vi\u00ean h\u01b0\u1edfng l\u1ee3i t\u1eeb ph\u01b0\u01a1ng ph\u00e1p hi\u1ec7u qu\u1ea3 nh\u1ea5t v\u00e0 xu h\u01b0\u1edbng \u0111\u1ecbnh h\u00ecnh kinh doanh th\u00f4ng qua nh\u1eefng bu\u1ed5i g\u1eb7p g\u1ee1 th\u00e2n m\u1eadt v\u1edbi nh\u1eefng ng\u01b0\u1eddi \u1ea3nh h\u01b0\u1edfng tr\u00ean th\u1ebf gi\u1edbi.","robots":{"index":"noindex","follow":"follow","max-snippet":"max-snippet:-1","max-image-preview":"max-image-preview:large","max-video-preview":"max-video-preview:-1"},"og_locale":"vi_VN","og_type":"article","og_title":"Cu\u1ed9c s\u1ed1ng CC","og_description":"\u0110\u1ed1i v\u1edbi nhi\u1ec1u ng\u01b0\u1eddi, vi\u1ec7c tham gia CorporateConnections l\u00e0 m\u1ed9t quy\u1ebft \u0111\u1ecbnh kinh doanh \u0111\u01b0\u1ee3c th\u00fac \u0111\u1ea9y b\u1edfi vi\u1ec7c ti\u1ebfp c\u1eadn c\u00e1c c\u01a1 h\u1ed9i, tuy nhi\u00ean l\u00fd do s\u1ed1 m\u1ed9t","og_url":"https:\/\/sandbox.corporateconnections.com\/cc-life","og_site_name":"Corporate Connections","article_modified_time":"2022-05-11T14:16:05+00:00","og_image":[{"width":2560,"height":1707,"url":"https:\/\/sandbox.corporateconnections.com\/wp-content\/uploads\/2023\/06\/CC-Day4_web-263-scaled-e1685991586388.jpg","type":"image\/jpeg"}],"twitter_card":"summary_large_image","schema":{"@context":"https:\/\/schema.org","@graph":[{"@type":"WebPage","@id":"https:\/\/sandbox.corporateconnections.com\/cc-life","url":"https:\/\/sandbox.corporateconnections.com\/cc-life","name":"C\u00e1c quy\u1ec1n l\u1ee3i \u0111\u1ed9c quy\u1ec1n d\u00e0nh cho Th\u00e0nh vi\u00ean CorporateConnections\u00ae","isPartOf":{"@id":"https:\/\/sandbox.corporateconnections.com\/es\/#website"},"primaryImageOfPage":{"@id":"https:\/\/sandbox.corporateconnections.com\/cc-life#primaryimage"},"image":{"@id":"https:\/\/sandbox.corporateconnections.com\/cc-life#primaryimage"},"thumbnailUrl":"https:\/\/sandbox.corporateconnections.com\/wp-content\/uploads\/2023\/06\/CC-Day4_web-263-scaled-e1685991586388.jpg","datePublished":"2022-05-11T14:16:03+00:00","dateModified":"2022-05-11T14:16:05+00:00","description":"V\u1edbi kh\u1ea3 n\u0103ng ti\u1ebfp c\u1eadn c\u00e1c nh\u00e0 l\u00e3nh \u0111\u1ea1o t\u01b0 t\u01b0\u1edfng tr\u00ean to\u00e0n c\u1ea7u, Th\u00e0nh vi\u00ean h\u01b0\u1edfng l\u1ee3i t\u1eeb ph\u01b0\u01a1ng ph\u00e1p hi\u1ec7u qu\u1ea3 nh\u1ea5t v\u00e0 xu h\u01b0\u1edbng \u0111\u1ecbnh h\u00ecnh kinh doanh th\u00f4ng qua nh\u1eefng bu\u1ed5i g\u1eb7p g\u1ee1 th\u00e2n m\u1eadt v\u1edbi nh\u1eefng ng\u01b0\u1eddi \u1ea3nh h\u01b0\u1edfng tr\u00ean th\u1ebf gi\u1edbi.","breadcrumb":{"@id":"https:\/\/sandbox.corporateconnections.com\/cc-life#breadcrumb"},"inLanguage":"vi-VN","potentialAction":[{"@type":"ReadAction","target":["https:\/\/sandbox.corporateconnections.com\/cc-life"]}]},{"@type":"ImageObject","inLanguage":"vi-VN","@id":"https:\/\/sandbox.corporateconnections.com\/cc-life#primaryimage","url":"https:\/\/sandbox.corporateconnections.com\/wp-content\/uploads\/2023\/06\/CC-Day4_web-263-scaled-e1685991586388.jpg","contentUrl":"https:\/\/sandbox.corporateconnections.com\/wp-content\/uploads\/2023\/06\/CC-Day4_web-263-scaled-e1685991586388.jpg","width":2560,"height":1707},{"@type":"BreadcrumbList","@id":"https:\/\/sandbox.corporateconnections.com\/cc-life#breadcrumb","itemListElement":[{"@type":"ListItem","position":1,"name":"Home","item":"https:\/\/sandbox.corporateconnections.com\/vi"},{"@type":"ListItem","position":2,"name":"Cu\u1ed9c s\u1ed1ng CC"}]},{"@type":"WebSite","@id":"https:\/\/sandbox.corporateconnections.com\/es\/#website","url":"https:\/\/sandbox.corporateconnections.com\/es\/","name":"Corporate Connections","description":"Where Leaders Connect","publisher":{"@id":"https:\/\/sandbox.corporateconnections.com\/es\/#organization"},"potentialAction":[{"@type":"SearchAction","target":{"@type":"EntryPoint","urlTemplate":"https:\/\/sandbox.corporateconnections.com\/es\/?s={search_term_string}"},"query-input":{"@type":"PropertyValueSpecification","valueRequired":true,"valueName":"search_term_string"}}],"inLanguage":"vi-VN"},{"@type":"Organization","@id":"https:\/\/sandbox.corporateconnections.com\/es\/#organization","name":"Corporate Connections&reg;","url":"https:\/\/sandbox.corporateconnections.com\/es\/","logo":{"@type":"ImageObject","inLanguage":"vi-VN","@id":"https:\/\/sandbox.corporateconnections.com\/es\/#\/schema\/logo\/image\/","url":"https:\/\/sandbox.corporateconnections.com\/wp-content\/uploads\/2020\/10\/cc-logo.png","contentUrl":"https:\/\/sandbox.corporateconnections.com\/wp-content\/uploads\/2020\/10\/cc-logo.png","width":250,"height":87,"caption":"Corporate Connections&reg;"},"image":{"@id":"https:\/\/sandbox.corporateconnections.com\/es\/#\/schema\/logo\/image\/"}}]}},"_links":{"self":[{"href":"https:\/\/sandbox.corporateconnections.com\/vi\/wp-json\/wp\/v2\/pages\/8787","targetHints":{"allow":["GET"]}}],"collection":[{"href":"https:\/\/sandbox.corporateconnections.com\/vi\/wp-json\/wp\/v2\/pages"}],"about":[{"href":"https:\/\/sandbox.corporateconnections.com\/vi\/wp-json\/wp\/v2\/types\/page"}],"author":[{"embeddable":true,"href":"https:\/\/sandbox.corporateconnections.com\/vi\/wp-json\/wp\/v2\/users\/4"}],"replies":[{"embeddable":true,"href":"https:\/\/sandbox.corporateconnections.com\/vi\/wp-json\/wp\/v2\/comments?post=8787"}],"version-history":[{"count":1,"href":"https:\/\/sandbox.corporateconnections.com\/vi\/wp-json\/wp\/v2\/pages\/8787\/revisions"}],"predecessor-version":[{"id":8788,"href":"https:\/\/sandbox.corporateconnections.com\/vi\/wp-json\/wp\/v2\/pages\/8787\/revisions\/8788"}],"wp:featuredmedia":[{"embeddable":true,"href":"https:\/\/sandbox.corporateconnections.com\/vi\/wp-json\/wp\/v2\/media\/12257"}],"wp:attachment":[{"href":"https:\/\/sandbox.corporateconnections.com\/vi\/wp-json\/wp\/v2\/media?parent=8787"}],"curies":[{"name":"wp","href":"https:\/\/api.w.org\/{rel}","templated":true}]}}