{"id":8789,"date":"2022-05-11T19:46:16","date_gmt":"2022-05-11T14:16:16","guid":{"rendered":"https:\/\/www.corporateconnections.com\/cac-cau-chuyen-cua-thanh-vien"},"modified":"2024-07-29T13:55:39","modified_gmt":"2024-07-29T08:25:39","slug":"cac-cau-chuyen-cua-thanh-vien","status":"publish","type":"page","link":"https:\/\/sandbox.corporateconnections.com\/vi\/cac-cau-chuyen-cua-thanh-vien","title":{"rendered":"C\u00e1c c\u00e2u chuy\u1ec7n c\u1ee7a Th\u00e0nh vi\u00ean"},"content":{"rendered":"\n<p>Th\u00e0nh vi\u00ean CorporateConnections chia s\u1ebb nh\u1eefng \u0111i\u1ec1u khi\u1ebfn Th\u00e0nh vi\u00ean c\u1ee7a h\u1ecd c\u00f3 \u0111\u01b0\u1ee3c tr\u1ea3i nghi\u1ec7m tuy\u1ec7t v\u1eddi nh\u01b0 v\u1eady. <\/p>\n","protected":false},"excerpt":{"rendered":"<p>Th\u00e0nh vi\u00ean CorporateConnections chia s\u1ebb nh\u1eefng \u0111i\u1ec1u khi\u1ebfn Th\u00e0nh vi\u00ean c\u1ee7a h\u1ecd c\u00f3 \u0111\u01b0\u1ee3c tr\u1ea3i nghi\u1ec7m tuy\u1ec7t v\u1eddi nh\u01b0 v\u1eady.<\/p>\n","protected":false},"author":4,"featured_media":12460,"parent":0,"menu_order":0,"comment_status":"closed","ping_status":"closed","template":"template-memeberstories.php","meta":{"_acf_changed":false,"footnotes":""},"class_list":["post-8789","page","type-page","status-publish","has-post-thumbnail","hentry"],"acf":[],"yoast_head":"<!-- This site is optimized with the Yoast SEO Premium plugin v26.9 (Yoast SEO v27.3) - https:\/\/yoast.com\/product\/yoast-seo-premium-wordpress\/ -->\n<title>C\u00e2u chuy\u1ec7n c\u1ee7a Th\u00e0nh vi\u00ean to\u00e0n c\u1ea7u | K\u1ebft n\u1ed1i kinh doanh to\u00e0n c\u1ea7u<\/title>\n<meta name=\"description\" content=\"\u0110\u1ea9y nhanh s\u1ef1 ph\u00e1t tri\u1ec3n kinh doanh v\u1edbi s\u1ef1 h\u1ed7 tr\u1ee3 ngang t\u1ea7m t\u1eeb c\u00e1c nh\u00e0 l\u00e3nh \u0111\u1ea1o v\u00e0 doanh nh\u00e2n th\u00e0nh c\u00f4ng tr\u00ean to\u00e0n c\u1ea7u. \u0110\u1ecdc th\u00eam c\u00e1c c\u00e2u chuy\u1ec7n c\u1ee7a Th\u00e0nh vi\u00ean t\u1ea1i CorporateConnections\u00ae.\" \/>\n<meta name=\"robots\" content=\"noindex, follow, max-snippet:-1, max-image-preview:large, max-video-preview:-1\" \/>\n<meta property=\"og:locale\" content=\"vi_VN\" \/>\n<meta property=\"og:type\" content=\"article\" \/>\n<meta property=\"og:title\" content=\"C\u00e1c c\u00e2u chuy\u1ec7n c\u1ee7a Th\u00e0nh vi\u00ean\" \/>\n<meta property=\"og:description\" content=\"Th\u00e0nh vi\u00ean CorporateConnections chia s\u1ebb nh\u1eefng \u0111i\u1ec1u khi\u1ebfn Th\u00e0nh vi\u00ean c\u1ee7a h\u1ecd c\u00f3 \u0111\u01b0\u1ee3c tr\u1ea3i nghi\u1ec7m tuy\u1ec7t v\u1eddi nh\u01b0 v\u1eady.\" \/>\n<meta property=\"og:url\" content=\"https:\/\/sandbox.corporateconnections.com\/member-stories\" \/>\n<meta property=\"og:site_name\" content=\"Corporate Connections\" \/>\n<meta property=\"article:modified_time\" content=\"2024-07-29T08:25:39+00:00\" \/>\n<meta property=\"og:image\" content=\"https:\/\/sandbox.corporateconnections.com\/wp-content\/uploads\/2023\/07\/520_CC_1879-scaled-e1688506736446.jpg\" \/>\n\t<meta property=\"og:image:width\" content=\"2560\" \/>\n\t<meta property=\"og:image:height\" content=\"1707\" \/>\n\t<meta property=\"og:image:type\" content=\"image\/jpeg\" \/>\n<meta name=\"twitter:card\" content=\"summary_large_image\" \/>\n<meta name=\"twitter:label1\" content=\"Est. reading time\" \/>\n\t<meta name=\"twitter:data1\" content=\"1 minute\" \/>\n<script type=\"application\/ld+json\" class=\"yoast-schema-graph\">{\"@context\":\"https:\\\/\\\/schema.org\",\"@graph\":[{\"@type\":\"WebPage\",\"@id\":\"https:\\\/\\\/sandbox.corporateconnections.com\\\/member-stories\",\"url\":\"https:\\\/\\\/sandbox.corporateconnections.com\\\/member-stories\",\"name\":\"C\u00e2u chuy\u1ec7n c\u1ee7a Th\u00e0nh vi\u00ean to\u00e0n c\u1ea7u | K\u1ebft n\u1ed1i kinh doanh to\u00e0n c\u1ea7u\",\"isPartOf\":{\"@id\":\"https:\\\/\\\/sandbox.corporateconnections.com\\\/es\\\/#website\"},\"primaryImageOfPage\":{\"@id\":\"https:\\\/\\\/sandbox.corporateconnections.com\\\/member-stories#primaryimage\"},\"image\":{\"@id\":\"https:\\\/\\\/sandbox.corporateconnections.com\\\/member-stories#primaryimage\"},\"thumbnailUrl\":\"https:\\\/\\\/sandbox.corporateconnections.com\\\/wp-content\\\/uploads\\\/2023\\\/07\\\/520_CC_1879-scaled-e1688506736446.jpg\",\"datePublished\":\"2022-05-11T14:16:16+00:00\",\"dateModified\":\"2024-07-29T08:25:39+00:00\",\"description\":\"\u0110\u1ea9y nhanh s\u1ef1 ph\u00e1t tri\u1ec3n kinh doanh v\u1edbi s\u1ef1 h\u1ed7 tr\u1ee3 ngang t\u1ea7m t\u1eeb c\u00e1c nh\u00e0 l\u00e3nh \u0111\u1ea1o v\u00e0 doanh nh\u00e2n th\u00e0nh c\u00f4ng tr\u00ean to\u00e0n c\u1ea7u. \u0110\u1ecdc th\u00eam c\u00e1c c\u00e2u chuy\u1ec7n c\u1ee7a Th\u00e0nh vi\u00ean t\u1ea1i CorporateConnections\u00ae.\",\"breadcrumb\":{\"@id\":\"https:\\\/\\\/sandbox.corporateconnections.com\\\/member-stories#breadcrumb\"},\"inLanguage\":\"vi-VN\",\"potentialAction\":[{\"@type\":\"ReadAction\",\"target\":[\"https:\\\/\\\/sandbox.corporateconnections.com\\\/member-stories\"]}]},{\"@type\":\"ImageObject\",\"inLanguage\":\"vi-VN\",\"@id\":\"https:\\\/\\\/sandbox.corporateconnections.com\\\/member-stories#primaryimage\",\"url\":\"https:\\\/\\\/sandbox.corporateconnections.com\\\/wp-content\\\/uploads\\\/2023\\\/07\\\/520_CC_1879-scaled-e1688506736446.jpg\",\"contentUrl\":\"https:\\\/\\\/sandbox.corporateconnections.com\\\/wp-content\\\/uploads\\\/2023\\\/07\\\/520_CC_1879-scaled-e1688506736446.jpg\",\"width\":2560,\"height\":1707},{\"@type\":\"BreadcrumbList\",\"@id\":\"https:\\\/\\\/sandbox.corporateconnections.com\\\/member-stories#breadcrumb\",\"itemListElement\":[{\"@type\":\"ListItem\",\"position\":1,\"name\":\"Home\",\"item\":\"https:\\\/\\\/sandbox.corporateconnections.com\\\/vi\"},{\"@type\":\"ListItem\",\"position\":2,\"name\":\"C\u00e1c c\u00e2u chuy\u1ec7n c\u1ee7a Th\u00e0nh vi\u00ean\"}]},{\"@type\":\"WebSite\",\"@id\":\"https:\\\/\\\/sandbox.corporateconnections.com\\\/es\\\/#website\",\"url\":\"https:\\\/\\\/sandbox.corporateconnections.com\\\/es\\\/\",\"name\":\"Corporate Connections\",\"description\":\"Where Leaders Connect\",\"publisher\":{\"@id\":\"https:\\\/\\\/sandbox.corporateconnections.com\\\/es\\\/#organization\"},\"potentialAction\":[{\"@type\":\"SearchAction\",\"target\":{\"@type\":\"EntryPoint\",\"urlTemplate\":\"https:\\\/\\\/sandbox.corporateconnections.com\\\/es\\\/?s={search_term_string}\"},\"query-input\":{\"@type\":\"PropertyValueSpecification\",\"valueRequired\":true,\"valueName\":\"search_term_string\"}}],\"inLanguage\":\"vi-VN\"},{\"@type\":\"Organization\",\"@id\":\"https:\\\/\\\/sandbox.corporateconnections.com\\\/es\\\/#organization\",\"name\":\"Corporate Connections&reg;\",\"url\":\"https:\\\/\\\/sandbox.corporateconnections.com\\\/es\\\/\",\"logo\":{\"@type\":\"ImageObject\",\"inLanguage\":\"vi-VN\",\"@id\":\"https:\\\/\\\/sandbox.corporateconnections.com\\\/es\\\/#\\\/schema\\\/logo\\\/image\\\/\",\"url\":\"https:\\\/\\\/sandbox.corporateconnections.com\\\/wp-content\\\/uploads\\\/2020\\\/10\\\/cc-logo.png\",\"contentUrl\":\"https:\\\/\\\/sandbox.corporateconnections.com\\\/wp-content\\\/uploads\\\/2020\\\/10\\\/cc-logo.png\",\"width\":250,\"height\":87,\"caption\":\"Corporate Connections&reg;\"},\"image\":{\"@id\":\"https:\\\/\\\/sandbox.corporateconnections.com\\\/es\\\/#\\\/schema\\\/logo\\\/image\\\/\"}}]}<\/script>\n<!-- \/ Yoast SEO Premium plugin. -->","yoast_head_json":{"title":"C\u00e2u chuy\u1ec7n c\u1ee7a Th\u00e0nh vi\u00ean to\u00e0n c\u1ea7u | K\u1ebft n\u1ed1i kinh doanh to\u00e0n c\u1ea7u","description":"\u0110\u1ea9y nhanh s\u1ef1 ph\u00e1t tri\u1ec3n kinh doanh v\u1edbi s\u1ef1 h\u1ed7 tr\u1ee3 ngang t\u1ea7m t\u1eeb c\u00e1c nh\u00e0 l\u00e3nh \u0111\u1ea1o v\u00e0 doanh nh\u00e2n th\u00e0nh c\u00f4ng tr\u00ean to\u00e0n c\u1ea7u. \u0110\u1ecdc th\u00eam c\u00e1c c\u00e2u chuy\u1ec7n c\u1ee7a Th\u00e0nh vi\u00ean t\u1ea1i CorporateConnections\u00ae.","robots":{"index":"noindex","follow":"follow","max-snippet":"max-snippet:-1","max-image-preview":"max-image-preview:large","max-video-preview":"max-video-preview:-1"},"og_locale":"vi_VN","og_type":"article","og_title":"C\u00e1c c\u00e2u chuy\u1ec7n c\u1ee7a Th\u00e0nh vi\u00ean","og_description":"Th\u00e0nh vi\u00ean CorporateConnections chia s\u1ebb nh\u1eefng \u0111i\u1ec1u khi\u1ebfn Th\u00e0nh vi\u00ean c\u1ee7a h\u1ecd c\u00f3 \u0111\u01b0\u1ee3c tr\u1ea3i nghi\u1ec7m tuy\u1ec7t v\u1eddi nh\u01b0 v\u1eady.","og_url":"https:\/\/sandbox.corporateconnections.com\/member-stories","og_site_name":"Corporate Connections","article_modified_time":"2024-07-29T08:25:39+00:00","og_image":[{"width":2560,"height":1707,"url":"https:\/\/sandbox.corporateconnections.com\/wp-content\/uploads\/2023\/07\/520_CC_1879-scaled-e1688506736446.jpg","type":"image\/jpeg"}],"twitter_card":"summary_large_image","twitter_misc":{"Est. reading time":"1 minute"},"schema":{"@context":"https:\/\/schema.org","@graph":[{"@type":"WebPage","@id":"https:\/\/sandbox.corporateconnections.com\/member-stories","url":"https:\/\/sandbox.corporateconnections.com\/member-stories","name":"C\u00e2u chuy\u1ec7n c\u1ee7a Th\u00e0nh vi\u00ean to\u00e0n c\u1ea7u | K\u1ebft n\u1ed1i kinh doanh to\u00e0n c\u1ea7u","isPartOf":{"@id":"https:\/\/sandbox.corporateconnections.com\/es\/#website"},"primaryImageOfPage":{"@id":"https:\/\/sandbox.corporateconnections.com\/member-stories#primaryimage"},"image":{"@id":"https:\/\/sandbox.corporateconnections.com\/member-stories#primaryimage"},"thumbnailUrl":"https:\/\/sandbox.corporateconnections.com\/wp-content\/uploads\/2023\/07\/520_CC_1879-scaled-e1688506736446.jpg","datePublished":"2022-05-11T14:16:16+00:00","dateModified":"2024-07-29T08:25:39+00:00","description":"\u0110\u1ea9y nhanh s\u1ef1 ph\u00e1t tri\u1ec3n kinh doanh v\u1edbi s\u1ef1 h\u1ed7 tr\u1ee3 ngang t\u1ea7m t\u1eeb c\u00e1c nh\u00e0 l\u00e3nh \u0111\u1ea1o v\u00e0 doanh nh\u00e2n th\u00e0nh c\u00f4ng tr\u00ean to\u00e0n c\u1ea7u. \u0110\u1ecdc th\u00eam c\u00e1c c\u00e2u chuy\u1ec7n c\u1ee7a Th\u00e0nh vi\u00ean t\u1ea1i CorporateConnections\u00ae.","breadcrumb":{"@id":"https:\/\/sandbox.corporateconnections.com\/member-stories#breadcrumb"},"inLanguage":"vi-VN","potentialAction":[{"@type":"ReadAction","target":["https:\/\/sandbox.corporateconnections.com\/member-stories"]}]},{"@type":"ImageObject","inLanguage":"vi-VN","@id":"https:\/\/sandbox.corporateconnections.com\/member-stories#primaryimage","url":"https:\/\/sandbox.corporateconnections.com\/wp-content\/uploads\/2023\/07\/520_CC_1879-scaled-e1688506736446.jpg","contentUrl":"https:\/\/sandbox.corporateconnections.com\/wp-content\/uploads\/2023\/07\/520_CC_1879-scaled-e1688506736446.jpg","width":2560,"height":1707},{"@type":"BreadcrumbList","@id":"https:\/\/sandbox.corporateconnections.com\/member-stories#breadcrumb","itemListElement":[{"@type":"ListItem","position":1,"name":"Home","item":"https:\/\/sandbox.corporateconnections.com\/vi"},{"@type":"ListItem","position":2,"name":"C\u00e1c c\u00e2u chuy\u1ec7n c\u1ee7a Th\u00e0nh vi\u00ean"}]},{"@type":"WebSite","@id":"https:\/\/sandbox.corporateconnections.com\/es\/#website","url":"https:\/\/sandbox.corporateconnections.com\/es\/","name":"Corporate Connections","description":"Where Leaders Connect","publisher":{"@id":"https:\/\/sandbox.corporateconnections.com\/es\/#organization"},"potentialAction":[{"@type":"SearchAction","target":{"@type":"EntryPoint","urlTemplate":"https:\/\/sandbox.corporateconnections.com\/es\/?s={search_term_string}"},"query-input":{"@type":"PropertyValueSpecification","valueRequired":true,"valueName":"search_term_string"}}],"inLanguage":"vi-VN"},{"@type":"Organization","@id":"https:\/\/sandbox.corporateconnections.com\/es\/#organization","name":"Corporate Connections&reg;","url":"https:\/\/sandbox.corporateconnections.com\/es\/","logo":{"@type":"ImageObject","inLanguage":"vi-VN","@id":"https:\/\/sandbox.corporateconnections.com\/es\/#\/schema\/logo\/image\/","url":"https:\/\/sandbox.corporateconnections.com\/wp-content\/uploads\/2020\/10\/cc-logo.png","contentUrl":"https:\/\/sandbox.corporateconnections.com\/wp-content\/uploads\/2020\/10\/cc-logo.png","width":250,"height":87,"caption":"Corporate Connections&reg;"},"image":{"@id":"https:\/\/sandbox.corporateconnections.com\/es\/#\/schema\/logo\/image\/"}}]}},"_links":{"self":[{"href":"https:\/\/sandbox.corporateconnections.com\/vi\/wp-json\/wp\/v2\/pages\/8789","targetHints":{"allow":["GET"]}}],"collection":[{"href":"https:\/\/sandbox.corporateconnections.com\/vi\/wp-json\/wp\/v2\/pages"}],"about":[{"href":"https:\/\/sandbox.corporateconnections.com\/vi\/wp-json\/wp\/v2\/types\/page"}],"author":[{"embeddable":true,"href":"https:\/\/sandbox.corporateconnections.com\/vi\/wp-json\/wp\/v2\/users\/4"}],"replies":[{"embeddable":true,"href":"https:\/\/sandbox.corporateconnections.com\/vi\/wp-json\/wp\/v2\/comments?post=8789"}],"version-history":[{"count":5,"href":"https:\/\/sandbox.corporateconnections.com\/vi\/wp-json\/wp\/v2\/pages\/8789\/revisions"}],"predecessor-version":[{"id":14411,"href":"https:\/\/sandbox.corporateconnections.com\/vi\/wp-json\/wp\/v2\/pages\/8789\/revisions\/14411"}],"wp:featuredmedia":[{"embeddable":true,"href":"https:\/\/sandbox.corporateconnections.com\/vi\/wp-json\/wp\/v2\/media\/12460"}],"wp:attachment":[{"href":"https:\/\/sandbox.corporateconnections.com\/vi\/wp-json\/wp\/v2\/media?parent=8789"}],"curies":[{"name":"wp","href":"https:\/\/api.w.org\/{rel}","templated":true}]}}