{"id":8805,"date":"2022-05-11T19:47:03","date_gmt":"2022-05-11T14:17:03","guid":{"rendered":"https:\/\/www.corporateconnections.com\/dang-ky-chuyen-tham"},"modified":"2022-05-11T19:47:04","modified_gmt":"2022-05-11T14:17:04","slug":"dang-ky-chuyen-tham","status":"publish","type":"page","link":"https:\/\/sandbox.corporateconnections.com\/vi\/dang-ky-chuyen-tham","title":{"rendered":"\u0110\u0103ng k\u00fd chuy\u1ebfn th\u0103m"},"content":{"rendered":"\n<p>N\u1ebfu b\u1ea1n mu\u1ed1n \u0111\u0103ng k\u00fd th\u0103m chapter, vui l\u00f2ng ho\u00e0n th\u00e0nh v\u00e0 g\u1eedi \u0111\u01a1n \u0111\u0103ng k\u00fd tham gia. Khi nh\u1eadn \u0111\u01b0\u1ee3c, Gi\u00e1m \u0111\u1ed1c Chapter CorporateConnections \u0111\u1ecba ph\u01b0\u01a1ng s\u1ebd xem x\u00e9t th\u00f4ng tin c\u1ee7a b\u1ea1n v\u00e0 li\u00ean h\u1ec7 \u0111\u1ec3 bi\u1ebft th\u00eam th\u00f4ng tin chi ti\u1ebft v\u1ec1 chuy\u1ebfn th\u0103m c\u1ee7a b\u1ea1n. C\u1ea3m \u01a1n b\u1ea1n \u0111\u00e3 quan t\u00e2m.<\/p>\n","protected":false},"excerpt":{"rendered":"<p>N\u1ebfu b\u1ea1n mu\u1ed1n \u0111\u0103ng k\u00fd th\u0103m chapter, vui l\u00f2ng ho\u00e0n th\u00e0nh v\u00e0 g\u1eedi \u0111\u01a1n \u0111\u0103ng k\u00fd tham gia. Khi nh\u1eadn \u0111\u01b0\u1ee3c, Gi\u00e1m \u0111\u1ed1c Chapter CorporateConnections \u0111\u1ecba ph\u01b0\u01a1ng s\u1ebd xem x\u00e9t th\u00f4ng tin c\u1ee7a b\u1ea1n v\u00e0 li\u00ean h\u1ec7 \u0111\u1ec3 bi\u1ebft th\u00eam th\u00f4ng tin chi ti\u1ebft v\u1ec1 chuy\u1ebfn th\u0103m c\u1ee7a b\u1ea1n. C\u1ea3m \u01a1n b\u1ea1n \u0111\u00e3 quan t\u00e2m.<\/p>\n","protected":false},"author":4,"featured_media":8807,"parent":0,"menu_order":0,"comment_status":"closed","ping_status":"closed","template":"template-requestvisit.php","meta":{"_acf_changed":false,"footnotes":""},"class_list":["post-8805","page","type-page","status-publish","has-post-thumbnail","hentry"],"acf":[],"yoast_head":"<!-- This site is optimized with the Yoast SEO Premium plugin v26.9 (Yoast SEO v27.3) - https:\/\/yoast.com\/product\/yoast-seo-premium-wordpress\/ -->\n<title>Tr\u1ea3i nghi\u1ec7m n\u1ec1n t\u1ea3ng k\u1ebft n\u1ed1i \u0111i\u1ec1u h\u00e0nh h\u00e0ng \u0111\u1ea7u | Tham gia<\/title>\n<meta name=\"description\" content=\"Bu\u1ed5i h\u1ecdp Chapter CorporateConnections\u00ae tu\u00e2n th\u1ee7 theo m\u1ea1ng l\u01b0\u1edbi k\u1ebft n\u1ed1i ngang t\u1ea7m hi\u1ec7u qu\u1ea3 v\u00e0 \u0111\u01b0\u1ee3c ki\u1ec3m ch\u1ee9ng. Vi\u1ec7c tham gia v\u00e0o b\u1ea5t k\u1ef3 bu\u1ed5i h\u1ecdp Chapter n\u00e0o \u0111\u1ec1u c\u1ea7n ph\u1ea3i \u0111\u0103ng k\u00fd tr\u01b0\u1edbc.\" \/>\n<meta name=\"robots\" content=\"noindex, follow, max-snippet:-1, max-image-preview:large, max-video-preview:-1\" \/>\n<meta property=\"og:locale\" content=\"vi_VN\" \/>\n<meta property=\"og:type\" content=\"article\" \/>\n<meta property=\"og:title\" content=\"\u0110\u0103ng k\u00fd chuy\u1ebfn th\u0103m\" \/>\n<meta property=\"og:description\" content=\"N\u1ebfu b\u1ea1n mu\u1ed1n \u0111\u0103ng k\u00fd th\u0103m chapter, vui l\u00f2ng ho\u00e0n th\u00e0nh v\u00e0 g\u1eedi \u0111\u01a1n \u0111\u0103ng k\u00fd tham gia. Khi nh\u1eadn \u0111\u01b0\u1ee3c, Gi\u00e1m \u0111\u1ed1c Chapter CorporateConnections \u0111\u1ecba ph\u01b0\u01a1ng s\u1ebd xem\" \/>\n<meta property=\"og:url\" content=\"https:\/\/sandbox.corporateconnections.com\/request-a-visit\" \/>\n<meta property=\"og:site_name\" content=\"Corporate Connections\" \/>\n<meta property=\"article:modified_time\" content=\"2022-05-11T14:17:04+00:00\" \/>\n<meta property=\"og:image\" content=\"https:\/\/sandbox.corporateconnections.com\/wp-content\/uploads\/2021\/06\/request_page2.jpg\" \/>\n\t<meta property=\"og:image:width\" content=\"1920\" \/>\n\t<meta property=\"og:image:height\" content=\"661\" \/>\n\t<meta property=\"og:image:type\" content=\"image\/jpeg\" \/>\n<meta name=\"twitter:card\" content=\"summary_large_image\" \/>\n<script type=\"application\/ld+json\" class=\"yoast-schema-graph\">{\"@context\":\"https:\\\/\\\/schema.org\",\"@graph\":[{\"@type\":\"WebPage\",\"@id\":\"https:\\\/\\\/sandbox.corporateconnections.com\\\/request-a-visit\",\"url\":\"https:\\\/\\\/sandbox.corporateconnections.com\\\/request-a-visit\",\"name\":\"Tr\u1ea3i nghi\u1ec7m n\u1ec1n t\u1ea3ng k\u1ebft n\u1ed1i \u0111i\u1ec1u h\u00e0nh h\u00e0ng \u0111\u1ea7u | Tham gia\",\"isPartOf\":{\"@id\":\"https:\\\/\\\/sandbox.corporateconnections.com\\\/es\\\/#website\"},\"primaryImageOfPage\":{\"@id\":\"https:\\\/\\\/sandbox.corporateconnections.com\\\/request-a-visit#primaryimage\"},\"image\":{\"@id\":\"https:\\\/\\\/sandbox.corporateconnections.com\\\/request-a-visit#primaryimage\"},\"thumbnailUrl\":\"https:\\\/\\\/sandbox.corporateconnections.com\\\/wp-content\\\/uploads\\\/2021\\\/06\\\/request_page2.jpg\",\"datePublished\":\"2022-05-11T14:17:03+00:00\",\"dateModified\":\"2022-05-11T14:17:04+00:00\",\"description\":\"Bu\u1ed5i h\u1ecdp Chapter CorporateConnections\u00ae tu\u00e2n th\u1ee7 theo m\u1ea1ng l\u01b0\u1edbi k\u1ebft n\u1ed1i ngang t\u1ea7m hi\u1ec7u qu\u1ea3 v\u00e0 \u0111\u01b0\u1ee3c ki\u1ec3m ch\u1ee9ng. Vi\u1ec7c tham gia v\u00e0o b\u1ea5t k\u1ef3 bu\u1ed5i h\u1ecdp Chapter n\u00e0o \u0111\u1ec1u c\u1ea7n ph\u1ea3i \u0111\u0103ng k\u00fd tr\u01b0\u1edbc.\",\"breadcrumb\":{\"@id\":\"https:\\\/\\\/sandbox.corporateconnections.com\\\/request-a-visit#breadcrumb\"},\"inLanguage\":\"vi-VN\",\"potentialAction\":[{\"@type\":\"ReadAction\",\"target\":[\"https:\\\/\\\/sandbox.corporateconnections.com\\\/request-a-visit\"]}]},{\"@type\":\"ImageObject\",\"inLanguage\":\"vi-VN\",\"@id\":\"https:\\\/\\\/sandbox.corporateconnections.com\\\/request-a-visit#primaryimage\",\"url\":\"https:\\\/\\\/sandbox.corporateconnections.com\\\/wp-content\\\/uploads\\\/2021\\\/06\\\/request_page2.jpg\",\"contentUrl\":\"https:\\\/\\\/sandbox.corporateconnections.com\\\/wp-content\\\/uploads\\\/2021\\\/06\\\/request_page2.jpg\",\"width\":1920,\"height\":661},{\"@type\":\"BreadcrumbList\",\"@id\":\"https:\\\/\\\/sandbox.corporateconnections.com\\\/request-a-visit#breadcrumb\",\"itemListElement\":[{\"@type\":\"ListItem\",\"position\":1,\"name\":\"Home\",\"item\":\"https:\\\/\\\/sandbox.corporateconnections.com\\\/vi\"},{\"@type\":\"ListItem\",\"position\":2,\"name\":\"\u0110\u0103ng k\u00fd chuy\u1ebfn th\u0103m\"}]},{\"@type\":\"WebSite\",\"@id\":\"https:\\\/\\\/sandbox.corporateconnections.com\\\/es\\\/#website\",\"url\":\"https:\\\/\\\/sandbox.corporateconnections.com\\\/es\\\/\",\"name\":\"Corporate Connections\",\"description\":\"Where Leaders Connect\",\"publisher\":{\"@id\":\"https:\\\/\\\/sandbox.corporateconnections.com\\\/es\\\/#organization\"},\"potentialAction\":[{\"@type\":\"SearchAction\",\"target\":{\"@type\":\"EntryPoint\",\"urlTemplate\":\"https:\\\/\\\/sandbox.corporateconnections.com\\\/es\\\/?s={search_term_string}\"},\"query-input\":{\"@type\":\"PropertyValueSpecification\",\"valueRequired\":true,\"valueName\":\"search_term_string\"}}],\"inLanguage\":\"vi-VN\"},{\"@type\":\"Organization\",\"@id\":\"https:\\\/\\\/sandbox.corporateconnections.com\\\/es\\\/#organization\",\"name\":\"Corporate Connections&reg;\",\"url\":\"https:\\\/\\\/sandbox.corporateconnections.com\\\/es\\\/\",\"logo\":{\"@type\":\"ImageObject\",\"inLanguage\":\"vi-VN\",\"@id\":\"https:\\\/\\\/sandbox.corporateconnections.com\\\/es\\\/#\\\/schema\\\/logo\\\/image\\\/\",\"url\":\"https:\\\/\\\/sandbox.corporateconnections.com\\\/wp-content\\\/uploads\\\/2020\\\/10\\\/cc-logo.png\",\"contentUrl\":\"https:\\\/\\\/sandbox.corporateconnections.com\\\/wp-content\\\/uploads\\\/2020\\\/10\\\/cc-logo.png\",\"width\":250,\"height\":87,\"caption\":\"Corporate Connections&reg;\"},\"image\":{\"@id\":\"https:\\\/\\\/sandbox.corporateconnections.com\\\/es\\\/#\\\/schema\\\/logo\\\/image\\\/\"}}]}<\/script>\n<!-- \/ Yoast SEO Premium plugin. -->","yoast_head_json":{"title":"Tr\u1ea3i nghi\u1ec7m n\u1ec1n t\u1ea3ng k\u1ebft n\u1ed1i \u0111i\u1ec1u h\u00e0nh h\u00e0ng \u0111\u1ea7u | Tham gia","description":"Bu\u1ed5i h\u1ecdp Chapter CorporateConnections\u00ae tu\u00e2n th\u1ee7 theo m\u1ea1ng l\u01b0\u1edbi k\u1ebft n\u1ed1i ngang t\u1ea7m hi\u1ec7u qu\u1ea3 v\u00e0 \u0111\u01b0\u1ee3c ki\u1ec3m ch\u1ee9ng. Vi\u1ec7c tham gia v\u00e0o b\u1ea5t k\u1ef3 bu\u1ed5i h\u1ecdp Chapter n\u00e0o \u0111\u1ec1u c\u1ea7n ph\u1ea3i \u0111\u0103ng k\u00fd tr\u01b0\u1edbc.","robots":{"index":"noindex","follow":"follow","max-snippet":"max-snippet:-1","max-image-preview":"max-image-preview:large","max-video-preview":"max-video-preview:-1"},"og_locale":"vi_VN","og_type":"article","og_title":"\u0110\u0103ng k\u00fd chuy\u1ebfn th\u0103m","og_description":"N\u1ebfu b\u1ea1n mu\u1ed1n \u0111\u0103ng k\u00fd th\u0103m chapter, vui l\u00f2ng ho\u00e0n th\u00e0nh v\u00e0 g\u1eedi \u0111\u01a1n \u0111\u0103ng k\u00fd tham gia. Khi nh\u1eadn \u0111\u01b0\u1ee3c, Gi\u00e1m \u0111\u1ed1c Chapter CorporateConnections \u0111\u1ecba ph\u01b0\u01a1ng s\u1ebd xem","og_url":"https:\/\/sandbox.corporateconnections.com\/request-a-visit","og_site_name":"Corporate Connections","article_modified_time":"2022-05-11T14:17:04+00:00","og_image":[{"width":1920,"height":661,"url":"https:\/\/sandbox.corporateconnections.com\/wp-content\/uploads\/2021\/06\/request_page2.jpg","type":"image\/jpeg"}],"twitter_card":"summary_large_image","schema":{"@context":"https:\/\/schema.org","@graph":[{"@type":"WebPage","@id":"https:\/\/sandbox.corporateconnections.com\/request-a-visit","url":"https:\/\/sandbox.corporateconnections.com\/request-a-visit","name":"Tr\u1ea3i nghi\u1ec7m n\u1ec1n t\u1ea3ng k\u1ebft n\u1ed1i \u0111i\u1ec1u h\u00e0nh h\u00e0ng \u0111\u1ea7u | Tham gia","isPartOf":{"@id":"https:\/\/sandbox.corporateconnections.com\/es\/#website"},"primaryImageOfPage":{"@id":"https:\/\/sandbox.corporateconnections.com\/request-a-visit#primaryimage"},"image":{"@id":"https:\/\/sandbox.corporateconnections.com\/request-a-visit#primaryimage"},"thumbnailUrl":"https:\/\/sandbox.corporateconnections.com\/wp-content\/uploads\/2021\/06\/request_page2.jpg","datePublished":"2022-05-11T14:17:03+00:00","dateModified":"2022-05-11T14:17:04+00:00","description":"Bu\u1ed5i h\u1ecdp Chapter CorporateConnections\u00ae tu\u00e2n th\u1ee7 theo m\u1ea1ng l\u01b0\u1edbi k\u1ebft n\u1ed1i ngang t\u1ea7m hi\u1ec7u qu\u1ea3 v\u00e0 \u0111\u01b0\u1ee3c ki\u1ec3m ch\u1ee9ng. Vi\u1ec7c tham gia v\u00e0o b\u1ea5t k\u1ef3 bu\u1ed5i h\u1ecdp Chapter n\u00e0o \u0111\u1ec1u c\u1ea7n ph\u1ea3i \u0111\u0103ng k\u00fd tr\u01b0\u1edbc.","breadcrumb":{"@id":"https:\/\/sandbox.corporateconnections.com\/request-a-visit#breadcrumb"},"inLanguage":"vi-VN","potentialAction":[{"@type":"ReadAction","target":["https:\/\/sandbox.corporateconnections.com\/request-a-visit"]}]},{"@type":"ImageObject","inLanguage":"vi-VN","@id":"https:\/\/sandbox.corporateconnections.com\/request-a-visit#primaryimage","url":"https:\/\/sandbox.corporateconnections.com\/wp-content\/uploads\/2021\/06\/request_page2.jpg","contentUrl":"https:\/\/sandbox.corporateconnections.com\/wp-content\/uploads\/2021\/06\/request_page2.jpg","width":1920,"height":661},{"@type":"BreadcrumbList","@id":"https:\/\/sandbox.corporateconnections.com\/request-a-visit#breadcrumb","itemListElement":[{"@type":"ListItem","position":1,"name":"Home","item":"https:\/\/sandbox.corporateconnections.com\/vi"},{"@type":"ListItem","position":2,"name":"\u0110\u0103ng k\u00fd chuy\u1ebfn th\u0103m"}]},{"@type":"WebSite","@id":"https:\/\/sandbox.corporateconnections.com\/es\/#website","url":"https:\/\/sandbox.corporateconnections.com\/es\/","name":"Corporate Connections","description":"Where Leaders Connect","publisher":{"@id":"https:\/\/sandbox.corporateconnections.com\/es\/#organization"},"potentialAction":[{"@type":"SearchAction","target":{"@type":"EntryPoint","urlTemplate":"https:\/\/sandbox.corporateconnections.com\/es\/?s={search_term_string}"},"query-input":{"@type":"PropertyValueSpecification","valueRequired":true,"valueName":"search_term_string"}}],"inLanguage":"vi-VN"},{"@type":"Organization","@id":"https:\/\/sandbox.corporateconnections.com\/es\/#organization","name":"Corporate Connections&reg;","url":"https:\/\/sandbox.corporateconnections.com\/es\/","logo":{"@type":"ImageObject","inLanguage":"vi-VN","@id":"https:\/\/sandbox.corporateconnections.com\/es\/#\/schema\/logo\/image\/","url":"https:\/\/sandbox.corporateconnections.com\/wp-content\/uploads\/2020\/10\/cc-logo.png","contentUrl":"https:\/\/sandbox.corporateconnections.com\/wp-content\/uploads\/2020\/10\/cc-logo.png","width":250,"height":87,"caption":"Corporate Connections&reg;"},"image":{"@id":"https:\/\/sandbox.corporateconnections.com\/es\/#\/schema\/logo\/image\/"}}]}},"_links":{"self":[{"href":"https:\/\/sandbox.corporateconnections.com\/vi\/wp-json\/wp\/v2\/pages\/8805","targetHints":{"allow":["GET"]}}],"collection":[{"href":"https:\/\/sandbox.corporateconnections.com\/vi\/wp-json\/wp\/v2\/pages"}],"about":[{"href":"https:\/\/sandbox.corporateconnections.com\/vi\/wp-json\/wp\/v2\/types\/page"}],"author":[{"embeddable":true,"href":"https:\/\/sandbox.corporateconnections.com\/vi\/wp-json\/wp\/v2\/users\/4"}],"replies":[{"embeddable":true,"href":"https:\/\/sandbox.corporateconnections.com\/vi\/wp-json\/wp\/v2\/comments?post=8805"}],"version-history":[{"count":1,"href":"https:\/\/sandbox.corporateconnections.com\/vi\/wp-json\/wp\/v2\/pages\/8805\/revisions"}],"predecessor-version":[{"id":8810,"href":"https:\/\/sandbox.corporateconnections.com\/vi\/wp-json\/wp\/v2\/pages\/8805\/revisions\/8810"}],"wp:featuredmedia":[{"embeddable":true,"href":"https:\/\/sandbox.corporateconnections.com\/vi\/wp-json\/wp\/v2\/media\/8807"}],"wp:attachment":[{"href":"https:\/\/sandbox.corporateconnections.com\/vi\/wp-json\/wp\/v2\/media?parent=8805"}],"curies":[{"name":"wp","href":"https:\/\/api.w.org\/{rel}","templated":true}]}}