{"id":8811,"date":"2022-05-11T19:47:35","date_gmt":"2022-05-11T14:17:35","guid":{"rendered":"https:\/\/www.corporateconnections.com\/trang-chu"},"modified":"2023-09-27T19:06:25","modified_gmt":"2023-09-27T13:36:25","slug":"trang-chu","status":"publish","type":"page","link":"https:\/\/sandbox.corporateconnections.com\/vi","title":{"rendered":"Trang ch\u1ee7"},"content":{"rendered":"","protected":false},"excerpt":{"rendered":"","protected":false},"author":4,"featured_media":0,"parent":0,"menu_order":0,"comment_status":"closed","ping_status":"closed","template":"","meta":{"_acf_changed":false,"footnotes":""},"class_list":["post-8811","page","type-page","status-publish","hentry"],"acf":[],"yoast_head":"<!-- This site is optimized with the Yoast SEO Premium plugin v26.9 (Yoast SEO v27.3) - https:\/\/yoast.com\/product\/yoast-seo-premium-wordpress\/ -->\n<title>CorporateConnections\u00ae | M\u1ea1ng l\u01b0\u1edbi k\u1ebft n\u1ed1i &amp; M\u1ed1i quan h\u1ec7 kinh doanh \u0111i\u1ec1u h\u00e0nh<\/title>\n<meta name=\"description\" content=\"Corporate Connections\u00ae | Where Leaders Connect\u00ae | Th\u00fac \u0111\u1ea9y k\u1ebft n\u1ed1i kinh doanh \u1edf c\u1ea5p \u0110i\u1ec1u h\u00e0nh. Nh\u1eadn \u0111\u01b0\u1ee3c s\u1ef1 h\u1ed7 tr\u1ee3 t\u1eeb c\u00e1c nh\u00e0 l\u00e3nh \u0111\u1ea1o to\u00e0n c\u1ea7u ngang t\u1ea7m.\" \/>\n<meta name=\"robots\" content=\"noindex, follow, max-snippet:-1, max-image-preview:large, max-video-preview:-1\" \/>\n<meta property=\"og:locale\" content=\"vi_VN\" \/>\n<meta property=\"og:type\" content=\"article\" \/>\n<meta property=\"og:title\" content=\"Trang ch\u1ee7\" \/>\n<meta property=\"og:url\" content=\"https:\/\/sandbox.corporateconnections.com\/vi\" \/>\n<meta property=\"og:site_name\" content=\"Corporate Connections\" \/>\n<meta property=\"article:modified_time\" content=\"2023-09-27T13:36:25+00:00\" \/>\n<meta name=\"twitter:card\" content=\"summary_large_image\" \/>\n<script type=\"application\/ld+json\" class=\"yoast-schema-graph\">{\"@context\":\"https:\\\/\\\/schema.org\",\"@graph\":[{\"@type\":\"WebPage\",\"@id\":\"https:\\\/\\\/sandbox.corporateconnections.com\\\/vi\",\"url\":\"https:\\\/\\\/sandbox.corporateconnections.com\\\/vi\",\"name\":\"CorporateConnections\u00ae | M\u1ea1ng l\u01b0\u1edbi k\u1ebft n\u1ed1i & M\u1ed1i quan h\u1ec7 kinh doanh \u0111i\u1ec1u h\u00e0nh\",\"isPartOf\":{\"@id\":\"https:\\\/\\\/sandbox.corporateconnections.com\\\/es\\\/#website\"},\"datePublished\":\"2022-05-11T14:17:35+00:00\",\"dateModified\":\"2023-09-27T13:36:25+00:00\",\"description\":\"Corporate Connections\u00ae | Where Leaders Connect\u00ae | Th\u00fac \u0111\u1ea9y k\u1ebft n\u1ed1i kinh doanh \u1edf c\u1ea5p \u0110i\u1ec1u h\u00e0nh. Nh\u1eadn \u0111\u01b0\u1ee3c s\u1ef1 h\u1ed7 tr\u1ee3 t\u1eeb c\u00e1c nh\u00e0 l\u00e3nh \u0111\u1ea1o to\u00e0n c\u1ea7u ngang t\u1ea7m.\",\"breadcrumb\":{\"@id\":\"https:\\\/\\\/sandbox.corporateconnections.com\\\/vi#breadcrumb\"},\"inLanguage\":\"vi-VN\",\"potentialAction\":[{\"@type\":\"ReadAction\",\"target\":[\"https:\\\/\\\/sandbox.corporateconnections.com\\\/vi\"]}]},{\"@type\":\"BreadcrumbList\",\"@id\":\"https:\\\/\\\/sandbox.corporateconnections.com\\\/vi#breadcrumb\",\"itemListElement\":[{\"@type\":\"ListItem\",\"position\":1,\"name\":\"Home\",\"item\":\"https:\\\/\\\/sandbox.corporateconnections.com\\\/vi\"},{\"@type\":\"ListItem\",\"position\":2,\"name\":\"Trang ch\u1ee7\"}]},{\"@type\":\"WebSite\",\"@id\":\"https:\\\/\\\/sandbox.corporateconnections.com\\\/es\\\/#website\",\"url\":\"https:\\\/\\\/sandbox.corporateconnections.com\\\/es\\\/\",\"name\":\"Corporate Connections\",\"description\":\"Where Leaders Connect\",\"publisher\":{\"@id\":\"https:\\\/\\\/sandbox.corporateconnections.com\\\/es\\\/#organization\"},\"potentialAction\":[{\"@type\":\"SearchAction\",\"target\":{\"@type\":\"EntryPoint\",\"urlTemplate\":\"https:\\\/\\\/sandbox.corporateconnections.com\\\/es\\\/?s={search_term_string}\"},\"query-input\":{\"@type\":\"PropertyValueSpecification\",\"valueRequired\":true,\"valueName\":\"search_term_string\"}}],\"inLanguage\":\"vi-VN\"},{\"@type\":\"Organization\",\"@id\":\"https:\\\/\\\/sandbox.corporateconnections.com\\\/es\\\/#organization\",\"name\":\"Corporate Connections&reg;\",\"url\":\"https:\\\/\\\/sandbox.corporateconnections.com\\\/es\\\/\",\"logo\":{\"@type\":\"ImageObject\",\"inLanguage\":\"vi-VN\",\"@id\":\"https:\\\/\\\/sandbox.corporateconnections.com\\\/es\\\/#\\\/schema\\\/logo\\\/image\\\/\",\"url\":\"https:\\\/\\\/sandbox.corporateconnections.com\\\/wp-content\\\/uploads\\\/2020\\\/10\\\/cc-logo.png\",\"contentUrl\":\"https:\\\/\\\/sandbox.corporateconnections.com\\\/wp-content\\\/uploads\\\/2020\\\/10\\\/cc-logo.png\",\"width\":250,\"height\":87,\"caption\":\"Corporate Connections&reg;\"},\"image\":{\"@id\":\"https:\\\/\\\/sandbox.corporateconnections.com\\\/es\\\/#\\\/schema\\\/logo\\\/image\\\/\"}}]}<\/script>\n<!-- \/ Yoast SEO Premium plugin. -->","yoast_head_json":{"title":"CorporateConnections\u00ae | M\u1ea1ng l\u01b0\u1edbi k\u1ebft n\u1ed1i & M\u1ed1i quan h\u1ec7 kinh doanh \u0111i\u1ec1u h\u00e0nh","description":"Corporate Connections\u00ae | Where Leaders Connect\u00ae | Th\u00fac \u0111\u1ea9y k\u1ebft n\u1ed1i kinh doanh \u1edf c\u1ea5p \u0110i\u1ec1u h\u00e0nh. Nh\u1eadn \u0111\u01b0\u1ee3c s\u1ef1 h\u1ed7 tr\u1ee3 t\u1eeb c\u00e1c nh\u00e0 l\u00e3nh \u0111\u1ea1o to\u00e0n c\u1ea7u ngang t\u1ea7m.","robots":{"index":"noindex","follow":"follow","max-snippet":"max-snippet:-1","max-image-preview":"max-image-preview:large","max-video-preview":"max-video-preview:-1"},"og_locale":"vi_VN","og_type":"article","og_title":"Trang ch\u1ee7","og_url":"https:\/\/sandbox.corporateconnections.com\/vi","og_site_name":"Corporate Connections","article_modified_time":"2023-09-27T13:36:25+00:00","twitter_card":"summary_large_image","schema":{"@context":"https:\/\/schema.org","@graph":[{"@type":"WebPage","@id":"https:\/\/sandbox.corporateconnections.com\/vi","url":"https:\/\/sandbox.corporateconnections.com\/vi","name":"CorporateConnections\u00ae | M\u1ea1ng l\u01b0\u1edbi k\u1ebft n\u1ed1i & M\u1ed1i quan h\u1ec7 kinh doanh \u0111i\u1ec1u h\u00e0nh","isPartOf":{"@id":"https:\/\/sandbox.corporateconnections.com\/es\/#website"},"datePublished":"2022-05-11T14:17:35+00:00","dateModified":"2023-09-27T13:36:25+00:00","description":"Corporate Connections\u00ae | Where Leaders Connect\u00ae | Th\u00fac \u0111\u1ea9y k\u1ebft n\u1ed1i kinh doanh \u1edf c\u1ea5p \u0110i\u1ec1u h\u00e0nh. Nh\u1eadn \u0111\u01b0\u1ee3c s\u1ef1 h\u1ed7 tr\u1ee3 t\u1eeb c\u00e1c nh\u00e0 l\u00e3nh \u0111\u1ea1o to\u00e0n c\u1ea7u ngang t\u1ea7m.","breadcrumb":{"@id":"https:\/\/sandbox.corporateconnections.com\/vi#breadcrumb"},"inLanguage":"vi-VN","potentialAction":[{"@type":"ReadAction","target":["https:\/\/sandbox.corporateconnections.com\/vi"]}]},{"@type":"BreadcrumbList","@id":"https:\/\/sandbox.corporateconnections.com\/vi#breadcrumb","itemListElement":[{"@type":"ListItem","position":1,"name":"Home","item":"https:\/\/sandbox.corporateconnections.com\/vi"},{"@type":"ListItem","position":2,"name":"Trang ch\u1ee7"}]},{"@type":"WebSite","@id":"https:\/\/sandbox.corporateconnections.com\/es\/#website","url":"https:\/\/sandbox.corporateconnections.com\/es\/","name":"Corporate Connections","description":"Where Leaders Connect","publisher":{"@id":"https:\/\/sandbox.corporateconnections.com\/es\/#organization"},"potentialAction":[{"@type":"SearchAction","target":{"@type":"EntryPoint","urlTemplate":"https:\/\/sandbox.corporateconnections.com\/es\/?s={search_term_string}"},"query-input":{"@type":"PropertyValueSpecification","valueRequired":true,"valueName":"search_term_string"}}],"inLanguage":"vi-VN"},{"@type":"Organization","@id":"https:\/\/sandbox.corporateconnections.com\/es\/#organization","name":"Corporate Connections&reg;","url":"https:\/\/sandbox.corporateconnections.com\/es\/","logo":{"@type":"ImageObject","inLanguage":"vi-VN","@id":"https:\/\/sandbox.corporateconnections.com\/es\/#\/schema\/logo\/image\/","url":"https:\/\/sandbox.corporateconnections.com\/wp-content\/uploads\/2020\/10\/cc-logo.png","contentUrl":"https:\/\/sandbox.corporateconnections.com\/wp-content\/uploads\/2020\/10\/cc-logo.png","width":250,"height":87,"caption":"Corporate Connections&reg;"},"image":{"@id":"https:\/\/sandbox.corporateconnections.com\/es\/#\/schema\/logo\/image\/"}}]}},"_links":{"self":[{"href":"https:\/\/sandbox.corporateconnections.com\/vi\/wp-json\/wp\/v2\/pages\/8811","targetHints":{"allow":["GET"]}}],"collection":[{"href":"https:\/\/sandbox.corporateconnections.com\/vi\/wp-json\/wp\/v2\/pages"}],"about":[{"href":"https:\/\/sandbox.corporateconnections.com\/vi\/wp-json\/wp\/v2\/types\/page"}],"author":[{"embeddable":true,"href":"https:\/\/sandbox.corporateconnections.com\/vi\/wp-json\/wp\/v2\/users\/4"}],"replies":[{"embeddable":true,"href":"https:\/\/sandbox.corporateconnections.com\/vi\/wp-json\/wp\/v2\/comments?post=8811"}],"version-history":[{"count":4,"href":"https:\/\/sandbox.corporateconnections.com\/vi\/wp-json\/wp\/v2\/pages\/8811\/revisions"}],"predecessor-version":[{"id":13460,"href":"https:\/\/sandbox.corporateconnections.com\/vi\/wp-json\/wp\/v2\/pages\/8811\/revisions\/13460"}],"wp:attachment":[{"href":"https:\/\/sandbox.corporateconnections.com\/vi\/wp-json\/wp\/v2\/media?parent=8811"}],"curies":[{"name":"wp","href":"https:\/\/api.w.org\/{rel}","templated":true}]}}