{"id":8831,"date":"2022-05-11T19:57:53","date_gmt":"2022-05-11T14:27:53","guid":{"rendered":"https:\/\/www.corporateconnections.com\/lien-he-voi-chung-toi"},"modified":"2023-09-04T12:08:40","modified_gmt":"2023-09-04T06:38:40","slug":"lien-he-voi-chung-toi","status":"publish","type":"page","link":"https:\/\/sandbox.corporateconnections.com\/vi\/lien-he-voi-chung-toi","title":{"rendered":"Li\u00ean h\u1ec7 v\u1edbi ch\u00fang t\u00f4i"},"content":{"rendered":"\n<p>Ch\u00fang t\u00f4i lu\u00f4n s\u1eb5n s\u00e0ng h\u1ed7 tr\u1ee3! N\u1ebfu c\u00f3 b\u1ea5t k\u1ef3 c\u00e2u h\u1ecfi n\u00e0o, h\u00e3y g\u1eedi email cho ch\u00fang t\u00f4i b\u1eb1ng c\u00e1ch s\u1eed d\u1ee5ng bi\u1ec3u m\u1eabu b\u00ean d\u01b0\u1edbi.<\/p>\n\n\n","protected":false},"excerpt":{"rendered":"<p>Ch\u00fang t\u00f4i lu\u00f4n s\u1eb5n s\u00e0ng h\u1ed7 tr\u1ee3! N\u1ebfu c\u00f3 b\u1ea5t k\u1ef3 c\u00e2u h\u1ecfi n\u00e0o, h\u00e3y g\u1eedi email cho ch\u00fang t\u00f4i b\u1eb1ng c\u00e1ch s\u1eed d\u1ee5ng bi\u1ec3u m\u1eabu b\u00ean d\u01b0\u1edbi.<\/p>\n","protected":false},"author":4,"featured_media":0,"parent":0,"menu_order":0,"comment_status":"closed","ping_status":"closed","template":"template-contactUs.php","meta":{"_acf_changed":false,"footnotes":""},"class_list":["post-8831","page","type-page","status-publish","hentry"],"acf":[],"yoast_head":"<!-- This site is optimized with the Yoast SEO Premium plugin v26.9 (Yoast SEO v27.3) - https:\/\/yoast.com\/product\/yoast-seo-premium-wordpress\/ -->\n<title>mu\u1ed1n \u0111\u1ea9y nhanh s\u1ef1 th\u00e0nh c\u00f4ng trong kinh doanh c\u1ee7a b\u1ea1n? Li\u00ean h\u1ec7 v\u1edbi ch\u00fang t\u00f4i h\u00f4m nay<\/title>\n<meta name=\"description\" content=\"H\u00e3y \u0111\u1ec3 l\u1ea1i th\u00f4ng tin, ch\u00fang t\u00f4i s\u1ebd li\u00ean h\u1ec7 v\u1edbi b\u1ea1n s\u1edbm nh\u1ea5t c\u00f3 th\u1ec3. Ho\u1eb7c b\u1ea1n c\u00f3 th\u1ec3 g\u1eedi email cho ch\u00fang t\u00f4i ho\u1eb7c g\u1ecdi +1 704 644 7878\" \/>\n<meta name=\"robots\" content=\"noindex, follow, max-snippet:-1, max-image-preview:large, max-video-preview:-1\" \/>\n<meta property=\"og:locale\" content=\"vi_VN\" \/>\n<meta property=\"og:type\" content=\"article\" \/>\n<meta property=\"og:title\" content=\"Li\u00ean h\u1ec7 v\u1edbi ch\u00fang t\u00f4i\" \/>\n<meta property=\"og:description\" content=\"Ch\u00fang t\u00f4i lu\u00f4n s\u1eb5n s\u00e0ng h\u1ed7 tr\u1ee3! N\u1ebfu c\u00f3 b\u1ea5t k\u1ef3 c\u00e2u h\u1ecfi n\u00e0o, h\u00e3y g\u1eedi email cho ch\u00fang t\u00f4i b\u1eb1ng c\u00e1ch s\u1eed d\u1ee5ng bi\u1ec3u m\u1eabu b\u00ean d\u01b0\u1edbi.\" \/>\n<meta property=\"og:url\" content=\"https:\/\/sandbox.corporateconnections.com\/contact-us\" \/>\n<meta property=\"og:site_name\" content=\"Corporate Connections\" \/>\n<meta property=\"article:modified_time\" content=\"2023-09-04T06:38:40+00:00\" \/>\n<meta name=\"twitter:card\" content=\"summary_large_image\" \/>\n<meta name=\"twitter:label1\" content=\"Est. reading time\" \/>\n\t<meta name=\"twitter:data1\" content=\"1 minute\" \/>\n<script type=\"application\/ld+json\" class=\"yoast-schema-graph\">{\"@context\":\"https:\\\/\\\/schema.org\",\"@graph\":[{\"@type\":\"WebPage\",\"@id\":\"https:\\\/\\\/sandbox.corporateconnections.com\\\/contact-us\",\"url\":\"https:\\\/\\\/sandbox.corporateconnections.com\\\/contact-us\",\"name\":\"mu\u1ed1n \u0111\u1ea9y nhanh s\u1ef1 th\u00e0nh c\u00f4ng trong kinh doanh c\u1ee7a b\u1ea1n? Li\u00ean h\u1ec7 v\u1edbi ch\u00fang t\u00f4i h\u00f4m nay\",\"isPartOf\":{\"@id\":\"https:\\\/\\\/sandbox.corporateconnections.com\\\/es\\\/#website\"},\"datePublished\":\"2022-05-11T14:27:53+00:00\",\"dateModified\":\"2023-09-04T06:38:40+00:00\",\"description\":\"H\u00e3y \u0111\u1ec3 l\u1ea1i th\u00f4ng tin, ch\u00fang t\u00f4i s\u1ebd li\u00ean h\u1ec7 v\u1edbi b\u1ea1n s\u1edbm nh\u1ea5t c\u00f3 th\u1ec3. Ho\u1eb7c b\u1ea1n c\u00f3 th\u1ec3 g\u1eedi email cho ch\u00fang t\u00f4i ho\u1eb7c g\u1ecdi +1 704 644 7878\",\"breadcrumb\":{\"@id\":\"https:\\\/\\\/sandbox.corporateconnections.com\\\/contact-us#breadcrumb\"},\"inLanguage\":\"vi-VN\",\"potentialAction\":[{\"@type\":\"ReadAction\",\"target\":[\"https:\\\/\\\/sandbox.corporateconnections.com\\\/contact-us\"]}]},{\"@type\":\"BreadcrumbList\",\"@id\":\"https:\\\/\\\/sandbox.corporateconnections.com\\\/contact-us#breadcrumb\",\"itemListElement\":[{\"@type\":\"ListItem\",\"position\":1,\"name\":\"Home\",\"item\":\"https:\\\/\\\/sandbox.corporateconnections.com\\\/vi\"},{\"@type\":\"ListItem\",\"position\":2,\"name\":\"Li\u00ean h\u1ec7 v\u1edbi ch\u00fang t\u00f4i\"}]},{\"@type\":\"WebSite\",\"@id\":\"https:\\\/\\\/sandbox.corporateconnections.com\\\/es\\\/#website\",\"url\":\"https:\\\/\\\/sandbox.corporateconnections.com\\\/es\\\/\",\"name\":\"Corporate Connections\",\"description\":\"Where Leaders Connect\",\"publisher\":{\"@id\":\"https:\\\/\\\/sandbox.corporateconnections.com\\\/es\\\/#organization\"},\"potentialAction\":[{\"@type\":\"SearchAction\",\"target\":{\"@type\":\"EntryPoint\",\"urlTemplate\":\"https:\\\/\\\/sandbox.corporateconnections.com\\\/es\\\/?s={search_term_string}\"},\"query-input\":{\"@type\":\"PropertyValueSpecification\",\"valueRequired\":true,\"valueName\":\"search_term_string\"}}],\"inLanguage\":\"vi-VN\"},{\"@type\":\"Organization\",\"@id\":\"https:\\\/\\\/sandbox.corporateconnections.com\\\/es\\\/#organization\",\"name\":\"Corporate Connections&reg;\",\"url\":\"https:\\\/\\\/sandbox.corporateconnections.com\\\/es\\\/\",\"logo\":{\"@type\":\"ImageObject\",\"inLanguage\":\"vi-VN\",\"@id\":\"https:\\\/\\\/sandbox.corporateconnections.com\\\/es\\\/#\\\/schema\\\/logo\\\/image\\\/\",\"url\":\"https:\\\/\\\/sandbox.corporateconnections.com\\\/wp-content\\\/uploads\\\/2020\\\/10\\\/cc-logo.png\",\"contentUrl\":\"https:\\\/\\\/sandbox.corporateconnections.com\\\/wp-content\\\/uploads\\\/2020\\\/10\\\/cc-logo.png\",\"width\":250,\"height\":87,\"caption\":\"Corporate Connections&reg;\"},\"image\":{\"@id\":\"https:\\\/\\\/sandbox.corporateconnections.com\\\/es\\\/#\\\/schema\\\/logo\\\/image\\\/\"}}]}<\/script>\n<!-- \/ Yoast SEO Premium plugin. -->","yoast_head_json":{"title":"mu\u1ed1n \u0111\u1ea9y nhanh s\u1ef1 th\u00e0nh c\u00f4ng trong kinh doanh c\u1ee7a b\u1ea1n? Li\u00ean h\u1ec7 v\u1edbi ch\u00fang t\u00f4i h\u00f4m nay","description":"H\u00e3y \u0111\u1ec3 l\u1ea1i th\u00f4ng tin, ch\u00fang t\u00f4i s\u1ebd li\u00ean h\u1ec7 v\u1edbi b\u1ea1n s\u1edbm nh\u1ea5t c\u00f3 th\u1ec3. Ho\u1eb7c b\u1ea1n c\u00f3 th\u1ec3 g\u1eedi email cho ch\u00fang t\u00f4i ho\u1eb7c g\u1ecdi +1 704 644 7878","robots":{"index":"noindex","follow":"follow","max-snippet":"max-snippet:-1","max-image-preview":"max-image-preview:large","max-video-preview":"max-video-preview:-1"},"og_locale":"vi_VN","og_type":"article","og_title":"Li\u00ean h\u1ec7 v\u1edbi ch\u00fang t\u00f4i","og_description":"Ch\u00fang t\u00f4i lu\u00f4n s\u1eb5n s\u00e0ng h\u1ed7 tr\u1ee3! N\u1ebfu c\u00f3 b\u1ea5t k\u1ef3 c\u00e2u h\u1ecfi n\u00e0o, h\u00e3y g\u1eedi email cho ch\u00fang t\u00f4i b\u1eb1ng c\u00e1ch s\u1eed d\u1ee5ng bi\u1ec3u m\u1eabu b\u00ean d\u01b0\u1edbi.","og_url":"https:\/\/sandbox.corporateconnections.com\/contact-us","og_site_name":"Corporate Connections","article_modified_time":"2023-09-04T06:38:40+00:00","twitter_card":"summary_large_image","twitter_misc":{"Est. reading time":"1 minute"},"schema":{"@context":"https:\/\/schema.org","@graph":[{"@type":"WebPage","@id":"https:\/\/sandbox.corporateconnections.com\/contact-us","url":"https:\/\/sandbox.corporateconnections.com\/contact-us","name":"mu\u1ed1n \u0111\u1ea9y nhanh s\u1ef1 th\u00e0nh c\u00f4ng trong kinh doanh c\u1ee7a b\u1ea1n? Li\u00ean h\u1ec7 v\u1edbi ch\u00fang t\u00f4i h\u00f4m nay","isPartOf":{"@id":"https:\/\/sandbox.corporateconnections.com\/es\/#website"},"datePublished":"2022-05-11T14:27:53+00:00","dateModified":"2023-09-04T06:38:40+00:00","description":"H\u00e3y \u0111\u1ec3 l\u1ea1i th\u00f4ng tin, ch\u00fang t\u00f4i s\u1ebd li\u00ean h\u1ec7 v\u1edbi b\u1ea1n s\u1edbm nh\u1ea5t c\u00f3 th\u1ec3. Ho\u1eb7c b\u1ea1n c\u00f3 th\u1ec3 g\u1eedi email cho ch\u00fang t\u00f4i ho\u1eb7c g\u1ecdi +1 704 644 7878","breadcrumb":{"@id":"https:\/\/sandbox.corporateconnections.com\/contact-us#breadcrumb"},"inLanguage":"vi-VN","potentialAction":[{"@type":"ReadAction","target":["https:\/\/sandbox.corporateconnections.com\/contact-us"]}]},{"@type":"BreadcrumbList","@id":"https:\/\/sandbox.corporateconnections.com\/contact-us#breadcrumb","itemListElement":[{"@type":"ListItem","position":1,"name":"Home","item":"https:\/\/sandbox.corporateconnections.com\/vi"},{"@type":"ListItem","position":2,"name":"Li\u00ean h\u1ec7 v\u1edbi ch\u00fang t\u00f4i"}]},{"@type":"WebSite","@id":"https:\/\/sandbox.corporateconnections.com\/es\/#website","url":"https:\/\/sandbox.corporateconnections.com\/es\/","name":"Corporate Connections","description":"Where Leaders Connect","publisher":{"@id":"https:\/\/sandbox.corporateconnections.com\/es\/#organization"},"potentialAction":[{"@type":"SearchAction","target":{"@type":"EntryPoint","urlTemplate":"https:\/\/sandbox.corporateconnections.com\/es\/?s={search_term_string}"},"query-input":{"@type":"PropertyValueSpecification","valueRequired":true,"valueName":"search_term_string"}}],"inLanguage":"vi-VN"},{"@type":"Organization","@id":"https:\/\/sandbox.corporateconnections.com\/es\/#organization","name":"Corporate Connections&reg;","url":"https:\/\/sandbox.corporateconnections.com\/es\/","logo":{"@type":"ImageObject","inLanguage":"vi-VN","@id":"https:\/\/sandbox.corporateconnections.com\/es\/#\/schema\/logo\/image\/","url":"https:\/\/sandbox.corporateconnections.com\/wp-content\/uploads\/2020\/10\/cc-logo.png","contentUrl":"https:\/\/sandbox.corporateconnections.com\/wp-content\/uploads\/2020\/10\/cc-logo.png","width":250,"height":87,"caption":"Corporate Connections&reg;"},"image":{"@id":"https:\/\/sandbox.corporateconnections.com\/es\/#\/schema\/logo\/image\/"}}]}},"_links":{"self":[{"href":"https:\/\/sandbox.corporateconnections.com\/vi\/wp-json\/wp\/v2\/pages\/8831","targetHints":{"allow":["GET"]}}],"collection":[{"href":"https:\/\/sandbox.corporateconnections.com\/vi\/wp-json\/wp\/v2\/pages"}],"about":[{"href":"https:\/\/sandbox.corporateconnections.com\/vi\/wp-json\/wp\/v2\/types\/page"}],"author":[{"embeddable":true,"href":"https:\/\/sandbox.corporateconnections.com\/vi\/wp-json\/wp\/v2\/users\/4"}],"replies":[{"embeddable":true,"href":"https:\/\/sandbox.corporateconnections.com\/vi\/wp-json\/wp\/v2\/comments?post=8831"}],"version-history":[{"count":2,"href":"https:\/\/sandbox.corporateconnections.com\/vi\/wp-json\/wp\/v2\/pages\/8831\/revisions"}],"predecessor-version":[{"id":13371,"href":"https:\/\/sandbox.corporateconnections.com\/vi\/wp-json\/wp\/v2\/pages\/8831\/revisions\/13371"}],"wp:attachment":[{"href":"https:\/\/sandbox.corporateconnections.com\/vi\/wp-json\/wp\/v2\/media?parent=8831"}],"curies":[{"name":"wp","href":"https:\/\/api.w.org\/{rel}","templated":true}]}}