{"id":9685,"date":"2022-07-21T21:47:58","date_gmt":"2022-07-21T16:17:58","guid":{"rendered":"https:\/\/www.corporateconnections.com\/nhuong-quyen-thuong-mai"},"modified":"2023-09-04T12:09:33","modified_gmt":"2023-09-04T06:39:33","slug":"nhuong-quyen-thuong-mai","status":"publish","type":"page","link":"https:\/\/sandbox.corporateconnections.com\/vi\/nhuong-quyen-thuong-mai","title":{"rendered":"Nh\u01b0\u1ee3ng Quy\u1ec1n Th\u01b0\u01a1ng M\u1ea1i"},"content":{"rendered":"","protected":false},"excerpt":{"rendered":"","protected":false},"author":4,"featured_media":12401,"parent":0,"menu_order":0,"comment_status":"closed","ping_status":"closed","template":"template-franchise.php","meta":{"_acf_changed":false,"footnotes":""},"class_list":["post-9685","page","type-page","status-publish","has-post-thumbnail","hentry"],"acf":[],"yoast_head":"<!-- This site is optimized with the Yoast SEO Premium plugin v26.9 (Yoast SEO v27.3) - https:\/\/yoast.com\/product\/yoast-seo-premium-wordpress\/ -->\n<title>C\u01a1 h\u1ed9i nh\u01b0\u1ee3ng quy\u1ec1n c\u1ee7a CorporateConnections\u00ae | T\u00ecm hi\u1ec3u th\u00eam<\/title>\n<meta name=\"description\" content=\"CorporateConnections cung c\u1ea5p cho c\u00e1c nh\u00e0 l\u00e3nh \u0111\u1ea1o doanh nghi\u1ec7p to\u00e0n c\u1ea7u m\u00f4i tr\u01b0\u1eddng l\u00fd t\u01b0\u1edfng \u0111\u1ec3 g\u1eb7t h\u00e1i nh\u1eefng k\u1ebft qu\u1ea3 phi th\u01b0\u1eddng, c\u00f3 th\u1ec3 \u0111o l\u01b0\u1eddng \u0111\u01b0\u1ee3c th\u00f4ng qua c\u00e1c c\u01a1 h\u1ed9i k\u1ebft n\u1ed1i h\u00e0nh ch\u00ednh.\" \/>\n<meta name=\"robots\" content=\"noindex, follow, max-snippet:-1, max-image-preview:large, max-video-preview:-1\" \/>\n<meta property=\"og:locale\" content=\"vi_VN\" \/>\n<meta property=\"og:type\" content=\"article\" \/>\n<meta property=\"og:title\" content=\"Nh\u01b0\u1ee3ng Quy\u1ec1n Th\u01b0\u01a1ng M\u1ea1i\" \/>\n<meta property=\"og:url\" content=\"https:\/\/sandbox.corporateconnections.com\/franchising\" \/>\n<meta property=\"og:site_name\" content=\"Corporate Connections\" \/>\n<meta property=\"article:modified_time\" content=\"2023-09-04T06:39:33+00:00\" \/>\n<meta property=\"og:image\" content=\"https:\/\/sandbox.corporateconnections.com\/wp-content\/uploads\/2023\/06\/CC-Day1_web-289-scaled-e1687371130743.jpg\" \/>\n\t<meta property=\"og:image:width\" content=\"2560\" \/>\n\t<meta property=\"og:image:height\" content=\"1707\" \/>\n\t<meta property=\"og:image:type\" content=\"image\/jpeg\" \/>\n<meta name=\"twitter:card\" content=\"summary_large_image\" \/>\n<script type=\"application\/ld+json\" class=\"yoast-schema-graph\">{\"@context\":\"https:\\\/\\\/schema.org\",\"@graph\":[{\"@type\":\"WebPage\",\"@id\":\"https:\\\/\\\/sandbox.corporateconnections.com\\\/franchising\",\"url\":\"https:\\\/\\\/sandbox.corporateconnections.com\\\/franchising\",\"name\":\"C\u01a1 h\u1ed9i nh\u01b0\u1ee3ng quy\u1ec1n c\u1ee7a CorporateConnections\u00ae | T\u00ecm hi\u1ec3u th\u00eam\",\"isPartOf\":{\"@id\":\"https:\\\/\\\/sandbox.corporateconnections.com\\\/es\\\/#website\"},\"primaryImageOfPage\":{\"@id\":\"https:\\\/\\\/sandbox.corporateconnections.com\\\/franchising#primaryimage\"},\"image\":{\"@id\":\"https:\\\/\\\/sandbox.corporateconnections.com\\\/franchising#primaryimage\"},\"thumbnailUrl\":\"https:\\\/\\\/sandbox.corporateconnections.com\\\/wp-content\\\/uploads\\\/2023\\\/06\\\/CC-Day1_web-289-scaled-e1687371130743.jpg\",\"datePublished\":\"2022-07-21T16:17:58+00:00\",\"dateModified\":\"2023-09-04T06:39:33+00:00\",\"description\":\"CorporateConnections cung c\u1ea5p cho c\u00e1c nh\u00e0 l\u00e3nh \u0111\u1ea1o doanh nghi\u1ec7p to\u00e0n c\u1ea7u m\u00f4i tr\u01b0\u1eddng l\u00fd t\u01b0\u1edfng \u0111\u1ec3 g\u1eb7t h\u00e1i nh\u1eefng k\u1ebft qu\u1ea3 phi th\u01b0\u1eddng, c\u00f3 th\u1ec3 \u0111o l\u01b0\u1eddng \u0111\u01b0\u1ee3c th\u00f4ng qua c\u00e1c c\u01a1 h\u1ed9i k\u1ebft n\u1ed1i h\u00e0nh ch\u00ednh.\",\"breadcrumb\":{\"@id\":\"https:\\\/\\\/sandbox.corporateconnections.com\\\/franchising#breadcrumb\"},\"inLanguage\":\"vi-VN\",\"potentialAction\":[{\"@type\":\"ReadAction\",\"target\":[\"https:\\\/\\\/sandbox.corporateconnections.com\\\/franchising\"]}]},{\"@type\":\"ImageObject\",\"inLanguage\":\"vi-VN\",\"@id\":\"https:\\\/\\\/sandbox.corporateconnections.com\\\/franchising#primaryimage\",\"url\":\"https:\\\/\\\/sandbox.corporateconnections.com\\\/wp-content\\\/uploads\\\/2023\\\/06\\\/CC-Day1_web-289-scaled-e1687371130743.jpg\",\"contentUrl\":\"https:\\\/\\\/sandbox.corporateconnections.com\\\/wp-content\\\/uploads\\\/2023\\\/06\\\/CC-Day1_web-289-scaled-e1687371130743.jpg\",\"width\":2560,\"height\":1707},{\"@type\":\"BreadcrumbList\",\"@id\":\"https:\\\/\\\/sandbox.corporateconnections.com\\\/franchising#breadcrumb\",\"itemListElement\":[{\"@type\":\"ListItem\",\"position\":1,\"name\":\"Home\",\"item\":\"https:\\\/\\\/sandbox.corporateconnections.com\\\/vi\"},{\"@type\":\"ListItem\",\"position\":2,\"name\":\"Nh\u01b0\u1ee3ng Quy\u1ec1n Th\u01b0\u01a1ng M\u1ea1i\"}]},{\"@type\":\"WebSite\",\"@id\":\"https:\\\/\\\/sandbox.corporateconnections.com\\\/es\\\/#website\",\"url\":\"https:\\\/\\\/sandbox.corporateconnections.com\\\/es\\\/\",\"name\":\"Corporate Connections\",\"description\":\"Where Leaders Connect\",\"publisher\":{\"@id\":\"https:\\\/\\\/sandbox.corporateconnections.com\\\/es\\\/#organization\"},\"potentialAction\":[{\"@type\":\"SearchAction\",\"target\":{\"@type\":\"EntryPoint\",\"urlTemplate\":\"https:\\\/\\\/sandbox.corporateconnections.com\\\/es\\\/?s={search_term_string}\"},\"query-input\":{\"@type\":\"PropertyValueSpecification\",\"valueRequired\":true,\"valueName\":\"search_term_string\"}}],\"inLanguage\":\"vi-VN\"},{\"@type\":\"Organization\",\"@id\":\"https:\\\/\\\/sandbox.corporateconnections.com\\\/es\\\/#organization\",\"name\":\"Corporate Connections&reg;\",\"url\":\"https:\\\/\\\/sandbox.corporateconnections.com\\\/es\\\/\",\"logo\":{\"@type\":\"ImageObject\",\"inLanguage\":\"vi-VN\",\"@id\":\"https:\\\/\\\/sandbox.corporateconnections.com\\\/es\\\/#\\\/schema\\\/logo\\\/image\\\/\",\"url\":\"https:\\\/\\\/sandbox.corporateconnections.com\\\/wp-content\\\/uploads\\\/2020\\\/10\\\/cc-logo.png\",\"contentUrl\":\"https:\\\/\\\/sandbox.corporateconnections.com\\\/wp-content\\\/uploads\\\/2020\\\/10\\\/cc-logo.png\",\"width\":250,\"height\":87,\"caption\":\"Corporate Connections&reg;\"},\"image\":{\"@id\":\"https:\\\/\\\/sandbox.corporateconnections.com\\\/es\\\/#\\\/schema\\\/logo\\\/image\\\/\"}}]}<\/script>\n<!-- \/ Yoast SEO Premium plugin. -->","yoast_head_json":{"title":"C\u01a1 h\u1ed9i nh\u01b0\u1ee3ng quy\u1ec1n c\u1ee7a CorporateConnections\u00ae | T\u00ecm hi\u1ec3u th\u00eam","description":"CorporateConnections cung c\u1ea5p cho c\u00e1c nh\u00e0 l\u00e3nh \u0111\u1ea1o doanh nghi\u1ec7p to\u00e0n c\u1ea7u m\u00f4i tr\u01b0\u1eddng l\u00fd t\u01b0\u1edfng \u0111\u1ec3 g\u1eb7t h\u00e1i nh\u1eefng k\u1ebft qu\u1ea3 phi th\u01b0\u1eddng, c\u00f3 th\u1ec3 \u0111o l\u01b0\u1eddng \u0111\u01b0\u1ee3c th\u00f4ng qua c\u00e1c c\u01a1 h\u1ed9i k\u1ebft n\u1ed1i h\u00e0nh ch\u00ednh.","robots":{"index":"noindex","follow":"follow","max-snippet":"max-snippet:-1","max-image-preview":"max-image-preview:large","max-video-preview":"max-video-preview:-1"},"og_locale":"vi_VN","og_type":"article","og_title":"Nh\u01b0\u1ee3ng Quy\u1ec1n Th\u01b0\u01a1ng M\u1ea1i","og_url":"https:\/\/sandbox.corporateconnections.com\/franchising","og_site_name":"Corporate Connections","article_modified_time":"2023-09-04T06:39:33+00:00","og_image":[{"width":2560,"height":1707,"url":"https:\/\/sandbox.corporateconnections.com\/wp-content\/uploads\/2023\/06\/CC-Day1_web-289-scaled-e1687371130743.jpg","type":"image\/jpeg"}],"twitter_card":"summary_large_image","schema":{"@context":"https:\/\/schema.org","@graph":[{"@type":"WebPage","@id":"https:\/\/sandbox.corporateconnections.com\/franchising","url":"https:\/\/sandbox.corporateconnections.com\/franchising","name":"C\u01a1 h\u1ed9i nh\u01b0\u1ee3ng quy\u1ec1n c\u1ee7a CorporateConnections\u00ae | T\u00ecm hi\u1ec3u th\u00eam","isPartOf":{"@id":"https:\/\/sandbox.corporateconnections.com\/es\/#website"},"primaryImageOfPage":{"@id":"https:\/\/sandbox.corporateconnections.com\/franchising#primaryimage"},"image":{"@id":"https:\/\/sandbox.corporateconnections.com\/franchising#primaryimage"},"thumbnailUrl":"https:\/\/sandbox.corporateconnections.com\/wp-content\/uploads\/2023\/06\/CC-Day1_web-289-scaled-e1687371130743.jpg","datePublished":"2022-07-21T16:17:58+00:00","dateModified":"2023-09-04T06:39:33+00:00","description":"CorporateConnections cung c\u1ea5p cho c\u00e1c nh\u00e0 l\u00e3nh \u0111\u1ea1o doanh nghi\u1ec7p to\u00e0n c\u1ea7u m\u00f4i tr\u01b0\u1eddng l\u00fd t\u01b0\u1edfng \u0111\u1ec3 g\u1eb7t h\u00e1i nh\u1eefng k\u1ebft qu\u1ea3 phi th\u01b0\u1eddng, c\u00f3 th\u1ec3 \u0111o l\u01b0\u1eddng \u0111\u01b0\u1ee3c th\u00f4ng qua c\u00e1c c\u01a1 h\u1ed9i k\u1ebft n\u1ed1i h\u00e0nh ch\u00ednh.","breadcrumb":{"@id":"https:\/\/sandbox.corporateconnections.com\/franchising#breadcrumb"},"inLanguage":"vi-VN","potentialAction":[{"@type":"ReadAction","target":["https:\/\/sandbox.corporateconnections.com\/franchising"]}]},{"@type":"ImageObject","inLanguage":"vi-VN","@id":"https:\/\/sandbox.corporateconnections.com\/franchising#primaryimage","url":"https:\/\/sandbox.corporateconnections.com\/wp-content\/uploads\/2023\/06\/CC-Day1_web-289-scaled-e1687371130743.jpg","contentUrl":"https:\/\/sandbox.corporateconnections.com\/wp-content\/uploads\/2023\/06\/CC-Day1_web-289-scaled-e1687371130743.jpg","width":2560,"height":1707},{"@type":"BreadcrumbList","@id":"https:\/\/sandbox.corporateconnections.com\/franchising#breadcrumb","itemListElement":[{"@type":"ListItem","position":1,"name":"Home","item":"https:\/\/sandbox.corporateconnections.com\/vi"},{"@type":"ListItem","position":2,"name":"Nh\u01b0\u1ee3ng Quy\u1ec1n Th\u01b0\u01a1ng M\u1ea1i"}]},{"@type":"WebSite","@id":"https:\/\/sandbox.corporateconnections.com\/es\/#website","url":"https:\/\/sandbox.corporateconnections.com\/es\/","name":"Corporate Connections","description":"Where Leaders Connect","publisher":{"@id":"https:\/\/sandbox.corporateconnections.com\/es\/#organization"},"potentialAction":[{"@type":"SearchAction","target":{"@type":"EntryPoint","urlTemplate":"https:\/\/sandbox.corporateconnections.com\/es\/?s={search_term_string}"},"query-input":{"@type":"PropertyValueSpecification","valueRequired":true,"valueName":"search_term_string"}}],"inLanguage":"vi-VN"},{"@type":"Organization","@id":"https:\/\/sandbox.corporateconnections.com\/es\/#organization","name":"Corporate Connections&reg;","url":"https:\/\/sandbox.corporateconnections.com\/es\/","logo":{"@type":"ImageObject","inLanguage":"vi-VN","@id":"https:\/\/sandbox.corporateconnections.com\/es\/#\/schema\/logo\/image\/","url":"https:\/\/sandbox.corporateconnections.com\/wp-content\/uploads\/2020\/10\/cc-logo.png","contentUrl":"https:\/\/sandbox.corporateconnections.com\/wp-content\/uploads\/2020\/10\/cc-logo.png","width":250,"height":87,"caption":"Corporate Connections&reg;"},"image":{"@id":"https:\/\/sandbox.corporateconnections.com\/es\/#\/schema\/logo\/image\/"}}]}},"_links":{"self":[{"href":"https:\/\/sandbox.corporateconnections.com\/vi\/wp-json\/wp\/v2\/pages\/9685","targetHints":{"allow":["GET"]}}],"collection":[{"href":"https:\/\/sandbox.corporateconnections.com\/vi\/wp-json\/wp\/v2\/pages"}],"about":[{"href":"https:\/\/sandbox.corporateconnections.com\/vi\/wp-json\/wp\/v2\/types\/page"}],"author":[{"embeddable":true,"href":"https:\/\/sandbox.corporateconnections.com\/vi\/wp-json\/wp\/v2\/users\/4"}],"replies":[{"embeddable":true,"href":"https:\/\/sandbox.corporateconnections.com\/vi\/wp-json\/wp\/v2\/comments?post=9685"}],"version-history":[{"count":1,"href":"https:\/\/sandbox.corporateconnections.com\/vi\/wp-json\/wp\/v2\/pages\/9685\/revisions"}],"predecessor-version":[{"id":13372,"href":"https:\/\/sandbox.corporateconnections.com\/vi\/wp-json\/wp\/v2\/pages\/9685\/revisions\/13372"}],"wp:featuredmedia":[{"embeddable":true,"href":"https:\/\/sandbox.corporateconnections.com\/vi\/wp-json\/wp\/v2\/media\/12401"}],"wp:attachment":[{"href":"https:\/\/sandbox.corporateconnections.com\/vi\/wp-json\/wp\/v2\/media?parent=9685"}],"curies":[{"name":"wp","href":"https:\/\/api.w.org\/{rel}","templated":true}]}}